{"id":68293145,"date":"2023-09-30T21:43:05","date_gmt":"2023-09-30T19:43:05","guid":{"rendered":"https:\/\/kraftwerk-shop.cc\/?post_type=product&#038;p=68293145"},"modified":"2026-02-15T01:07:10","modified_gmt":"2026-02-15T00:07:10","slug":"bmr-refuerzo-de-bajos-dodge-challenger","status":"publish","type":"product","link":"https:\/\/kraftwerk-shop.cc\/es\/produkt\/bmr-unterbodenverstrebung-dodge-challenger\/","title":{"rendered":"Puntal de bajos BMR Dodge Challenger"},"content":{"rendered":"<h1>BMR SFC110 Puntal de bajos \/ refuerzo para Dodge Challenger<\/h1>\n<p>&nbsp;<\/p>\n<p>El chasis del Dodge Challenger se retuerce considerablemente, incluso con cargas reducidas.<br \/>\nLos refuerzos de bajos de BMR est\u00e1n hechos de una mezcla de tubos cuadrados de acero de alta resistencia con placas de acero cortadas con l\u00e1ser y formadas por CNC, lo que a\u00f1ade una gran cantidad de material de refuerzo en todos los lugares adecuados.<br \/>\nEstos conectores del subchasis se han desarrollado para reforzar significativamente el chasis.<\/p>\n<p>&nbsp;<\/p>\n<ul>\n<li>De tubo de acero cuadrado<\/li>\n<li>Chapa de acero de 3\/16\u2033 cortada con l\u00e1ser y moldeada por CNC.<\/li>\n<li>100% construcci\u00f3n atornillada<\/li>\n<li>Tres puntos de fijaci\u00f3n para un excelente refuerzo del chasis<\/li>\n<li>Soldadura MIG completa<\/li>\n<li>Incluye todos los soportes y herrajes necesarios<\/li>\n<li>Desarrollado para aplicaciones de calle, drag race y handling<\/li>\n<li>Durabilidad y calidad probadas<\/li>\n<li>Fabricados con los mejores materiales y calidad<\/li>\n<li>Disponible en rojo y negro<\/li>\n<\/ul>\n<p>&nbsp;<\/p>\n<p><strong>Adecuado para:<\/strong><\/p>\n<table width=\"647\">\n<tbody>\n<tr>\n<td width=\"136\"><strong>Marca<\/strong><\/td>\n<td width=\"230\"><strong>Modelo<\/strong><\/td>\n<td width=\"197\"><strong>Motor<\/strong><\/td>\n<td width=\"84\"><strong>A\u00f1o de construcci\u00f3n<\/strong><\/td>\n<\/tr>\n<tr>\n<td>Dodge<\/td>\n<td>Challenger<\/td>\n<td>3.5<\/td>\n<td>2008-2010<\/td>\n<\/tr>\n<tr>\n<td>Dodge<\/td>\n<td>Challenger<\/td>\n<td>3.6<\/td>\n<td>2011-2023<\/td>\n<\/tr>\n<tr>\n<td>Dodge<\/td>\n<td>Challenger<\/td>\n<td>5.7<\/td>\n<td>2008-2023<\/td>\n<\/tr>\n<tr>\n<td>Dodge<\/td>\n<td>Challenger<\/td>\n<td>6.1<\/td>\n<td>2008-2010<\/td>\n<\/tr>\n<tr>\n<td>Dodge<\/td>\n<td>Challenger<\/td>\n<td>6.2 Hellcat<\/td>\n<td>2015-2023<\/td>\n<\/tr>\n<tr>\n<td>Dodge<\/td>\n<td>Challenger<\/td>\n<td>6.4<\/td>\n<td>2011-2023<\/td>\n<\/tr>\n<\/tbody>\n<\/table>","protected":false},"excerpt":{"rendered":"<p>2008-2023<\/p>","protected":false},"featured_media":68293148,"comment_status":"open","ping_status":"closed","template":"","meta":{"_acf_changed":false},"product_brand":[],"product_cat":[1587,2574,1668,1676,1684,1692,1700,3024],"product_tag":[169,91,101,93,3760,54,49,3853,743,100,126,6362,222,783,6360,151,787,782,6364,96,767,769,3891,6363,3850,6361,841],"class_list":{"0":"post-68293145","1":"product","2":"type-product","3":"status-publish","4":"has-post-thumbnail","6":"product_cat-300c-64-fahrwerk","7":"product_cat-challenger-35-fahrwerk","8":"product_cat-challenger-36-fahrwerk","9":"product_cat-challenger-57-fahrwerk","10":"product_cat-challenger-61-fahrwerk","11":"product_cat-challenger-hellcat-fahrwerk","12":"product_cat-challenger-64-fahrwerk","13":"product_cat-nicht-nach-eu","14":"product_tag-3-6","15":"product_tag-5-7","16":"product_tag-6-2","17":"product_tag-6-4","18":"product_tag-bmr","19":"product_tag-challenger","20":"product_tag-dodge","21":"product_tag-dodge-challenger","22":"product_tag-fahrwerk","23":"product_tag-hellcat","24":"product_tag-hemi","25":"product_tag-hilfsrahmen","26":"product_tag-kit","27":"product_tag-r-t","28":"product_tag-rahmen","29":"product_tag-redeye","30":"product_tag-rt","31":"product_tag-scat-pack","32":"product_tag-sfc110","33":"product_tag-srt","34":"product_tag-stabi","35":"product_tag-stabilisator","36":"product_tag-stabilisatoren","37":"product_tag-unterbodenverstrebung","38":"product_tag-versteifung","39":"product_tag-vertaerkung","40":"product_tag-vorne","41":"product_shipping_class-spedition-1","43":"first","44":"instock","45":"taxable","46":"shipping-taxable","47":"purchasable","48":"product-type-variable"},"bundled_by":[],"bundle_stock_status":"instock","bundle_stock_quantity":1,"bundle_virtual":false,"bundle_layout":"","bundle_add_to_cart_form_location":"","bundle_editable_in_cart":false,"bundle_sold_individually_context":"","bundle_item_grouping":"","bundle_min_size":"","bundle_max_size":"","bundle_price":[],"bundled_items":[],"bundle_sell_ids":[],"exclude_global_add_ons":[],"addons":[],"acf":[],"_links":{"self":[{"href":"https:\/\/kraftwerk-shop.cc\/es\/wp-json\/wp\/v2\/product\/68293145","targetHints":{"allow":["GET"]}}],"collection":[{"href":"https:\/\/kraftwerk-shop.cc\/es\/wp-json\/wp\/v2\/product"}],"about":[{"href":"https:\/\/kraftwerk-shop.cc\/es\/wp-json\/wp\/v2\/types\/product"}],"replies":[{"embeddable":true,"href":"https:\/\/kraftwerk-shop.cc\/es\/wp-json\/wp\/v2\/comments?post=68293145"}],"version-history":[{"count":0,"href":"https:\/\/kraftwerk-shop.cc\/es\/wp-json\/wp\/v2\/product\/68293145\/revisions"}],"wp:featuredmedia":[{"embeddable":true,"href":"https:\/\/kraftwerk-shop.cc\/es\/wp-json\/wp\/v2\/media\/68293148"}],"wp:attachment":[{"href":"https:\/\/kraftwerk-shop.cc\/es\/wp-json\/wp\/v2\/media?parent=68293145"}],"wp:term":[{"taxonomy":"product_brand","embeddable":true,"href":"https:\/\/kraftwerk-shop.cc\/es\/wp-json\/wp\/v2\/product_brand?post=68293145"},{"taxonomy":"product_cat","embeddable":true,"href":"https:\/\/kraftwerk-shop.cc\/es\/wp-json\/wp\/v2\/product_cat?post=68293145"},{"taxonomy":"product_tag","embeddable":true,"href":"https:\/\/kraftwerk-shop.cc\/es\/wp-json\/wp\/v2\/product_tag?post=68293145"}],"curies":[{"name":"wp","href":"https:\/\/api.w.org\/{rel}","templated":true}]}}