{"id":68293174,"date":"2023-10-01T16:02:30","date_gmt":"2023-10-01T14:02:30","guid":{"rendered":"https:\/\/kraftwerk-shop.cc\/?post_type=product&#038;p=68293174"},"modified":"2026-03-13T14:21:27","modified_gmt":"2026-03-13T13:21:27","slug":"bmr-strut-brace-dodge-challenger-charger-delantero","status":"publish","type":"product","link":"https:\/\/kraftwerk-shop.cc\/es\/produkt\/bmr-domstrebe-dodge-challenger-charger-vorne\/","title":{"rendered":"BMR strut brace Dodge Challenger &amp; Charger (front)"},"content":{"rendered":"<h1>BMR STB110 strut brace (front) for Dodge Challenger and Charger<\/h1>\n<p>&nbsp;<\/p>\n<p>El chasis de los Dodge Challenger y Charger se retuerce considerablemente, incluso con cargas bajas.<br \/>\nLos tirantes de puntal BMR est\u00e1n fabricados con tubos de alta resistencia y placas de acero cortadas con l\u00e1ser para reforzar el bastidor y el chasis.<br \/>\nEste dise\u00f1o de dos puntos conecta firmemente las torres de suspensi\u00f3n delanteras y proporciona m\u00e1s estabilidad a toda la carrocer\u00eda delantera y a la suspensi\u00f3n.<br \/>\nLa abrazadera de puntal BMR STB110 se atornilla a 100%. Esto significa que se puede montar f\u00e1cilmente con herramientas manuales simples y no se requiere soldadura.<\/p>\n<p>&nbsp;<\/p>\n<ul>\n<li>Soldadura MIG completa<\/li>\n<li>Incluye todos los soportes y herrajes necesarios<\/li>\n<li>Desarrollado para aplicaciones de calle, drag race y handling<\/li>\n<li>Durabilidad y calidad probadas<\/li>\n<li>Fabricados con los mejores materiales y calidad<\/li>\n<li>Disponible en rojo y negro<\/li>\n<\/ul>\n<p>&nbsp;<\/p>\n<p><strong>Adecuado para:<\/strong><\/p>\n<p>2008 - 2023 Dodge Challenger<br \/>\n2015 - 2023 Dodge Charger<\/p>\n<p>&nbsp;<\/p>\n<p><strong>Notas:<\/strong><\/p>\n<ul>\n<li>No se adapta a veh\u00edculos Hellcat, Shaker, T\/A o V6<\/li>\n<li>S\u00f3lo para veh\u00edculos 5.7 R\/T con la tapa del motor desmontada<\/li>\n<li>En algunos 2021\/ 2022 \/ 2023 Challenger y Charger hay problemas con la distancia entre la l\u00ednea EVAP que conduce al tracto de admisi\u00f3n y el STB110. Despu\u00e9s de la instalaci\u00f3n, aseg\u00farese de que hay espacio suficiente en la zona indicada<\/li>\n<li>No se adapta a los sistemas de compresores reequipados<\/li>\n<\/ul>","protected":false},"excerpt":{"rendered":"<p>2008-2023<\/p>","protected":false},"featured_media":68293179,"comment_status":"open","ping_status":"closed","template":"","meta":{"_acf_changed":false},"product_brand":[],"product_cat":[1676,1700,5156,1635],"product_tag":[169,91,101,93,3760,54,53,49,3853,6366,743,100,126,222,783,6360,151,787,782,6364,96,767,769,3891,6365,3850,6361,841],"class_list":{"0":"post-68293174","1":"product","2":"type-product","3":"status-publish","4":"has-post-thumbnail","6":"product_cat-challenger-57-fahrwerk","7":"product_cat-challenger-64-fahrwerk","8":"product_cat-charger-57-2011-2023-fahrwerk","9":"product_cat-charger-64-fahrwerk","10":"product_tag-3-6","11":"product_tag-5-7","12":"product_tag-6-2","13":"product_tag-6-4","14":"product_tag-bmr","15":"product_tag-challenger","16":"product_tag-charger","17":"product_tag-dodge","18":"product_tag-dodge-challenger","19":"product_tag-domstrebe","20":"product_tag-fahrwerk","21":"product_tag-hellcat","22":"product_tag-hemi","23":"product_tag-kit","24":"product_tag-r-t","25":"product_tag-rahmen","26":"product_tag-redeye","27":"product_tag-rt","28":"product_tag-scat-pack","29":"product_tag-sfc110","30":"product_tag-srt","31":"product_tag-stabi","32":"product_tag-stabilisator","33":"product_tag-stabilisatoren","34":"product_tag-stb110","35":"product_tag-versteifung","36":"product_tag-vertaerkung","37":"product_tag-vorne","38":"product_shipping_class-paket-l","40":"first","41":"instock","42":"taxable","43":"shipping-taxable","44":"purchasable","45":"product-type-variable"},"bundled_by":[],"bundle_stock_status":"instock","bundle_stock_quantity":3,"bundle_virtual":false,"bundle_layout":"","bundle_add_to_cart_form_location":"","bundle_editable_in_cart":false,"bundle_sold_individually_context":"","bundle_item_grouping":"","bundle_min_size":"","bundle_max_size":"","bundle_price":[],"bundled_items":[],"bundle_sell_ids":[],"exclude_global_add_ons":[],"addons":[],"acf":[],"_links":{"self":[{"href":"https:\/\/kraftwerk-shop.cc\/es\/wp-json\/wp\/v2\/product\/68293174","targetHints":{"allow":["GET"]}}],"collection":[{"href":"https:\/\/kraftwerk-shop.cc\/es\/wp-json\/wp\/v2\/product"}],"about":[{"href":"https:\/\/kraftwerk-shop.cc\/es\/wp-json\/wp\/v2\/types\/product"}],"replies":[{"embeddable":true,"href":"https:\/\/kraftwerk-shop.cc\/es\/wp-json\/wp\/v2\/comments?post=68293174"}],"version-history":[{"count":0,"href":"https:\/\/kraftwerk-shop.cc\/es\/wp-json\/wp\/v2\/product\/68293174\/revisions"}],"wp:featuredmedia":[{"embeddable":true,"href":"https:\/\/kraftwerk-shop.cc\/es\/wp-json\/wp\/v2\/media\/68293179"}],"wp:attachment":[{"href":"https:\/\/kraftwerk-shop.cc\/es\/wp-json\/wp\/v2\/media?parent=68293174"}],"wp:term":[{"taxonomy":"product_brand","embeddable":true,"href":"https:\/\/kraftwerk-shop.cc\/es\/wp-json\/wp\/v2\/product_brand?post=68293174"},{"taxonomy":"product_cat","embeddable":true,"href":"https:\/\/kraftwerk-shop.cc\/es\/wp-json\/wp\/v2\/product_cat?post=68293174"},{"taxonomy":"product_tag","embeddable":true,"href":"https:\/\/kraftwerk-shop.cc\/es\/wp-json\/wp\/v2\/product_tag?post=68293174"}],"curies":[{"name":"wp","href":"https:\/\/api.w.org\/{rel}","templated":true}]}}