{"id":68293192,"date":"2023-10-01T17:18:11","date_gmt":"2023-10-01T15:18:11","guid":{"rendered":"https:\/\/kraftwerk-shop.cc\/?post_type=product&#038;p=68293192"},"modified":"2026-04-14T00:13:37","modified_gmt":"2026-04-13T22:13:37","slug":"bmr-strut-brace-dodge-challenger-charger-rear","status":"publish","type":"product","link":"https:\/\/kraftwerk-shop.cc\/es\/produkt\/bmr-domstrebe-dodge-challenger-charger-hinten\/","title":{"rendered":"BMR strut brace Dodge Challenger &amp; Charger (rear)"},"content":{"rendered":"<h1>BMR STB112 strut brace (rear) for Dodge Challenger and Charger<\/h1>\n<p>&nbsp;<\/p>\n<p>El chasis de los Dodge Challenger y Charger se retuerce considerablemente, incluso con cargas bajas.<br \/>\nLos tirantes de puntal BMR est\u00e1n fabricados con tubos de alta resistencia y placas de acero cortadas con l\u00e1ser para reforzar el bastidor y el chasis.<br \/>\nEste dise\u00f1o de dos puntos conecta firmemente las torres de suspensi\u00f3n delanteras y proporciona m\u00e1s estabilidad a toda la carrocer\u00eda delantera y a la suspensi\u00f3n.<br \/>\nLa abrazadera de puntal BMR STB112 se atornilla a 100%. Esto significa que se puede montar f\u00e1cilmente con herramientas manuales simples y no se requiere soldadura.<\/p>\n<p>&nbsp;<\/p>\n<ul>\n<li>Soldadura MIG completa<\/li>\n<li>Incluye todos los soportes y herrajes necesarios<\/li>\n<li>Desarrollado para aplicaciones de calle, drag race y handling<\/li>\n<li>Durabilidad y calidad probadas<\/li>\n<li>Fabricados con los mejores materiales y calidad<\/li>\n<li>Disponible en rojo y negro<\/li>\n<\/ul>\n<p>&nbsp;<\/p>\n<p><strong>Adecuado para:<\/strong><\/p>\n<table width=\"332\">\n<tbody>\n<tr>\n<td width=\"83\"><strong>Marca<\/strong><\/td>\n<td width=\"83\"><strong>Modelo\u00a0<\/strong><\/td>\n<td width=\"83\"><strong>Motor<\/strong><\/td>\n<td width=\"83\"><strong>A\u00f1o de construcci\u00f3n<\/strong><\/td>\n<\/tr>\n<tr>\n<td>Dodge<\/td>\n<td>Charger<\/td>\n<td>3.5<\/td>\n<td>2005-2010<\/td>\n<\/tr>\n<tr>\n<td>Dodge<\/td>\n<td>Charger<\/td>\n<td>3.6<\/td>\n<td>2011-2023<\/td>\n<\/tr>\n<tr>\n<td>Dodge<\/td>\n<td>Charger<\/td>\n<td>5.7<\/td>\n<td>2005-2023<\/td>\n<\/tr>\n<tr>\n<td>Dodge<\/td>\n<td>Charger<\/td>\n<td>6.1<\/td>\n<td>2005-2010<\/td>\n<\/tr>\n<tr>\n<td width=\"83\">Dodge<\/td>\n<td>Charger<\/td>\n<td>6.2 Hellcat<\/td>\n<td width=\"83\">2015-2023<\/td>\n<\/tr>\n<tr>\n<td width=\"83\">Dodge<\/td>\n<td>Charger<\/td>\n<td>6.4<\/td>\n<td width=\"83\">2011-2023<\/td>\n<\/tr>\n<tr>\n<td>Dodge<\/td>\n<td>Challenger<\/td>\n<td>3.5<\/td>\n<td>2008-2010<\/td>\n<\/tr>\n<tr>\n<td>Dodge<\/td>\n<td>Challenger<\/td>\n<td>3.6<\/td>\n<td>2011-2023<\/td>\n<\/tr>\n<tr>\n<td>Dodge<\/td>\n<td>Challenger<\/td>\n<td>5.7<\/td>\n<td>2008-2023<\/td>\n<\/tr>\n<tr>\n<td>Dodge<\/td>\n<td>Challenger<\/td>\n<td>6.1<\/td>\n<td>2008-2010<\/td>\n<\/tr>\n<tr>\n<td width=\"83\">Dodge<\/td>\n<td width=\"83\">Challenger<\/td>\n<td width=\"83\">6.2 Hellcat<\/td>\n<td width=\"83\">2015-2023<\/td>\n<\/tr>\n<tr>\n<td width=\"83\">Dodge<\/td>\n<td width=\"83\">Challenger<\/td>\n<td>6.4<\/td>\n<td width=\"83\">2011-2023<\/td>\n<\/tr>\n<\/tbody>\n<\/table>","protected":false},"excerpt":{"rendered":"<p>2006-2023<\/p>","protected":false},"featured_media":68293198,"comment_status":"open","ping_status":"closed","template":"","meta":{"_acf_changed":false},"product_brand":[],"product_cat":[2574,1668,1676,1684,1692,1700,1595,1603,1611,5156,1619,1627,1635],"product_tag":[169,91,101,93,3760,54,53,49,3853,6366,743,100,126,798,222,783,6360,151,787,782,6364,96,767,769,3891,6359,3850,6361],"class_list":{"0":"post-68293192","1":"product","2":"type-product","3":"status-publish","4":"has-post-thumbnail","6":"product_cat-challenger-35-fahrwerk","7":"product_cat-challenger-36-fahrwerk","8":"product_cat-challenger-57-fahrwerk","9":"product_cat-challenger-61-fahrwerk","10":"product_cat-challenger-hellcat-fahrwerk","11":"product_cat-challenger-64-fahrwerk","12":"product_cat-charger-35-fahrwerk","13":"product_cat-charger-36-fahrwerk","14":"product_cat-charger-57-fahrwerk","15":"product_cat-charger-57-2011-2023-fahrwerk","16":"product_cat-charger-61-fahrwerk","17":"product_cat-charger-hellcat-fahrwerk","18":"product_cat-charger-64-fahrwerk","19":"product_tag-3-6","20":"product_tag-5-7","21":"product_tag-6-2","22":"product_tag-6-4","23":"product_tag-bmr","24":"product_tag-challenger","25":"product_tag-charger","26":"product_tag-dodge","27":"product_tag-dodge-challenger","28":"product_tag-domstrebe","29":"product_tag-fahrwerk","30":"product_tag-hellcat","31":"product_tag-hemi","32":"product_tag-hinten","33":"product_tag-kit","34":"product_tag-r-t","35":"product_tag-rahmen","36":"product_tag-redeye","37":"product_tag-rt","38":"product_tag-scat-pack","39":"product_tag-sfc110","40":"product_tag-srt","41":"product_tag-stabi","42":"product_tag-stabilisator","43":"product_tag-stabilisatoren","44":"product_tag-stb112","45":"product_tag-versteifung","46":"product_tag-vertaerkung","47":"product_shipping_class-paket-l","49":"first","50":"instock","51":"taxable","52":"shipping-taxable","53":"purchasable","54":"product-type-variable"},"bundled_by":[],"bundle_stock_status":"instock","bundle_stock_quantity":1,"bundle_virtual":false,"bundle_layout":"","bundle_add_to_cart_form_location":"","bundle_editable_in_cart":false,"bundle_sold_individually_context":"","bundle_item_grouping":"","bundle_min_size":"","bundle_max_size":"","bundle_price":[],"bundled_items":[],"bundle_sell_ids":[],"exclude_global_add_ons":[],"addons":[],"acf":[],"_links":{"self":[{"href":"https:\/\/kraftwerk-shop.cc\/es\/wp-json\/wp\/v2\/product\/68293192","targetHints":{"allow":["GET"]}}],"collection":[{"href":"https:\/\/kraftwerk-shop.cc\/es\/wp-json\/wp\/v2\/product"}],"about":[{"href":"https:\/\/kraftwerk-shop.cc\/es\/wp-json\/wp\/v2\/types\/product"}],"replies":[{"embeddable":true,"href":"https:\/\/kraftwerk-shop.cc\/es\/wp-json\/wp\/v2\/comments?post=68293192"}],"version-history":[{"count":0,"href":"https:\/\/kraftwerk-shop.cc\/es\/wp-json\/wp\/v2\/product\/68293192\/revisions"}],"wp:featuredmedia":[{"embeddable":true,"href":"https:\/\/kraftwerk-shop.cc\/es\/wp-json\/wp\/v2\/media\/68293198"}],"wp:attachment":[{"href":"https:\/\/kraftwerk-shop.cc\/es\/wp-json\/wp\/v2\/media?parent=68293192"}],"wp:term":[{"taxonomy":"product_brand","embeddable":true,"href":"https:\/\/kraftwerk-shop.cc\/es\/wp-json\/wp\/v2\/product_brand?post=68293192"},{"taxonomy":"product_cat","embeddable":true,"href":"https:\/\/kraftwerk-shop.cc\/es\/wp-json\/wp\/v2\/product_cat?post=68293192"},{"taxonomy":"product_tag","embeddable":true,"href":"https:\/\/kraftwerk-shop.cc\/es\/wp-json\/wp\/v2\/product_tag?post=68293192"}],"curies":[{"name":"wp","href":"https:\/\/api.w.org\/{rel}","templated":true}]}}