{"id":68293382,"date":"2023-10-12T15:21:05","date_gmt":"2023-10-12T13:21:05","guid":{"rendered":"https:\/\/kraftwerk-shop.cc\/?post_type=product&#038;p=68293382"},"modified":"2026-02-15T01:06:54","modified_gmt":"2026-02-15T00:06:54","slug":"kooks-1156h640-colector-mustang-shelby","status":"publish","type":"product","link":"https:\/\/kraftwerk-shop.cc\/es\/produkt\/kooks-1156h640-kruemmer-mustang-shelby\/","title":{"rendered":"Colector Kooks 2\u2033x 3\u2033 y catalizadores de alto flujo Mustang Shelby GT500"},"content":{"rendered":"<h1>Colector Kooks 2\u2033x 3\u2033 con catalizadores de alto flujo para Ford Mustang Shelby GT500<\/h1>\n<p>&nbsp;<\/p>\n<ul>\n<li>Colector longtube de acero inoxidable Kooks de 2\u2033 x 3\u2033.<\/li>\n<li>Catalizadores ecol\u00f3gicos de alto caudal<\/li>\n<li>Material de montaje<\/li>\n<\/ul>\n<p>&nbsp;<\/p>\n<p>Kooks Headers GREENCATS son catalizadores de alto rendimiento desarrollados para motores atmosf\u00e9ricos y turboalimentados de hasta 900 CV.<br \/>\nEstos catalizadores pueden eliminar de forma fiable el 90% de los avisos de \"Check Engine Light\" relacionados con las emisiones.<br \/>\nFabricados en acero inoxidable de alta calidad, los catalizadores GREENCAT de Kooks Headers pueden soportar f\u00e1cilmente temperaturas de los gases de escape de hasta 1500 grados.<\/p>\n<p><strong>N\u00famero de pieza Kooks:<\/strong> 1156H640<\/p>\n<p>&nbsp;<\/p>\n<p><strong>Adecuado para:<\/strong><\/p>\n<table width=\"449\">\n<tbody>\n<tr>\n<td width=\"115\"><strong>Marca<\/strong><\/td>\n<td width=\"145\"><strong>Modelo<\/strong><\/td>\n<td width=\"106\"><strong>Motor<\/strong><\/td>\n<td width=\"83\"><strong>A\u00f1o de construcci\u00f3n<\/strong><\/td>\n<\/tr>\n<tr>\n<td>Ford<\/td>\n<td>Mustang Shelby GT500<\/td>\n<td>5.2<\/td>\n<td>2020-2022<\/td>\n<\/tr>\n<\/tbody>\n<\/table>\n<p>&nbsp;<\/p>\n<p>Kooks Headers lleva fabricando colectores y componentes de escape desde 1962. Con la introducci\u00f3n de los legendarios colectores Fox-Body Mustang, Kooks se convirti\u00f3 r\u00e1pidamente en la primera opci\u00f3n de los propietarios de la nueva generaci\u00f3n Mustang.<br \/>\nMientras tanto, los propietarios de los tradicionales bloques peque\u00f1os Ford y los entusiastas de los modelos GM LS tambi\u00e9n prefieren los componentes de escape Kooks.<br \/>\nLa l\u00ednea completa de componentes de escape de Kooks incluye cabeceras, colectores, tubos de escape y silenciadores para GM, Ford, Dodge y aplicaciones especiales de competici\u00f3n.<br \/>\nLa empresa tambi\u00e9n ofrece tornillos, juntas, bridas, abrazaderas, conexiones de O2 y mucho m\u00e1s: todo lo que necesita para completar su escape personalizado.<\/p>\n<p>&nbsp;<\/p>\n<p><strong>Unas palabras del propietario de Kooks<br \/>\n<\/strong>\"Nuestro objetivo es buscar la excelencia y fabricar los productos de mayor calidad y mejor rendimiento del sector utilizando las \u00faltimas tecnolog\u00edas y materiales. Al final, no nos limitamos a entregar un mont\u00f3n de tubos soldados o un escape con un silenciador y una pieza final brillante.<br \/>\nEntregamos un componente de ingenier\u00eda, sofisticado y cuidadosamente elaborado que incorpora m\u00e1s de cincuenta a\u00f1os de dedicaci\u00f3n y pasi\u00f3n por lo que hacemos, record\u00e1ndonos por qu\u00e9 cada producto que fabricamos no es s\u00f3lo un conjunto de colectores.\"<\/p>","protected":false},"excerpt":{"rendered":"<p>2020-2022<\/p>","protected":false},"featured_media":68293388,"comment_status":"open","ping_status":"closed","template":"","meta":{"_acf_changed":false},"product_brand":[17172],"product_cat":[4036,3024],"product_tag":[6372,4030,4606,605,546,3954,543,917,4999,784,3962,4616,4615,3874,2934,549,20273,544,2447,36,550,545,4617,4618,3872,3958,4824,194],"class_list":{"0":"post-68293382","1":"product","2":"type-product","3":"status-publish","4":"has-post-thumbnail","6":"product_brand-kooks","7":"product_cat-shelby-gt500-abgasanlage","8":"product_cat-nicht-nach-eu","9":"product_tag-1156h640","10":"product_tag-5-0","11":"product_tag-5-2","12":"product_tag-abgaskruemmer","13":"product_tag-auspuff","14":"product_tag-bullitt","15":"product_tag-faecherkruemmer","16":"product_tag-ford","17":"product_tag-greencats","18":"product_tag-gt","19":"product_tag-gt-5-0","20":"product_tag-gt-premium","21":"product_tag-gt-v8","22":"product_tag-gt500","23":"product_tag-harder","24":"product_tag-header","25":"product_tag-keintuev","26":"product_tag-kooks","27":"product_tag-kooks-headers","28":"product_tag-kraftwerk","29":"product_tag-kruemmer","30":"product_tag-longtube","31":"product_tag-longtube-headers","32":"product_tag-longtube-headers-mustang","33":"product_tag-mustang","34":"product_tag-shelby","35":"product_tag-shelby-gt500","36":"product_tag-v8","37":"product_shipping_class-paketversand-xl","39":"first","40":"onbackorder","41":"taxable","42":"shipping-taxable","43":"purchasable","44":"product-type-simple"},"bundled_by":[],"bundle_stock_status":"onbackorder","bundle_stock_quantity":0,"bundle_virtual":false,"bundle_layout":"","bundle_add_to_cart_form_location":"","bundle_editable_in_cart":false,"bundle_sold_individually_context":"","bundle_item_grouping":"","bundle_min_size":"","bundle_max_size":"","bundle_price":[],"bundled_items":[],"bundle_sell_ids":[],"exclude_global_add_ons":[],"addons":[],"acf":[],"_links":{"self":[{"href":"https:\/\/kraftwerk-shop.cc\/es\/wp-json\/wp\/v2\/product\/68293382","targetHints":{"allow":["GET"]}}],"collection":[{"href":"https:\/\/kraftwerk-shop.cc\/es\/wp-json\/wp\/v2\/product"}],"about":[{"href":"https:\/\/kraftwerk-shop.cc\/es\/wp-json\/wp\/v2\/types\/product"}],"replies":[{"embeddable":true,"href":"https:\/\/kraftwerk-shop.cc\/es\/wp-json\/wp\/v2\/comments?post=68293382"}],"version-history":[{"count":0,"href":"https:\/\/kraftwerk-shop.cc\/es\/wp-json\/wp\/v2\/product\/68293382\/revisions"}],"wp:featuredmedia":[{"embeddable":true,"href":"https:\/\/kraftwerk-shop.cc\/es\/wp-json\/wp\/v2\/media\/68293388"}],"wp:attachment":[{"href":"https:\/\/kraftwerk-shop.cc\/es\/wp-json\/wp\/v2\/media?parent=68293382"}],"wp:term":[{"taxonomy":"product_brand","embeddable":true,"href":"https:\/\/kraftwerk-shop.cc\/es\/wp-json\/wp\/v2\/product_brand?post=68293382"},{"taxonomy":"product_cat","embeddable":true,"href":"https:\/\/kraftwerk-shop.cc\/es\/wp-json\/wp\/v2\/product_cat?post=68293382"},{"taxonomy":"product_tag","embeddable":true,"href":"https:\/\/kraftwerk-shop.cc\/es\/wp-json\/wp\/v2\/product_tag?post=68293382"}],"curies":[{"name":"wp","href":"https:\/\/api.w.org\/{rel}","templated":true}]}}