{"id":68293406,"date":"2023-10-13T11:18:22","date_gmt":"2023-10-13T09:18:22","guid":{"rendered":"https:\/\/kraftwerk-shop.cc\/?post_type=product&#038;p=68293406"},"modified":"2026-03-26T13:58:07","modified_gmt":"2026-03-26T12:58:07","slug":"jl-3011d-ford-mustang-gt-gt350-boss-302","status":"publish","type":"product","link":"https:\/\/kraftwerk-shop.cc\/es\/produkt\/jl-3011d-ford-mustang-gt-gt350-boss-302\/","title":{"rendered":"J&amp;L Oil Catch Can Ford Mustang GT \/ GT350 \/ Boss 302 - Lado del conductor"},"content":{"rendered":"<h1>J&amp;L Oil Catch Can para Ford Mustang GT \/ GT350 \/ Boss 302 para el lado del conductor<\/h1>\n<ul>\n<li>Capacidad de 90 ml<\/li>\n<li>S\u00f3lido dise\u00f1o de tocho<\/li>\n<li>Conectores PCV de conexi\u00f3n r\u00e1pida estilo OEM<\/li>\n<li>Sistema de filtraci\u00f3n multietapa que captura los vapores m\u00e1s finos y los atrapa en el recipiente f\u00e1cilmente extra\u00edble, al tiempo que permite el paso de aire limpio al tracto de admisi\u00f3n.<\/li>\n<\/ul>\n<p>&nbsp;<\/p>\n<p><strong>\u00bfC\u00f3mo funciona el sistema?<\/strong><\/p>\n<p>Cuando la presi\u00f3n del c\u00e1rter se ventila a trav\u00e9s del conducto de admisi\u00f3n, grandes cantidades de aceite en forma de vapores se introducen en el colector de admisi\u00f3n y en los colectores de admisi\u00f3n e incluso diluyen la gasolina, haciendo que baje el octanaje.<br \/>\nEsto ocurre en todos los motores y es a\u00fan m\u00e1s pronunciado en los veh\u00edculos con carga forzada (sobrealimentadores y turbocompresores), ya que aumenta la presi\u00f3n del c\u00e1rter.<br \/>\nPara contrarrestarlo, se desarroll\u00f3 un separador de aceite con dise\u00f1o propio.<br \/>\nMecanizado a partir de aluminio billet macizo, es una pieza s\u00f3lida como una roca. Cuenta con una base de dep\u00f3sito moleteada que facilita el vaciado del aceite usado y una junta t\u00f3rica que evita las fugas.<\/p>\n<p>La filtraci\u00f3n consiste en un tamiz de malla fina de acero inoxidable que atrapa los vapores finos de aceite y los libera en cuanto pesan lo suficiente como para caer.<br \/>\nA continuaci\u00f3n, pasan por un filtro de panal de aluminio de 1\/2\u2033 de grosor y 1\/16\u2033, donde se hacen cada vez m\u00e1s grandes y finalmente caen al contenedor.<br \/>\nSi el aceite atraviesa el filtro, es demasiado pesado para pasar al tracto de admisi\u00f3n.<br \/>\nEl recipiente de recogida contiene 90 ml de l\u00edquido. Puede que no parezca mucho, pero no deber\u00eda encontrar tanto aceite en su sistema PCV.<\/p>\n<p>&nbsp;<\/p>\n<p><strong>Adecuado para:<br \/>\n<\/strong><\/p>\n<table width=\"498\">\n<tbody>\n<tr>\n<td width=\"94\">Ford<\/td>\n<td width=\"158\">Mustang<\/td>\n<td width=\"134\">GT<\/td>\n<td width=\"112\">2011 - 2017<\/td>\n<\/tr>\n<tr>\n<td width=\"94\">Ford<\/td>\n<td width=\"158\">Mustang<\/td>\n<td width=\"134\">GT350<\/td>\n<td width=\"112\">2015-2020<\/td>\n<\/tr>\n<tr>\n<td width=\"94\">Ford<\/td>\n<td width=\"158\">Mustang<\/td>\n<td width=\"134\">Jefe 302<\/td>\n<td width=\"112\">2012 - 2013<\/td>\n<\/tr>\n<\/tbody>\n<\/table>\n<p>Atenci\u00f3n <strong>no<\/strong> \u00a1para Mustang con compresor!<\/p>\n<p>&nbsp;<\/p>\n<p><strong>Volumen de suministro:<\/strong><\/p>\n<ul>\n<li>Oil Catch Can (negro) para el lado del conductor<\/li>\n<li>Soporte<\/li>\n<li>Mangueras<\/li>\n<li>Conexiones<\/li>\n<li>Instrucciones de uso<\/li>\n<\/ul>\n<p>&nbsp;<\/p>\n<p><strong>Nota:<\/strong> Nota: Los JLT Oil Catch Can ahora tambi\u00e9n se venden bajo la marca J&amp;L Oil Separator Co (OSC).<br \/>\nDurante el periodo de transici\u00f3n, los Oil Catch Can est\u00e1n disponibles con ambas designaciones.<br \/>\nAmbos son el mismo producto.<\/p>\n<p><iframe loading=\"lazy\" title=\"J&amp;L separador de aceite ( Oil Catch Can) para Ford Mustang Shelby GT350 \/ BOSS 302 \/ GT\" src=\"https:\/\/www.youtube.com\/embed\/s5-l5TLTG4k\" width=\"882\" height=\"496\" frameborder=\"0\" allowfullscreen=\"allowfullscreen\"><\/iframe><\/p>","protected":false},"excerpt":{"rendered":"<p>J&amp;L Oil Catch Can para Ford Mustang GT \/ GT350 \/ Boss 302 para el lado del conductor 90 ml de capacidad S\u00f3lido<\/p>","protected":false},"featured_media":68293410,"comment_status":"open","ping_status":"closed","template":"","meta":{"_acf_changed":false},"product_brand":[17171],"product_cat":[3951,3952],"product_tag":[6373,6374,4589,4588,917,784,3962,3959,2934,3245,903,1093,2444,36,84,3955,3872,4587,82,85,3243,406,83,3242,3244],"class_list":{"0":"post-68293406","1":"product","2":"type-product","3":"status-publish","4":"has-post-thumbnail","6":"product_brand-jl","7":"product_cat-mustang-50-gt-oil-catch-can","8":"product_cat-shelby-gt350-oil-catch-can","9":"product_tag-3011d","10":"product_tag-3011d-b","11":"product_tag-boss","12":"product_tag-boss-302","13":"product_tag-ford","14":"product_tag-gt","15":"product_tag-gt-5-0","16":"product_tag-gt350","17":"product_tag-harder","18":"product_tag-jl-oil-separator-co","19":"product_tag-jl","20":"product_tag-jlt","21":"product_tag-jlt-performance","22":"product_tag-kraftwerk","23":"product_tag-kurbelgehaeuseentlueftung","24":"product_tag-mach","25":"product_tag-mustang","26":"product_tag-mustang-gt","27":"product_tag-oil-catch-can","28":"product_tag-oil-catch-tank","29":"product_tag-oil-separator","30":"product_tag-oel","31":"product_tag-oelabscheider","32":"product_tag-osc","33":"product_tag-separator","35":"first","36":"instock","37":"taxable","38":"shipping-taxable","39":"purchasable","40":"product-type-simple"},"bundled_by":[],"bundle_stock_status":"instock","bundle_stock_quantity":2,"bundle_virtual":false,"bundle_layout":"","bundle_add_to_cart_form_location":"","bundle_editable_in_cart":false,"bundle_sold_individually_context":"","bundle_item_grouping":"","bundle_min_size":"","bundle_max_size":"","bundle_price":[],"bundled_items":[],"bundle_sell_ids":[],"exclude_global_add_ons":[],"addons":[],"acf":[],"_links":{"self":[{"href":"https:\/\/kraftwerk-shop.cc\/es\/wp-json\/wp\/v2\/product\/68293406","targetHints":{"allow":["GET"]}}],"collection":[{"href":"https:\/\/kraftwerk-shop.cc\/es\/wp-json\/wp\/v2\/product"}],"about":[{"href":"https:\/\/kraftwerk-shop.cc\/es\/wp-json\/wp\/v2\/types\/product"}],"replies":[{"embeddable":true,"href":"https:\/\/kraftwerk-shop.cc\/es\/wp-json\/wp\/v2\/comments?post=68293406"}],"version-history":[{"count":0,"href":"https:\/\/kraftwerk-shop.cc\/es\/wp-json\/wp\/v2\/product\/68293406\/revisions"}],"wp:featuredmedia":[{"embeddable":true,"href":"https:\/\/kraftwerk-shop.cc\/es\/wp-json\/wp\/v2\/media\/68293410"}],"wp:attachment":[{"href":"https:\/\/kraftwerk-shop.cc\/es\/wp-json\/wp\/v2\/media?parent=68293406"}],"wp:term":[{"taxonomy":"product_brand","embeddable":true,"href":"https:\/\/kraftwerk-shop.cc\/es\/wp-json\/wp\/v2\/product_brand?post=68293406"},{"taxonomy":"product_cat","embeddable":true,"href":"https:\/\/kraftwerk-shop.cc\/es\/wp-json\/wp\/v2\/product_cat?post=68293406"},{"taxonomy":"product_tag","embeddable":true,"href":"https:\/\/kraftwerk-shop.cc\/es\/wp-json\/wp\/v2\/product_tag?post=68293406"}],"curies":[{"name":"wp","href":"https:\/\/api.w.org\/{rel}","templated":true}]}}