{"id":68293696,"date":"2023-10-27T23:06:28","date_gmt":"2023-10-27T21:06:28","guid":{"rendered":"https:\/\/kraftwerk-shop.cc\/?post_type=product&#038;p=68293696"},"modified":"2026-04-17T14:08:54","modified_gmt":"2026-04-17T12:08:54","slug":"mds-desmontaje-ram-57-kit-completo","status":"publish","type":"product","link":"https:\/\/kraftwerk-shop.cc\/es\/produkt\/mds-entfernung-ram-57-komplettkit\/","title":{"rendered":"Extracci\u00f3n MDS RAM 5.7 Hemi (kit completo)"},"content":{"rendered":"<h1>Kit de conversi\u00f3n para la eliminaci\u00f3n mec\u00e1nica de la desactivaci\u00f3n de cilindros para RAM 5.7<\/h1>\n<p>&nbsp;<\/p>\n<p>Desafortunadamente, los \u00e1rboles de levas desgastados y los taqu\u00e9s hidr\u00e1ulicos MDS defectuosos no son infrecuentes en el 5.7 RAM.<\/p>\n<p>La desactivaci\u00f3n de cilindros puede eliminarse completamente con este kit.<br \/>\nAdecuado para reparaci\u00f3n y prevenci\u00f3n.<\/p>\n<p>Adem\u00e1s, la desactivaci\u00f3n de cilindros debe desactivarse en la unidad de control del motor.<br \/>\nTambi\u00e9n podemos realizar esta programaci\u00f3n. P\u00f3ngase en contacto con nosotros.<\/p>\n<p>Ofrecemos el kit de conversi\u00f3n para la eliminaci\u00f3n del MDS en 2 versiones: la versi\u00f3n est\u00e1ndar y la versi\u00f3n premium.<br \/>\nNuestros kits de conversi\u00f3n permiten la eliminaci\u00f3n simple y eficaz del sistema MDS para el RAM 5.7 Hemi.<\/p>\n<p><strong><br \/>\nKit 1:<\/strong><\/p>\n<ul>\n<li>\u00e1rbol de levas original Mopar RAM 5.7 sin caracter\u00edsticas MDS<\/li>\n<li>perno del \u00e1rbol de levas original Mopar<\/li>\n<li>taqu\u00e9s hidr\u00e1ulicos originales Mopar Hellcat (16 piezas)<\/li>\n<li>tap\u00f3n obturador original Mopar MDS (4 piezas)<\/li>\n<li>Juego de cadena de distribuci\u00f3n original Mopar<\/li>\n<\/ul>\n<p>&nbsp;<\/p>\n<p><strong>Kit 2:<\/strong><\/p>\n<ul>\n<li>\u00e1rbol de levas original Mopar RAM 5.7 sin caracter\u00edsticas MDS<\/li>\n<li>perno del \u00e1rbol de levas original Mopar<\/li>\n<li>taqu\u00e9s hidr\u00e1ulicos originales Mopar Hellcat (16 piezas)<\/li>\n<li>tap\u00f3n obturador original Mopar MDS (4 piezas)<\/li>\n<li>Juego de cadena de distribuci\u00f3n original Mopar<\/li>\n<li>Ret\u00e9n delantero original Mopar<\/li>\n<li>Junta de la tapa delantera original Mopar<\/li>\n<li>Juntas de culata originales Mopar<\/li>\n<li>Tornillos de culata premium<\/li>\n<\/ul>\n<p>&nbsp;<\/p>\n<p><strong>Adecuado para:<\/strong><\/p>\n<table width=\"437\">\n<tbody>\n<tr>\n<td width=\"122\"><strong>Marca<\/strong><\/td>\n<td width=\"136\"><strong>Modelo<\/strong><\/td>\n<td width=\"96\"><strong>Motor<\/strong><\/td>\n<td width=\"83\"><strong>A\u00f1o de construcci\u00f3n<\/strong><\/td>\n<\/tr>\n<tr>\n<td>RAM<\/td>\n<td>1500<\/td>\n<td>5.7<\/td>\n<td>2009-2018<\/td>\n<\/tr>\n<tr>\n<td>RAM<\/td>\n<td>1500 Classic<\/td>\n<td>5.7<\/td>\n<td>2019-2023<\/td>\n<\/tr>\n<tr>\n<td>RAM<\/td>\n<td>1500<\/td>\n<td>5.7<\/td>\n<td>2019-2023<\/td>\n<\/tr>\n<\/tbody>\n<\/table>\n<p>&nbsp;<\/p>","protected":false},"excerpt":{"rendered":"<p>Umbausatz zum mechanischen Entfernen der Zylinderabschaltung f\u00fcr RAM 5.7 &nbsp; Eingelaufene Nockenwellen und defekte MDS-Hydrost\u00f6\u00dfel sind beim RAM 5.7 leider<\/p>","protected":false},"featured_media":68293702,"comment_status":"open","ping_status":"closed","template":"","meta":{"_acf_changed":false},"product_brand":[],"product_cat":[6748,6753],"product_tag":[91,331,1158,1052,49,4965,477,476,2475,119,2342,100,126,335,222,2476,2477,333,328,2478,336,86,3507,180,818,356,329],"class_list":{"0":"post-68293696","1":"product","2":"type-product","3":"status-publish","4":"has-post-thumbnail","6":"product_cat-1500-57-2009-2018-classic-nockenwelle-ventiltrieb","7":"product_cat-1500-57-dt-nockenwelle-ventiltrieb","8":"product_tag-5-7","9":"product_tag-deaktivieren","10":"product_tag-deaktivierung","11":"product_tag-delete","12":"product_tag-dodge","13":"product_tag-dodge-ram","14":"product_tag-ds","15":"product_tag-dt","16":"product_tag-eingelaufen","17":"product_tag-entfernen","18":"product_tag-entfernung","19":"product_tag-hellcat","20":"product_tag-hemi","21":"product_tag-hydrostoessel","22":"product_tag-kit","23":"product_tag-komplett","24":"product_tag-komplettkit","25":"product_tag-lifter","26":"product_tag-mds","27":"product_tag-mdskit","28":"product_tag-nockenwelle","29":"product_tag-ram","30":"product_tag-ram1500","31":"product_tag-umbau","32":"product_tag-umbausatz","33":"product_tag-vvt","34":"product_tag-zylinderabschaltung","35":"product_shipping_class-deutschlandohne","37":"first","38":"instock","39":"taxable","40":"shipping-taxable","41":"purchasable","42":"product-type-variable"},"bundled_by":[],"bundle_stock_status":"instock","bundle_stock_quantity":4,"bundle_virtual":false,"bundle_layout":"","bundle_add_to_cart_form_location":"","bundle_editable_in_cart":false,"bundle_sold_individually_context":"","bundle_item_grouping":"","bundle_min_size":"","bundle_max_size":"","bundle_price":[],"bundled_items":[],"bundle_sell_ids":[],"exclude_global_add_ons":[],"addons":[],"acf":[],"_links":{"self":[{"href":"https:\/\/kraftwerk-shop.cc\/es\/wp-json\/wp\/v2\/product\/68293696","targetHints":{"allow":["GET"]}}],"collection":[{"href":"https:\/\/kraftwerk-shop.cc\/es\/wp-json\/wp\/v2\/product"}],"about":[{"href":"https:\/\/kraftwerk-shop.cc\/es\/wp-json\/wp\/v2\/types\/product"}],"replies":[{"embeddable":true,"href":"https:\/\/kraftwerk-shop.cc\/es\/wp-json\/wp\/v2\/comments?post=68293696"}],"version-history":[{"count":0,"href":"https:\/\/kraftwerk-shop.cc\/es\/wp-json\/wp\/v2\/product\/68293696\/revisions"}],"wp:featuredmedia":[{"embeddable":true,"href":"https:\/\/kraftwerk-shop.cc\/es\/wp-json\/wp\/v2\/media\/68293702"}],"wp:attachment":[{"href":"https:\/\/kraftwerk-shop.cc\/es\/wp-json\/wp\/v2\/media?parent=68293696"}],"wp:term":[{"taxonomy":"product_brand","embeddable":true,"href":"https:\/\/kraftwerk-shop.cc\/es\/wp-json\/wp\/v2\/product_brand?post=68293696"},{"taxonomy":"product_cat","embeddable":true,"href":"https:\/\/kraftwerk-shop.cc\/es\/wp-json\/wp\/v2\/product_cat?post=68293696"},{"taxonomy":"product_tag","embeddable":true,"href":"https:\/\/kraftwerk-shop.cc\/es\/wp-json\/wp\/v2\/product_tag?post=68293696"}],"curies":[{"name":"wp","href":"https:\/\/api.w.org\/{rel}","templated":true}]}}