{"id":68293895,"date":"2023-11-04T22:34:40","date_gmt":"2023-11-04T21:34:40","guid":{"rendered":"https:\/\/kraftwerk-shop.cc\/?post_type=product&#038;p=68293895"},"modified":"2026-02-15T01:07:14","modified_gmt":"2026-02-15T00:07:14","slug":"tornillo-del-colector-de-escape-mopar-6105043aa","status":"publish","type":"product","link":"https:\/\/kraftwerk-shop.cc\/es\/produkt\/mopar-schraube-abgaskruemmer-6105043aa\/","title":{"rendered":"Perno del colector de escape Mopar (6105043AA)"},"content":{"rendered":"<h1>Mopar original <span class=\"list-value sku-display\">Tornillo del colector de escape\u00a0<\/span><span class=\"list-value sku-display\">6105043AA<\/span><\/h1>\n<p>&nbsp;<\/p>\n<p><strong>N\u00famero de pieza Mopar:<\/strong> <span class=\"list-value sku-display\">6105043AA<\/span><br \/>\n<strong>Reemplazado:<\/strong>\u00a0 \u2014<\/p>\n<p><span class=\"list-value description_body\"><strong>Tama\u00f1o:<\/strong> M6x1,00\u00d750,00<br \/>\n<\/span><\/p>\n<p>&nbsp;<\/p>\n<p><strong>Adecuado para:<\/strong><\/p>\n<table width=\"972\">\n<tbody>\n<tr>\n<td width=\"80\"><strong>A\u00f1o de construcci\u00f3n<\/strong><\/td>\n<td width=\"80\"><strong>Marca<\/strong><\/td>\n<td width=\"121\"><strong>Modelo<\/strong><\/td>\n<td width=\"493\"><strong>Versi\u00f3n<\/strong><\/td>\n<td width=\"198\"><strong>Motor<\/strong><\/td>\n<\/tr>\n<tr>\n<td width=\"80\">2025<\/td>\n<td width=\"80\">Dodge<\/td>\n<td width=\"121\">Durango<\/td>\n<td width=\"493\">SRT Hellcat Hammerhead, SRT Hellcat Plus, SRT Hellcat Premium, SRT Hellcat Silver Bullet<\/td>\n<td width=\"198\">6.2L<\/td>\n<\/tr>\n<tr>\n<td width=\"80\">2025<\/td>\n<td width=\"80\">Jeep<\/td>\n<td width=\"121\">Grand Cherokee<\/td>\n<td width=\"493\">4xe, Edici\u00f3n Aniversario 4xe, Overland 4xe, Summit 4xe, Summit Reserve 4xe, Trailhawk 4xe<\/td>\n<td width=\"198\">2.0L L4 - El\u00e9ctrico\/Gasolina<\/td>\n<\/tr>\n<tr>\n<td width=\"80\">2024<\/td>\n<td width=\"80\">Dodge<\/td>\n<td width=\"121\">Durango<\/td>\n<td width=\"493\">SRT 392, SRT 392 Plus, SRT 392 Premium, SRT Hellcat, SRT Hellcat Plus, SRT Hellcat Premium<\/td>\n<td width=\"198\">6.2L, 6.4L<\/td>\n<\/tr>\n<tr>\n<td width=\"80\">2024<\/td>\n<td width=\"80\">Jeep<\/td>\n<td width=\"121\">Grand Cherokee<\/td>\n<td width=\"493\">4xe, Altitude, Altitude X, Laredo, Laredo A, Laredo X, Limited, Overland, Overland 4xe, Summit, Summit 4xe, Summit Reserve, Summit Reserve 4xe, Trailhawk 4xe<\/td>\n<td width=\"198\">2.0L L4 - El\u00e9ctrico\/Gas, 3.6L V6 - Flex, 3.6L<\/td>\n<\/tr>\n<tr>\n<td width=\"80\">2024<\/td>\n<td width=\"80\">Jeep<\/td>\n<td width=\"121\">Grand Cherokee L<\/td>\n<td width=\"493\">Altitude, Altitude X, Laredo, Laredo X, Limited, Overland, Summit, Summit Reserve<\/td>\n<td width=\"198\">3.6L V6 - Flex, 5.7L<\/td>\n<\/tr>\n<tr>\n<td width=\"80\">2024<\/td>\n<td width=\"80\">Ram<\/td>\n<td width=\"121\">1500<\/td>\n<td width=\"493\">TRX<\/td>\n<td width=\"198\">6.2L<\/td>\n<\/tr>\n<tr>\n<td width=\"80\">2023<\/td>\n<td width=\"80\">Dodge<\/td>\n<td width=\"121\">Durango<\/td>\n<td width=\"493\">SRT 392, SRT 392 Plus, SRT 392 Premium, SRT Hellcat, SRT Hellcat Plus, SRT Hellcat Premium<\/td>\n<td width=\"198\">6.2L, 6.4L<\/td>\n<\/tr>\n<tr>\n<td width=\"80\">2023<\/td>\n<td width=\"80\">Jeep<\/td>\n<td width=\"121\">Grand Cherokee<\/td>\n<td width=\"493\">30th Anniversary 4xe, 4xe, Altitude, Laredo, Limited, Overland, Overland 4xe, Summit, Summit 4xe, Summit Reserve, Summit Reserve 4xe, Trailhawk 4xe<\/td>\n<td width=\"198\">2.0L L4 - El\u00e9ctrico\/Gas, 3.6L V6 - Flex, 5.7L<\/td>\n<\/tr>\n<tr>\n<td width=\"80\">2023<\/td>\n<td width=\"80\">Jeep<\/td>\n<td width=\"121\">Grand Cherokee L<\/td>\n<td width=\"493\">Altitude, Laredo, Limited, Overland, Summit, Summit Reserve<\/td>\n<td width=\"198\">3.6L V6 - Flex, 5.7L<\/td>\n<\/tr>\n<tr>\n<td width=\"80\">2023<\/td>\n<td width=\"80\">Jeep<\/td>\n<td width=\"121\">Grand Wagoneer<\/td>\n<td width=\"493\">Base, Obsidian, Series II, Series III, Series III Obsidian<\/td>\n<td width=\"198\">6.4L<\/td>\n<\/tr>\n<tr>\n<td width=\"80\">2023<\/td>\n<td width=\"80\">Ram<\/td>\n<td width=\"121\">1500<\/td>\n<td width=\"493\">TRX<\/td>\n<td width=\"198\">6.2L<\/td>\n<\/tr>\n<tr>\n<td width=\"80\">2022<\/td>\n<td width=\"80\">Dodge<\/td>\n<td width=\"121\">Durango<\/td>\n<td width=\"493\">SRT 392<\/td>\n<td width=\"198\">6.4L<\/td>\n<\/tr>\n<tr>\n<td width=\"80\">2022<\/td>\n<td width=\"80\">Jeep<\/td>\n<td width=\"121\">Grand Cherokee<\/td>\n<td width=\"493\">Altitude, Laredo, Limited, Overland, Overland 4xe, Summit, Summit 4xe, Summit Reserve, Summit Reserve 4xe, Trailhawk, Trailhawk 4xe<\/td>\n<td width=\"198\">2.0L L4 - El\u00e9ctrico\/Gas, 3.6L V6 - Flex, 5.7L<\/td>\n<\/tr>\n<tr>\n<td width=\"80\">2022<\/td>\n<td width=\"80\">Jeep<\/td>\n<td width=\"121\">Grand Cherokee L<\/td>\n<td width=\"493\">Altitude, Laredo, Limited, Overland, Summit, Summit Reserve<\/td>\n<td width=\"198\">3.6L V6 - Flex, 5.7L<\/td>\n<\/tr>\n<tr>\n<td width=\"80\">2022<\/td>\n<td width=\"80\">Jeep<\/td>\n<td width=\"121\">Grand Wagoneer<\/td>\n<td width=\"493\">Obsidian, Series I, Series II, Series III<\/td>\n<td width=\"198\">6.4L<\/td>\n<\/tr>\n<tr>\n<td width=\"80\">2022<\/td>\n<td width=\"80\">Jeep<\/td>\n<td width=\"121\">Wrangler<\/td>\n<td width=\"493\">Unlimited Rubicon 392<\/td>\n<td width=\"198\">6.4L<\/td>\n<\/tr>\n<tr>\n<td width=\"80\">2022<\/td>\n<td width=\"80\">Ram<\/td>\n<td width=\"121\">1500<\/td>\n<td width=\"493\">TRX<\/td>\n<td width=\"198\">6.2L<\/td>\n<\/tr>\n<tr>\n<td width=\"80\">2021<\/td>\n<td width=\"80\">Dodge<\/td>\n<td width=\"121\">Durango<\/td>\n<td width=\"493\">SRT, SRT Hellcat<\/td>\n<td width=\"198\">6.2L, 6.4L<\/td>\n<\/tr>\n<tr>\n<td width=\"80\">2021<\/td>\n<td width=\"80\">Jeep<\/td>\n<td width=\"121\">Grand Cherokee<\/td>\n<td width=\"493\">SRT, Trackhawk<\/td>\n<td width=\"198\">6.2L, 6.4L<\/td>\n<\/tr>\n<tr>\n<td width=\"80\">2021<\/td>\n<td width=\"80\">Jeep<\/td>\n<td width=\"121\">Grand Cherokee L<\/td>\n<td width=\"493\">Altitude, Laredo, Limited, Overland, Summit, Summit Reserve<\/td>\n<td width=\"198\">3.6L V6 - Flex, 5.7L<\/td>\n<\/tr>\n<tr>\n<td width=\"80\">2021<\/td>\n<td width=\"80\">Jeep<\/td>\n<td width=\"121\">Wrangler<\/td>\n<td width=\"493\">Unlimited Rubicon 392<\/td>\n<td width=\"198\">6.4L<\/td>\n<\/tr>\n<tr>\n<td width=\"80\">2021<\/td>\n<td width=\"80\">Ram<\/td>\n<td width=\"121\">1500<\/td>\n<td width=\"493\">TRX<\/td>\n<td width=\"198\">6.2L<\/td>\n<\/tr>\n<tr>\n<td width=\"80\">2020<\/td>\n<td width=\"80\">Dodge<\/td>\n<td width=\"121\">Durango<\/td>\n<td width=\"493\">SRT<\/td>\n<td width=\"198\">6.4L<\/td>\n<\/tr>\n<tr>\n<td width=\"80\">2020<\/td>\n<td width=\"80\">Jeep<\/td>\n<td width=\"121\">Grand Cherokee<\/td>\n<td width=\"493\">SRT, Trackhawk<\/td>\n<td width=\"198\">6.2L, 6.4L<\/td>\n<\/tr>\n<tr>\n<td width=\"80\">2019<\/td>\n<td width=\"80\">Dodge<\/td>\n<td width=\"121\">Durango<\/td>\n<td width=\"493\">SRT<\/td>\n<td width=\"198\">6.4L<\/td>\n<\/tr>\n<tr>\n<td width=\"80\">2019<\/td>\n<td width=\"80\">Jeep<\/td>\n<td width=\"121\">Grand Cherokee<\/td>\n<td width=\"493\">SRT, Trackhawk<\/td>\n<td width=\"198\">6.2L, 6.4L<\/td>\n<\/tr>\n<tr>\n<td width=\"80\">2018<\/td>\n<td width=\"80\">Dodge<\/td>\n<td width=\"121\">Durango<\/td>\n<td width=\"493\">SRT<\/td>\n<td width=\"198\">6.4L<\/td>\n<\/tr>\n<tr>\n<td width=\"80\">2018<\/td>\n<td width=\"80\">Jeep<\/td>\n<td width=\"121\">Grand Cherokee<\/td>\n<td width=\"493\">SRT, Trackhawk<\/td>\n<td width=\"198\">6.2L, 6.4L<\/td>\n<\/tr>\n<tr>\n<td width=\"80\">2017<\/td>\n<td width=\"80\">Jeep<\/td>\n<td width=\"121\">Compass<\/td>\n<td width=\"493\">Latitude, Sport<\/td>\n<td width=\"198\">2.0L, 2.4L<\/td>\n<\/tr>\n<tr>\n<td width=\"80\">2017<\/td>\n<td width=\"80\">Jeep<\/td>\n<td width=\"121\">Grand Cherokee<\/td>\n<td width=\"493\">SRT<\/td>\n<td width=\"198\">6.4L<\/td>\n<\/tr>\n<tr>\n<td width=\"80\">2017<\/td>\n<td width=\"80\">Jeep<\/td>\n<td width=\"121\">Patriot<\/td>\n<td width=\"493\">Latitude, Sport<\/td>\n<td width=\"198\">2.0L, 2.4L<\/td>\n<\/tr>\n<tr>\n<td width=\"80\">2016<\/td>\n<td width=\"80\">Jeep<\/td>\n<td width=\"121\">Compass<\/td>\n<td width=\"493\">75 Aniversario, Latitude, Sport<\/td>\n<td width=\"198\">2.0L, 2.4L<\/td>\n<\/tr>\n<tr>\n<td width=\"80\">2016<\/td>\n<td width=\"80\">Jeep<\/td>\n<td width=\"121\">Grand Cherokee<\/td>\n<td width=\"493\">SRT<\/td>\n<td width=\"198\">6.4L<\/td>\n<\/tr>\n<tr>\n<td width=\"80\">2016<\/td>\n<td width=\"80\">Jeep<\/td>\n<td width=\"121\">Patriot<\/td>\n<td width=\"493\">75 Aniversario, Latitude, Sport<\/td>\n<td width=\"198\">2.0L, 2.4L<\/td>\n<\/tr>\n<tr>\n<td width=\"80\">2015<\/td>\n<td width=\"80\">Jeep<\/td>\n<td width=\"121\">Compass<\/td>\n<td width=\"493\">Altitude, High Altitude, Latitude, Limited, Sport<\/td>\n<td width=\"198\">2.0L, 2.4L<\/td>\n<\/tr>\n<tr>\n<td width=\"80\">2015<\/td>\n<td width=\"80\">Jeep<\/td>\n<td width=\"121\">Grand Cherokee<\/td>\n<td width=\"493\">SRT<\/td>\n<td width=\"198\">6.4L<\/td>\n<\/tr>\n<tr>\n<td width=\"80\">2015<\/td>\n<td width=\"80\">Jeep<\/td>\n<td width=\"121\">Patriot<\/td>\n<td width=\"493\">Latitude, Limited, Sport<\/td>\n<td width=\"198\">2.0L, 2.4L<\/td>\n<\/tr>\n<tr>\n<td width=\"80\">2014<\/td>\n<td width=\"80\">Jeep<\/td>\n<td width=\"121\">Compass<\/td>\n<td width=\"493\">Latitude, Limited, Sport<\/td>\n<td width=\"198\">2.0L, 2.4L<\/td>\n<\/tr>\n<tr>\n<td width=\"80\">2014<\/td>\n<td width=\"80\">Jeep<\/td>\n<td width=\"121\">Grand Cherokee<\/td>\n<td width=\"493\">SRT<\/td>\n<td width=\"198\">6.4L<\/td>\n<\/tr>\n<tr>\n<td width=\"80\">2014<\/td>\n<td width=\"80\">Jeep<\/td>\n<td width=\"121\">Patriot<\/td>\n<td width=\"493\">Latitude, Limited, Sport<\/td>\n<td width=\"198\">2.0L, 2.4L<\/td>\n<\/tr>\n<tr>\n<td width=\"80\">2013<\/td>\n<td width=\"80\">Jeep<\/td>\n<td width=\"121\">Compass<\/td>\n<td width=\"493\">Latitude, Limited, Sport<\/td>\n<td width=\"198\">2.0L, 2.4L<\/td>\n<\/tr>\n<tr>\n<td width=\"80\">2013<\/td>\n<td width=\"80\">Jeep<\/td>\n<td width=\"121\">Grand Cherokee<\/td>\n<td width=\"493\">SRT8<\/td>\n<td width=\"198\">6.4L<\/td>\n<\/tr>\n<tr>\n<td width=\"80\">2013<\/td>\n<td width=\"80\">Jeep<\/td>\n<td width=\"121\">Patriot<\/td>\n<td width=\"493\">Latitude, Limited, Sport<\/td>\n<td width=\"198\">2.0L, 2.4L<\/td>\n<\/tr>\n<tr>\n<td width=\"80\">2012<\/td>\n<td width=\"80\">Dodge<\/td>\n<td width=\"121\">Caliber<\/td>\n<td width=\"493\">SE, SXT, SXT Plus<\/td>\n<td width=\"198\">2.0L<\/td>\n<\/tr>\n<tr>\n<td width=\"80\">2012<\/td>\n<td width=\"80\">Jeep<\/td>\n<td width=\"121\">Compass<\/td>\n<td width=\"493\">Latitude, Limited, Sport<\/td>\n<td width=\"198\">2.0L, 2.4L<\/td>\n<\/tr>\n<tr>\n<td width=\"80\">2012<\/td>\n<td width=\"80\">Jeep<\/td>\n<td width=\"121\">Grand Cherokee<\/td>\n<td width=\"493\">SRT8<\/td>\n<td width=\"198\">6.4L<\/td>\n<\/tr>\n<tr>\n<td width=\"80\">2012<\/td>\n<td width=\"80\">Jeep<\/td>\n<td width=\"121\">Patriot<\/td>\n<td width=\"493\">Latitude, Limited, Sport<\/td>\n<td width=\"198\">2.0L, 2.4L<\/td>\n<\/tr>\n<tr>\n<td width=\"80\">2011<\/td>\n<td width=\"80\">Dodge<\/td>\n<td width=\"121\">Caliber<\/td>\n<td width=\"493\">Express, Heat, Mainstreet, Rush, Uptown<\/td>\n<td width=\"198\">2.0L, 2.4L<\/td>\n<\/tr>\n<tr>\n<td width=\"80\">2011<\/td>\n<td width=\"80\">Jeep<\/td>\n<td width=\"121\">Compass<\/td>\n<td width=\"493\">Base, Latitude, Limited<\/td>\n<td width=\"198\">2.0L, 2.4L<\/td>\n<\/tr>\n<tr>\n<td width=\"80\">2011<\/td>\n<td width=\"80\">Jeep<\/td>\n<td width=\"121\">Patriot<\/td>\n<td width=\"493\">Latitude, Latitude X, Sport<\/td>\n<td width=\"198\">2.0L, 2.4L<\/td>\n<\/tr>\n<tr>\n<td width=\"80\">2010<\/td>\n<td width=\"80\">Dodge<\/td>\n<td width=\"121\">Caliber<\/td>\n<td width=\"493\">Express, Heat, Mainstreet, R\/T, Rush, SE, SXT, Uptown<\/td>\n<td width=\"198\">2.0L, 2.4L<\/td>\n<\/tr>\n<tr>\n<td width=\"80\">2010<\/td>\n<td width=\"80\">Jeep<\/td>\n<td width=\"121\">Commander<\/td>\n<td width=\"493\">Limited, Sport<\/td>\n<td width=\"198\">3.7L, 5.7L<\/td>\n<\/tr>\n<tr>\n<td width=\"80\">2010<\/td>\n<td width=\"80\">Jeep<\/td>\n<td width=\"121\">Compass<\/td>\n<td width=\"493\">Limited, Sport<\/td>\n<td width=\"198\">2.0L, 2.4L<\/td>\n<\/tr>\n<tr>\n<td width=\"80\">2010<\/td>\n<td width=\"80\">Jeep<\/td>\n<td width=\"121\">Grand Cherokee<\/td>\n<td width=\"493\">Laredo, Limited, SRT8<\/td>\n<td width=\"198\">3.7L, 5.7L, 6.1L<\/td>\n<\/tr>\n<tr>\n<td width=\"80\">2010<\/td>\n<td width=\"80\">Jeep<\/td>\n<td width=\"121\">Patriot<\/td>\n<td width=\"493\">Limited, Sport<\/td>\n<td width=\"198\">2.0L, 2.4L<\/td>\n<\/tr>\n<tr>\n<td width=\"80\">2009<\/td>\n<td width=\"80\">Dodge<\/td>\n<td width=\"121\">Caliber<\/td>\n<td width=\"493\">R\/T, SE, SRT-4, SXT<\/td>\n<td width=\"198\">1.8L, 2.0L, 2.4L<\/td>\n<\/tr>\n<tr>\n<td width=\"80\">2009<\/td>\n<td width=\"80\">Jeep<\/td>\n<td width=\"121\">Commander<\/td>\n<td width=\"493\">Limited, Overland, Sport<\/td>\n<td width=\"198\">3.7L, 4.7L V8 - Flex, 4.7L, 5.7L<\/td>\n<\/tr>\n<tr>\n<td width=\"80\">2009<\/td>\n<td width=\"80\">Jeep<\/td>\n<td width=\"121\">Compass<\/td>\n<td width=\"493\">Limited, Sport<\/td>\n<td width=\"198\">2.0L, 2.4L<\/td>\n<\/tr>\n<tr>\n<td width=\"80\">2009<\/td>\n<td width=\"80\">Jeep<\/td>\n<td width=\"121\">Grand Cherokee<\/td>\n<td width=\"493\">Laredo, Limited, Overland, SRT8<\/td>\n<td width=\"198\">3.0L V6 - Diesel, 3.7L, 4.7L V8 - Flex, 5.7L, 6.1L<\/td>\n<\/tr>\n<tr>\n<td width=\"80\">2009<\/td>\n<td width=\"80\">Jeep<\/td>\n<td width=\"121\">Patriot<\/td>\n<td width=\"493\">Limited, Sport<\/td>\n<td width=\"198\">2.0L, 2.4L<\/td>\n<\/tr>\n<tr>\n<td width=\"80\">2008<\/td>\n<td width=\"80\">Dodge<\/td>\n<td width=\"121\">Caliber<\/td>\n<td width=\"493\">R\/T, SE, SRT-4, SXT<\/td>\n<td width=\"198\">1.8L, 2.0L, 2.4L<\/td>\n<\/tr>\n<tr>\n<td width=\"80\">2008<\/td>\n<td width=\"80\">Jeep<\/td>\n<td width=\"121\">Commander<\/td>\n<td width=\"493\">Limited, Overland, Sport<\/td>\n<td width=\"198\">3.7L, 4.7L V8 - Flex, 4.7L, 5.7L<\/td>\n<\/tr>\n<tr>\n<td width=\"80\">2008<\/td>\n<td width=\"80\">Jeep<\/td>\n<td width=\"121\">Compass<\/td>\n<td width=\"493\">Limited, Sport<\/td>\n<td width=\"198\">2.0L, 2.4L<\/td>\n<\/tr>\n<tr>\n<td width=\"80\">2008<\/td>\n<td width=\"80\">Jeep<\/td>\n<td width=\"121\">Grand Cherokee<\/td>\n<td width=\"493\">Laredo, Limited, Overland, SRT8<\/td>\n<td width=\"198\">3.0L V6 - Diesel, 3.7L, 4.7L V8 - Flex, 4.7L, 6.1L<\/td>\n<\/tr>\n<tr>\n<td width=\"80\">2008<\/td>\n<td width=\"80\">Jeep<\/td>\n<td width=\"121\">Patriot<\/td>\n<td width=\"493\">Limited, Sport<\/td>\n<td width=\"198\">2.0L, 2.4L<\/td>\n<\/tr>\n<tr>\n<td width=\"80\">2007<\/td>\n<td width=\"80\">Dodge<\/td>\n<td width=\"121\">Caliber<\/td>\n<td width=\"493\">R\/T, SE, SXT<\/td>\n<td width=\"198\">1.8L, 2.0L, 2.4L<\/td>\n<\/tr>\n<tr>\n<td width=\"80\">2007<\/td>\n<td width=\"80\">Jeep<\/td>\n<td width=\"121\">Commander<\/td>\n<td width=\"493\">Base, Limited, Overland, Sport<\/td>\n<td width=\"198\">3.7L, 4.7L V8 - Flex, 4.7L, 5.7L<\/td>\n<\/tr>\n<tr>\n<td width=\"80\">2007<\/td>\n<td width=\"80\">Jeep<\/td>\n<td width=\"121\">Compass<\/td>\n<td width=\"493\">Limited, Sport<\/td>\n<td width=\"198\">2.0L, 2.4L<\/td>\n<\/tr>\n<tr>\n<td width=\"80\">2007<\/td>\n<td width=\"80\">Jeep<\/td>\n<td width=\"121\">Grand Cherokee<\/td>\n<td width=\"493\">Laredo, Limited, Overland, SRT8<\/td>\n<td width=\"198\">3.0L V6 - Diesel, 3.7L, 4.7L V8 - Flex, 4.7L, 6.1L<\/td>\n<\/tr>\n<tr>\n<td width=\"80\">2007<\/td>\n<td width=\"80\">Jeep<\/td>\n<td width=\"121\">Patriot<\/td>\n<td width=\"493\">Limited, Sport<\/td>\n<td width=\"198\">2.0L, 2.4L<\/td>\n<\/tr>\n<tr>\n<td width=\"80\">2006<\/td>\n<td width=\"80\">Jeep<\/td>\n<td width=\"121\">Commander<\/td>\n<td width=\"493\">Base, Limited<\/td>\n<td width=\"198\">3.7L, 4.7L, 5.7L<\/td>\n<\/tr>\n<tr>\n<td width=\"80\">2006<\/td>\n<td width=\"80\">Jeep<\/td>\n<td width=\"121\">Grand Cherokee<\/td>\n<td width=\"493\">Laredo, Limited, Overland, SRT8<\/td>\n<td width=\"198\">3.7L, 4.7L, 5.7L, 6.1L<\/td>\n<\/tr>\n<tr>\n<td width=\"80\">2005<\/td>\n<td width=\"80\">Jeep<\/td>\n<td width=\"121\">Grand Cherokee<\/td>\n<td width=\"493\">Laredo, Limited<\/td>\n<td width=\"198\">3.7L, 4.7L, 5.7L<\/td>\n<\/tr>\n<\/tbody>\n<\/table>\n<p>&nbsp;<\/p>\n<h4>\u00bfPor qu\u00e9 elegir recambios originales Mopar?<\/h4>\n<p><strong>Ajuste perfecto y calidad superior:<\/strong> Los recambios originales Mopar se fabrican siguiendo las estrictas especificaciones del fabricante, lo que significa que encajan perfectamente en su veh\u00edculo. Esto no solo garantiza una instalaci\u00f3n sencilla, sino tambi\u00e9n un funcionamiento y una seguridad \u00f3ptimos.<\/p>\n<p><strong>Fiabilidad y durabilidad:<\/strong> Mediante el uso de materiales de alta calidad y estrictos controles de calidad, los recambios Mopar garantizan que su veh\u00edculo funcione de forma fiable incluso en condiciones extremas. Est\u00e1n dise\u00f1ados para durar y maximizar el rendimiento de su veh\u00edculo.<\/p>\n<p>&nbsp;<\/p>","protected":false},"excerpt":{"rendered":"<p>Pieza original Mopar<\/p>","protected":false},"featured_media":68293998,"comment_status":"open","ping_status":"closed","template":"","meta":{"_acf_changed":false},"product_brand":[16270],"product_cat":[6601,6587,2660,2664,6628,6631,6652,6634,6592,6637],"product_tag":[6438,1035,605,546,49,4432,95,56,50,4425,550,7708,31,8813,9424,16271,16273,16275,16272,16274,7221,86,654,96,102,2353],"class_list":{"0":"post-68293895","1":"product","2":"type-product","3":"status-publish","4":"has-post-thumbnail","6":"product_brand-mopar","7":"product_cat-durango-hellcat-abgasanlage-dichtungen-hardware","8":"product_cat-durango-64-abgasanlage-dichtungen-hardware","9":"product_cat-commander-abgasanlage","10":"product_cat-grand-cherokee-36-abgasanlage","11":"product_cat-grand-cherokee-57-2005-2010-dichtungen-hardware","12":"product_cat-grand-cherokee-57-2011-2021-abgasanlage-dichtungen-hardware","13":"product_cat-grand-cherokee-61-abgasanlage-dichtungen-hardware","14":"product_cat-trackhawk-abgasanlage-dichtungen-hardware","15":"product_cat-grand-cherokee-64-abgasanlage-dichtungen-hardware","16":"product_cat-trx-abgasanlage-dichtungen-hardware","17":"product_tag-6105043aa","18":"product_tag-abgasanlage","19":"product_tag-abgaskruemmer","20":"product_tag-auspuff","21":"product_tag-dodge","22":"product_tag-dodge-durango","23":"product_tag-durango","24":"product_tag-grand-cherokee","25":"product_tag-jeep","26":"product_tag-jeep-grand-cherokee","27":"product_tag-kruemmer","28":"product_tag-m6x1-00x50-00","29":"product_tag-mopar","30":"product_tag-mopar-autoteile","31":"product_tag-mopar-ersatzteile","32":"product_tag-mopar-ersatzteile-kaufen","33":"product_tag-mopar-performance-teile","34":"product_tag-mopar-teile-katalog","35":"product_tag-mopar-teile-online","36":"product_tag-mopar-tuningteile","37":"product_tag-mopar10","38":"product_tag-ram","39":"product_tag-schraube","40":"product_tag-srt","41":"product_tag-trackhawk","42":"product_tag-trx","44":"first","45":"instock","46":"taxable","47":"shipping-taxable","48":"purchasable","49":"product-type-simple"},"bundled_by":[],"bundle_stock_status":"instock","bundle_stock_quantity":8,"bundle_virtual":false,"bundle_layout":"","bundle_add_to_cart_form_location":"","bundle_editable_in_cart":false,"bundle_sold_individually_context":"","bundle_item_grouping":"","bundle_min_size":"","bundle_max_size":"","bundle_price":[],"bundled_items":[],"bundle_sell_ids":[],"exclude_global_add_ons":[],"addons":[],"acf":[],"_links":{"self":[{"href":"https:\/\/kraftwerk-shop.cc\/es\/wp-json\/wp\/v2\/product\/68293895","targetHints":{"allow":["GET"]}}],"collection":[{"href":"https:\/\/kraftwerk-shop.cc\/es\/wp-json\/wp\/v2\/product"}],"about":[{"href":"https:\/\/kraftwerk-shop.cc\/es\/wp-json\/wp\/v2\/types\/product"}],"replies":[{"embeddable":true,"href":"https:\/\/kraftwerk-shop.cc\/es\/wp-json\/wp\/v2\/comments?post=68293895"}],"version-history":[{"count":0,"href":"https:\/\/kraftwerk-shop.cc\/es\/wp-json\/wp\/v2\/product\/68293895\/revisions"}],"wp:featuredmedia":[{"embeddable":true,"href":"https:\/\/kraftwerk-shop.cc\/es\/wp-json\/wp\/v2\/media\/68293998"}],"wp:attachment":[{"href":"https:\/\/kraftwerk-shop.cc\/es\/wp-json\/wp\/v2\/media?parent=68293895"}],"wp:term":[{"taxonomy":"product_brand","embeddable":true,"href":"https:\/\/kraftwerk-shop.cc\/es\/wp-json\/wp\/v2\/product_brand?post=68293895"},{"taxonomy":"product_cat","embeddable":true,"href":"https:\/\/kraftwerk-shop.cc\/es\/wp-json\/wp\/v2\/product_cat?post=68293895"},{"taxonomy":"product_tag","embeddable":true,"href":"https:\/\/kraftwerk-shop.cc\/es\/wp-json\/wp\/v2\/product_tag?post=68293895"}],"curies":[{"name":"wp","href":"https:\/\/api.w.org\/{rel}","templated":true}]}}