{"id":68294131,"date":"2023-11-13T13:52:43","date_gmt":"2023-11-13T12:52:43","guid":{"rendered":"https:\/\/kraftwerk-shop.cc\/?post_type=product&#038;p=68294131"},"modified":"2026-02-15T01:07:29","modified_gmt":"2026-02-15T00:07:29","slug":"roush-421834-escape-ford-mustang-gt","status":"publish","type":"product","link":"https:\/\/kraftwerk-shop.cc\/es\/produkt\/roush-421834-auspuff-ford-mustang-gt\/","title":{"rendered":"Sistema de escape ROUSH Axle-Back Ford Mustang GT 5.0"},"content":{"rendered":"<h1>ROUSH #421834 Sistema de escape Axle-Back para Ford Mustang GT 5.0<\/h1>\n<p>&nbsp;<\/p>\n<p>Dale a tu GT Ford Mustang un sonido m\u00e1s agresivo y aumenta el rendimiento con un sistema de escape Roush.<br \/>\nLos sistemas de escape Roush Axle Back de 2015-2017 o 2024 est\u00e1n hechos de acero inoxidable T-304 resistente a la corrosi\u00f3n y est\u00e1n doblados con mandril. El proceso de doblado con mandril garantiza un di\u00e1metro interior constante sin dobleces ni pliegues. Esto mejora el flujo de gases de combusti\u00f3n y reduce la contrapresi\u00f3n en el sistema.<br \/>\nEl sistema incluye silenciadores de punta \u00fanica de alto caudal que mejoran el sonido de serie del V8 Mustang.<br \/>\nEste sistema produce un sonido de escape m\u00e1s fuerte y profundo con un potente burbujeo V8 al ralent\u00ed, que aumenta a un potente rugido a altas revoluciones.<\/p>\n<p>&nbsp;<\/p>\n<p>ROUSH #421834 se adapta a los siguientes modelos:<\/p>\n<table width=\"449\">\n<tbody>\n<tr>\n<td width=\"115\"><strong>Marca<\/strong><\/td>\n<td width=\"145\"><strong>Modelo<\/strong><\/td>\n<td width=\"106\"><strong>Motor<\/strong><\/td>\n<td width=\"83\"><strong>A\u00f1o de construcci\u00f3n<\/strong><\/td>\n<\/tr>\n<tr>\n<td>Ford<\/td>\n<td>Mustang<\/td>\n<td>GT 5.0<\/td>\n<td>2015 - 2017<\/td>\n<\/tr>\n<tr>\n<td>Ford<\/td>\n<td>Mustang<\/td>\n<td>GT 5.0<\/td>\n<td>2024<\/td>\n<\/tr>\n<\/tbody>\n<\/table>\n<p>\u00a1\u00a1\u00a1Atenci\u00f3n!!! Se adapta a <strong>no<\/strong> para los modelos 2018-2023.<\/p>\n<p>&nbsp;<\/p>\n<p><iframe loading=\"lazy\" title=\"ROUSH #421834 Sistema de escape Axle-Back para Ford Mustang GT 5.0\" src=\"https:\/\/www.youtube.com\/embed\/ljFzS9ukuMU\" width=\"882\" height=\"496\" frameborder=\"0\" allowfullscreen=\"allowfullscreen\"><\/iframe><\/p>\n<p>&nbsp;<\/p>","protected":false},"excerpt":{"rendered":"<p>2015-2017 &amp; 2024<\/p>","protected":false},"featured_media":68294139,"comment_status":"open","ping_status":"closed","template":"","meta":{"_acf_changed":false},"product_brand":[],"product_cat":[4033,3024],"product_tag":[249,250,251,6297,6465,1046,1035,1036,546,1037,1047,1039,1042,917,784,2934,532,529,20273,1040,3872,4787,4587,1041,547,1034,1038,233,194],"class_list":{"0":"post-68294131","1":"product","2":"type-product","3":"status-publish","4":"has-post-thumbnail","6":"product_cat-mustang-50-gt-abgasanlage","7":"product_cat-nicht-nach-eu","8":"product_tag-249","9":"product_tag-250","10":"product_tag-251","11":"product_tag-6297","12":"product_tag-6465","13":"product_tag-abe","14":"product_tag-abgasanlage","15":"product_tag-abgassystem","16":"product_tag-auspuff","17":"product_tag-auspuffsystem","18":"product_tag-cat-back","19":"product_tag-endschalldaempfer","20":"product_tag-endtopf","21":"product_tag-ford","22":"product_tag-gt","23":"product_tag-harder","24":"product_tag-kat","25":"product_tag-katalysator","26":"product_tag-keintuev","27":"product_tag-laut","28":"product_tag-mustang","29":"product_tag-mustang-exhaust","30":"product_tag-mustang-gt","31":"product_tag-sport","32":"product_tag-sportauspuff","33":"product_tag-sportauspuffanlage","34":"product_tag-sportendschalldaempfer","35":"product_tag-tuning","36":"product_tag-v8","37":"product_shipping_class-spedition-1","39":"first","40":"onbackorder","41":"taxable","42":"shipping-taxable","43":"purchasable","44":"product-type-simple"},"bundled_by":[],"bundle_stock_status":"onbackorder","bundle_stock_quantity":0,"bundle_virtual":false,"bundle_layout":"","bundle_add_to_cart_form_location":"","bundle_editable_in_cart":false,"bundle_sold_individually_context":"","bundle_item_grouping":"","bundle_min_size":"","bundle_max_size":"","bundle_price":[],"bundled_items":[],"bundle_sell_ids":[],"exclude_global_add_ons":[],"addons":[],"acf":[],"_links":{"self":[{"href":"https:\/\/kraftwerk-shop.cc\/es\/wp-json\/wp\/v2\/product\/68294131","targetHints":{"allow":["GET"]}}],"collection":[{"href":"https:\/\/kraftwerk-shop.cc\/es\/wp-json\/wp\/v2\/product"}],"about":[{"href":"https:\/\/kraftwerk-shop.cc\/es\/wp-json\/wp\/v2\/types\/product"}],"replies":[{"embeddable":true,"href":"https:\/\/kraftwerk-shop.cc\/es\/wp-json\/wp\/v2\/comments?post=68294131"}],"version-history":[{"count":0,"href":"https:\/\/kraftwerk-shop.cc\/es\/wp-json\/wp\/v2\/product\/68294131\/revisions"}],"wp:featuredmedia":[{"embeddable":true,"href":"https:\/\/kraftwerk-shop.cc\/es\/wp-json\/wp\/v2\/media\/68294139"}],"wp:attachment":[{"href":"https:\/\/kraftwerk-shop.cc\/es\/wp-json\/wp\/v2\/media?parent=68294131"}],"wp:term":[{"taxonomy":"product_brand","embeddable":true,"href":"https:\/\/kraftwerk-shop.cc\/es\/wp-json\/wp\/v2\/product_brand?post=68294131"},{"taxonomy":"product_cat","embeddable":true,"href":"https:\/\/kraftwerk-shop.cc\/es\/wp-json\/wp\/v2\/product_cat?post=68294131"},{"taxonomy":"product_tag","embeddable":true,"href":"https:\/\/kraftwerk-shop.cc\/es\/wp-json\/wp\/v2\/product_tag?post=68294131"}],"curies":[{"name":"wp","href":"https:\/\/api.w.org\/{rel}","templated":true}]}}