{"id":68295171,"date":"2023-12-21T20:42:48","date_gmt":"2023-12-21T19:42:48","guid":{"rendered":"https:\/\/kraftwerk-shop.cc\/?post_type=product&#038;p=68295171"},"modified":"2026-03-16T14:51:12","modified_gmt":"2026-03-16T13:51:12","slug":"colector-de-escape-ram-57-64","status":"publish","type":"product","link":"https:\/\/kraftwerk-shop.cc\/es\/produkt\/abgaskruemmer-ram-57-64\/","title":{"rendered":"Colector de escape RAM 2500 &amp; 3500 6.4"},"content":{"rendered":"<h1>Colector de escape para RAM 2500 y 3500 6.4 de 2014 a 2020<\/h1>\n<p>&nbsp;<\/p>\n<p>Estos colectores de escape se han fabricado con precisi\u00f3n para garantizar un ajuste perfecto y la funci\u00f3n de su RAM.<br \/>\nSe suministran con todas las juntas necesarias para la reparaci\u00f3n.<\/p>\n<p>&nbsp;<\/p>\n<ul>\n<li>Recambio ideal: dise\u00f1ado con precisi\u00f3n y fabricado con robustez para garantizar su ajuste y funcionamiento<\/li>\n<li>Construcci\u00f3n fiable: materiales duraderos resistentes a la deformaci\u00f3n, las grietas y las fugas para una larga vida \u00fatil<\/li>\n<li>Reparaci\u00f3n completa - entrega con todas las juntas necesarias<\/li>\n<li>Dise\u00f1o probado: fabricado por el l\u00edder del sector de colectores de recambio<\/li>\n<\/ul>\n<p>&nbsp;<\/p>\n<p><strong>Quedan n\u00fameros de referencia Mopar: <\/strong><span class=\"list-value\">53034137AC, 68045559AA, 68045559AB<\/span><strong>, <\/strong><span class=\"list-value sku-display\">68045559BA<br \/>\n<\/span><strong>N\u00fameros de referencia Mopar a la derecha: <\/strong><span class=\"list-value sku-display\">5045486AA<\/span><strong><br \/>\n<\/strong><\/p>\n<p>&nbsp;<\/p>\n<p><strong>Adecuado para:<\/strong><\/p>\n<table width=\"1327\">\n<tbody>\n<tr>\n<td width=\"83\"><strong>A\u00f1o de construcci\u00f3n<\/strong><\/td>\n<td width=\"83\"><strong>Marca<\/strong><\/td>\n<td width=\"129\"><strong>Modelo<\/strong><\/td>\n<td width=\"885\"><strong>Versi\u00f3n<\/strong><\/td>\n<td width=\"147\">Motor<\/td>\n<\/tr>\n<tr>\n<td width=\"83\">2020<\/td>\n<td width=\"83\">RAM<\/td>\n<td width=\"129\">2500<\/td>\n<td width=\"885\">Big Horn, Laramie, Laramie Longhorn, Limited, Lone Star, Power Wagon, Tradesman<\/td>\n<td width=\"147\">6.4L<\/td>\n<\/tr>\n<tr>\n<td width=\"83\">2020<\/td>\n<td width=\"83\">RAM<\/td>\n<td width=\"129\">3500<\/td>\n<td width=\"885\">Laramie Longhorn<\/td>\n<td width=\"147\">6.4L<\/td>\n<\/tr>\n<tr>\n<td width=\"83\">2019<\/td>\n<td width=\"83\">RAM<\/td>\n<td width=\"129\">2500<\/td>\n<td width=\"885\">Big Horn, Laramie, Laramie Longhorn, Limited, Lone Star, Power Wagon, Tradesman<\/td>\n<td width=\"147\">6.4L<\/td>\n<\/tr>\n<tr>\n<td width=\"83\">2019<\/td>\n<td width=\"83\">RAM<\/td>\n<td width=\"129\">3500<\/td>\n<td width=\"885\">Big Horn, Laramie, Laramie Longhorn, Limited, Lone Star, Tradesman<\/td>\n<td width=\"147\">6.4L<\/td>\n<\/tr>\n<tr>\n<td width=\"83\">2018<\/td>\n<td width=\"83\">RAM<\/td>\n<td width=\"129\">2500<\/td>\n<td width=\"885\">Big Horn, Laramie, Laramie Longhorn, Limited, Power Wagon, SLT, Tradesman<\/td>\n<td width=\"147\">6.4L<\/td>\n<\/tr>\n<tr>\n<td width=\"83\">2018<\/td>\n<td width=\"83\">RAM<\/td>\n<td width=\"129\">3500<\/td>\n<td width=\"885\">Big Horn, Laramie, Laramie Longhorn, Limited, SLT, Tradesman<\/td>\n<td width=\"147\">6.4L<\/td>\n<\/tr>\n<tr>\n<td width=\"83\">2017<\/td>\n<td width=\"83\">RAM<\/td>\n<td width=\"129\">2500<\/td>\n<td width=\"885\">Big Horn, Laramie, Laramie Longhorn, Limited, Power Wagon, SLT, Tradesman<\/td>\n<td width=\"147\">6.4L<\/td>\n<\/tr>\n<tr>\n<td width=\"83\">2017<\/td>\n<td width=\"83\">RAM<\/td>\n<td width=\"129\">3500<\/td>\n<td width=\"885\">Big Horn, Laramie, Laramie Longhorn, Limited, Lone Star, SLT, Tradesman<\/td>\n<td width=\"147\">6.4L<\/td>\n<\/tr>\n<tr>\n<td width=\"83\">2016<\/td>\n<td width=\"83\">RAM<\/td>\n<td width=\"129\">2500<\/td>\n<td width=\"885\">Big Horn, Laramie, Laramie Longhorn, Limited, Outdoorsman, Power Wagon, SLT, Tradesman<\/td>\n<td width=\"147\">6.4L<\/td>\n<\/tr>\n<tr>\n<td width=\"83\">2016<\/td>\n<td width=\"83\">RAM<\/td>\n<td width=\"129\">3500<\/td>\n<td width=\"885\">Big Horn, Laramie, Laramie Longhorn, Limited, SLT, Tradesman<\/td>\n<td width=\"147\">6.4L<\/td>\n<\/tr>\n<tr>\n<td width=\"83\">2015<\/td>\n<td width=\"83\">RAM<\/td>\n<td width=\"129\">2500<\/td>\n<td width=\"885\">Big Horn, Laramie, Laramie Limited, Laramie Longhorn, Lone Star, Outdoorsman, Power Wagon, SLT, Tradesman<\/td>\n<td width=\"147\">6.4L<\/td>\n<\/tr>\n<tr>\n<td width=\"83\">2015<\/td>\n<td width=\"83\">RAM<\/td>\n<td width=\"129\">3500<\/td>\n<td width=\"885\">Big Horn, Laramie, Laramie Limited, Laramie Longhorn, Lone Star, SLT, Tradesman<\/td>\n<td width=\"147\">6.4L<\/td>\n<\/tr>\n<tr>\n<td width=\"83\">2014<\/td>\n<td width=\"83\">RAM<\/td>\n<td width=\"129\">2500<\/td>\n<td width=\"885\">Big Horn, Laramie, Laramie Limited, Laramie Longhorn, Lone Star, Outdoorsman, Power Wagon, SLT, Tradesman<\/td>\n<td width=\"147\">6.4L<\/td>\n<\/tr>\n<tr>\n<td width=\"83\">2014<\/td>\n<td width=\"83\">RAM<\/td>\n<td width=\"129\">3500<\/td>\n<td width=\"885\">Big Horn, Laramie, Laramie Limited, Laramie Longhorn, Lone Star, SLT, Tradesman<\/td>\n<td width=\"147\">6.4L<\/td>\n<\/tr>\n<\/tbody>\n<\/table>","protected":false},"excerpt":{"rendered":"<p>2014-2020<\/p>","protected":false},"featured_media":68298198,"comment_status":"open","ping_status":"closed","template":"","meta":{"_acf_changed":false},"product_brand":[],"product_cat":[2917],"product_tag":[18447,18446,506,507,6575,6554,93,6555,6556,6553,605,6557,3407,477,550,2285,6826,6824,2286,4475,6827,3490,86,6825,3406],"class_list":{"0":"post-68295171","1":"product","2":"type-product","3":"status-publish","4":"has-post-thumbnail","6":"product_cat-2500-3500-64-abgasanlage","7":"product_tag-05045486aa","8":"product_tag-053034137ac","9":"product_tag-506","10":"product_tag-507","11":"product_tag-5045486aa","12":"product_tag-53034137ac","13":"product_tag-6-4","14":"product_tag-68045559aa","15":"product_tag-68045559ab","16":"product_tag-68045559ba","17":"product_tag-abgaskruemmer","18":"product_tag-auspuffkruemmer","19":"product_tag-big-horn","20":"product_tag-ds","21":"product_tag-kruemmer","22":"product_tag-laramie","23":"product_tag-laramie-limited","24":"product_tag-laramie-longhorn","25":"product_tag-limited","26":"product_tag-lone-star","27":"product_tag-outdoorsman","28":"product_tag-power-wagon","29":"product_tag-ram","30":"product_tag-slt","31":"product_tag-tradesman","32":"product_shipping_class-deutschlandohne","34":"first","35":"instock","36":"taxable","37":"shipping-taxable","38":"purchasable","39":"product-type-variable"},"bundled_by":[],"bundle_stock_status":"instock","bundle_stock_quantity":4,"bundle_virtual":false,"bundle_layout":"","bundle_add_to_cart_form_location":"","bundle_editable_in_cart":false,"bundle_sold_individually_context":"","bundle_item_grouping":"","bundle_min_size":"","bundle_max_size":"","bundle_price":[],"bundled_items":[],"bundle_sell_ids":[],"exclude_global_add_ons":[],"addons":[],"acf":[],"_links":{"self":[{"href":"https:\/\/kraftwerk-shop.cc\/es\/wp-json\/wp\/v2\/product\/68295171","targetHints":{"allow":["GET"]}}],"collection":[{"href":"https:\/\/kraftwerk-shop.cc\/es\/wp-json\/wp\/v2\/product"}],"about":[{"href":"https:\/\/kraftwerk-shop.cc\/es\/wp-json\/wp\/v2\/types\/product"}],"replies":[{"embeddable":true,"href":"https:\/\/kraftwerk-shop.cc\/es\/wp-json\/wp\/v2\/comments?post=68295171"}],"version-history":[{"count":0,"href":"https:\/\/kraftwerk-shop.cc\/es\/wp-json\/wp\/v2\/product\/68295171\/revisions"}],"wp:featuredmedia":[{"embeddable":true,"href":"https:\/\/kraftwerk-shop.cc\/es\/wp-json\/wp\/v2\/media\/68298198"}],"wp:attachment":[{"href":"https:\/\/kraftwerk-shop.cc\/es\/wp-json\/wp\/v2\/media?parent=68295171"}],"wp:term":[{"taxonomy":"product_brand","embeddable":true,"href":"https:\/\/kraftwerk-shop.cc\/es\/wp-json\/wp\/v2\/product_brand?post=68295171"},{"taxonomy":"product_cat","embeddable":true,"href":"https:\/\/kraftwerk-shop.cc\/es\/wp-json\/wp\/v2\/product_cat?post=68295171"},{"taxonomy":"product_tag","embeddable":true,"href":"https:\/\/kraftwerk-shop.cc\/es\/wp-json\/wp\/v2\/product_tag?post=68295171"}],"curies":[{"name":"wp","href":"https:\/\/api.w.org\/{rel}","templated":true}]}}