{"id":68295293,"date":"2023-12-20T00:08:35","date_gmt":"2023-12-19T23:08:35","guid":{"rendered":"https:\/\/kraftwerk-shop.cc\/?post_type=product&#038;p=68295293"},"modified":"2026-03-17T11:20:50","modified_gmt":"2026-03-17T10:20:50","slug":"linea-roja-agua-tiempo","status":"publish","type":"product","link":"https:\/\/kraftwerk-shop.cc\/es\/produkt\/red-line-water-wetter\/","title":{"rendered":"L\u00ednea Roja Agua Tiempo"},"content":{"rendered":"<h1>Red Line Water Wetter - El aditivo de alto rendimiento para refrigerantes que ofrece la m\u00e1xima eficacia y protecci\u00f3n.<\/h1>\n<p>&nbsp;<\/p>\n<p>Red Line Water Wetter es un innovador aditivo para refrigerantes que aumenta significativamente la eficiencia de su sistema de refrigeraci\u00f3n. Al duplicar la capacidad humectante del agua, mejora la transferencia de calor y reduce la temperatura de la culata. Esto se consigue reduciendo o eliminando las burbujas o barreras de vapor en las superficies met\u00e1licas calientes, lo que puede reducir la temperatura del refrigerante hasta 20 \u00b0C.<\/p>\n<p>El aditivo tambi\u00e9n proporciona una excelente protecci\u00f3n contra la oxidaci\u00f3n y la corrosi\u00f3n, lo que permite utilizar agua destilada en carreras o concentraciones reducidas de anticongelante en climas c\u00e1lidos. Es compatible con anticongelantes nuevos o usados, incluidos DEX-COOL\u00ae y las variantes de larga duraci\u00f3n, y mejora la transferencia de calor en sistemas de etilenglicol y propilenglicol.<\/p>\n<p>Una botella de 355 ml es suficiente para tratar entre 13,2 y 15,9 litros de refrigerante, lo que cubre las necesidades de la mayor\u00eda de los turismos y camiones ligeros. Para sistemas de refrigeraci\u00f3n m\u00e1s grandes se deben utilizar dos botellas. El aditivo tambi\u00e9n limpia y lubrica las juntas de la bomba de agua, reduce la cavitaci\u00f3n y evita los dep\u00f3sitos causados por el agua dura.<\/p>\n<p>El humectante de agua Red Line est\u00e1 dise\u00f1ado para su uso en todos los sistemas de refrigeraci\u00f3n modernos de aluminio, hierro fundido, cobre, lat\u00f3n y bronce y no contiene etilenglicol. Cumple las pruebas de corrosi\u00f3n ASTM D2570 y ASTM D1384 para anticongelantes a base de glicol.<\/p>\n<p>Aumente el rendimiento y la longevidad de su sistema de refrigeraci\u00f3n con Red Line Water Wetter, el aditivo de eficacia probada para una refrigeraci\u00f3n y protecci\u00f3n \u00f3ptimas.<\/p>\n<p>&nbsp;<\/p>\n<p><strong>Volumen de suministro:<\/strong><\/p>\n<ul>\n<li>1 botella de humectante de agua Red Line (355 ml)<\/li>\n<\/ul>\n<p>&nbsp;<\/p>\n<p>&nbsp;<\/p>","protected":false},"excerpt":{"rendered":"<p>Red Line Water Wetter \u2013 Der High-Performance K\u00fchlmittelzusatz f\u00fcr maximale Effizienz und Schutz &nbsp; Red Line Water Wetter ist ein<\/p>","protected":false},"featured_media":68295822,"comment_status":"open","ping_status":"closed","template":"","meta":{"_acf_changed":false},"product_brand":[],"product_cat":[3984,3986,3972,3973,3122,3134,3143,3983,3990,3988,3992,1550,1558,1566,1574,4985,1582,1590,19657,2575,1671,1679,1687,1695,1703,1598,1606,1614,5163,1622,1630,1638,1647,1655,2710,1663,1711,1719,1727,2716,3015,1735,1743,4810,1751,1759,1767,1775,2942,2952,2963,4242,4761,19691,1521,5021,9954,2922,2927,2706],"product_tag":[8618,1002,8615,8601,8632,8621,740,3853,8613,8605,8619,8625,1012,8616,8626,4015,8617,8623,8622,8609,8595,8628,4104,4105,8593,8603,8597,8607,2374,8598,8624,664,8627,617,8614,1020,8602,3409,3846,8600,8620,8631,8599,2223,8629,8608,8610,2413,8633,270,8604,8611,8612,8594,8630,37,8596,8606,1003],"class_list":{"0":"post-68295293","1":"product","2":"type-product","3":"status-publish","4":"has-post-thumbnail","6":"product_cat-escalade-wartung","7":"product_cat-avalanche-wartung","8":"product_cat-camaro-62-2010-2015-wartung","9":"product_cat-camaro-62-2016-wartung","10":"product_cat-corvette-c6-wartung","11":"product_cat-corvette-c7-wartung","12":"product_cat-corvette-c8-wartung","13":"product_cat-silverado-wartung","14":"product_cat-suburban-wartung","15":"product_cat-tahoe-wartung","16":"product_cat-trailblazer-wartung","17":"product_cat-300c-30-diesel-wartung","18":"product_cat-300c-35-wartung","19":"product_cat-300c-36-wartung","20":"product_cat-300c-57-2005-2010-wartung","21":"product_cat-300c-57-2011-2023-wartung","22":"product_cat-300c-61-wartung","23":"product_cat-300c-64-wartung","24":"product_cat-pacifica-wartung","25":"product_cat-challenger-35-wartung","26":"product_cat-challenger-36-wartung","27":"product_cat-challenger-57-wartung","28":"product_cat-challenger-61-wartung","29":"product_cat-challenger-hellcat-wartung","30":"product_cat-challenger-64-wartung","31":"product_cat-charger-35-wartung","32":"product_cat-charger-36-wartung","33":"product_cat-charger-57-wartung","34":"product_cat-dodge-charger-57-2011-2023-wartung","35":"product_cat-charger-61-wartung","36":"product_cat-charger-hellcat-wartung","37":"product_cat-charger-64-wartung","38":"product_cat-durango-36-wartung","39":"product_cat-durango-57-wartung","40":"product_cat-durango-hellcat-wartung","41":"product_cat-durango-64-wartung","42":"product_cat-magnum-35-wartung","43":"product_cat-magnum-57-wartung","44":"product_cat-magnum-61-wartung","45":"product_cat-commander-wartung","46":"product_cat-gladiator-36-wartung","47":"product_cat-grand-cherokee-30-diesel-wartung","48":"product_cat-grand-cherokee-36-wartung","49":"product_cat-grand-cherokee-57-2005-2010-wartung","50":"product_cat-grand-cherokee-57-2011-2021-wartung","51":"product_cat-grand-cherokee-61-wartung","52":"product_cat-trackhawk-wartung","53":"product_cat-grand-cherokee-64-wartung","54":"product_cat-wrangler-20-turbo-wartung","55":"product_cat-wrangler-36-wartung","56":"product_cat-wrangler-64-wartung","57":"product_cat-1500-ecodiesel-wartung","58":"product_cat-1500-36-wartung","59":"product_cat-1500-36-dt-wartung","60":"product_cat-1500-57-2009-2018-classic-wartung","61":"product_cat-1500-57-dt-wartung","62":"product_cat-2500-3500-57-wartung","63":"product_cat-2500-3500-64-wartung","64":"product_cat-67-cummins-wartung","65":"product_cat-trx-wartung","66":"product_tag-ablagerungen","67":"product_tag-additiv","68":"product_tag-aluminium","69":"product_tag-anti-korrosion","70":"product_tag-blasenreduktion","71":"product_tag-destillat","72":"product_tag-dichtungen","73":"product_tag-dodge-challenger","74":"product_tag-effizienz","75":"product_tag-effizienz-erhoehen","76":"product_tag-ethylen","77":"product_tag-fahrzeug","78":"product_tag-frostschutz","79":"product_tag-gusseisen","80":"product_tag-high-performance","81":"product_tag-hitzeschutz","82":"product_tag-kavitation","83":"product_tag-klimazonen","84":"product_tag-kompatibilitaet","85":"product_tag-korrosion","86":"product_tag-korrosionsschutz","87":"product_tag-korrosionstests","88":"product_tag-kuehlfluessigkeit","89":"product_tag-kuehlmittel","90":"product_tag-kuehlmittel-fuer-hohe-leistung","91":"product_tag-kuehlmittel-fuer-rennfahrzeuge","92":"product_tag-kuehlmittel-additiv","93":"product_tag-kuehlmittelzusatz","94":"product_tag-kuehlsystem","95":"product_tag-kuehlsystem-verbessern","96":"product_tag-kuehlsystempflege","97":"product_tag-kuehlung","98":"product_tag-langzeitnutzung","99":"product_tag-leistung","100":"product_tag-metalloberflaechen","101":"product_tag-motor","102":"product_tag-motor-kuehlmitteloptimierung","103":"product_tag-motorsport","104":"product_tag-optimierung","105":"product_tag-produkte","106":"product_tag-propylenglykol","107":"product_tag-pumpenpflege","108":"product_tag-red-line","109":"product_tag-redline","110":"product_tag-reduzierung","111":"product_tag-rennsport","112":"product_tag-rostschutz","113":"product_tag-schutz","114":"product_tag-schutzmittel","115":"product_tag-temperatur","116":"product_tag-temperaturkontrolle","117":"product_tag-waerme","118":"product_tag-waermetransport","119":"product_tag-waermetransport-verbessern","120":"product_tag-waermeuebertragung","121":"product_tag-wartung","122":"product_tag-wasserzusatz","123":"product_tag-water-wetter","124":"product_tag-zusatz","126":"first","127":"instock","128":"taxable","129":"shipping-taxable","130":"purchasable","131":"product-type-simple"},"bundled_by":[],"bundle_stock_status":"instock","bundle_stock_quantity":6,"bundle_virtual":false,"bundle_layout":"","bundle_add_to_cart_form_location":"","bundle_editable_in_cart":false,"bundle_sold_individually_context":"","bundle_item_grouping":"","bundle_min_size":"","bundle_max_size":"","bundle_price":[],"bundled_items":[],"bundle_sell_ids":[],"exclude_global_add_ons":[],"addons":[],"acf":[],"_links":{"self":[{"href":"https:\/\/kraftwerk-shop.cc\/es\/wp-json\/wp\/v2\/product\/68295293","targetHints":{"allow":["GET"]}}],"collection":[{"href":"https:\/\/kraftwerk-shop.cc\/es\/wp-json\/wp\/v2\/product"}],"about":[{"href":"https:\/\/kraftwerk-shop.cc\/es\/wp-json\/wp\/v2\/types\/product"}],"replies":[{"embeddable":true,"href":"https:\/\/kraftwerk-shop.cc\/es\/wp-json\/wp\/v2\/comments?post=68295293"}],"version-history":[{"count":0,"href":"https:\/\/kraftwerk-shop.cc\/es\/wp-json\/wp\/v2\/product\/68295293\/revisions"}],"wp:featuredmedia":[{"embeddable":true,"href":"https:\/\/kraftwerk-shop.cc\/es\/wp-json\/wp\/v2\/media\/68295822"}],"wp:attachment":[{"href":"https:\/\/kraftwerk-shop.cc\/es\/wp-json\/wp\/v2\/media?parent=68295293"}],"wp:term":[{"taxonomy":"product_brand","embeddable":true,"href":"https:\/\/kraftwerk-shop.cc\/es\/wp-json\/wp\/v2\/product_brand?post=68295293"},{"taxonomy":"product_cat","embeddable":true,"href":"https:\/\/kraftwerk-shop.cc\/es\/wp-json\/wp\/v2\/product_cat?post=68295293"},{"taxonomy":"product_tag","embeddable":true,"href":"https:\/\/kraftwerk-shop.cc\/es\/wp-json\/wp\/v2\/product_tag?post=68295293"}],"curies":[{"name":"wp","href":"https:\/\/api.w.org\/{rel}","templated":true}]}}