{"id":68295297,"date":"2023-12-20T00:08:42","date_gmt":"2023-12-19T23:08:42","guid":{"rendered":"https:\/\/kraftwerk-shop.cc\/?post_type=product&#038;p=68295297"},"modified":"2026-03-23T14:16:10","modified_gmt":"2026-03-23T13:16:10","slug":"inyector-dynamics-id1050-inyector-nozzles","status":"publish","type":"product","link":"https:\/\/kraftwerk-shop.cc\/es\/produkt\/injector-dynamics-id1050-einspritzduesen\/","title":{"rendered":"Injector Dynamics ID1050 Boquillas de inyecci\u00f3n"},"content":{"rendered":"<h1>Injector Dynamics ID1050 Boquillas de inyecci\u00f3n<\/h1>\n<p>&nbsp;<\/p>\n<p>Los inyectores de la serie ID1050 son el \u00faltimo producto de la colaboraci\u00f3n entre Injector Dynamics y Bosch Motorsport.<br \/>\nSe trata de una boquilla de inyecci\u00f3n especialmente desarrollada para aplicaciones de automovilismo y tuning.<\/p>\n<p>Las piezas internas resistentes a la corrosi\u00f3n los hacen compatibles con todos los combustibles conocidos y permiten una vida \u00fatil m\u00e1s larga con combustibles corrosivos.<br \/>\nLa carcasa compacta permite su instalaci\u00f3n en m\u00e1s de 200 aplicaciones, incluidos los motores actuales y futuros que utilizan inyectores cortos.<br \/>\nUn paso de caudal interno mejorado aumenta el rendimiento en 5 % sin comprometer el rendimiento a bajo caudal.<br \/>\nEl circuito magn\u00e9tico m\u00e1s potente ofrece un funcionamiento estable hasta 10 bar, mientras que el filtro de entrada reemplazable prolonga la vida \u00fatil.<\/p>\n<p>&nbsp;<\/p>\n<p><strong>Datos Plug n' Play<\/strong><\/p>\n<p>\u00bfEst\u00e1 cansado de analizar archivos de registro y realizar cambios en su puesta a punto s\u00f3lo para descubrir que lo que funcion\u00f3 un d\u00eda ya no funciona al siguiente?<br \/>\n\u00bfHa perdido horas recorriendo innumerables foros sobre inyectores de combustible para darse cuenta de que no existe una soluci\u00f3n sencilla?<br \/>\nEsa es la naturaleza de la puesta a punto con datos inexactos del inyector.<\/p>\n<p>Las caracter\u00edsticas precisas de los inyectores son la base de todos los c\u00e1lculos de combustible.<br \/>\nAs\u00ed que no es de extra\u00f1ar que pierdas un mont\u00f3n de tiempo valioso tratando de sacar lo mejor de una mala situaci\u00f3n si afinas sin \u00e9l. Estar\u00e1s ocupado buscando interminables combinaciones de respuestas en su mayor\u00eda err\u00f3neas, y te privar\u00e1 de las funciones m\u00e1s b\u00e1sicas proporcionadas por los ingenieros que han invertido millones de d\u00f3lares de investigaci\u00f3n en el desarrollo del sistema de gesti\u00f3n del motor para tu coche.<\/p>\n<p>Tanto si eres un tuneador profesional como si eres un consumidor, puedes pasar incontables horas consiguiendo que \"casi todo salga bien\", o puedes copiar y pegar tablas de caracterizaci\u00f3n precisas y ponerte manos a la obra para maximizar el rendimiento y la facilidad de conducci\u00f3n.<br \/>\nInjector Dynamics es el \u00fanico proveedor de inyectores de combustible para deportes de motor capaz de crear estas caracter\u00edsticas de inyectores con calidad OEM.<br \/>\nEstos servicios t\u00e9cnicos est\u00e1n a disposici\u00f3n de nuestros clientes de forma gratuita con el fin de generar datos para nuevas plataformas y aplicaciones.<\/p>\n<p>&nbsp;<\/p>\n<p><strong>Especificaciones<\/strong><\/p>\n<table width=\"713\">\n<tbody>\n<tr>\n<td width=\"258\">Caudal nominal<\/td>\n<td width=\"455\">1065 cc\/min a 3,0 bar (43,5 psi) con gasolina a 52 \u00b0C (125 \u00b0F)<\/td>\n<\/tr>\n<tr>\n<td>Presi\u00f3n diferencial m\u00e1xima del combustible<\/td>\n<td>10,0 bar (145,0 psi)<\/td>\n<\/tr>\n<tr>\n<td>Compatibilidad del combustible<\/td>\n<td>Compatible con todos los combustibles conocidos<\/td>\n<\/tr>\n<tr>\n<td>Conexi\u00f3n el\u00e9ctrica<\/td>\n<td>USCAR<\/td>\n<\/tr>\n<\/tbody>\n<\/table>\n<p>&nbsp;<\/p>\n<p><strong>Volumen de suministro:<\/strong><\/p>\n<ul>\n<li>8 Boquillas de inyecci\u00f3n<\/li>\n<\/ul>\n<p>&nbsp;<\/p>","protected":false},"excerpt":{"rendered":"<p>Injector Dynamics ID1050 Einspritzd\u00fcsen &nbsp; Die Einspritzd\u00fcsen der ID1050 Serie sind das j\u00fcngste Produkt der Partnerschaft zwischen Injector Dynamics und<\/p>","protected":false},"featured_media":68295529,"comment_status":"open","ping_status":"closed","template":"","meta":{"_acf_changed":false},"product_brand":[],"product_cat":[2877,4980,2876,2878,2879,2880,2881,2882,2883,5159,2884,2885,2886,2888,2889,2887,2890,2891,4805,2892,2893,2894,2895,19343,2896,5016,2919,2897],"product_tag":[2871,475,52,91,92,101,93,54,53,48,49,2870,2868,2869,999,159,160,100,2866,2865,2867,1000,50,86,96,102,2353],"class_list":{"0":"post-68295297","1":"product","2":"type-product","3":"status-publish","4":"has-post-thumbnail","6":"product_cat-300c-57-2005-2010-kraftstoffversorgung","7":"product_cat-300c-57-2011-2023-kraftstoffversorgung","8":"product_cat-300c-61-kraftstoffversorgung","9":"product_cat-300c-64-kraftstoffversorgung","10":"product_cat-challenger-57-kraftstoffversorgung","11":"product_cat-challenger-61-kraftstoffversorgung","12":"product_cat-challenger-hellcat-kraftstoffversorgung","13":"product_cat-challenger-64-kraftstoffversorgung","14":"product_cat-charger-57-kraftstoffversorgung","15":"product_cat-charger-57-2011-2023-kraftstoffversorgung","16":"product_cat-charger-61-kraftstoffversorgung","17":"product_cat-charger-hellcat-kraftstoffversorgung","18":"product_cat-charger-64-kraftstoffversorgung","19":"product_cat-durango-57-kraftstoffversorgung","20":"product_cat-durango-hellcat-kraftstoffversorgung","21":"product_cat-durango-64-kraftstoffversorgung","22":"product_cat-magnum-57-kraftstoffversorgung","23":"product_cat-magnum-61-kraftstoffversorgung","24":"product_cat-grand-cherokee-57-2005-2010-kraftstoffversorgung","25":"product_cat-grand-cherokee-57-2011-2021-kraftstoffversorgung","26":"product_cat-grand-cherokee-61-kraftstoffversorgung","27":"product_cat-trackhawk-kraftstoffversorgung","28":"product_cat-grand-cherokee-64-kraftstoffversorgung","29":"product_cat-wrangler-64-kraftstoffversorgung","30":"product_cat-1500-57-2009-2018-classic-kraftstoffversorgung","31":"product_cat-1500-57-dt-kraftstoffversorgung","32":"product_cat-2500-3500-64-kraftstoffversorgung","33":"product_cat-trx-kraftstoffversorgung","34":"product_tag-1050-48-14-14-8","35":"product_tag-475","36":"product_tag-300c","37":"product_tag-5-7","38":"product_tag-6-1","39":"product_tag-6-2","40":"product_tag-6-4","41":"product_tag-challenger","42":"product_tag-charger","43":"product_tag-chrysler","44":"product_tag-dodge","45":"product_tag-duese","46":"product_tag-duesen","47":"product_tag-einspritzduese","48":"product_tag-einspritzduesen","49":"product_tag-gross","50":"product_tag-groesser","51":"product_tag-hellcat","52":"product_tag-id1050","53":"product_tag-injector-dynamics","54":"product_tag-injektor","55":"product_tag-injektoren","56":"product_tag-jeep","57":"product_tag-ram","58":"product_tag-srt","59":"product_tag-trackhawk","60":"product_tag-trx","62":"first","63":"instock","64":"taxable","65":"shipping-taxable","66":"purchasable","67":"product-type-simple"},"bundled_by":[],"bundle_stock_status":"instock","bundle_stock_quantity":1,"bundle_virtual":false,"bundle_layout":"","bundle_add_to_cart_form_location":"","bundle_editable_in_cart":false,"bundle_sold_individually_context":"","bundle_item_grouping":"","bundle_min_size":"","bundle_max_size":"","bundle_price":[],"bundled_items":[],"bundle_sell_ids":[],"exclude_global_add_ons":[],"addons":[],"acf":[],"_links":{"self":[{"href":"https:\/\/kraftwerk-shop.cc\/es\/wp-json\/wp\/v2\/product\/68295297","targetHints":{"allow":["GET"]}}],"collection":[{"href":"https:\/\/kraftwerk-shop.cc\/es\/wp-json\/wp\/v2\/product"}],"about":[{"href":"https:\/\/kraftwerk-shop.cc\/es\/wp-json\/wp\/v2\/types\/product"}],"replies":[{"embeddable":true,"href":"https:\/\/kraftwerk-shop.cc\/es\/wp-json\/wp\/v2\/comments?post=68295297"}],"version-history":[{"count":0,"href":"https:\/\/kraftwerk-shop.cc\/es\/wp-json\/wp\/v2\/product\/68295297\/revisions"}],"wp:featuredmedia":[{"embeddable":true,"href":"https:\/\/kraftwerk-shop.cc\/es\/wp-json\/wp\/v2\/media\/68295529"}],"wp:attachment":[{"href":"https:\/\/kraftwerk-shop.cc\/es\/wp-json\/wp\/v2\/media?parent=68295297"}],"wp:term":[{"taxonomy":"product_brand","embeddable":true,"href":"https:\/\/kraftwerk-shop.cc\/es\/wp-json\/wp\/v2\/product_brand?post=68295297"},{"taxonomy":"product_cat","embeddable":true,"href":"https:\/\/kraftwerk-shop.cc\/es\/wp-json\/wp\/v2\/product_cat?post=68295297"},{"taxonomy":"product_tag","embeddable":true,"href":"https:\/\/kraftwerk-shop.cc\/es\/wp-json\/wp\/v2\/product_tag?post=68295297"}],"curies":[{"name":"wp","href":"https:\/\/api.w.org\/{rel}","templated":true}]}}