{"id":68295357,"date":"2023-12-20T00:09:36","date_gmt":"2023-12-19T23:09:36","guid":{"rendered":"https:\/\/kraftwerk-shop.cc\/?post_type=product&#038;p=68295357"},"modified":"2026-02-15T00:04:30","modified_gmt":"2026-02-14T23:04:30","slug":"hellcat-trackhawk-trx-compresor-rueda-2-85","status":"publish","type":"product","link":"https:\/\/kraftwerk-shop.cc\/es\/produkt\/hellcat-trackhawk-trx-kompressorrad-2-85\/","title":{"rendered":"Rueda de compresor Hellcat \/ Trackhawk \/ TRX 2.85\u2033"},"content":{"rendered":"<h1>Polea de sobrealimentaci\u00f3n de 2,85\u2033 para una mayor presi\u00f3n de sobrealimentaci\u00f3n<\/h1>\n<p>&nbsp;<\/p>\n<p>Metco Motorsports ofrece la original rueda de sobrealimentaci\u00f3n mecanizada de precisi\u00f3n para el Hellcat. Como todas las poleas de Metco Motorsports, esta rueda de sobrealimentaci\u00f3n es una unidad intercambiable basada en un cubo de rueda de sobrealimentaci\u00f3n de acero inoxidable mecanizado de precisi\u00f3n, un anillo de transmisi\u00f3n de rueda de sobrealimentaci\u00f3n intercambiable y una cubierta de polea delantera de aspecto original.<br \/>\nEl anillo de la polea y la cubierta est\u00e1n anodizados en negro y todos los elementos de fijaci\u00f3n suministrados son de acero inoxidable o est\u00e1n galvanizados.<br \/>\nTodos los componentes se mecanizan con precisi\u00f3n en un torno CNC de \u00faltima generaci\u00f3n y est\u00e1n perfectamente equilibrados para garantizar un funcionamiento suave a todos los reg\u00edmenes del motor y maximizar la fiabilidad.<\/p>\n<p>Estas poleas se fabrican con sumo cuidado y se presta especial atenci\u00f3n a la forma, la altura y el espaciado de las ranuras para garantizar la m\u00e1xima adherencia de la correa. Este esfuerzo adicional hace innecesario a\u00f1adir un revestimiento texturizado a la superficie del aro.<\/p>\n<p>Las ruedas de compresor con un di\u00e1metro de 2,85 pulgadas o superior est\u00e1n destinadas a aplicaciones de carretera, mientras que las de 2,75 pulgadas o inferior est\u00e1n pensadas para aplicaciones de competici\u00f3n o con mejoras en el sistema de gasolina.<br \/>\nTenga en cuenta que los aumentos de rendimiento especificados son mayores para las aplicaciones Demon y Redeye debido a la rueda de sobrealimentaci\u00f3n m\u00e1s grande utilizada en estos veh\u00edculos.<\/p>\n<p>&nbsp;<\/p>\n<p><strong>Adecuado para:<\/strong><\/p>\n<table width=\"449\">\n<tbody>\n<tr>\n<td width=\"115\"><strong>Marca<\/strong><\/td>\n<td width=\"145\"><strong>Modelo<\/strong><\/td>\n<td width=\"106\"><strong>Motor<\/strong><\/td>\n<td width=\"83\"><strong>A\u00f1o de construcci\u00f3n<\/strong><\/td>\n<\/tr>\n<tr>\n<td width=\"115\">Dodge<\/td>\n<td width=\"145\">Charger<\/td>\n<td width=\"106\">6.2 Hellcat<\/td>\n<td width=\"83\">2015-2023<\/td>\n<\/tr>\n<tr>\n<td width=\"115\">Dodge<\/td>\n<td width=\"145\">Challenger<\/td>\n<td width=\"106\">6.2 Hellcat<\/td>\n<td width=\"83\">2015-2023<\/td>\n<\/tr>\n<tr>\n<td width=\"115\">Dodge<\/td>\n<td width=\"145\">Durango<\/td>\n<td width=\"106\">6.2 Hellcat<\/td>\n<td width=\"83\">2021-2025<\/td>\n<\/tr>\n<tr>\n<td width=\"115\">Jeep<\/td>\n<td width=\"145\">Grand Cherokee<\/td>\n<td width=\"106\">6,2 Trackhawk<\/td>\n<td width=\"83\">2018-2021<\/td>\n<\/tr>\n<tr>\n<td width=\"115\">RAM<\/td>\n<td width=\"145\">1500<\/td>\n<td width=\"106\">TRX<\/td>\n<td width=\"83\">2021-2024<\/td>\n<\/tr>\n<\/tbody>\n<\/table>\n<p>&nbsp;<\/p>\n<p><strong>Notas:<\/strong><\/p>\n<ul>\n<li>Para la instalaci\u00f3n de esta rueda compresora s\u00f3lo se requiere una instalaci\u00f3n profesional<\/li>\n<li>La parte superior del compresor debe desmontarse para extraer la rueda del compresor.<\/li>\n<li>No se facilitan instrucciones de instalaci\u00f3n<\/li>\n<li>Se necesitan herramientas especiales para la instalaci\u00f3n<\/li>\n<li>Se necesita un cintur\u00f3n m\u00e1s corto<\/li>\n<li>La unidad de control del motor debe adaptarse<\/li>\n<\/ul>\n<p>&nbsp;<\/p>","protected":false},"excerpt":{"rendered":"<p>2.85&#8243; Supercharger Pulley f\u00fcr h\u00f6heren Ladedruck &nbsp; Metco Motorsports bietet das originale, pr\u00e4zisionsgefertigte Kompressorrad-Upgrade f\u00fcr den Hellcat an. Wie alle<\/p>","protected":false},"featured_media":68295361,"comment_status":"open","ping_status":"closed","template":"","meta":{"_acf_changed":false},"product_brand":[20097],"product_cat":[2585,2709,2708,2669,2701],"product_tag":[475,725,101,54,53,49,3853,3854,3415,56,2452,100,723,50,4425,4427,4426,722,242,394,36,382,157,397,86,721,246,102,2353,233],"class_list":{"0":"post-68295357","1":"product","2":"type-product","3":"status-publish","4":"has-post-thumbnail","6":"product_brand-metco","7":"product_cat-challenger-hellcat-kompressor","8":"product_cat-charger-hellcat-kompressor","9":"product_cat-durango-hellcat-kompressor","10":"product_cat-trackhawk-kompressor","11":"product_cat-trx-kompressor","12":"product_tag-475","13":"product_tag-2-85","14":"product_tag-6-2","15":"product_tag-challenger","16":"product_tag-charger","17":"product_tag-dodge","18":"product_tag-dodge-challenger","19":"product_tag-dodge-charger","20":"product_tag-erhoehen","21":"product_tag-grand-cherokee","22":"product_tag-hcsc","23":"product_tag-hellcat","24":"product_tag-hoeher","25":"product_tag-jeep","26":"product_tag-jeep-grand-cherokee","27":"product_tag-jeep-grand-cherokee-trackhawk","28":"product_tag-jeep-trackhawk","29":"product_tag-kleiner","30":"product_tag-kompressor","31":"product_tag-kompressorrad","32":"product_tag-kraftwerk","33":"product_tag-ladedruck","34":"product_tag-metco","35":"product_tag-pulley","36":"product_tag-ram","37":"product_tag-riemenscheibe","38":"product_tag-supercharger","39":"product_tag-trackhawk","40":"product_tag-trx","41":"product_tag-tuning","43":"first","44":"onbackorder","45":"taxable","46":"shipping-taxable","47":"purchasable","48":"product-type-simple"},"bundled_by":[],"bundle_stock_status":"onbackorder","bundle_stock_quantity":0,"bundle_virtual":false,"bundle_layout":"","bundle_add_to_cart_form_location":"","bundle_editable_in_cart":false,"bundle_sold_individually_context":"","bundle_item_grouping":"","bundle_min_size":"","bundle_max_size":"","bundle_price":[],"bundled_items":[],"bundle_sell_ids":[],"exclude_global_add_ons":[],"addons":[],"acf":[],"_links":{"self":[{"href":"https:\/\/kraftwerk-shop.cc\/es\/wp-json\/wp\/v2\/product\/68295357","targetHints":{"allow":["GET"]}}],"collection":[{"href":"https:\/\/kraftwerk-shop.cc\/es\/wp-json\/wp\/v2\/product"}],"about":[{"href":"https:\/\/kraftwerk-shop.cc\/es\/wp-json\/wp\/v2\/types\/product"}],"replies":[{"embeddable":true,"href":"https:\/\/kraftwerk-shop.cc\/es\/wp-json\/wp\/v2\/comments?post=68295357"}],"version-history":[{"count":0,"href":"https:\/\/kraftwerk-shop.cc\/es\/wp-json\/wp\/v2\/product\/68295357\/revisions"}],"wp:featuredmedia":[{"embeddable":true,"href":"https:\/\/kraftwerk-shop.cc\/es\/wp-json\/wp\/v2\/media\/68295361"}],"wp:attachment":[{"href":"https:\/\/kraftwerk-shop.cc\/es\/wp-json\/wp\/v2\/media?parent=68295357"}],"wp:term":[{"taxonomy":"product_brand","embeddable":true,"href":"https:\/\/kraftwerk-shop.cc\/es\/wp-json\/wp\/v2\/product_brand?post=68295357"},{"taxonomy":"product_cat","embeddable":true,"href":"https:\/\/kraftwerk-shop.cc\/es\/wp-json\/wp\/v2\/product_cat?post=68295357"},{"taxonomy":"product_tag","embeddable":true,"href":"https:\/\/kraftwerk-shop.cc\/es\/wp-json\/wp\/v2\/product_tag?post=68295357"}],"curies":[{"name":"wp","href":"https:\/\/api.w.org\/{rel}","templated":true}]}}