{"id":68295358,"date":"2023-12-20T00:09:36","date_gmt":"2023-12-19T23:09:36","guid":{"rendered":"https:\/\/kraftwerk-shop.cc\/?post_type=product&#038;p=68295358"},"modified":"2026-03-05T10:39:42","modified_gmt":"2026-03-05T09:39:42","slug":"juntas-compresor-hellcat-trackhawk-trx","status":"publish","type":"product","link":"https:\/\/kraftwerk-shop.cc\/es\/produkt\/kompressordichtungen-hellcat-trackhawk-trx\/","title":{"rendered":"Juntas de compresor para Hellcat, Trackhawk y TRX"},"content":{"rendered":"<h1>Juntas de recambio \/ juntas de compresor para compresores Hellcat, Trackhawk y TRX<\/h1>\n<p>&nbsp;<\/p>\n<p>Estas dos juntas son necesarias si las juntas originales se da\u00f1aron cuando se sustituy\u00f3 la rueda del compresor o si no pueden reutilizarse debido a su antig\u00fcedad.<\/p>\n<p>&nbsp;<\/p>\n<p><strong>Adecuado para:<\/strong><\/p>\n<table width=\"449\">\n<tbody>\n<tr>\n<td width=\"115\"><strong>Marca<\/strong><\/td>\n<td width=\"145\"><strong>Modelo<\/strong><\/td>\n<td width=\"106\"><strong>Motor<\/strong><\/td>\n<td width=\"83\"><strong>A\u00f1o de construcci\u00f3n<\/strong><\/td>\n<\/tr>\n<tr>\n<td width=\"115\">Dodge<\/td>\n<td width=\"145\">Charger<\/td>\n<td width=\"106\">6.2 Hellcat<\/td>\n<td width=\"83\">2015-2023<\/td>\n<\/tr>\n<tr>\n<td width=\"115\">Dodge<\/td>\n<td width=\"145\">Challenger<\/td>\n<td width=\"106\">6.2 Hellcat<\/td>\n<td width=\"83\">2015-2023<\/td>\n<\/tr>\n<tr>\n<td width=\"115\">Dodge<\/td>\n<td width=\"145\">Durango<\/td>\n<td width=\"106\">6.2 Hellcat<\/td>\n<td width=\"83\">2021-2025<\/td>\n<\/tr>\n<tr>\n<td width=\"115\">Jeep<\/td>\n<td width=\"145\">Grand Cherokee<\/td>\n<td width=\"106\">6,2 Trackhawk<\/td>\n<td width=\"83\">2018-2021<\/td>\n<\/tr>\n<tr>\n<td width=\"115\">RAM<\/td>\n<td width=\"145\">1500<\/td>\n<td width=\"106\">TRX<\/td>\n<td width=\"83\">2021-2024<\/td>\n<\/tr>\n<\/tbody>\n<\/table>\n<p>&nbsp;<\/p>\n<p><u>No<\/u> adecuado para Redeye y Demon<\/p>","protected":false},"excerpt":{"rendered":"<p>Juntas de recambio \/ juntas del compresor para compresores Hellcat, Trackhawk y TRX Estas dos juntas son necesarias cuando se sustituye la rueda del compresor.<\/p>","protected":false},"featured_media":68295367,"comment_status":"open","ping_status":"closed","template":"","meta":{"_acf_changed":false},"product_brand":[19068],"product_cat":[2585,2709,2708,2669,2701],"product_tag":[475,101,54,53,2351,571,740,2352,49,3853,3854,3415,56,2452,100,723,50,4425,4427,4426,722,242,394,36,382,397,86,721,246,102,2353,233],"class_list":{"0":"post-68295358","1":"product","2":"type-product","3":"status-publish","4":"has-post-thumbnail","6":"product_brand-kraftwerk","7":"product_cat-challenger-hellcat-kompressor","8":"product_cat-charger-hellcat-kompressor","9":"product_cat-durango-hellcat-kompressor","10":"product_cat-trackhawk-kompressor","11":"product_cat-trx-kompressor","12":"product_tag-475","13":"product_tag-6-2","14":"product_tag-challenger","15":"product_tag-charger","16":"product_tag-dichtsatz","17":"product_tag-dichtung","18":"product_tag-dichtungen","19":"product_tag-dichtungskit","20":"product_tag-dodge","21":"product_tag-dodge-challenger","22":"product_tag-dodge-charger","23":"product_tag-erhoehen","24":"product_tag-grand-cherokee","25":"product_tag-hcsc","26":"product_tag-hellcat","27":"product_tag-hoeher","28":"product_tag-jeep","29":"product_tag-jeep-grand-cherokee","30":"product_tag-jeep-grand-cherokee-trackhawk","31":"product_tag-jeep-trackhawk","32":"product_tag-kleiner","33":"product_tag-kompressor","34":"product_tag-kompressorrad","35":"product_tag-kraftwerk","36":"product_tag-ladedruck","37":"product_tag-pulley","38":"product_tag-ram","39":"product_tag-riemenscheibe","40":"product_tag-supercharger","41":"product_tag-trackhawk","42":"product_tag-trx","43":"product_tag-tuning","45":"first","46":"instock","47":"taxable","48":"shipping-taxable","49":"purchasable","50":"product-type-simple"},"bundled_by":[],"bundle_stock_status":"instock","bundle_stock_quantity":6,"bundle_virtual":false,"bundle_layout":"","bundle_add_to_cart_form_location":"","bundle_editable_in_cart":false,"bundle_sold_individually_context":"","bundle_item_grouping":"","bundle_min_size":"","bundle_max_size":"","bundle_price":[],"bundled_items":[],"bundle_sell_ids":[],"exclude_global_add_ons":[],"addons":[],"acf":[],"_links":{"self":[{"href":"https:\/\/kraftwerk-shop.cc\/es\/wp-json\/wp\/v2\/product\/68295358","targetHints":{"allow":["GET"]}}],"collection":[{"href":"https:\/\/kraftwerk-shop.cc\/es\/wp-json\/wp\/v2\/product"}],"about":[{"href":"https:\/\/kraftwerk-shop.cc\/es\/wp-json\/wp\/v2\/types\/product"}],"replies":[{"embeddable":true,"href":"https:\/\/kraftwerk-shop.cc\/es\/wp-json\/wp\/v2\/comments?post=68295358"}],"version-history":[{"count":0,"href":"https:\/\/kraftwerk-shop.cc\/es\/wp-json\/wp\/v2\/product\/68295358\/revisions"}],"wp:featuredmedia":[{"embeddable":true,"href":"https:\/\/kraftwerk-shop.cc\/es\/wp-json\/wp\/v2\/media\/68295367"}],"wp:attachment":[{"href":"https:\/\/kraftwerk-shop.cc\/es\/wp-json\/wp\/v2\/media?parent=68295358"}],"wp:term":[{"taxonomy":"product_brand","embeddable":true,"href":"https:\/\/kraftwerk-shop.cc\/es\/wp-json\/wp\/v2\/product_brand?post=68295358"},{"taxonomy":"product_cat","embeddable":true,"href":"https:\/\/kraftwerk-shop.cc\/es\/wp-json\/wp\/v2\/product_cat?post=68295358"},{"taxonomy":"product_tag","embeddable":true,"href":"https:\/\/kraftwerk-shop.cc\/es\/wp-json\/wp\/v2\/product_tag?post=68295358"}],"curies":[{"name":"wp","href":"https:\/\/api.w.org\/{rel}","templated":true}]}}