{"id":68295372,"date":"2023-12-20T00:09:45","date_gmt":"2023-12-19T23:09:45","guid":{"rendered":"https:\/\/kraftwerk-shop.cc\/?post_type=product&#038;p=68295372"},"modified":"2026-03-30T11:40:29","modified_gmt":"2026-03-30T09:40:29","slug":"modulo-de-escape-inactivo","status":"publish","type":"product","link":"https:\/\/kraftwerk-shop.cc\/es\/produkt\/inactive-exhaust-modul\/","title":{"rendered":"M\u00f3dulo de escape inactivo"},"content":{"rendered":"<h1>M\u00f3dulo electr\u00f3nico para desactivar las aletas de escape originales<\/h1>\n<p>&nbsp;<\/p>\n<p>Si desea eliminar las aletas de escape activas de su Dodge o Chrysler, necesita este simulador para evitar la luz de comprobaci\u00f3n del motor (normalmente se almacenan los c\u00f3digos de error U113F y U1140).<\/p>\n<p>Otras opciones del mercado son puramente mec\u00e1nicas y requieren reutilizar los actuadores y montarlos en una placa adicional.<\/p>\n<p>&nbsp;<\/p>\n<p><strong>Instalaci\u00f3n:<\/strong><\/p>\n<p>1: Col\u00f3quese debajo del veh\u00edculo y desconecte los tapones de las dos trampillas de escape activas.<\/p>\n<p>2: Enchufe el m\u00f3dulo de escape inactivo. F\u00edjelos con una brida para cables.<\/p>\n<p>3: Hecho. Puedes dejar los servomotores en su lugar si tienes un sistema est\u00e1ndar y s\u00f3lo quieres los flaps abiertos todo el tiempo. O puede eliminarlos por completo.<\/p>\n<p>&nbsp;<\/p>\n<p>Ideal para quienes:<\/p>\n<ul>\n<li>s\u00f3lo quieren tener las aletas permanentemente abiertas<\/li>\n<li>quieren eliminar o desactivar las \"aletas de escape traqueteantes\", ya que suelen tener problemas con ruidos molestos<\/li>\n<li>tienen servomotores defectuosos y no quieren asumir los (elevados) costes de sustituirlos<\/li>\n<li>quiere instalar un escape retrofit y quitar las v\u00e1lvulas completamente<\/li>\n<\/ul>\n<p>&nbsp;<\/p>\n<p>Este kit consta de:<\/p>\n<ul>\n<li>un m\u00f3dulo de escape con un microprocesador de calidad automovil\u00edstica que se comunica con el veh\u00edculo y le hace creer que las v\u00e1lvulas est\u00e1n instaladas y funcionan correctamente<\/li>\n<li>Tapones estancos que protegen las clavijas de la corrosi\u00f3n<\/li>\n<\/ul>\n<p>&nbsp;<\/p>\n<p>Adecuado para Chrysler 300C, Dodge Challenger y Charger a partir de 2015.<\/p>\n<p>&nbsp;<\/p>\n<p><strong>Volumen de suministro:<\/strong><\/p>\n<ul>\n<li>1 kit para ambos flaps angulados<\/li>\n<\/ul>\n<p>Se requiere 1 kit por veh\u00edculo.<\/p>\n<p>&nbsp;<\/p>","protected":false},"excerpt":{"rendered":"<p>M\u00f3dulo electr\u00f3nico para desactivar las trampillas de escape originales Si desea eliminar las trampillas de escape activas de su Dodge o Chrysler, necesita un m\u00f3dulo electr\u00f3nico para desactivar las trampillas de escape originales.<\/p>","protected":false},"featured_media":68295551,"comment_status":"open","ping_status":"closed","template":"","meta":{"_acf_changed":false},"product_brand":[],"product_cat":[6619,2570,6604,6595,6519,6610,6598,6560],"product_tag":[52,546,2993,54,53,48,536,331,49,3853,3854,2786,521,2992,2780,1040,472,3021,438,581,2994,713,525,120,3019,3020,2995,470,2991,440],"class_list":{"0":"post-68295372","1":"product","2":"type-product","3":"status-publish","4":"has-post-thumbnail","6":"product_cat-300c-57-2011-2023-abgasanlage-dichtungen-hardware","7":"product_cat-300c-64-abgasanlage","8":"product_cat-challenger-57-abgasanlage-dichtungen-hardware","9":"product_cat-challenger-hellcat-abgasanlage-dichtungen-hardware","10":"product_cat-challenger-64-abgasanlage-dichtungen-hardware","11":"product_cat-charger-57-2011-2023-abgasanlage-dichtungen-hardware","12":"product_cat-charger-hellcat-abgasanlage-dichtungen-hardware","13":"product_cat-charger-64-abgasanlage-dichtungen-hardware","14":"product_tag-300c","15":"product_tag-auspuff","16":"product_tag-auspuffklappen","17":"product_tag-challenger","18":"product_tag-charger","19":"product_tag-chrysler","20":"product_tag-chrysler-300c","21":"product_tag-deaktivieren","22":"product_tag-dodge","23":"product_tag-dodge-challenger","24":"product_tag-dodge-charger","25":"product_tag-exhaust","26":"product_tag-fehlercode","27":"product_tag-inactive","28":"product_tag-klappen","29":"product_tag-laut","30":"product_tag-modul","31":"product_tag-motorkontrolllampe","32":"product_tag-obd","33":"product_tag-offen","34":"product_tag-oeffnen","35":"product_tag-sensor","36":"product_tag-simulator","37":"product_tag-stilllegen","38":"product_tag-u113f","39":"product_tag-u1140","40":"product_tag-z-automotive","41":"product_tag-z-auto","42":"product_tag-zauto","43":"product_tag-zautotech","45":"first","46":"instock","47":"taxable","48":"shipping-taxable","49":"purchasable","50":"product-type-simple"},"bundled_by":[],"bundle_stock_status":"instock","bundle_stock_quantity":2,"bundle_virtual":false,"bundle_layout":"","bundle_add_to_cart_form_location":"","bundle_editable_in_cart":false,"bundle_sold_individually_context":"","bundle_item_grouping":"","bundle_min_size":"","bundle_max_size":"","bundle_price":[],"bundled_items":[],"bundle_sell_ids":[],"exclude_global_add_ons":[],"addons":[],"acf":[],"_links":{"self":[{"href":"https:\/\/kraftwerk-shop.cc\/es\/wp-json\/wp\/v2\/product\/68295372","targetHints":{"allow":["GET"]}}],"collection":[{"href":"https:\/\/kraftwerk-shop.cc\/es\/wp-json\/wp\/v2\/product"}],"about":[{"href":"https:\/\/kraftwerk-shop.cc\/es\/wp-json\/wp\/v2\/types\/product"}],"replies":[{"embeddable":true,"href":"https:\/\/kraftwerk-shop.cc\/es\/wp-json\/wp\/v2\/comments?post=68295372"}],"version-history":[{"count":0,"href":"https:\/\/kraftwerk-shop.cc\/es\/wp-json\/wp\/v2\/product\/68295372\/revisions"}],"wp:featuredmedia":[{"embeddable":true,"href":"https:\/\/kraftwerk-shop.cc\/es\/wp-json\/wp\/v2\/media\/68295551"}],"wp:attachment":[{"href":"https:\/\/kraftwerk-shop.cc\/es\/wp-json\/wp\/v2\/media?parent=68295372"}],"wp:term":[{"taxonomy":"product_brand","embeddable":true,"href":"https:\/\/kraftwerk-shop.cc\/es\/wp-json\/wp\/v2\/product_brand?post=68295372"},{"taxonomy":"product_cat","embeddable":true,"href":"https:\/\/kraftwerk-shop.cc\/es\/wp-json\/wp\/v2\/product_cat?post=68295372"},{"taxonomy":"product_tag","embeddable":true,"href":"https:\/\/kraftwerk-shop.cc\/es\/wp-json\/wp\/v2\/product_tag?post=68295372"}],"curies":[{"name":"wp","href":"https:\/\/api.w.org\/{rel}","templated":true}]}}