{"id":68295396,"date":"2023-12-20T00:09:59","date_gmt":"2023-12-19T23:09:59","guid":{"rendered":"https:\/\/kraftwerk-shop.cc\/?post_type=product&#038;p=68295396"},"modified":"2026-02-15T00:05:04","modified_gmt":"2026-02-14T23:05:04","slug":"6-4-srt-kit-de-arbol-de-levas-custom","status":"publish","type":"product","link":"https:\/\/kraftwerk-shop.cc\/es\/produkt\/6-4-srt-nockenwellen-kit-custom\/","title":{"rendered":"Kit de \u00e1rbol de levas \"Custom\" 6.4 SRT"},"content":{"rendered":"<h1>Kit de \u00e1rbol de levas \"Custom\" 6.4 SRT<\/h1>\n<p>&nbsp;<\/p>\n<p>Nuestros kits de \u00e1rbol de levas HEMI se han desarrollado para que la selecci\u00f3n del \u00e1rbol de levas adecuado para su veh\u00edculo sea extremadamente f\u00e1cil.<br \/>\nPuede estar seguro de que est\u00e1 recibiendo piezas de la m\u00e1s alta calidad y el mejor dise\u00f1o de \u00e1rbol de levas, montados para usted por los t\u00e9cnicos m\u00e1s experimentados del sector.<br \/>\nEste \u00e1rbol de levas se calcula y construye individualmente seg\u00fan sus necesidades, por ejemplo, para conversiones de sobrealimentaci\u00f3n, aumentos de cilindrada, etc. Para ello, necesitamos una lista completa de todas las conversiones del veh\u00edculo.<\/p>\n<p>Recomendamos un convertidor de par diferente para las transmisiones NAG1 de 5 velocidades.<br \/>\nNo se requiere ning\u00fan otro convertidor de par para las transmisiones de 8 velocidades.<br \/>\nTambi\u00e9n apto para cajas de cambios manuales.<\/p>\n<p>&nbsp;<\/p>\n<p><strong>Este kit incluye:<\/strong><\/p>\n<ul>\n<li>\u00c1rbol de levas Comp Cams 6.4 SRT \"Kraftwerk\" seg\u00fan nuestras especificaciones<\/li>\n<li>1511 muelles de v\u00e1lvula reforzados<\/li>\n<li>Varillas de empuje premium reforzadas<\/li>\n<li>Limitador Cam Phaser<\/li>\n<li>Juego completo de taqu\u00e9s no MDS (16 piezas)<\/li>\n<li>Perno del \u00e1rbol de levas<\/li>\n<li>Lubricante de montaje<\/li>\n<\/ul>\n<p>&nbsp;<\/p>\n<p><strong>Adecuado para:<\/strong><\/p>\n<table width=\"437\">\n<tbody>\n<tr>\n<td width=\"83\"><strong>Marca<\/strong><\/td>\n<td width=\"122\"><strong>Modelo<\/strong><\/td>\n<td width=\"136\"><strong>Motor<\/strong><\/td>\n<td width=\"96\"><strong>A\u00f1o de construcci\u00f3n<\/strong><\/td>\n<\/tr>\n<tr>\n<td width=\"83\">Chrysler<\/td>\n<td width=\"122\">300C<\/td>\n<td>6.4<\/td>\n<td width=\"96\">2012-2014<\/td>\n<\/tr>\n<tr>\n<td width=\"83\">Dodge<\/td>\n<td width=\"122\">Challenger<\/td>\n<td>6.4<\/td>\n<td width=\"96\">2011-2023<\/td>\n<\/tr>\n<tr>\n<td width=\"83\">Dodge<\/td>\n<td width=\"122\">Charger<\/td>\n<td>6.4<\/td>\n<td width=\"96\">2011-2023<\/td>\n<\/tr>\n<tr>\n<td>Dodge<\/td>\n<td>Durango<\/td>\n<td>6.4<\/td>\n<td>2018-2024<\/td>\n<\/tr>\n<tr>\n<td>Jeep<\/td>\n<td>Grand Cherokee<\/td>\n<td>6.4<\/td>\n<td>2011-2021<\/td>\n<\/tr>\n<tr>\n<td>Jeep<\/td>\n<td>Wrangler<\/td>\n<td>6.4<\/td>\n<td>2021-2025<\/td>\n<\/tr>\n<\/tbody>\n<\/table>\n<p>&nbsp;<\/p>","protected":false},"excerpt":{"rendered":"<p>6.4 SRT Nockenwellen Kit &#8220;Custom&#8221; &nbsp; Unsere HEMI Nockenwellen-Kits wurden entwickelt, um die Auswahl der richtigen Nockenwelle f\u00fcr Ihr Fahrzeug<\/p>","protected":false},"featured_media":68295404,"comment_status":"open","ping_status":"closed","template":"","meta":{"_acf_changed":false},"product_brand":[19068],"product_cat":[6488,6483,6493,6498,6503,6508],"product_tag":[52,217,93,365,340,54,53,821,48,536,339,341,2329,49,3853,3854,56,50,4425,36,55,336,2449,186,337,96,1056,164,338],"class_list":{"0":"post-68295396","1":"product","2":"type-product","3":"status-publish","4":"has-post-thumbnail","6":"product_brand-kraftwerk","7":"product_cat-300c-64-nockenwelle-ventiltrieb","8":"product_cat-challenger-64-nockenwelle-ventiltrieb","9":"product_cat-charger-64-nockenwelle-ventiltrieb","10":"product_cat-durango-64-nockenwelle-ventiltrieb","11":"product_cat-grand-cherokee-64-nockenwelle-ventiltrieb","12":"product_cat-wrangler-64-nockenwelle-ventiltrieb","13":"product_tag-300c","14":"product_tag-217","15":"product_tag-6-4","16":"product_tag-cam","17":"product_tag-cams","18":"product_tag-challenger","19":"product_tag-charger","20":"product_tag-chopstix","21":"product_tag-chrysler","22":"product_tag-chrysler-300c","23":"product_tag-comp","24":"product_tag-compcam","25":"product_tag-compcams","26":"product_tag-dodge","27":"product_tag-dodge-challenger","28":"product_tag-dodge-charger","29":"product_tag-grand-cherokee","30":"product_tag-jeep","31":"product_tag-jeep-grand-cherokee","32":"product_tag-kraftwerk","33":"product_tag-magnum","34":"product_tag-nockenwelle","35":"product_tag-nockenwellenkit","36":"product_tag-performance","37":"product_tag-scharfe","38":"product_tag-srt","39":"product_tag-srt-8","40":"product_tag-srt8","41":"product_tag-standgas","43":"first","44":"onbackorder","45":"taxable","46":"shipping-taxable","47":"purchasable","48":"product-type-simple"},"bundled_by":[],"bundle_stock_status":"onbackorder","bundle_stock_quantity":0,"bundle_virtual":false,"bundle_layout":"","bundle_add_to_cart_form_location":"","bundle_editable_in_cart":false,"bundle_sold_individually_context":"","bundle_item_grouping":"","bundle_min_size":"","bundle_max_size":"","bundle_price":[],"bundled_items":[],"bundle_sell_ids":[],"exclude_global_add_ons":[],"addons":[],"acf":[],"_links":{"self":[{"href":"https:\/\/kraftwerk-shop.cc\/es\/wp-json\/wp\/v2\/product\/68295396","targetHints":{"allow":["GET"]}}],"collection":[{"href":"https:\/\/kraftwerk-shop.cc\/es\/wp-json\/wp\/v2\/product"}],"about":[{"href":"https:\/\/kraftwerk-shop.cc\/es\/wp-json\/wp\/v2\/types\/product"}],"replies":[{"embeddable":true,"href":"https:\/\/kraftwerk-shop.cc\/es\/wp-json\/wp\/v2\/comments?post=68295396"}],"version-history":[{"count":0,"href":"https:\/\/kraftwerk-shop.cc\/es\/wp-json\/wp\/v2\/product\/68295396\/revisions"}],"wp:featuredmedia":[{"embeddable":true,"href":"https:\/\/kraftwerk-shop.cc\/es\/wp-json\/wp\/v2\/media\/68295404"}],"wp:attachment":[{"href":"https:\/\/kraftwerk-shop.cc\/es\/wp-json\/wp\/v2\/media?parent=68295396"}],"wp:term":[{"taxonomy":"product_brand","embeddable":true,"href":"https:\/\/kraftwerk-shop.cc\/es\/wp-json\/wp\/v2\/product_brand?post=68295396"},{"taxonomy":"product_cat","embeddable":true,"href":"https:\/\/kraftwerk-shop.cc\/es\/wp-json\/wp\/v2\/product_cat?post=68295396"},{"taxonomy":"product_tag","embeddable":true,"href":"https:\/\/kraftwerk-shop.cc\/es\/wp-json\/wp\/v2\/product_tag?post=68295396"}],"curies":[{"name":"wp","href":"https:\/\/api.w.org\/{rel}","templated":true}]}}