{"id":68295533,"date":"2023-12-20T00:11:38","date_gmt":"2023-12-19T23:11:38","guid":{"rendered":"https:\/\/kraftwerk-shop.cc\/?post_type=product&#038;p=68295533"},"modified":"2026-02-15T00:07:43","modified_gmt":"2026-02-14T23:07:43","slug":"tubos-de-escape-borla-ram-trx-negro","status":"publish","type":"product","link":"https:\/\/kraftwerk-shop.cc\/es\/produkt\/borla-endrohre-schwarz-ram-trx\/","title":{"rendered":"Colines BORLA (Negro Cromado) para RAM TRX"},"content":{"rendered":"<h1>Negro cromado BORLA tubos de escape para RAM TRX<\/h1>\n<p>&nbsp;<\/p>\n<p>Perfeccione su RAM TRX con estos tubos de escape negros de 5 pulgadas fabricados en acero inoxidable T-304.<\/p>\n<p>Est\u00e1n dise\u00f1ados para ser compatibles con el sistema original y el sistema BORLA\u00ae.<br \/>\nMontaje sencillo mediante abrazaderas (no incluidas en el volumen de suministro, se utilizan las abrazaderas originales).<\/p>\n<p>La fabricaci\u00f3n de precisi\u00f3n controlada por CNC garantiza un ajuste exacto. Las piezas finales BORLA\u00ae est\u00e1n disponibles en una gran variedad de materiales, superficies, tama\u00f1os y dise\u00f1os.<\/p>\n<p>Son la soluci\u00f3n perfecta para dar a su veh\u00edculo un aspecto personalizado.<\/p>\n<p>&nbsp;<\/p>\n<p><strong>Volumen de suministro:<\/strong><\/p>\n<ul>\n<li>\u00a02 tubos de escape (negro cromado)<\/li>\n<\/ul>","protected":false},"excerpt":{"rendered":"<p>2021-2024<\/p>","protected":false},"featured_media":68295556,"comment_status":"open","ping_status":"closed","template":"","meta":{"_acf_changed":false},"product_brand":[17170],"product_cat":[6635],"product_tag":[475,2066,2373,3031,3036,3033,1046,1035,1036,1048,546,1037,965,3037,1032,1047,3035,1061,429,49,1043,1039,3034,1042,532,529,441,1040,1044,86,1045,1041,547,1034,1038,2353,233],"class_list":{"0":"post-68295533","1":"product","2":"type-product","3":"status-publish","4":"has-post-thumbnail","6":"product_brand-borla","7":"product_cat-trx-abgasanlage-catback","8":"product_tag-475","9":"product_tag-2066","10":"product_tag-2373","11":"product_tag-3031","12":"product_tag-60717bc","13":"product_tag-3033","14":"product_tag-abe","15":"product_tag-abgasanlage","16":"product_tag-abgassystem","17":"product_tag-atak","18":"product_tag-auspuff","19":"product_tag-auspuffsystem","20":"product_tag-black","21":"product_tag-black-chrome","22":"product_tag-borla","23":"product_tag-cat-back","24":"product_tag-chrom","25":"product_tag-chrome","26":"product_tag-deutschland","27":"product_tag-dodge","28":"product_tag-endrohr","29":"product_tag-endschalldaempfer","30":"product_tag-endstueck","31":"product_tag-endtopf","32":"product_tag-kat","33":"product_tag-katalysator","34":"product_tag-kaufen","35":"product_tag-laut","36":"product_tag-mittelschalldaempfer","37":"product_tag-ram","38":"product_tag-sound","39":"product_tag-sport","40":"product_tag-sportauspuff","41":"product_tag-sportauspuffanlage","42":"product_tag-sportendschalldaempfer","43":"product_tag-trx","44":"product_tag-tuning","46":"first","47":"instock","48":"taxable","49":"shipping-taxable","50":"purchasable","51":"product-type-simple"},"bundled_by":[],"bundle_stock_status":"instock","bundle_stock_quantity":2,"bundle_virtual":false,"bundle_layout":"","bundle_add_to_cart_form_location":"","bundle_editable_in_cart":false,"bundle_sold_individually_context":"","bundle_item_grouping":"","bundle_min_size":"","bundle_max_size":"","bundle_price":[],"bundled_items":[],"bundle_sell_ids":[],"exclude_global_add_ons":[],"addons":[],"acf":[],"_links":{"self":[{"href":"https:\/\/kraftwerk-shop.cc\/es\/wp-json\/wp\/v2\/product\/68295533","targetHints":{"allow":["GET"]}}],"collection":[{"href":"https:\/\/kraftwerk-shop.cc\/es\/wp-json\/wp\/v2\/product"}],"about":[{"href":"https:\/\/kraftwerk-shop.cc\/es\/wp-json\/wp\/v2\/types\/product"}],"replies":[{"embeddable":true,"href":"https:\/\/kraftwerk-shop.cc\/es\/wp-json\/wp\/v2\/comments?post=68295533"}],"version-history":[{"count":0,"href":"https:\/\/kraftwerk-shop.cc\/es\/wp-json\/wp\/v2\/product\/68295533\/revisions"}],"wp:featuredmedia":[{"embeddable":true,"href":"https:\/\/kraftwerk-shop.cc\/es\/wp-json\/wp\/v2\/media\/68295556"}],"wp:attachment":[{"href":"https:\/\/kraftwerk-shop.cc\/es\/wp-json\/wp\/v2\/media?parent=68295533"}],"wp:term":[{"taxonomy":"product_brand","embeddable":true,"href":"https:\/\/kraftwerk-shop.cc\/es\/wp-json\/wp\/v2\/product_brand?post=68295533"},{"taxonomy":"product_cat","embeddable":true,"href":"https:\/\/kraftwerk-shop.cc\/es\/wp-json\/wp\/v2\/product_cat?post=68295533"},{"taxonomy":"product_tag","embeddable":true,"href":"https:\/\/kraftwerk-shop.cc\/es\/wp-json\/wp\/v2\/product_tag?post=68295533"}],"curies":[{"name":"wp","href":"https:\/\/api.w.org\/{rel}","templated":true}]}}