{"id":68295765,"date":"2023-12-20T00:14:27","date_gmt":"2023-12-19T23:14:27","guid":{"rendered":"https:\/\/kraftwerk-shop.cc\/?post_type=product&#038;p=68295765"},"modified":"2026-04-10T16:43:38","modified_gmt":"2026-04-10T14:43:38","slug":"powerstop-z36-2179-pastillas-de-freno-ram","status":"publish","type":"product","link":"https:\/\/kraftwerk-shop.cc\/es\/produkt\/powerstop-z36-2179-bremsbelaege-ram\/","title":{"rendered":"PowerStop Pastillas de freno Z36 Extreme Street RAM"},"content":{"rendered":"<h1>PowerStop Z36 Pastillas de freno para RAM 3.0 EcoDiesel, 3.6, 5.7 y 6.2 TRX (eje delantero), a partir de 2019<\/h1>\n<p>&nbsp;<\/p>\n<p>Z36 Extreme Street Performance Carbon - Pastillas de freno cer\u00e1micas<\/p>\n<ul>\n<li>Gran reducci\u00f3n de la formaci\u00f3n de polvo en los frenos<\/li>\n<li>Potencia de frenado extrafuerte para veh\u00edculos pesados<\/li>\n<li>Incluye pasta de montaje y kit de torniller\u00eda de acero inoxidable<\/li>\n<\/ul>\n<p>&nbsp;<\/p>\n<p><strong>N\u00famero de comparaci\u00f3n Mopar:<\/strong>\u00a0\u00a0<span class=\"list-value\">68520814AA<\/span>, <span class=\"list-value\">68520814AB<\/span>, 68520814AC, 68520814AC, 68412557AA, 68412557AB, 68412557AC, 68412557AD, 68412557AE<\/p>\n<p>&nbsp;<\/p>\n<p><strong>Adecuado para:<\/strong><\/p>\n<table width=\"596\">\n<tbody>\n<tr>\n<td width=\"114\"><strong>Marca<\/strong><\/td>\n<td width=\"121\"><strong>Modelo<\/strong><\/td>\n<td width=\"122\"><strong>Motor<\/strong><\/td>\n<td width=\"141\"><strong>A\u00f1o de construcci\u00f3n<\/strong><\/td>\n<td width=\"98\"><strong>C\u00f3digo de freno<\/strong><\/td>\n<\/tr>\n<tr>\n<td width=\"114\">RAM<\/td>\n<td width=\"121\">1500<\/td>\n<td width=\"122\">3.0 EcoDiesel<\/td>\n<td width=\"141\">2020-2023<\/td>\n<td>BNN<\/td>\n<\/tr>\n<tr>\n<td width=\"114\">RAM<\/td>\n<td width=\"121\">1500<\/td>\n<td width=\"122\">3.6<\/td>\n<td width=\"141\">2019-2024<\/td>\n<td>BNN<\/td>\n<\/tr>\n<tr>\n<td width=\"114\">RAM<\/td>\n<td width=\"121\">1500<\/td>\n<td width=\"122\">5.7<\/td>\n<td width=\"141\">2019-2024<\/td>\n<td>BNN<\/td>\n<\/tr>\n<tr>\n<td width=\"114\">RAM<\/td>\n<td width=\"121\">1500<\/td>\n<td width=\"122\">6.2 TRX<\/td>\n<td width=\"141\">2020-2024<\/td>\n<td>BNN<\/td>\n<\/tr>\n<\/tbody>\n<\/table>\n<p>El precio se refiere a 1 juego para el eje delantero completo.<\/p>\n<p>&nbsp;<\/p>\n<p>PowerStop se ha propuesto ofrecer a todos los conductores una forma sencilla y asequible de mejorar sus frenos, independientemente de d\u00f3nde y c\u00f3mo utilicen su veh\u00edculo.<br \/>\nLas pastillas de freno cer\u00e1micas de fibra de carbono PowerStop Z36 Truck &amp; Tow est\u00e1n dise\u00f1adas como una mejora sobre los frenos de serie para reducir el polvo de frenado y eliminar el ruido tanto para los conductores de remolque y transporte como para los entusiastas del off-road.<br \/>\nEstas pastillas de freno est\u00e1n fabricadas con una f\u00f3rmula cer\u00e1mica de bajo contenido en polvo enriquecida con fibras de carbono para reforzar el compuesto y proporcionar un fuerte rendimiento de frenado para camiones y SUV.<br \/>\nLas pastillas de freno Z36 se suministran con material de montaje de acero inoxidable de alta calidad y un lubricante de frenos cer\u00e1mico para facilitar el trabajo en los frenos. Utilice las pastillas de freno Z36 Truck &amp; Tow para dar a su camioneta o veh\u00edculo todoterreno la potencia de frenado que se merece.<\/p>","protected":false},"excerpt":{"rendered":"<p>2019-2024<\/p>","protected":false},"featured_media":68295772,"comment_status":"open","ping_status":"closed","template":"","meta":{"_acf_changed":false},"product_brand":[],"product_cat":[19406,19677,5012,4704],"product_tag":[475,4508,169,91,101,4721,4722,4723,4724,4725,6852,6773,4702,2437,838,590,795,839,840,773,476,692,1166,1167,36,953,954,2445,86,1168,2353,842,841,4700,4699,4701,673],"class_list":{"0":"post-68295765","1":"product","2":"type-product","3":"status-publish","4":"has-post-thumbnail","6":"product_cat-1500-ecodiesel-2020-2023-bremsen-vorne","7":"product_cat-1500-36-dt-bremsen-vorne","8":"product_cat-1500-57-dt-bremsen-vorne","9":"product_cat-trx-bremsen-vorne","10":"product_tag-475","11":"product_tag-3-0-ecodiesel","12":"product_tag-3-6","13":"product_tag-5-7","14":"product_tag-6-2","15":"product_tag-68412557aa","16":"product_tag-68412557ab","17":"product_tag-68412557ac","18":"product_tag-68412557ad","19":"product_tag-68412557ae","20":"product_tag-68520814aa","21":"product_tag-68520814ab","22":"product_tag-68520814ac","23":"product_tag-bnn","24":"product_tag-bremsbelag","25":"product_tag-bremsbelaege","26":"product_tag-bremse","27":"product_tag-bremsklotz","28":"product_tag-bremskloetze","29":"product_tag-carbon","30":"product_tag-dt","31":"product_tag-ersatzteil","32":"product_tag-keramik","33":"product_tag-keramisch","34":"product_tag-kraftwerk","35":"product_tag-power-stop","36":"product_tag-powerstop","37":"product_tag-powerstop-pads","38":"product_tag-ram","39":"product_tag-staubfrei","40":"product_tag-trx","41":"product_tag-vorderachse","42":"product_tag-vorne","43":"product_tag-z36","44":"product_tag-z36-2179","45":"product_tag-z362179","46":"product_tag-zubehoer","47":"product_shipping_class-deutschlandohne","49":"first","50":"instock","51":"taxable","52":"shipping-taxable","53":"purchasable","54":"product-type-simple"},"bundled_by":[],"bundle_stock_status":"instock","bundle_stock_quantity":2,"bundle_virtual":false,"bundle_layout":"","bundle_add_to_cart_form_location":"","bundle_editable_in_cart":false,"bundle_sold_individually_context":"","bundle_item_grouping":"","bundle_min_size":"","bundle_max_size":"","bundle_price":[],"bundled_items":[],"bundle_sell_ids":[],"exclude_global_add_ons":[],"addons":[],"acf":[],"_links":{"self":[{"href":"https:\/\/kraftwerk-shop.cc\/es\/wp-json\/wp\/v2\/product\/68295765","targetHints":{"allow":["GET"]}}],"collection":[{"href":"https:\/\/kraftwerk-shop.cc\/es\/wp-json\/wp\/v2\/product"}],"about":[{"href":"https:\/\/kraftwerk-shop.cc\/es\/wp-json\/wp\/v2\/types\/product"}],"replies":[{"embeddable":true,"href":"https:\/\/kraftwerk-shop.cc\/es\/wp-json\/wp\/v2\/comments?post=68295765"}],"version-history":[{"count":0,"href":"https:\/\/kraftwerk-shop.cc\/es\/wp-json\/wp\/v2\/product\/68295765\/revisions"}],"wp:featuredmedia":[{"embeddable":true,"href":"https:\/\/kraftwerk-shop.cc\/es\/wp-json\/wp\/v2\/media\/68295772"}],"wp:attachment":[{"href":"https:\/\/kraftwerk-shop.cc\/es\/wp-json\/wp\/v2\/media?parent=68295765"}],"wp:term":[{"taxonomy":"product_brand","embeddable":true,"href":"https:\/\/kraftwerk-shop.cc\/es\/wp-json\/wp\/v2\/product_brand?post=68295765"},{"taxonomy":"product_cat","embeddable":true,"href":"https:\/\/kraftwerk-shop.cc\/es\/wp-json\/wp\/v2\/product_cat?post=68295765"},{"taxonomy":"product_tag","embeddable":true,"href":"https:\/\/kraftwerk-shop.cc\/es\/wp-json\/wp\/v2\/product_tag?post=68295765"}],"curies":[{"name":"wp","href":"https:\/\/api.w.org\/{rel}","templated":true}]}}