{"id":68295767,"date":"2023-12-20T00:14:27","date_gmt":"2023-12-19T23:14:27","guid":{"rendered":"https:\/\/kraftwerk-shop.cc\/?post_type=product&#038;p=68295767"},"modified":"2026-02-15T00:04:34","modified_gmt":"2026-02-14T23:04:34","slug":"disco-de-freno-mopar-68368450aa-ram","status":"publish","type":"product","link":"https:\/\/kraftwerk-shop.cc\/es\/produkt\/mopar-bremsscheibe-68368450aa-ram\/","title":{"rendered":"Disco de freno Mopar RAM (68368450AA)"},"content":{"rendered":"<h1>Disco de freno original Mopar (eje delantero) para RAM 3.0 EcoDiesel, 3.6 y 5.7<\/h1>\n<p>&nbsp;<\/p>\n<p><strong>N\u00famero de pieza Mopar:<\/strong> 68368450AA<br \/>\n<strong>Reemplazado:<\/strong> \u2014<\/p>\n<p>&nbsp;<\/p>\n<p><strong>Adecuado para:<\/strong><\/p>\n<table width=\"596\">\n<tbody>\n<tr>\n<td width=\"114\"><strong>Marca<\/strong><\/td>\n<td width=\"121\"><strong>Modelo<\/strong><\/td>\n<td width=\"122\"><strong>Motor<\/strong><\/td>\n<td width=\"141\"><strong>A\u00f1o de construcci\u00f3n<\/strong><\/td>\n<td width=\"98\"><strong>C\u00f3digo de freno<\/strong><\/td>\n<\/tr>\n<tr>\n<td width=\"114\">RAM<\/td>\n<td width=\"121\">1500<\/td>\n<td width=\"122\">3.0 EcoDiesel<\/td>\n<td width=\"141\">2020-2023<\/td>\n<td>BR1<\/td>\n<\/tr>\n<tr>\n<td width=\"114\">RAM<\/td>\n<td width=\"121\">1500<\/td>\n<td width=\"122\">3.6<\/td>\n<td width=\"141\">2019-2024<\/td>\n<td>BR1<\/td>\n<\/tr>\n<tr>\n<td width=\"114\">RAM<\/td>\n<td width=\"121\">1500<\/td>\n<td width=\"122\">5.7<\/td>\n<td width=\"141\">2019-2024<\/td>\n<td>BR1<\/td>\n<\/tr>\n<\/tbody>\n<\/table>\n<p>&nbsp;<\/p>\n<p>El precio se refiere a 1 disco de freno.<\/p>\n<p>&nbsp;<\/p>\n<p><strong>Disco de freno delantero (68368450AA) de Mopar<br \/>\n<\/strong><\/p>\n<p>\u00bfDesea que su preciada posesi\u00f3n tenga el aspecto y funcione como fue concebida originalmente? Entonces los recambios y accesorios Mopar de alta calidad son perfectos para usted.<br \/>\nLas piezas Mopar se fabrican utilizando la \u00faltima tecnolog\u00eda de producci\u00f3n y cumplen los m\u00e1s altos est\u00e1ndares de calidad. Ofrecen un rendimiento y una durabilidad extraordinarios. Le proporcionar\u00e1n un servicio fiable durante mucho tiempo y har\u00e1n de cada viaje una experiencia segura y agradable.<\/p>\n<p>Mopar\u00ae es una fuente exclusiva de recambios y accesorios originales para millones de veh\u00edculos Chrysler, Dodge, Jeep, Ram y Fiat. Durante m\u00e1s de 8 d\u00e9cadas, t\u00e9cnicos profesionales, pilotos de carreras y conductores recreativos de todo el mundo han utilizado productos Mopar para reparar y mantener sus veh\u00edculos. Las aut\u00e9nticas piezas de motor, transmisi\u00f3n y componentes del sistema de refrigeraci\u00f3n se pueden encontrar en miles de veh\u00edculos en todo el pa\u00eds y en todo el mundo. Las piezas y accesorios Mopar son todo lo que necesita para mantener su veh\u00edculo en las mejores condiciones.<\/p>","protected":false},"excerpt":{"rendered":"<p>Pieza original Mopar<br \/>\n2019-2024<\/p>","protected":false},"featured_media":68295782,"comment_status":"open","ping_status":"closed","template":"","meta":{"_acf_changed":false},"product_brand":[16270],"product_cat":[19406,19677,5012],"product_tag":[475,4508,169,91,101,4729,4719,795,796,476,692,31,8813,9424,16271,16273,16275,16272,16274,7221,34,794,86,3507,842,841,673],"class_list":{"0":"post-68295767","1":"product","2":"type-product","3":"status-publish","4":"has-post-thumbnail","6":"product_brand-mopar","7":"product_cat-1500-ecodiesel-2020-2023-bremsen-vorne","8":"product_cat-1500-36-dt-bremsen-vorne","9":"product_cat-1500-57-dt-bremsen-vorne","10":"product_tag-475","11":"product_tag-3-0-ecodiesel","12":"product_tag-3-6","13":"product_tag-5-7","14":"product_tag-6-2","15":"product_tag-68368450aa","16":"product_tag-br1","17":"product_tag-bremse","18":"product_tag-bremsscheibe","19":"product_tag-dt","20":"product_tag-ersatzteil","21":"product_tag-mopar","22":"product_tag-mopar-autoteile","23":"product_tag-mopar-ersatzteile","24":"product_tag-mopar-ersatzteile-kaufen","25":"product_tag-mopar-performance-teile","26":"product_tag-mopar-teile-katalog","27":"product_tag-mopar-teile-online","28":"product_tag-mopar-tuningteile","29":"product_tag-mopar10","30":"product_tag-original","31":"product_tag-premium","32":"product_tag-ram","33":"product_tag-ram1500","34":"product_tag-vorderachse","35":"product_tag-vorne","36":"product_tag-zubehoer","38":"first","39":"onbackorder","40":"taxable","41":"shipping-taxable","42":"purchasable","43":"product-type-simple"},"bundled_by":[],"bundle_stock_status":"onbackorder","bundle_stock_quantity":0,"bundle_virtual":false,"bundle_layout":"","bundle_add_to_cart_form_location":"","bundle_editable_in_cart":false,"bundle_sold_individually_context":"","bundle_item_grouping":"","bundle_min_size":"","bundle_max_size":"","bundle_price":[],"bundled_items":[],"bundle_sell_ids":[],"exclude_global_add_ons":[],"addons":[],"acf":[],"_links":{"self":[{"href":"https:\/\/kraftwerk-shop.cc\/es\/wp-json\/wp\/v2\/product\/68295767","targetHints":{"allow":["GET"]}}],"collection":[{"href":"https:\/\/kraftwerk-shop.cc\/es\/wp-json\/wp\/v2\/product"}],"about":[{"href":"https:\/\/kraftwerk-shop.cc\/es\/wp-json\/wp\/v2\/types\/product"}],"replies":[{"embeddable":true,"href":"https:\/\/kraftwerk-shop.cc\/es\/wp-json\/wp\/v2\/comments?post=68295767"}],"version-history":[{"count":0,"href":"https:\/\/kraftwerk-shop.cc\/es\/wp-json\/wp\/v2\/product\/68295767\/revisions"}],"wp:featuredmedia":[{"embeddable":true,"href":"https:\/\/kraftwerk-shop.cc\/es\/wp-json\/wp\/v2\/media\/68295782"}],"wp:attachment":[{"href":"https:\/\/kraftwerk-shop.cc\/es\/wp-json\/wp\/v2\/media?parent=68295767"}],"wp:term":[{"taxonomy":"product_brand","embeddable":true,"href":"https:\/\/kraftwerk-shop.cc\/es\/wp-json\/wp\/v2\/product_brand?post=68295767"},{"taxonomy":"product_cat","embeddable":true,"href":"https:\/\/kraftwerk-shop.cc\/es\/wp-json\/wp\/v2\/product_cat?post=68295767"},{"taxonomy":"product_tag","embeddable":true,"href":"https:\/\/kraftwerk-shop.cc\/es\/wp-json\/wp\/v2\/product_tag?post=68295767"}],"curies":[{"name":"wp","href":"https:\/\/api.w.org\/{rel}","templated":true}]}}