{"id":68295794,"date":"2023-12-20T00:14:43","date_gmt":"2023-12-19T23:14:43","guid":{"rendered":"https:\/\/kraftwerk-shop.cc\/?post_type=product&#038;p=68295794"},"modified":"2026-02-15T00:04:59","modified_gmt":"2026-02-14T23:04:59","slug":"tubo-de-escape-carven-ram-dt-57-pulido","status":"publish","type":"product","link":"https:\/\/kraftwerk-shop.cc\/es\/produkt\/carven-endrohre-ram-dt-57-poliert\/","title":{"rendered":"Tubo de escape Carven de 5 pulgadas RAM DT 1500 5.7 (acero inoxidable, pulido)"},"content":{"rendered":"<h1>Tubo de escape Carven de 5 pulgadas RAM DT 1500 5.7 (acero inoxidable, pulido)<\/h1>\n<p>&nbsp;<\/p>\n<p>Si desea dar un nuevo aspecto al sistema de escape de su RAM, no tiene por qu\u00e9 sustituir todo el sistema.<br \/>\nTambi\u00e9n puede utilizar simplemente estas puntas de escape de acero inoxidable pulido Carven Exhaust de 5 pulgadas.<\/p>\n<p>Las puntas de escape est\u00e1n grabadas con l\u00e1ser con el logotipo Carven Exhaust. Este elegante dise\u00f1o hace que el sistema de escape de su veh\u00edculo destaque entre la multitud. Adem\u00e1s, el gran di\u00e1metro de escape de 5 pulgadas ayuda a mejorar el flujo de escape de su veh\u00edculo.<\/p>\n<p>Los tubos de escape est\u00e1n hechos de acero inoxidable 304 duradero para satisfacer las altas exigencias de su veh\u00edculo.<\/p>\n<p>Estos tubos de escape son f\u00e1ciles de atornillar. Como est\u00e1n dise\u00f1ados como una pieza de reemplazo directo, puede fijarlos r\u00e1pidamente a los puntos de f\u00e1brica de su veh\u00edculo utilizando las abrazaderas est\u00e1ndar. No es necesario soldar ni cortar.<\/p>\n<p>&nbsp;<\/p>\n<p><strong>Adecuado para:<\/strong><\/p>\n<table width=\"449\">\n<tbody>\n<tr>\n<td width=\"115\"><strong>Marca<\/strong><\/td>\n<td width=\"145\"><strong>Modelo<\/strong><\/td>\n<td width=\"106\"><strong>Motor<\/strong><\/td>\n<td width=\"83\"><strong>A\u00f1o de construcci\u00f3n<\/strong><\/td>\n<\/tr>\n<tr>\n<td>RAM<\/td>\n<td>1500<\/td>\n<td>5.7<\/td>\n<td>2019-2024<\/td>\n<\/tr>\n<\/tbody>\n<\/table>\n<p>\u00a1No apto para Classic !<\/p>\n<p>&nbsp;<\/p>\n<p><strong>Volumen de suministro:<\/strong><\/p>\n<ul>\n<li>2 tubos de escape<\/li>\n<\/ul>\n<p>&nbsp;<\/p>\n<p><iframe loading=\"lazy\" title=\"Tubo de escape Carven RAM\" width=\"500\" height=\"281\" src=\"https:\/\/www.youtube.com\/embed\/pbUR-8z0S5A?feature=oembed\" frameborder=\"0\" allow=\"accelerometer; autoplay; clipboard-write; encrypted-media; gyroscope; picture-in-picture; web-share\" referrerpolicy=\"strict-origin-when-cross-origin\" allowfullscreen><\/iframe><\/p>\n<p>&nbsp;<\/p>","protected":false},"excerpt":{"rendered":"<p>2019-2024<\/p>","protected":false},"featured_media":68295799,"comment_status":"open","ping_status":"closed","template":"","meta":{"_acf_changed":false},"product_brand":[],"product_cat":[6623],"product_tag":[475,419,420,2066,2373,91,1035,1036,546,3720,1037,3719,4829,429,476,662,1043,1039,3034,1042,100,126,441,1044,224,86,1045,1041,547,1034,1038,96,233],"class_list":{"0":"post-68295794","1":"product","2":"type-product","3":"status-publish","4":"has-post-thumbnail","6":"product_cat-1500-57-dt-abgasanlage-catback","7":"product_tag-475","8":"product_tag-419","9":"product_tag-420","10":"product_tag-2066","11":"product_tag-2373","12":"product_tag-5-7","13":"product_tag-abgasanlage","14":"product_tag-abgassystem","15":"product_tag-auspuff","16":"product_tag-auspuffblende","17":"product_tag-auspuffsystem","18":"product_tag-carven","19":"product_tag-cr1000","20":"product_tag-deutschland","21":"product_tag-dt","22":"product_tag-edelstahl","23":"product_tag-endrohr","24":"product_tag-endschalldaempfer","25":"product_tag-endstueck","26":"product_tag-endtopf","27":"product_tag-hellcat","28":"product_tag-hemi","29":"product_tag-kaufen","30":"product_tag-mittelschalldaempfer","31":"product_tag-poliert","32":"product_tag-ram","33":"product_tag-sound","34":"product_tag-sport","35":"product_tag-sportauspuff","36":"product_tag-sportauspuffanlage","37":"product_tag-sportendschalldaempfer","38":"product_tag-srt","39":"product_tag-tuning","41":"first","42":"instock","43":"taxable","44":"shipping-taxable","45":"purchasable","46":"product-type-simple"},"bundled_by":[],"bundle_stock_status":"instock","bundle_stock_quantity":2,"bundle_virtual":false,"bundle_layout":"","bundle_add_to_cart_form_location":"","bundle_editable_in_cart":false,"bundle_sold_individually_context":"","bundle_item_grouping":"","bundle_min_size":"","bundle_max_size":"","bundle_price":[],"bundled_items":[],"bundle_sell_ids":[],"exclude_global_add_ons":[],"addons":[],"acf":[],"_links":{"self":[{"href":"https:\/\/kraftwerk-shop.cc\/es\/wp-json\/wp\/v2\/product\/68295794","targetHints":{"allow":["GET"]}}],"collection":[{"href":"https:\/\/kraftwerk-shop.cc\/es\/wp-json\/wp\/v2\/product"}],"about":[{"href":"https:\/\/kraftwerk-shop.cc\/es\/wp-json\/wp\/v2\/types\/product"}],"replies":[{"embeddable":true,"href":"https:\/\/kraftwerk-shop.cc\/es\/wp-json\/wp\/v2\/comments?post=68295794"}],"version-history":[{"count":0,"href":"https:\/\/kraftwerk-shop.cc\/es\/wp-json\/wp\/v2\/product\/68295794\/revisions"}],"wp:featuredmedia":[{"embeddable":true,"href":"https:\/\/kraftwerk-shop.cc\/es\/wp-json\/wp\/v2\/media\/68295799"}],"wp:attachment":[{"href":"https:\/\/kraftwerk-shop.cc\/es\/wp-json\/wp\/v2\/media?parent=68295794"}],"wp:term":[{"taxonomy":"product_brand","embeddable":true,"href":"https:\/\/kraftwerk-shop.cc\/es\/wp-json\/wp\/v2\/product_brand?post=68295794"},{"taxonomy":"product_cat","embeddable":true,"href":"https:\/\/kraftwerk-shop.cc\/es\/wp-json\/wp\/v2\/product_cat?post=68295794"},{"taxonomy":"product_tag","embeddable":true,"href":"https:\/\/kraftwerk-shop.cc\/es\/wp-json\/wp\/v2\/product_tag?post=68295794"}],"curies":[{"name":"wp","href":"https:\/\/api.w.org\/{rel}","templated":true}]}}