{"id":68295945,"date":"2023-12-21T16:14:31","date_gmt":"2023-12-21T15:14:31","guid":{"rendered":"https:\/\/kraftwerk-shop.cc\/?post_type=product&#038;p=68295945"},"modified":"2026-04-16T14:20:21","modified_gmt":"2026-04-16T12:20:21","slug":"mopar-filtro-de-habitaculo-chrysler-300c","status":"publish","type":"product","link":"https:\/\/kraftwerk-shop.cc\/es\/produkt\/mopar-innenraumfilter-chrysler-300c\/","title":{"rendered":"Filtro de habit\u00e1culo Chrysler 300C"},"content":{"rendered":"<h1>Filtro de habit\u00e1culo \/ filtro de polen para Chrysler 300C<\/h1>\n<p>&nbsp;<\/p>\n<p><strong>N\u00fameros de comparaci\u00f3n Mopar:<\/strong> 4596501AB, <span class=\"list-value\">4596501AC<\/span>, <span class=\"list-value sku-display\">68535608AA<\/span>, <span class=\"list-value\">68071668AA<\/span>, <span class=\"list-value sku-display\">68535614AA<\/span><\/p>\n<p>&nbsp;<\/p>\n<ul>\n<li><span lang=\"DE\">Mopar 2005 - 2010 es la parte original de Mopar en el dise\u00f1o de carb\u00f3n activado, adecuado a partir del a\u00f1o de construcci\u00f3n 2005 a 2010<\/span><\/li>\n<li><span lang=\"DE\">Mopar 2011 - 2021 es la pieza original de Mopar (sin versi\u00f3n de carb\u00f3n activado), adecuada desde el a\u00f1o modelo 2011 hasta el 2021<br \/>\n<\/span><\/li>\n<li><span lang=\"DE\">Mopar 2022 - 2023 es la pieza original de Mopar (sin versi\u00f3n de carb\u00f3n activado), adecuada para los modelos de los a\u00f1os 2022 y 2023.<\/span><\/li>\n<li><span lang=\"DE\">Kraftwerk 2011 - 2023 no es una pieza original, sino una versi\u00f3n de carb\u00f3n activado, id\u00e9ntica en construcci\u00f3n al filtro Mopar, adecuada desde el a\u00f1o modelo 2011 al 2023.<\/span><\/li>\n<\/ul>\n<p>&nbsp;<\/p>\n<p>&nbsp;<\/p>\n<p><strong>Adecuado para:<\/strong><\/p>\n<table width=\"437\">\n<tbody>\n<tr>\n<td width=\"83\">Chrysler<\/td>\n<td width=\"122\">300C<\/td>\n<td width=\"136\">3.0 CRD<\/td>\n<td width=\"96\">2005-2010<\/td>\n<\/tr>\n<tr>\n<td>Chrysler<\/td>\n<td>300C<\/td>\n<td>3.5<\/td>\n<td>2005-2010<\/td>\n<\/tr>\n<tr>\n<td>Chrysler<\/td>\n<td>300C<\/td>\n<td>3.6<\/td>\n<td>2011-2023<\/td>\n<\/tr>\n<tr>\n<td>Chrysler<\/td>\n<td>300C<\/td>\n<td>5.7<\/td>\n<td>2005-2023<\/td>\n<\/tr>\n<tr>\n<td>Chrysler<\/td>\n<td>300C<\/td>\n<td>6.1<\/td>\n<td>2006-2010<\/td>\n<\/tr>\n<tr>\n<td>Chrysler<\/td>\n<td>300C<\/td>\n<td>6.4<\/td>\n<td>2011-2023<\/td>\n<\/tr>\n<\/tbody>\n<\/table>\n<p><span lang=\"DE\" style=\"display: inline;\">\u00a0<\/span><\/p>\n<p>&nbsp;<\/p>","protected":false},"excerpt":{"rendered":"<p><span lang=\"DE\" style=\"display: inline;\">Pieza original Mopar<\/span><\/p>","protected":false},"featured_media":68295347,"comment_status":"open","ping_status":"closed","template":"","meta":{"_acf_changed":false},"product_brand":[],"product_cat":[1550,1558,1566,1574,4985,1582,1590],"product_tag":[40,4483,52,695,4482,696,6884,10670,3611,3612,48,536,692,648,32,36,31,34,691,694,693],"class_list":{"0":"post-68295945","1":"product","2":"type-product","3":"status-publish","4":"has-post-thumbnail","6":"product_cat-300c-30-diesel-wartung","7":"product_cat-300c-35-wartung","8":"product_cat-300c-36-wartung","9":"product_cat-300c-57-2005-2010-wartung","10":"product_cat-300c-57-2011-2023-wartung","11":"product_cat-300c-61-wartung","12":"product_cat-300c-64-wartung","13":"product_tag-04596501ab","14":"product_tag-04596501ac","15":"product_tag-300c","16":"product_tag-4596501ab","17":"product_tag-4596501ac","18":"product_tag-68071668aa","19":"product_tag-68535608aa","20":"product_tag-68535614aa","21":"product_tag-aktivkohle","22":"product_tag-aktivkohlefilter","23":"product_tag-chrysler","24":"product_tag-chrysler-300c","25":"product_tag-ersatzteil","26":"product_tag-filter","27":"product_tag-innenraumfilter","28":"product_tag-kraftwerk","29":"product_tag-mopar","30":"product_tag-original","31":"product_tag-pollenfilter","32":"product_tag-tauschen","33":"product_tag-wechseln","34":"product_shipping_class-deutschlandohne","36":"first","37":"instock","38":"taxable","39":"shipping-taxable","40":"purchasable","41":"product-type-variable"},"bundled_by":[],"bundle_stock_status":"instock","bundle_stock_quantity":62,"bundle_virtual":false,"bundle_layout":"","bundle_add_to_cart_form_location":"","bundle_editable_in_cart":false,"bundle_sold_individually_context":"","bundle_item_grouping":"","bundle_min_size":"","bundle_max_size":"","bundle_price":[],"bundled_items":[],"bundle_sell_ids":[],"exclude_global_add_ons":[],"addons":[],"acf":[],"_links":{"self":[{"href":"https:\/\/kraftwerk-shop.cc\/es\/wp-json\/wp\/v2\/product\/68295945","targetHints":{"allow":["GET"]}}],"collection":[{"href":"https:\/\/kraftwerk-shop.cc\/es\/wp-json\/wp\/v2\/product"}],"about":[{"href":"https:\/\/kraftwerk-shop.cc\/es\/wp-json\/wp\/v2\/types\/product"}],"replies":[{"embeddable":true,"href":"https:\/\/kraftwerk-shop.cc\/es\/wp-json\/wp\/v2\/comments?post=68295945"}],"version-history":[{"count":0,"href":"https:\/\/kraftwerk-shop.cc\/es\/wp-json\/wp\/v2\/product\/68295945\/revisions"}],"wp:featuredmedia":[{"embeddable":true,"href":"https:\/\/kraftwerk-shop.cc\/es\/wp-json\/wp\/v2\/media\/68295347"}],"wp:attachment":[{"href":"https:\/\/kraftwerk-shop.cc\/es\/wp-json\/wp\/v2\/media?parent=68295945"}],"wp:term":[{"taxonomy":"product_brand","embeddable":true,"href":"https:\/\/kraftwerk-shop.cc\/es\/wp-json\/wp\/v2\/product_brand?post=68295945"},{"taxonomy":"product_cat","embeddable":true,"href":"https:\/\/kraftwerk-shop.cc\/es\/wp-json\/wp\/v2\/product_cat?post=68295945"},{"taxonomy":"product_tag","embeddable":true,"href":"https:\/\/kraftwerk-shop.cc\/es\/wp-json\/wp\/v2\/product_tag?post=68295945"}],"curies":[{"name":"wp","href":"https:\/\/api.w.org\/{rel}","templated":true}]}}