{"id":68295946,"date":"2023-12-21T16:14:31","date_gmt":"2023-12-21T15:14:31","guid":{"rendered":"https:\/\/kraftwerk-shop.cc\/?post_type=product&#038;p=68295946"},"modified":"2026-03-25T10:48:07","modified_gmt":"2026-03-25T09:48:07","slug":"mopar-filtro-de-aire-chrysler-300c","status":"publish","type":"product","link":"https:\/\/kraftwerk-shop.cc\/es\/produkt\/mopar-luftfilter-chrysler-300c\/","title":{"rendered":"Filtro de aire Mopar Chrysler 300C"},"content":{"rendered":"<h1>Filtro de aire original Mopar para Chrysler 300C<\/h1>\n<p>&nbsp;<\/p>\n<p><strong>N\u00fameros de pieza Mopar:<\/strong> 5019002AA, 5037615AA, 4861746AB, 05019002AA, 05037615AA, 04861746AB<\/p>\n<p>&nbsp;<\/p>\n<p>Los filtros de aire originales Mopar de su veh\u00edculo est\u00e1n ah\u00ed para proteger el motor de su Chrysler 300C. Sin ellos, la suciedad y los contaminantes dificultar\u00edan el correcto funcionamiento de su motor y la calidad del aire se resentir\u00eda enormemente.<br \/>\nEl motor depende del aire para refrigerarse y generar energ\u00eda, por lo que consume constantemente grandes cantidades de aire.<br \/>\nEl filtro de aire del motor atrapa la suciedad y el polvo antes de que puedan entrar en el motor y causar da\u00f1os.<br \/>\nSi el filtro est\u00e1 sucio u obstruido, el rendimiento se resiente. Se acumula carbonilla, entra menos aire en el motor y se producen fallos de encendido.<br \/>\nIncluso puede notar que su eficiencia de combustible se resiente.<\/p>\n<p>No corra riesgos conform\u00e1ndose con un filtro de aire de recambio. Si las part\u00edculas de suciedad atraviesan un filtro de aire que no est\u00e1 correctamente montado, pueden causar da\u00f1os en el bloque motor o da\u00f1ar los cilindros.<br \/>\nLos filtros de aire originales Mopar\u00ae de nuestra gama online est\u00e1n adaptados a su Chrysler 300C, por lo que puede confiar en su idoneidad.<\/p>","protected":false},"excerpt":{"rendered":"<p><span lang=\"DE\" style=\"display: inline;\">Pieza original Mopar<\/span><\/p>","protected":false},"featured_media":68295352,"comment_status":"open","ping_status":"closed","template":"","meta":{"_acf_changed":false},"product_brand":[16270],"product_cat":[1550,1558,1566,1574,4985,1582,1590],"product_tag":[58,59,4479,87,88,169,52,706,91,708,4478,92,48,536,692,126,57,31,8813,9424,16271,16273,16275,16272,16274,7221,34,96],"class_list":{"0":"post-68295946","1":"product","2":"type-product","3":"status-publish","4":"has-post-thumbnail","6":"product_brand-mopar","7":"product_cat-300c-30-diesel-wartung","8":"product_cat-300c-35-wartung","9":"product_cat-300c-36-wartung","10":"product_cat-300c-57-2005-2010-wartung","11":"product_cat-300c-57-2011-2023-wartung","12":"product_cat-300c-61-wartung","13":"product_cat-300c-64-wartung","14":"product_tag-04861746ab","15":"product_tag-05019002aa","16":"product_tag-05037615aa","17":"product_tag-2-7","18":"product_tag-3-5","19":"product_tag-3-6","20":"product_tag-300c","21":"product_tag-4861746ab","22":"product_tag-5-7","23":"product_tag-5019002aa","24":"product_tag-5037615aa","25":"product_tag-6-1","26":"product_tag-chrysler","27":"product_tag-chrysler-300c","28":"product_tag-ersatzteil","29":"product_tag-hemi","30":"product_tag-luftfilter","31":"product_tag-mopar","32":"product_tag-mopar-autoteile","33":"product_tag-mopar-ersatzteile","34":"product_tag-mopar-ersatzteile-kaufen","35":"product_tag-mopar-performance-teile","36":"product_tag-mopar-teile-katalog","37":"product_tag-mopar-teile-online","38":"product_tag-mopar-tuningteile","39":"product_tag-mopar10","40":"product_tag-original","41":"product_tag-srt","42":"pa_motor-2-7-2","43":"pa_motor-3-0-crd-190-239-ps","44":"pa_motor-3-0-crd-218-ps","45":"pa_motor-3-5-2","46":"pa_motor-3-6-2","47":"pa_motor-5-7-ab-2011","48":"pa_motor-5-7-bis-2011","49":"pa_motor-6-1-srt8","50":"pa_motor-6-4-srt-2","52":"first","53":"instock","54":"taxable","55":"shipping-taxable","56":"purchasable","57":"product-type-variable"},"bundled_by":[],"bundle_stock_status":"instock","bundle_stock_quantity":86,"bundle_virtual":false,"bundle_layout":"","bundle_add_to_cart_form_location":"","bundle_editable_in_cart":false,"bundle_sold_individually_context":"","bundle_item_grouping":"","bundle_min_size":"","bundle_max_size":"","bundle_price":[],"bundled_items":[],"bundle_sell_ids":[],"exclude_global_add_ons":[],"addons":[],"acf":[],"_links":{"self":[{"href":"https:\/\/kraftwerk-shop.cc\/es\/wp-json\/wp\/v2\/product\/68295946","targetHints":{"allow":["GET"]}}],"collection":[{"href":"https:\/\/kraftwerk-shop.cc\/es\/wp-json\/wp\/v2\/product"}],"about":[{"href":"https:\/\/kraftwerk-shop.cc\/es\/wp-json\/wp\/v2\/types\/product"}],"replies":[{"embeddable":true,"href":"https:\/\/kraftwerk-shop.cc\/es\/wp-json\/wp\/v2\/comments?post=68295946"}],"version-history":[{"count":0,"href":"https:\/\/kraftwerk-shop.cc\/es\/wp-json\/wp\/v2\/product\/68295946\/revisions"}],"wp:featuredmedia":[{"embeddable":true,"href":"https:\/\/kraftwerk-shop.cc\/es\/wp-json\/wp\/v2\/media\/68295352"}],"wp:attachment":[{"href":"https:\/\/kraftwerk-shop.cc\/es\/wp-json\/wp\/v2\/media?parent=68295946"}],"wp:term":[{"taxonomy":"product_brand","embeddable":true,"href":"https:\/\/kraftwerk-shop.cc\/es\/wp-json\/wp\/v2\/product_brand?post=68295946"},{"taxonomy":"product_cat","embeddable":true,"href":"https:\/\/kraftwerk-shop.cc\/es\/wp-json\/wp\/v2\/product_cat?post=68295946"},{"taxonomy":"product_tag","embeddable":true,"href":"https:\/\/kraftwerk-shop.cc\/es\/wp-json\/wp\/v2\/product_tag?post=68295946"}],"curies":[{"name":"wp","href":"https:\/\/api.w.org\/{rel}","templated":true}]}}