{"id":68296003,"date":"2023-12-21T16:15:27","date_gmt":"2023-12-21T15:15:27","guid":{"rendered":"https:\/\/kraftwerk-shop.cc\/?post_type=product&#038;p=68296003"},"modified":"2026-03-30T11:29:24","modified_gmt":"2026-03-30T09:29:24","slug":"filtro-de-aire-dodge-challenger","status":"publish","type":"product","link":"https:\/\/kraftwerk-shop.cc\/es\/produkt\/luftfilter-dodge-challenger\/","title":{"rendered":"Filtro de aire Dodge Challenger"},"content":{"rendered":"<h2>Filtro de aire para Dodge Challenger<\/h2>\n<p>&nbsp;<\/p>\n<p><strong>N\u00fameros de comparaci\u00f3n Mopar:<\/strong> 5019002AA, 5037615AA, 05019002AA, 05037615AA, 68172459AA, 4861746AB<\/p>\n<p>&nbsp;<\/p>\n<p>Filtros de aire de marca para Dodge Challenger fabricados con medios filtrantes especialmente mezclados que garantizan una \u00f3ptima capacidad de retenci\u00f3n de la suciedad, eficiencia del filtro y m\u00e1xima protecci\u00f3n de su motor frente a los contaminantes nocivos transportados por el aire.<br \/>\nEl ajuste, la funci\u00f3n y el rendimiento igualan o superan los del equipo original.<\/p>\n<p>El aire limpio es crucial para el rendimiento y la vida \u00fatil de su motor Dodge Challenger. La filtraci\u00f3n adecuada del aire es importante porque una peque\u00f1a cantidad de suciedad puede causar enormes da\u00f1os. El prop\u00f3sito del filtro de aire es asegurar una larga vida del sistema manteniendo los contaminantes da\u00f1inos lejos de los componentes sensibles del motor.<\/p>\n<p>&nbsp;<\/p>\n<p><strong>Propiedades:<\/strong><\/p>\n<ul>\n<li>cumple todas las especificaciones de calidad y ajuste de los equipos originales<\/li>\n<li>Dise\u00f1o multicapa para capturar el m\u00e1ximo n\u00famero de part\u00edculas<\/li>\n<li>El plegado uniforme del papel evita que el papel filtrante se pegue y prolonga la vida \u00fatil del filtro.<\/li>\n<li>El marco de poliuretano flexible facilita la instalaci\u00f3n<\/li>\n<li>La junta de poliuretano tiene una gran resistencia al desgarro y soporta condiciones extremas de calor y fr\u00edo<\/li>\n<li>El refuerzo met\u00e1lico con el patr\u00f3n de diamante grande fue desarrollado para mejorar el flujo de aire<\/li>\n<li>El elevado caudal de aire mejora el rendimiento y el consumo de combustible<\/li>\n<li>La m\u00e1xima eficiencia reduce el desgaste del motor<\/li>\n<li>La alta capacidad de absorci\u00f3n de part\u00edculas garantiza una larga vida \u00fatil en condiciones extremas como calor, fr\u00edo o contaminaci\u00f3n qu\u00edmica<\/li>\n<li>Previene el desgaste prematuro de v\u00e1lvulas, superficies de rodadura de cilindros, segmentos de pist\u00f3n, cojinetes y otros componentes del motor.<\/li>\n<li>F\u00e1cil instalaci\u00f3n gracias al ajuste preciso en calidad OEM<\/li>\n<\/ul>\n<p>&nbsp;<\/p>\n<p><strong>Volumen de suministro:<\/strong><\/p>\n<ul>\n<li>1 filtro de aire para Dodge Challenger<\/li>\n<\/ul>","protected":false},"excerpt":{"rendered":"<p>Filtro de aire para Dodge Challenger N\u00fameros de referencia Mopar: 5019002AA, 5037615AA, 05019002AA, 05037615AA, 68172459AA, 4861746AB Filtro de aire de marca para Dodge Challenger fabricado de especial<\/p>","protected":false},"featured_media":68295715,"comment_status":"open","ping_status":"closed","template":"","meta":{"_acf_changed":false},"product_brand":[19068],"product_cat":[2575,1671,1679,1687,1703],"product_tag":[58,59,4479,87,88,169,706,91,708,4478,92,93,707,54,8687,8680,8676,8693,8681,8674,49,3853,8691,8672,8694,8678,8698,8682,8690,8668,8515,692,8640,8635,8643,8684,8688,126,8641,8654,8638,8639,57,8683,8653,8689,8679,8697,8636,8686,31,8692,8673,8645,8646,8699,8667,8642,7221,8644,8637,8685,8634,8677,8675,8695,8664,35,8696,96],"class_list":{"0":"post-68296003","1":"product","2":"type-product","3":"status-publish","4":"has-post-thumbnail","6":"product_brand-kraftwerk","7":"product_cat-challenger-35-wartung","8":"product_cat-challenger-36-wartung","9":"product_cat-challenger-57-wartung","10":"product_cat-challenger-61-wartung","11":"product_cat-challenger-64-wartung","12":"product_tag-04861746ab","13":"product_tag-05019002aa","14":"product_tag-05037615aa","15":"product_tag-2-7","16":"product_tag-3-5","17":"product_tag-3-6","18":"product_tag-4861746ab","19":"product_tag-5-7","20":"product_tag-5019002aa","21":"product_tag-5037615aa","22":"product_tag-6-1","23":"product_tag-6-4","24":"product_tag-68172459aa","25":"product_tag-challenger","26":"product_tag-challenger-ersatzfilter","27":"product_tag-challenger-ersatzteil","28":"product_tag-challenger-filter","29":"product_tag-challenger-hochleistungsfilter","30":"product_tag-challenger-motorfilter","31":"product_tag-challenger-zubehoer","32":"product_tag-dodge","33":"product_tag-dodge-challenger","34":"product_tag-dodge-challenger-filterwechsel","35":"product_tag-dodge-challenger-luftfilter","36":"product_tag-dodge-challenger-motorpflege","37":"product_tag-dodge-challenger-wartung","38":"product_tag-dodge-challenger-zubehoer","39":"product_tag-dodge-ersatzteile","40":"product_tag-dodge-luftfilter-service","41":"product_tag-dodge-zubehoer","42":"product_tag-ersatzfilter","43":"product_tag-ersatzteil","44":"product_tag-fahrzeugkompatibilitaet","45":"product_tag-fahrzeugwartung","46":"product_tag-fahrzeugzubehoer","47":"product_tag-filter-fuer-challenger","48":"product_tag-filter-fuer-sportwagen","49":"product_tag-hemi","50":"product_tag-hochleistungsfilter","51":"product_tag-hochleistungsluftfilter","52":"product_tag-kraftstoffeffizienz","53":"product_tag-langlebigkeit","54":"product_tag-luftfilter","55":"product_tag-luftfilter-fuer-dodge","56":"product_tag-luftfilter-kaufen","57":"product_tag-luftfilter-kaufen-online","58":"product_tag-luftfilter-original","59":"product_tag-luftfilterwechsel","60":"product_tag-luftreinigung","61":"product_tag-luftreinigung-fahrzeug","62":"product_tag-mopar","63":"product_tag-mopar-autozubehoer","64":"product_tag-mopar-challenger-luftfilter","65":"product_tag-mopar-luftfilter","66":"product_tag-mopar-original","67":"product_tag-mopar-originalteil","68":"product_tag-mopar-qualitaet","69":"product_tag-mopar-teile","70":"product_tag-mopar10","71":"product_tag-motorenschutz","72":"product_tag-motorleistung","73":"product_tag-motorleistung-optimieren","74":"product_tag-motorluftfilter","75":"product_tag-motorluftfilter-dodge","76":"product_tag-oem-ersatzteil-luftfilter","77":"product_tag-oem-luftfilter","78":"product_tag-original-mopar-ersatzteile","79":"product_tag-originalersatzteil","80":"product_tag-schmutzpartikel-filtration","81":"product_tag-srt","82":"pa_motor-3-5-2","83":"pa_motor-3-6-2","84":"pa_motor-5-7-ab-2011","85":"pa_motor-5-7-bis-2011","86":"pa_motor-6-1-srt8","87":"pa_motor-6-2-hellcat-2015-2023","88":"pa_motor-6-4-2","90":"first","91":"instock","92":"taxable","93":"shipping-taxable","94":"purchasable","95":"product-type-variable"},"bundled_by":[],"bundle_stock_status":"instock","bundle_stock_quantity":213,"bundle_virtual":false,"bundle_layout":"","bundle_add_to_cart_form_location":"","bundle_editable_in_cart":false,"bundle_sold_individually_context":"","bundle_item_grouping":"","bundle_min_size":"","bundle_max_size":"","bundle_price":[],"bundled_items":[],"bundle_sell_ids":[],"exclude_global_add_ons":[],"addons":[],"acf":[],"_links":{"self":[{"href":"https:\/\/kraftwerk-shop.cc\/es\/wp-json\/wp\/v2\/product\/68296003","targetHints":{"allow":["GET"]}}],"collection":[{"href":"https:\/\/kraftwerk-shop.cc\/es\/wp-json\/wp\/v2\/product"}],"about":[{"href":"https:\/\/kraftwerk-shop.cc\/es\/wp-json\/wp\/v2\/types\/product"}],"replies":[{"embeddable":true,"href":"https:\/\/kraftwerk-shop.cc\/es\/wp-json\/wp\/v2\/comments?post=68296003"}],"version-history":[{"count":0,"href":"https:\/\/kraftwerk-shop.cc\/es\/wp-json\/wp\/v2\/product\/68296003\/revisions"}],"wp:featuredmedia":[{"embeddable":true,"href":"https:\/\/kraftwerk-shop.cc\/es\/wp-json\/wp\/v2\/media\/68295715"}],"wp:attachment":[{"href":"https:\/\/kraftwerk-shop.cc\/es\/wp-json\/wp\/v2\/media?parent=68296003"}],"wp:term":[{"taxonomy":"product_brand","embeddable":true,"href":"https:\/\/kraftwerk-shop.cc\/es\/wp-json\/wp\/v2\/product_brand?post=68296003"},{"taxonomy":"product_cat","embeddable":true,"href":"https:\/\/kraftwerk-shop.cc\/es\/wp-json\/wp\/v2\/product_cat?post=68296003"},{"taxonomy":"product_tag","embeddable":true,"href":"https:\/\/kraftwerk-shop.cc\/es\/wp-json\/wp\/v2\/product_tag?post=68296003"}],"curies":[{"name":"wp","href":"https:\/\/api.w.org\/{rel}","templated":true}]}}