{"id":68297534,"date":"2024-01-06T16:40:08","date_gmt":"2024-01-06T15:40:08","guid":{"rendered":"https:\/\/kraftwerk-shop.cc\/?post_type=product&#038;p=68297534"},"modified":"2026-04-07T17:42:30","modified_gmt":"2026-04-07T15:42:30","slug":"pastillas-de-freno-powerstop-z36-ram-z36-1084","status":"publish","type":"product","link":"https:\/\/kraftwerk-shop.cc\/es\/produkt\/powerstop-z36-bremsbelaege-ram-z36-1084\/","title":{"rendered":"PowerStop Pastillas de freno Z36 Extreme Street RAM"},"content":{"rendered":"<h1>PowerStop Z36 Pastillas de freno para RAM 1500 3.0 Ecodiesel, 3.6 y 5.7 de 2006 a 2018 y RAM Classic a partir de 2019 (eje delantero)<\/h1>\n<p>&nbsp;<\/p>\n<p>Z36 Extreme Street Performance Carbon - Pastillas de freno cer\u00e1micas<\/p>\n<ul>\n<li>Gran reducci\u00f3n de la formaci\u00f3n de polvo en los frenos<\/li>\n<li>Potencia de frenado extrafuerte para veh\u00edculos pesados<\/li>\n<li>Incluye pasta de montaje y kit de torniller\u00eda de acero inoxidable<\/li>\n<\/ul>\n<p>&nbsp;<\/p>\n<p><strong>N\u00famero de comparaci\u00f3n Mopar:<\/strong> <span class=\"list-value\">5143350AB, 5143350AC, 68334862AA<\/span>, <span class=\"list-value sku-display\">68334862AB<\/span><\/p>\n<p>&nbsp;<\/p>\n<p><strong>Adecuado para:<\/strong><\/p>\n<table width=\"498\">\n<tbody>\n<tr>\n<td width=\"114\"><strong>Marca<\/strong><\/td>\n<td width=\"121\"><strong>Modelo<\/strong><\/td>\n<td width=\"122\"><strong>Motor<\/strong><\/td>\n<td width=\"141\"><strong>A\u00f1o de construcci\u00f3n<\/strong><\/td>\n<\/tr>\n<tr>\n<td width=\"114\">RAM<\/td>\n<td width=\"121\">1500<\/td>\n<td width=\"122\">3.0 EcoDiesel<\/td>\n<td width=\"141\">2014-2018<\/td>\n<\/tr>\n<tr>\n<td width=\"114\">RAM<\/td>\n<td>1500 Classic<\/td>\n<td width=\"122\">3.0 EcoDiesel<\/td>\n<td>2019<\/td>\n<\/tr>\n<tr>\n<td width=\"114\">RAM<\/td>\n<td width=\"121\">1500<\/td>\n<td width=\"122\">3.6<\/td>\n<td width=\"141\">2013-2018<\/td>\n<\/tr>\n<tr>\n<td width=\"114\">RAM<\/td>\n<td>1500 Classic<\/td>\n<td width=\"122\">3.6<\/td>\n<td>2019-2024<\/td>\n<\/tr>\n<tr>\n<td width=\"114\">RAM<\/td>\n<td width=\"121\">1500<\/td>\n<td width=\"122\">5.7<\/td>\n<td width=\"141\">2006-2018<\/td>\n<\/tr>\n<tr>\n<td width=\"114\">RAM<\/td>\n<td>1500 Classic<\/td>\n<td width=\"122\">5.7<\/td>\n<td>2019-2024<\/td>\n<\/tr>\n<\/tbody>\n<\/table>\n<p>El precio se refiere a 1 juego para el eje delantero completo.<\/p>\n<p>&nbsp;<\/p>\n<p>PowerStop se ha propuesto ofrecer a todos los conductores una forma sencilla y asequible de mejorar sus frenos, independientemente de d\u00f3nde y c\u00f3mo utilicen su veh\u00edculo.<br \/>\nLas pastillas de freno cer\u00e1micas de fibra de carbono PowerStop Z36 Truck &amp; Tow est\u00e1n dise\u00f1adas como una mejora sobre los frenos de serie para reducir el polvo de frenado y eliminar el ruido tanto para los conductores de remolque y transporte como para los entusiastas del off-road.<br \/>\nEstas pastillas de freno est\u00e1n fabricadas con una f\u00f3rmula cer\u00e1mica de bajo contenido en polvo enriquecida con fibras de carbono para reforzar el compuesto y proporcionar un fuerte rendimiento de frenado para camiones y SUV.<br \/>\nLas pastillas de freno Z36 se suministran con material de montaje de acero inoxidable de alta calidad y un lubricante de frenos cer\u00e1mico para facilitar el trabajo en los frenos. Utilice las pastillas de freno Z36 Truck &amp; Tow para dar a su camioneta o veh\u00edculo todoterreno la potencia de frenado que se merece.<\/p>","protected":false},"excerpt":{"rendered":"<p>2006 - 2018 &amp; Cl\u00e1sica 2019 - 2024<\/p>","protected":false},"featured_media":68297547,"comment_status":"open","ping_status":"closed","template":"","meta":{"_acf_changed":false},"product_brand":[],"product_cat":[7753,3515],"product_tag":[7803,3508,475,4508,169,91,6770,6771,3512,6772,838,590,795,839,840,773,477,692,1166,1167,36,953,954,2445,86,1168,842,841,4700,6763,673],"class_list":{"0":"post-68297534","1":"product","2":"type-product","3":"status-publish","4":"has-post-thumbnail","6":"product_cat-1500-57-2003-2008-bremsen-vorne","7":"product_cat-1500-57-2009-2018-classic-bremsen-vorne","8":"product_tag-05143350ab","9":"product_tag-05143350ac","10":"product_tag-475","11":"product_tag-3-0-ecodiesel","12":"product_tag-3-6","13":"product_tag-5-7","14":"product_tag-5143350ab","15":"product_tag-5143350ac","16":"product_tag-68334862aa","17":"product_tag-68334862ab","18":"product_tag-bremsbelag","19":"product_tag-bremsbelaege","20":"product_tag-bremse","21":"product_tag-bremsklotz","22":"product_tag-bremskloetze","23":"product_tag-carbon","24":"product_tag-ds","25":"product_tag-ersatzteil","26":"product_tag-keramik","27":"product_tag-keramisch","28":"product_tag-kraftwerk","29":"product_tag-power-stop","30":"product_tag-powerstop","31":"product_tag-powerstop-pads","32":"product_tag-ram","33":"product_tag-staubfrei","34":"product_tag-vorderachse","35":"product_tag-vorne","36":"product_tag-z36","37":"product_tag-z36-1084","38":"product_tag-zubehoer","40":"first","41":"instock","42":"taxable","43":"shipping-taxable","44":"purchasable","45":"product-type-simple"},"bundled_by":[],"bundle_stock_status":"instock","bundle_stock_quantity":2,"bundle_virtual":false,"bundle_layout":"","bundle_add_to_cart_form_location":"","bundle_editable_in_cart":false,"bundle_sold_individually_context":"","bundle_item_grouping":"","bundle_min_size":"","bundle_max_size":"","bundle_price":[],"bundled_items":[],"bundle_sell_ids":[],"exclude_global_add_ons":[],"addons":[],"acf":[],"_links":{"self":[{"href":"https:\/\/kraftwerk-shop.cc\/es\/wp-json\/wp\/v2\/product\/68297534","targetHints":{"allow":["GET"]}}],"collection":[{"href":"https:\/\/kraftwerk-shop.cc\/es\/wp-json\/wp\/v2\/product"}],"about":[{"href":"https:\/\/kraftwerk-shop.cc\/es\/wp-json\/wp\/v2\/types\/product"}],"replies":[{"embeddable":true,"href":"https:\/\/kraftwerk-shop.cc\/es\/wp-json\/wp\/v2\/comments?post=68297534"}],"version-history":[{"count":0,"href":"https:\/\/kraftwerk-shop.cc\/es\/wp-json\/wp\/v2\/product\/68297534\/revisions"}],"wp:featuredmedia":[{"embeddable":true,"href":"https:\/\/kraftwerk-shop.cc\/es\/wp-json\/wp\/v2\/media\/68297547"}],"wp:attachment":[{"href":"https:\/\/kraftwerk-shop.cc\/es\/wp-json\/wp\/v2\/media?parent=68297534"}],"wp:term":[{"taxonomy":"product_brand","embeddable":true,"href":"https:\/\/kraftwerk-shop.cc\/es\/wp-json\/wp\/v2\/product_brand?post=68297534"},{"taxonomy":"product_cat","embeddable":true,"href":"https:\/\/kraftwerk-shop.cc\/es\/wp-json\/wp\/v2\/product_cat?post=68297534"},{"taxonomy":"product_tag","embeddable":true,"href":"https:\/\/kraftwerk-shop.cc\/es\/wp-json\/wp\/v2\/product_tag?post=68297534"}],"curies":[{"name":"wp","href":"https:\/\/api.w.org\/{rel}","templated":true}]}}