{"id":68297640,"date":"2024-01-13T16:42:42","date_gmt":"2024-01-13T15:42:42","guid":{"rendered":"https:\/\/kraftwerk-shop.cc\/?post_type=product&#038;p=68297640"},"modified":"2026-02-15T01:08:01","modified_gmt":"2026-02-15T00:08:01","slug":"bomba-de-aceite-melling-m342","status":"publish","type":"product","link":"https:\/\/kraftwerk-shop.cc\/es\/produkt\/melling-oelpumpe-m342\/","title":{"rendered":"Bomba de aceite Melling 5.7"},"content":{"rendered":"<h1>Bomba de aceite Melling M342 para Chrysler 300C, Dodge Charger, Magnum, Jeep Commander y Grand Cherokee 5.7 hasta 2008<\/h1>\n<p>&nbsp;<\/p>\n<p>La bomba de aceite Melling M521 para motores Chrysler y Dodge 2.7, 3.5 y 4.0 V6 es un producto de alta calidad que ha sido fabricado con la m\u00e1xima precisi\u00f3n y calidad. Cada bomba de aceite Melling se fabrica seg\u00fan las normas t\u00e9cnicas m\u00e1s recientes y utiliza materiales de alta calidad. El uso de la \u00faltima tecnolog\u00eda en dise\u00f1o de engranajes y rotores garantiza un rendimiento y calidad excepcionales.<\/p>\n<p>Los engranajes se fabrican con extrema precisi\u00f3n para garantizar la presi\u00f3n correcta del aceite del motor y el funcionamiento eficaz de la bomba. Las placas de los extremos est\u00e1n rectificadas con precisi\u00f3n para garantizar la m\u00e1xima resistencia al desgaste. Cada bomba de aceite Melling se prueba individualmente para la presi\u00f3n y el flujo en condiciones que coinciden con las condiciones reales de funcionamiento de un motor.<\/p>\n<p>Con la bomba de aceite Melling M342, obtendr\u00e1 un producto que garantiza el m\u00e1ximo rendimiento y fiabilidad. Deposite su confianza en Melling, un fabricante de renombre con muchos a\u00f1os de experiencia en la industria del autom\u00f3vil.<\/p>\n<p>La bomba de aceite M521 es una pieza de recambio est\u00e1ndar con volumen y presi\u00f3n est\u00e1ndar. Fabricada en aluminio, se suministra con una junta. Ideal para el mantenimiento y la reparaci\u00f3n de veh\u00edculos.<\/p>\n<p>&nbsp;<\/p>\n<p><strong>N\u00fameros de comparaci\u00f3n:<\/strong> 53021622AC, 53021622AD, 53021622AE, 53021622AF<\/p>\n<p>&nbsp;<\/p>\n<p><strong>Adecuado para:<\/strong><\/p>\n<table width=\"1172\">\n<tbody>\n<tr>\n<td width=\"179\"><strong>A\u00f1o de construcci\u00f3n<\/strong><\/td>\n<td width=\"220\"><strong>Marca<\/strong><\/td>\n<td width=\"339\"><strong>Modelo<\/strong><\/td>\n<td width=\"171\"><strong>Versi\u00f3n<\/strong><\/td>\n<td width=\"263\"><strong>Motor<\/strong><\/td>\n<\/tr>\n<tr>\n<td width=\"179\">2008<\/td>\n<td width=\"220\">Chrysler<\/td>\n<td width=\"339\">300<\/td>\n<td width=\"171\">C<\/td>\n<td width=\"263\">5.7L<\/td>\n<\/tr>\n<tr>\n<td width=\"179\">2008<\/td>\n<td width=\"220\">Dodge<\/td>\n<td width=\"339\">RAM<\/td>\n<td width=\"171\">1500<\/td>\n<td width=\"263\">5.7L<\/td>\n<\/tr>\n<tr>\n<td width=\"179\">2008<\/td>\n<td width=\"220\">Dodge<\/td>\n<td width=\"339\">Charger<\/td>\n<td width=\"171\">Pursuit, R\/T, SE<\/td>\n<td width=\"263\">5.7L<\/td>\n<\/tr>\n<tr>\n<td width=\"179\">2008<\/td>\n<td width=\"220\">Dodge<\/td>\n<td width=\"339\">Magnum<\/td>\n<td width=\"171\">R\/T<\/td>\n<td width=\"263\">5.7L<\/td>\n<\/tr>\n<tr>\n<td width=\"179\">2008<\/td>\n<td width=\"220\">Dodge<\/td>\n<td width=\"339\">Durango<\/td>\n<td width=\"171\"><\/td>\n<td width=\"263\">5.7L<\/td>\n<\/tr>\n<tr>\n<td width=\"179\">2008<\/td>\n<td width=\"220\">Jeep<\/td>\n<td width=\"339\">Commander<\/td>\n<td width=\"171\">Limited, Overland<\/td>\n<td width=\"263\">5.7L<\/td>\n<\/tr>\n<tr>\n<td width=\"179\">2008<\/td>\n<td width=\"220\">Jeep<\/td>\n<td width=\"339\">Grand Cherokee<\/td>\n<td width=\"171\">Limited, Overland<\/td>\n<td width=\"263\">5.7L<\/td>\n<\/tr>\n<tr>\n<td width=\"179\">2007<\/td>\n<td width=\"220\">Chrysler<\/td>\n<td width=\"339\">300<\/td>\n<td width=\"171\">C<\/td>\n<td width=\"263\">5.7L<\/td>\n<\/tr>\n<tr>\n<td width=\"179\">2007<\/td>\n<td width=\"220\">Dodge<\/td>\n<td width=\"339\">RAM<\/td>\n<td width=\"171\">1500<\/td>\n<td width=\"263\">5.7L<\/td>\n<\/tr>\n<tr>\n<td width=\"179\">2007<\/td>\n<td width=\"220\">Dodge<\/td>\n<td width=\"339\">Charger<\/td>\n<td width=\"171\">Pursuit, R\/T<\/td>\n<td width=\"263\">5.7L<\/td>\n<\/tr>\n<tr>\n<td width=\"179\">2007<\/td>\n<td width=\"220\">Dodge<\/td>\n<td width=\"339\">Magnum<\/td>\n<td width=\"171\">R\/T<\/td>\n<td width=\"263\">5.7L<\/td>\n<\/tr>\n<tr>\n<td width=\"179\">2007<\/td>\n<td width=\"220\">Dodge<\/td>\n<td width=\"339\">Durango<\/td>\n<td width=\"171\"><\/td>\n<td width=\"263\">5.7L<\/td>\n<\/tr>\n<tr>\n<td width=\"179\">2007<\/td>\n<td width=\"220\">Jeep<\/td>\n<td width=\"339\">Commander<\/td>\n<td width=\"171\">Limited, Overland<\/td>\n<td width=\"263\">5.7L<\/td>\n<\/tr>\n<tr>\n<td width=\"179\">2007<\/td>\n<td width=\"220\">Jeep<\/td>\n<td width=\"339\">Grand Cherokee<\/td>\n<td width=\"171\">Limited, Overland<\/td>\n<td width=\"263\">5.7L<\/td>\n<\/tr>\n<tr>\n<td width=\"179\">2006<\/td>\n<td width=\"220\">Chrysler<\/td>\n<td width=\"339\">300<\/td>\n<td width=\"171\">C<\/td>\n<td width=\"263\">5.7L<\/td>\n<\/tr>\n<tr>\n<td width=\"179\">2006<\/td>\n<td width=\"220\">Dodge<\/td>\n<td width=\"339\">RAM<\/td>\n<td width=\"171\">1500<\/td>\n<td width=\"263\">5.7L<\/td>\n<\/tr>\n<tr>\n<td width=\"179\">2006<\/td>\n<td width=\"220\">Dodge<\/td>\n<td width=\"339\">Durango<\/td>\n<td width=\"171\"><\/td>\n<td width=\"263\">5.7L<\/td>\n<\/tr>\n<tr>\n<td width=\"179\">2006<\/td>\n<td width=\"220\">Dodge<\/td>\n<td width=\"339\">Charger<\/td>\n<td width=\"171\">R\/T<\/td>\n<td width=\"263\">5.7L<\/td>\n<\/tr>\n<tr>\n<td width=\"179\">2006<\/td>\n<td width=\"220\">Dodge<\/td>\n<td width=\"339\">Magnum<\/td>\n<td width=\"171\">R\/T<\/td>\n<td width=\"263\">5.7L<\/td>\n<\/tr>\n<tr>\n<td width=\"179\">2006<\/td>\n<td width=\"220\">Jeep<\/td>\n<td width=\"339\">Commander<\/td>\n<td width=\"171\">Limited<\/td>\n<td width=\"263\">5.7L<\/td>\n<\/tr>\n<tr>\n<td width=\"179\">2006<\/td>\n<td width=\"220\">Jeep<\/td>\n<td width=\"339\">Grand Cherokee<\/td>\n<td width=\"171\">Limited, Overland<\/td>\n<td width=\"263\">5.7L<\/td>\n<\/tr>\n<tr>\n<td width=\"179\">2005<\/td>\n<td width=\"220\">Chrysler<\/td>\n<td width=\"339\">300<\/td>\n<td width=\"171\">C<\/td>\n<td width=\"263\">5.7L<\/td>\n<\/tr>\n<tr>\n<td width=\"179\">2005<\/td>\n<td width=\"220\">Dodge<\/td>\n<td width=\"339\">RAM<\/td>\n<td width=\"171\">1500<\/td>\n<td width=\"263\">5.7L<\/td>\n<\/tr>\n<tr>\n<td width=\"179\">2005<\/td>\n<td width=\"220\">Dodge<\/td>\n<td width=\"339\">Magnum<\/td>\n<td width=\"171\">R\/T<\/td>\n<td width=\"263\">5.7L<\/td>\n<\/tr>\n<tr>\n<td width=\"179\">2005<\/td>\n<td width=\"220\">Dodge<\/td>\n<td width=\"339\">Durango<\/td>\n<td width=\"171\"><\/td>\n<td width=\"263\">5.7L<\/td>\n<\/tr>\n<tr>\n<td width=\"179\">2005<\/td>\n<td width=\"220\">Jeep<\/td>\n<td width=\"339\">Grand Cherokee<\/td>\n<td width=\"171\">Limited<\/td>\n<td width=\"263\">5.7L<\/td>\n<\/tr>\n<tr>\n<td width=\"179\">2004<\/td>\n<td width=\"220\">Dodge<\/td>\n<td width=\"339\">RAM<\/td>\n<td width=\"171\">1500<\/td>\n<td width=\"263\">5.7L<\/td>\n<\/tr>\n<tr>\n<td width=\"179\">2004<\/td>\n<td width=\"220\">Dodge<\/td>\n<td width=\"339\">Durango<\/td>\n<td width=\"171\"><\/td>\n<td width=\"263\">5.7L<\/td>\n<\/tr>\n<tr>\n<td width=\"179\">2003<\/td>\n<td width=\"220\">Dodge<\/td>\n<td width=\"339\">RAM<\/td>\n<td width=\"171\">1500<\/td>\n<td width=\"263\">5.7L<\/td>\n<\/tr>\n<\/tbody>\n<\/table>","protected":false},"excerpt":{"rendered":"<p>Melling \u00d6lpumpe M342 f\u00fcr Chrysler 300C, Dodge Charger, Magnum, Jeep Commander und Grand Cherokee 5.7 bis 2008 &nbsp; Die Melling<\/p>","protected":false},"featured_media":68297653,"comment_status":"open","ping_status":"closed","template":"","meta":{"_acf_changed":false},"product_brand":[],"product_cat":[6707,6712,6737,1715,8091,19349,6717,7767],"product_tag":[18455,18456,18183,18182,91,6805,6806,6807,856,54,48,536,94,49,3854,95,63,50,4425,6478,6440,67,64,38],"class_list":{"0":"post-68297640","1":"product","2":"type-product","3":"status-publish","4":"has-post-thumbnail","6":"product_cat-300c-57-2005-2010-oelversorgung","7":"product_cat-charger-57-oelversorgung","8":"product_cat-durango-57-oelversorgung","9":"product_cat-magnum-57-motor","10":"product_cat-magnum-57-oelversorgung","11":"product_cat-commander-57-oelversorgung","12":"product_cat-grand-cherokee-57-2005-2010-oelversorgung","13":"product_cat-1500-57-2003-2008-oelversorgung","14":"product_tag-053021622ac","15":"product_tag-053021622ad","16":"product_tag-053021622ae","17":"product_tag-053021622af","18":"product_tag-5-7","19":"product_tag-53021622ac","20":"product_tag-53021622ad","21":"product_tag-53021622ae","22":"product_tag-53021622af","23":"product_tag-challenger","24":"product_tag-chrysler","25":"product_tag-chrysler-300c","26":"product_tag-commander","27":"product_tag-dodge","28":"product_tag-dodge-charger","29":"product_tag-durango","30":"product_tag-ersatzteile","31":"product_tag-jeep","32":"product_tag-jeep-grand-cherokee","33":"product_tag-m362","34":"product_tag-melling","35":"product_tag-oelpumpe","36":"product_tag-reparatur","37":"product_tag-teile","39":"first","40":"instock","41":"taxable","42":"shipping-taxable","43":"purchasable","44":"product-type-simple"},"bundled_by":[],"bundle_stock_status":"instock","bundle_stock_quantity":1,"bundle_virtual":false,"bundle_layout":"","bundle_add_to_cart_form_location":"","bundle_editable_in_cart":false,"bundle_sold_individually_context":"","bundle_item_grouping":"","bundle_min_size":"","bundle_max_size":"","bundle_price":[],"bundled_items":[],"bundle_sell_ids":[],"exclude_global_add_ons":[],"addons":[],"acf":[],"_links":{"self":[{"href":"https:\/\/kraftwerk-shop.cc\/es\/wp-json\/wp\/v2\/product\/68297640","targetHints":{"allow":["GET"]}}],"collection":[{"href":"https:\/\/kraftwerk-shop.cc\/es\/wp-json\/wp\/v2\/product"}],"about":[{"href":"https:\/\/kraftwerk-shop.cc\/es\/wp-json\/wp\/v2\/types\/product"}],"replies":[{"embeddable":true,"href":"https:\/\/kraftwerk-shop.cc\/es\/wp-json\/wp\/v2\/comments?post=68297640"}],"version-history":[{"count":0,"href":"https:\/\/kraftwerk-shop.cc\/es\/wp-json\/wp\/v2\/product\/68297640\/revisions"}],"wp:featuredmedia":[{"embeddable":true,"href":"https:\/\/kraftwerk-shop.cc\/es\/wp-json\/wp\/v2\/media\/68297653"}],"wp:attachment":[{"href":"https:\/\/kraftwerk-shop.cc\/es\/wp-json\/wp\/v2\/media?parent=68297640"}],"wp:term":[{"taxonomy":"product_brand","embeddable":true,"href":"https:\/\/kraftwerk-shop.cc\/es\/wp-json\/wp\/v2\/product_brand?post=68297640"},{"taxonomy":"product_cat","embeddable":true,"href":"https:\/\/kraftwerk-shop.cc\/es\/wp-json\/wp\/v2\/product_cat?post=68297640"},{"taxonomy":"product_tag","embeddable":true,"href":"https:\/\/kraftwerk-shop.cc\/es\/wp-json\/wp\/v2\/product_tag?post=68297640"}],"curies":[{"name":"wp","href":"https:\/\/api.w.org\/{rel}","templated":true}]}}