{"id":68298262,"date":"2024-02-14T10:36:53","date_gmt":"2024-02-14T09:36:53","guid":{"rendered":"https:\/\/kraftwerk-shop.cc\/?post_type=product&#038;p=68298262"},"modified":"2026-04-10T16:27:19","modified_gmt":"2026-04-10T14:27:19","slug":"bmr-stb019-strut-brace-chevrolet-camaro","status":"publish","type":"product","link":"https:\/\/kraftwerk-shop.cc\/es\/produkt\/bmr-stb019-domstrebe-chevrolet-camaro\/","title":{"rendered":"BMR strut brace Chevrolet Camaro V8 (front)"},"content":{"rendered":"<h1>BMR STB019 strut brace (front) for Chevrolet Camaro<\/h1>\n<p>&nbsp;<\/p>\n<p>El chasis del Chevrolet Camaro se retuerce considerablemente, incluso con cargas bajas.<br \/>\nLos tirantes de puntal BMR est\u00e1n fabricados con tubos de alta resistencia y placas de acero cortadas con l\u00e1ser para reforzar el bastidor y el chasis.<br \/>\nEste dise\u00f1o de dos puntos conecta firmemente las torres de suspensi\u00f3n delanteras y proporciona m\u00e1s estabilidad a toda la carrocer\u00eda delantera y a la suspensi\u00f3n.<br \/>\nLa abrazadera de puntal BMR STB019 se atornilla a 100%. Esto significa que se puede montar f\u00e1cilmente con herramientas manuales simples y no se requiere soldadura.<\/p>\n<p>&nbsp;<\/p>\n<ul>\n<li>Soldadura MIG completa<\/li>\n<li>Incluye todos los soportes y herrajes necesarios<\/li>\n<li>Desarrollado para aplicaciones de calle, drag race y handling<\/li>\n<li>Durabilidad y calidad probadas<\/li>\n<li>Fabricados con los mejores materiales y calidad<\/li>\n<li>Disponible en rojo y negro<\/li>\n<\/ul>\n<p>&nbsp;<\/p>\n<p><strong>Adecuado para:<\/strong><\/p>\n<table width=\"498\">\n<tbody>\n<tr>\n<td width=\"114\"><strong>Marca<\/strong><\/td>\n<td width=\"121\"><strong>Modelo<\/strong><\/td>\n<td width=\"122\"><strong>Motor<\/strong><\/td>\n<td width=\"141\"><strong>A\u00f1o de construcci\u00f3n<\/strong><\/td>\n<\/tr>\n<tr>\n<td width=\"114\">Chevrolet<\/td>\n<td width=\"121\">Camaro<\/td>\n<td width=\"122\">V8<\/td>\n<td width=\"141\">2016-2023<\/td>\n<\/tr>\n<\/tbody>\n<\/table>\n<p>&nbsp;<\/p>\n<p><strong>Notas:<\/strong><\/p>\n<ul>\n<li>Se adapta a <strong>no<\/strong> para veh\u00edculos ZL1, V6 y 4 cilindros turbo<\/li>\n<li>Se adapta a <strong>no<\/strong> para sistemas de compresores reequipados<\/li>\n<\/ul>","protected":false},"excerpt":{"rendered":"<p>2016-2023<br \/>\nrojo \/ negro<\/p>","protected":false},"featured_media":68298275,"comment_status":"open","ping_status":"closed","template":"","meta":{"_acf_changed":false},"product_brand":[],"product_cat":[3078],"product_tag":[101,3760,191,189,6366,743,2934,222,6360,767,769,3891,6830,194,3850,6361,841],"class_list":{"0":"post-68298262","1":"product","2":"type-product","3":"status-publish","4":"has-post-thumbnail","6":"product_cat-camaro-62-2016-fahrwerk","7":"product_tag-6-2","8":"product_tag-bmr","9":"product_tag-camaro","10":"product_tag-chevrolet","11":"product_tag-domstrebe","12":"product_tag-fahrwerk","13":"product_tag-harder","14":"product_tag-kit","15":"product_tag-rahmen","16":"product_tag-stabi","17":"product_tag-stabilisator","18":"product_tag-stabilisatoren","19":"product_tag-stb019","20":"product_tag-v8","21":"product_tag-versteifung","22":"product_tag-vertaerkung","23":"product_tag-vorne","24":"product_shipping_class-paket-l","26":"first","27":"onbackorder","28":"taxable","29":"shipping-taxable","30":"purchasable","31":"product-type-variable"},"bundled_by":[],"bundle_stock_status":"onbackorder","bundle_stock_quantity":0,"bundle_virtual":false,"bundle_layout":"","bundle_add_to_cart_form_location":"","bundle_editable_in_cart":false,"bundle_sold_individually_context":"","bundle_item_grouping":"","bundle_min_size":"","bundle_max_size":"","bundle_price":[],"bundled_items":[],"bundle_sell_ids":[],"exclude_global_add_ons":[],"addons":[],"acf":[],"_links":{"self":[{"href":"https:\/\/kraftwerk-shop.cc\/es\/wp-json\/wp\/v2\/product\/68298262","targetHints":{"allow":["GET"]}}],"collection":[{"href":"https:\/\/kraftwerk-shop.cc\/es\/wp-json\/wp\/v2\/product"}],"about":[{"href":"https:\/\/kraftwerk-shop.cc\/es\/wp-json\/wp\/v2\/types\/product"}],"replies":[{"embeddable":true,"href":"https:\/\/kraftwerk-shop.cc\/es\/wp-json\/wp\/v2\/comments?post=68298262"}],"version-history":[{"count":0,"href":"https:\/\/kraftwerk-shop.cc\/es\/wp-json\/wp\/v2\/product\/68298262\/revisions"}],"wp:featuredmedia":[{"embeddable":true,"href":"https:\/\/kraftwerk-shop.cc\/es\/wp-json\/wp\/v2\/media\/68298275"}],"wp:attachment":[{"href":"https:\/\/kraftwerk-shop.cc\/es\/wp-json\/wp\/v2\/media?parent=68298262"}],"wp:term":[{"taxonomy":"product_brand","embeddable":true,"href":"https:\/\/kraftwerk-shop.cc\/es\/wp-json\/wp\/v2\/product_brand?post=68298262"},{"taxonomy":"product_cat","embeddable":true,"href":"https:\/\/kraftwerk-shop.cc\/es\/wp-json\/wp\/v2\/product_cat?post=68298262"},{"taxonomy":"product_tag","embeddable":true,"href":"https:\/\/kraftwerk-shop.cc\/es\/wp-json\/wp\/v2\/product_tag?post=68298262"}],"curies":[{"name":"wp","href":"https:\/\/api.w.org\/{rel}","templated":true}]}}