{"id":68298347,"date":"2024-02-18T00:30:05","date_gmt":"2024-02-17T23:30:05","guid":{"rendered":"https:\/\/kraftwerk-shop.cc\/?post_type=product&#038;p=68298347"},"modified":"2026-02-15T01:08:12","modified_gmt":"2026-02-15T00:08:12","slug":"hawk-performance-lts-pastillas-de-freno-ram","status":"publish","type":"product","link":"https:\/\/kraftwerk-shop.cc\/es\/produkt\/hawk-performance-lts-bremsbelaege-ram\/","title":{"rendered":"Pastillas de freno Hawk Performance LTS RAM (922Y.765)"},"content":{"rendered":"<h1>Hawk Performance LTS <span class=\"sku\">922Y.765<\/span> Pastillas de freno para RAM 3.0 EcoDiesel, 3.6, 5.7 y 6.2 TRX (eje delantero) a partir de 2019<\/h1>\n<p>&nbsp;<\/p>\n<p><strong>Hawk Performance LTS<\/strong><\/p>\n<p>Sabemos que las pastillas de freno convencionales para coches ya no son suficientes para los camiones de hoy en d\u00eda.<br \/>\nNuestro compuesto para pastillas de freno LTS (Light Truck and SUV) mejora dr\u00e1sticamente la potencia de frenado y la resistencia al desvanecimiento de su veh\u00edculo. Tambi\u00e9n supera a la competencia en t\u00e9rminos de desgaste de discos y pastillas de freno.<br \/>\nEl compuesto LTS ofrece un rendimiento de frenado superior y una mayor vida \u00fatil de las pastillas sin generar excesivo ruido ni polvo.<br \/>\nEl material de fricci\u00f3n de ferro-carbono LTS desarrollado por expertos en pastillas de freno para camiones es la elecci\u00f3n \u00f3ptima de pastilla para su RAM.<br \/>\nEspere 20-40% m\u00e1s potencia de frenado en comparaci\u00f3n con las pastillas de recambio convencionales.<\/p>\n<p>&nbsp;<\/p>\n<p><strong>Recomendaci\u00f3n<\/strong><\/p>\n<p>El Hawk LTS es una buena elecci\u00f3n para el RAM si su principal objetivo es aumentar el rendimiento de frenado en lugar de minimizar el polvo de freno.<br \/>\nEl compuesto LTS es relativamente limpio, pero produce algo de polvo de freno en comparaci\u00f3n con el Hawk Ceramic.<br \/>\nEl rendimiento del LTS es mejor que el del Hawk Ceramic y el HPS, pero no tan bueno como el del SuperDuty.<br \/>\nPara remolques frecuentes, se recomienda el Hawk SuperDuty en lugar del LTS, ya que el compuesto SuperDuty tiene un rango de temperatura mucho mayor para hacer frente a las altas temperaturas que se alcanzan durante el remolque.<br \/>\nSi no remolca a menudo, el LTS es la mejor opci\u00f3n.<\/p>\n<p>&nbsp;<\/p>\n<p><strong>Hawk LTS Propiedades del compuesto:<\/strong><\/p>\n<ul>\n<li>Mordida inicial fuerte y equilibrada, caliente o fr\u00eda<\/li>\n<li>Excelente resistencia a la suciedad<\/li>\n<li>Mezcla de ferrocarbono<\/li>\n<li>Baja generaci\u00f3n de polvo<\/li>\n<li>Excelente vida \u00fatil de las pastillas y los discos de freno<\/li>\n<li>37-370\u00b0C Temperatura de funcionamiento<\/li>\n<li>37-370\u00b0C Temperatura \u00f3ptima<\/li>\n<\/ul>\n<p>&nbsp;<\/p>\n<p>N\u00famero de equipo original (s\u00f3lo a efectos comparativos): \u00a0<span class=\"list-value\">68520814AA<\/span>, <span class=\"list-value\">68520814AB<\/span>, 68520814AC, 68520814AC, 68412557AA, 68412557AB, 68412557AC, 68412557AD, 68412557AE<br \/>\nAutorizaci\u00f3n: no<\/p>\n<p>Lugar de montaje: Eje delantero<\/p>\n<p>&nbsp;<\/p>\n<p><strong>Adecuado para:<\/strong><\/p>\n<table width=\"596\">\n<tbody>\n<tr>\n<td width=\"114\"><strong>Marca<\/strong><\/td>\n<td width=\"121\"><strong>Modelo<\/strong><\/td>\n<td width=\"122\"><strong>Motor<\/strong><\/td>\n<td width=\"141\"><strong>A\u00f1o de construcci\u00f3n<\/strong><\/td>\n<td width=\"98\"><strong>C\u00f3digo de freno<\/strong><\/td>\n<\/tr>\n<tr>\n<td width=\"114\">RAM<\/td>\n<td width=\"121\">1500<\/td>\n<td width=\"122\">3.0 EcoDiesel<\/td>\n<td width=\"141\">2002 - 2023<\/td>\n<td>BNN<\/td>\n<\/tr>\n<tr>\n<td width=\"114\">RAM<\/td>\n<td width=\"121\">1500<\/td>\n<td width=\"122\">3.6<\/td>\n<td width=\"141\">2019-2024<\/td>\n<td>BNN<\/td>\n<\/tr>\n<tr>\n<td width=\"114\">RAM<\/td>\n<td width=\"121\">1500<\/td>\n<td width=\"122\">5.7<\/td>\n<td width=\"141\">2019-2024<\/td>\n<td>BNN<\/td>\n<\/tr>\n<tr>\n<td width=\"114\">RAM<\/td>\n<td width=\"121\">1500<\/td>\n<td width=\"122\">6.2 TRX<\/td>\n<td width=\"141\">2020-2024<\/td>\n<td>BNN<\/td>\n<\/tr>\n<\/tbody>\n<\/table>\n<p>&nbsp;<\/p>\n<p><strong>Volumen de suministro: <\/strong><\/p>\n<p>- 1 juego de pastillas de freno (922Y.765) para el eje delantero<\/p>","protected":false},"excerpt":{"rendered":"<p>2019-2024<\/p>","protected":false},"featured_media":68298354,"comment_status":"open","ping_status":"closed","template":"","meta":{"_acf_changed":false},"product_brand":[17621],"product_cat":[19406,19677,5012,4704],"product_tag":[475,4721,4722,4723,4724,4725,6773,4702,6833,1046,590,795,840,1070,6834,7614,36,6835,86,3507,3518,970,592,2353,2139,842,841,673,2135,2137],"class_list":{"0":"post-68298347","1":"product","2":"type-product","3":"status-publish","4":"has-post-thumbnail","6":"product_brand-hawk-performance","7":"product_cat-1500-ecodiesel-2020-2023-bremsen-vorne","8":"product_cat-1500-36-dt-bremsen-vorne","9":"product_cat-1500-57-dt-bremsen-vorne","10":"product_cat-trx-bremsen-vorne","11":"product_tag-475","12":"product_tag-68412557aa","13":"product_tag-68412557ab","14":"product_tag-68412557ac","15":"product_tag-68412557ad","16":"product_tag-68412557ae","17":"product_tag-68520814ab","18":"product_tag-68520814ac","19":"product_tag-922y-765","20":"product_tag-abe","21":"product_tag-bremsbelaege","22":"product_tag-bremse","23":"product_tag-bremskloetze","24":"product_tag-hawk","25":"product_tag-hawk-performance","26":"product_tag-hawk10","27":"product_tag-kraftwerk","28":"product_tag-lts","29":"product_tag-ram","30":"product_tag-ram1500","31":"product_tag-sportbremsbelag","32":"product_tag-sportbremsbelaege","33":"product_tag-sportbremse","34":"product_tag-trx","35":"product_tag-tuev","36":"product_tag-vorderachse","37":"product_tag-vorne","38":"product_tag-zubehoer","39":"product_tag-zubehoerbremsbelaege","40":"product_tag-zulassung","41":"product_shipping_class-deutschlandohne","43":"first","44":"instock","45":"taxable","46":"shipping-taxable","47":"purchasable","48":"product-type-simple"},"bundled_by":[],"bundle_stock_status":"instock","bundle_stock_quantity":2,"bundle_virtual":false,"bundle_layout":"","bundle_add_to_cart_form_location":"","bundle_editable_in_cart":false,"bundle_sold_individually_context":"","bundle_item_grouping":"","bundle_min_size":"","bundle_max_size":"","bundle_price":[],"bundled_items":[],"bundle_sell_ids":[],"exclude_global_add_ons":[],"addons":[],"acf":[],"_links":{"self":[{"href":"https:\/\/kraftwerk-shop.cc\/es\/wp-json\/wp\/v2\/product\/68298347","targetHints":{"allow":["GET"]}}],"collection":[{"href":"https:\/\/kraftwerk-shop.cc\/es\/wp-json\/wp\/v2\/product"}],"about":[{"href":"https:\/\/kraftwerk-shop.cc\/es\/wp-json\/wp\/v2\/types\/product"}],"replies":[{"embeddable":true,"href":"https:\/\/kraftwerk-shop.cc\/es\/wp-json\/wp\/v2\/comments?post=68298347"}],"version-history":[{"count":0,"href":"https:\/\/kraftwerk-shop.cc\/es\/wp-json\/wp\/v2\/product\/68298347\/revisions"}],"wp:featuredmedia":[{"embeddable":true,"href":"https:\/\/kraftwerk-shop.cc\/es\/wp-json\/wp\/v2\/media\/68298354"}],"wp:attachment":[{"href":"https:\/\/kraftwerk-shop.cc\/es\/wp-json\/wp\/v2\/media?parent=68298347"}],"wp:term":[{"taxonomy":"product_brand","embeddable":true,"href":"https:\/\/kraftwerk-shop.cc\/es\/wp-json\/wp\/v2\/product_brand?post=68298347"},{"taxonomy":"product_cat","embeddable":true,"href":"https:\/\/kraftwerk-shop.cc\/es\/wp-json\/wp\/v2\/product_cat?post=68298347"},{"taxonomy":"product_tag","embeddable":true,"href":"https:\/\/kraftwerk-shop.cc\/es\/wp-json\/wp\/v2\/product_tag?post=68298347"}],"curies":[{"name":"wp","href":"https:\/\/api.w.org\/{rel}","templated":true}]}}