{"id":68298614,"date":"2024-02-26T12:55:16","date_gmt":"2024-02-26T11:55:16","guid":{"rendered":"https:\/\/kraftwerk-shop.cc\/?post_type=product&#038;p=68298614"},"modified":"2026-03-20T16:08:41","modified_gmt":"2026-03-20T15:08:41","slug":"mbrp-s5143409-amortiguador-de-sonido-ram","status":"publish","type":"product","link":"https:\/\/kraftwerk-shop.cc\/es\/produkt\/mbrp-s5143409-schalldaempfer-ram\/","title":{"rendered":"MBRP silenciador Street Profile RAM 1500 5.7"},"content":{"rendered":"<h1>Silenciador MBRP Street Profile para RAM 1500 5.7 (2019 - 2024)<\/h1>\n<p>&nbsp;<\/p>\n<p>Si desea mejorar el sonido del sistema de escape de su RAM, no tiene que sustituir todo el sistema.<br \/>\nTambi\u00e9n puede utilizar simplemente este silenciador MBRP, que est\u00e1 hecho de acero T409 de alta resistencia.<\/p>\n<p>El \"perfil de calle\" ofrece un tono m\u00e1s profundo al ralent\u00ed y a velocidad de crucero. El sonido solo se vuelve agresivo al acelerar bruscamente.<\/p>\n<p>La instalaci\u00f3n del silenciador MBRP es simple y no requiere soldadura o perforaci\u00f3n en su veh\u00edculo. Cada sistema utiliza los puntos de montaje existentes.<\/p>\n<p>&nbsp;<\/p>\n<p>&nbsp;<\/p>\n<p><strong>El silenciador MBRP S5143409 es adecuado para los siguientes modelos:<br \/>\n<\/strong><\/p>\n<table width=\"437\">\n<tbody>\n<tr>\n<td width=\"122\"><strong>Marca<\/strong><\/td>\n<td width=\"136\"><strong>Modelo<\/strong><\/td>\n<td width=\"96\"><strong>Motor<\/strong><\/td>\n<td width=\"83\"><strong>A\u00f1o de construcci\u00f3n<\/strong><\/td>\n<\/tr>\n<tr>\n<td>RAM<\/td>\n<td>1500<\/td>\n<td>5.7<\/td>\n<td>2019-2024<\/td>\n<\/tr>\n<\/tbody>\n<\/table>\n<p><strong>Atenci\u00f3n: no se ajusta a RAM 1500 Classic<\/strong><\/p>\n<p>&nbsp;<\/p>\n<p><iframe loading=\"lazy\" title=\"MBRP S5143409 Silenciador central RAM 1500 HEMI\" src=\"https:\/\/www.youtube.com\/embed\/_8X-mmVfr-I\" width=\"882\" height=\"496\" frameborder=\"0\" allowfullscreen=\"allowfullscreen\"><\/iframe><\/p>\n<p><iframe loading=\"lazy\" title=\"MBRP S5143409 Silenciador RAM 1500 HEMI\" src=\"https:\/\/www.youtube.com\/embed\/0DIT-e8pKCI\" width=\"882\" height=\"496\" frameborder=\"0\" allowfullscreen=\"allowfullscreen\"><\/iframe><\/p>\n<p><strong>Volumen de suministro:<\/strong><\/p>\n<ul>\n<li>1 x Silenciador MBRP S5143409 Street Profile<\/li>\n<\/ul>\n<p>&nbsp;<\/p>","protected":false},"excerpt":{"rendered":"<p>2019-2024<\/p>","protected":false},"featured_media":68298620,"comment_status":"open","ping_status":"closed","template":"","meta":{"_acf_changed":false},"product_brand":[17169],"product_cat":[6623],"product_tag":[213,214,176,177,165,248,249,250,251,252,419,420,2066,2373,4526,6297,20996,20993,20994,20991,20995,20992,20988,20903,20901,20902,7809,16564,16401,20925,20924,20928,20929,20930,20927,20926,20931,20977,20978,20979,20980,20981,20982,20983,20984,20985,20986,20945,20944,20943,20942,20987,2934,20990,20273,2931,20966,20970,20964,20898,20965,14213,20959,20960,20968,19500,16040,15591,20900,20961,18073,20897,20969,20967,15645,20447,20899,20963,20962,20448,6855,20904,86,20971,20972,20973,20974,20975,20976,20907,20908,20909,20911,20912,20910,12752,20958,20946,20957,20956,20954,20906,20955,12753,20953,11376,15441,15537,20934,15426,11396,16417,20940,20939,20941,15454,15566,20947,16282,20937,20913,20914,20915,20917,20918,20916,11380,15435,20935,16318,11384,15438,19494,20950,15601,15458,11388,15444,20936,15594,20952,16024,16025,12755,11392,15450,15549,20932,20933,13323,20938,15570,20948,20951,20919,20920,20921,20923,20922,14768,16316,20949,20896,20895,7536,7535,15425,20894,1041,20905,20989],"class_list":{"0":"post-68298614","1":"product","2":"type-product","3":"status-publish","4":"has-post-thumbnail","6":"product_brand-mbrp","7":"product_cat-1500-57-dt-abgasanlage-catback","8":"product_tag-213","9":"product_tag-214","10":"product_tag-176","11":"product_tag-177","12":"product_tag-165","13":"product_tag-248","14":"product_tag-249","15":"product_tag-250","16":"product_tag-251","17":"product_tag-252","18":"product_tag-419","19":"product_tag-420","20":"product_tag-2066","21":"product_tag-2373","22":"product_tag-4526","23":"product_tag-6297","24":"product_tag-5-7-hemi-auspuff-kaufen","25":"product_tag-5-7-hemi-cat-back","26":"product_tag-5-7-hemi-exhaust","27":"product_tag-5-7-hemi-sound","28":"product_tag-5-7-hemi-sportauspuff","29":"product_tag-5-7-hemi-tuning","30":"product_tag-american-truck-auspuff","31":"product_tag-auspuffanlage-ram-1500","32":"product_tag-cat-back-auspuff-ram-1500","33":"product_tag-cat-back-exhaust-ram-1500","34":"product_tag-dodge-ram-1500","35":"product_tag-dodge-ram-1500-5-7","36":"product_tag-dodge-ram-1500-auspuff","37":"product_tag-dodge-ram-1500-cat-back","38":"product_tag-dodge-ram-1500-exhaust","39":"product_tag-dodge-ram-1500-hemi","40":"product_tag-dodge-ram-1500-hemi-auspuff","41":"product_tag-dodge-ram-1500-hemi-exhaust","42":"product_tag-dodge-ram-1500-sportauspuff","43":"product_tag-dodge-ram-1500-tuning","44":"product_tag-dodge-ram-1500-v8-auspuff","45":"product_tag-dodge-ram-2009-auspuff","46":"product_tag-dodge-ram-2010-auspuff","47":"product_tag-dodge-ram-2011-auspuff","48":"product_tag-dodge-ram-2012-auspuff","49":"product_tag-dodge-ram-2013-auspuff","50":"product_tag-dodge-ram-2014-auspuff","51":"product_tag-dodge-ram-2015-auspuff","52":"product_tag-dodge-ram-2016-auspuff","53":"product_tag-dodge-ram-2017-auspuff","54":"product_tag-dodge-ram-2018-auspuff","55":"product_tag-dodge-ram-auspuff-deutschland","56":"product_tag-dodge-ram-cat-back-kaufen","57":"product_tag-dodge-ram-hemi-auspuff-kaufen","58":"product_tag-dodge-ram-hemi-sound","59":"product_tag-dodge-ram-pickup-auspuff","60":"product_tag-harder","61":"product_tag-hemi-v8-sound","62":"product_tag-keintuev","63":"product_tag-mbrp","64":"product_tag-mbrp-3-zoll-rohr","65":"product_tag-mbrp-3-year-warranty","66":"product_tag-mbrp-aluminized","67":"product_tag-mbrp-armor-lite","68":"product_tag-mbrp-armor-lite-kaufen","69":"product_tag-mbrp-auspuff","70":"product_tag-mbrp-auspuff-kaufen-deutschland","71":"product_tag-mbrp-auspuff-preis","72":"product_tag-mbrp-bolt-on-auspuff","73":"product_tag-mbrp-cat-back","74":"product_tag-mbrp-dodge-ram","75":"product_tag-mbrp-dual-rear-exit","76":"product_tag-mbrp-dual-side-exit","77":"product_tag-mbrp-edelstahl-auspuff","78":"product_tag-mbrp-exhaust","79":"product_tag-mbrp-hemi","80":"product_tag-mbrp-lifetime-warranty","81":"product_tag-mbrp-mandrel-bent","82":"product_tag-mbrp-ram-1500","83":"product_tag-mbrp-single-side-exit","84":"product_tag-mbrp-street-profile","85":"product_tag-mbrp-t304","86":"product_tag-mbrp-t409","87":"product_tag-mbrp-tour-profile","88":"product_tag-mbrps5143409","89":"product_tag-performance-auspuff-ram-1500","90":"product_tag-ram","91":"product_tag-ram-1500-2019-auspuff","92":"product_tag-ram-1500-2020-auspuff","93":"product_tag-ram-1500-2021-auspuff","94":"product_tag-ram-1500-2022-auspuff","95":"product_tag-ram-1500-2023-auspuff","96":"product_tag-ram-1500-2024-auspuff","97":"product_tag-ram-1500-5-7-auspuff","98":"product_tag-ram-1500-5-7-cat-back","99":"product_tag-ram-1500-5-7-exhaust","100":"product_tag-ram-1500-5-7-sound","101":"product_tag-ram-1500-5-7-sportauspuff","102":"product_tag-ram-1500-5-7-tuning","103":"product_tag-ram-1500-auspuff","104":"product_tag-ram-1500-auspuff-aluminiert","105":"product_tag-ram-1500-auspuff-deutschland","106":"product_tag-ram-1500-auspuff-edelstahl","107":"product_tag-ram-1500-auspuff-einbauen","108":"product_tag-ram-1500-auspuff-endrohr","109":"product_tag-ram-1500-auspuff-kaufen","110":"product_tag-ram-1500-auspuff-tauschen","111":"product_tag-ram-1500-auspuffanlage","112":"product_tag-ram-1500-auspuffklang-verbessern","113":"product_tag-ram-1500-big-horn","114":"product_tag-ram-1500-big-horn-auspuff","115":"product_tag-ram-1500-big-horn-cat-back","116":"product_tag-ram-1500-big-horn-exhaust","117":"product_tag-ram-1500-cat-back","118":"product_tag-ram-1500-classic","119":"product_tag-ram-1500-classic-auspuff","120":"product_tag-ram-1500-classic-cat-back","121":"product_tag-ram-1500-classic-exhaust","122":"product_tag-ram-1500-classic-tuning","123":"product_tag-ram-1500-crew-cab-auspuff","124":"product_tag-ram-1500-exhaust","125":"product_tag-ram-1500-exhaust-kaufen","126":"product_tag-ram-1500-express","127":"product_tag-ram-1500-express-auspuff","128":"product_tag-ram-1500-hemi-auspuff","129":"product_tag-ram-1500-hemi-cat-back","130":"product_tag-ram-1500-hemi-exhaust","131":"product_tag-ram-1500-hemi-sound","132":"product_tag-ram-1500-hemi-sportauspuff","133":"product_tag-ram-1500-hemi-tuning","134":"product_tag-ram-1500-laramie","135":"product_tag-ram-1500-laramie-auspuff","136":"product_tag-ram-1500-laramie-exhaust","137":"product_tag-ram-1500-laramie-longhorn-auspuff","138":"product_tag-ram-1500-limited","139":"product_tag-ram-1500-limited-auspuff","140":"product_tag-ram-1500-performance","141":"product_tag-ram-1500-performance-teile","142":"product_tag-ram-1500-pickup-auspuff","143":"product_tag-ram-1500-quad-cab-auspuff","144":"product_tag-ram-1500-rebel","145":"product_tag-ram-1500-rebel-auspuff","146":"product_tag-ram-1500-rebel-exhaust","147":"product_tag-ram-1500-sound-upgrade","148":"product_tag-ram-1500-soundtuning","149":"product_tag-ram-1500-sport","150":"product_tag-ram-1500-sport-auspuff","151":"product_tag-ram-1500-sportauspuff","152":"product_tag-ram-1500-tradesman","153":"product_tag-ram-1500-tradesman-auspuff","154":"product_tag-ram-1500-tradesman-cat-back","155":"product_tag-ram-1500-tradesman-exhaust","156":"product_tag-ram-1500-tradesman-tuning","157":"product_tag-ram-1500-trx","158":"product_tag-ram-1500-trx-auspuff","159":"product_tag-ram-1500-tuning","160":"product_tag-ram-1500-tuningteile-deutschland","161":"product_tag-ram-1500-umbau","162":"product_tag-ram-1500-v8-auspuff","163":"product_tag-ram-1500-v8-cat-back","164":"product_tag-ram-1500-v8-exhaust","165":"product_tag-ram-1500-v8-sportauspuff","166":"product_tag-ram-1500-v8-tuning","167":"product_tag-ram-1500-warlock","168":"product_tag-ram-1500-warlock-auspuff","169":"product_tag-ram-1500-zubehoer","170":"product_tag-s5108409","171":"product_tag-s5144al","172":"product_tag-s5146304","173":"product_tag-s5146al","174":"product_tag-s5152al","175":"product_tag-s5153al","176":"product_tag-sport","177":"product_tag-sportauspuff-ram-1500","178":"product_tag-us-truck-auspuff","179":"product_shipping_class-paket-l","181":"first","182":"instock","183":"taxable","184":"shipping-taxable","185":"purchasable","186":"product-type-simple"},"bundled_by":[],"bundle_stock_status":"instock","bundle_stock_quantity":2,"bundle_virtual":false,"bundle_layout":"","bundle_add_to_cart_form_location":"","bundle_editable_in_cart":false,"bundle_sold_individually_context":"","bundle_item_grouping":"","bundle_min_size":"","bundle_max_size":"","bundle_price":[],"bundled_items":[],"bundle_sell_ids":[],"exclude_global_add_ons":[],"addons":[],"acf":[],"_links":{"self":[{"href":"https:\/\/kraftwerk-shop.cc\/es\/wp-json\/wp\/v2\/product\/68298614","targetHints":{"allow":["GET"]}}],"collection":[{"href":"https:\/\/kraftwerk-shop.cc\/es\/wp-json\/wp\/v2\/product"}],"about":[{"href":"https:\/\/kraftwerk-shop.cc\/es\/wp-json\/wp\/v2\/types\/product"}],"replies":[{"embeddable":true,"href":"https:\/\/kraftwerk-shop.cc\/es\/wp-json\/wp\/v2\/comments?post=68298614"}],"version-history":[{"count":0,"href":"https:\/\/kraftwerk-shop.cc\/es\/wp-json\/wp\/v2\/product\/68298614\/revisions"}],"wp:featuredmedia":[{"embeddable":true,"href":"https:\/\/kraftwerk-shop.cc\/es\/wp-json\/wp\/v2\/media\/68298620"}],"wp:attachment":[{"href":"https:\/\/kraftwerk-shop.cc\/es\/wp-json\/wp\/v2\/media?parent=68298614"}],"wp:term":[{"taxonomy":"product_brand","embeddable":true,"href":"https:\/\/kraftwerk-shop.cc\/es\/wp-json\/wp\/v2\/product_brand?post=68298614"},{"taxonomy":"product_cat","embeddable":true,"href":"https:\/\/kraftwerk-shop.cc\/es\/wp-json\/wp\/v2\/product_cat?post=68298614"},{"taxonomy":"product_tag","embeddable":true,"href":"https:\/\/kraftwerk-shop.cc\/es\/wp-json\/wp\/v2\/product_tag?post=68298614"}],"curies":[{"name":"wp","href":"https:\/\/api.w.org\/{rel}","templated":true}]}}