{"id":68299073,"date":"2024-03-10T00:41:24","date_gmt":"2024-03-09T23:41:24","guid":{"rendered":"https:\/\/kraftwerk-shop.cc\/?post_type=product&#038;p=68299073"},"modified":"2026-02-15T01:08:46","modified_gmt":"2026-02-15T00:08:46","slug":"pastillas-de-freno-powerstop-z26-1718-corvette-c7","status":"publish","type":"product","link":"https:\/\/kraftwerk-shop.cc\/es\/produkt\/powerstop-z26-1718-bremsbelaege-corvette-c7\/","title":{"rendered":"PowerStop Z26 Pastillas de freno Extreme Street Corvette C7"},"content":{"rendered":"<h1>PowerStop Pastillas de freno para Chevrolet Corvette C7 (eje trasero)<\/h1>\n<p>&nbsp;<\/p>\n<p>PowerStop se ha propuesto ofrecer a todos los conductores una forma sencilla y asequible de mejorar sus frenos, independientemente de d\u00f3nde y c\u00f3mo utilicen su veh\u00edculo.<br \/>\nLas pastillas de freno cer\u00e1micas de fibra de carbono PowerStop Z26 Street Warrior se desarrollaron como una mejora de los frenos de serie para reducir el polvo y el ruido de frenado en los muscle cars y veh\u00edculos de altas prestaciones.<br \/>\nEstas pastillas de freno est\u00e1n fabricadas con una f\u00f3rmula cer\u00e1mica de bajo contenido en polvo intercalada con fibras de carbono para reforzar el compuesto y garantizar un rendimiento de frenado extremo en las condiciones m\u00e1s exigentes.<br \/>\nLas pastillas de freno Z26 se suministran con material de fijaci\u00f3n de acero inoxidable de alta calidad y lubricante de frenos cer\u00e1mico, lo que facilita el trabajo de frenado.<br \/>\nUtilice las pastillas de freno cer\u00e1micas Z26 Street Warrior para dar a su C7 Chevrolet Corvette la potencia de frenado extrema que se merece.<\/p>\n<p>&nbsp;<\/p>\n<p><strong>Caracter\u00edsticas del Z26 Extreme Street Performance Carbon - Pastillas de freno cer\u00e1micas:<\/strong><\/p>\n<ul>\n<li>Gran reducci\u00f3n de la formaci\u00f3n de polvo en los frenos<\/li>\n<li>Adecuado para un estilo de conducci\u00f3n especialmente deportivo<\/li>\n<li>Incluye pasta de montaje y kit de torniller\u00eda de acero inoxidable<\/li>\n<\/ul>\n<p>&nbsp;<\/p>\n<p><strong>N\u00fameros de comparaci\u00f3n de GM: <\/strong>84732503, 85113995, 22847818<\/p>\n<p>&nbsp;<\/p>\n<p><strong>Adecuado para:<\/strong><\/p>\n<table width=\"403\">\n<tbody>\n<tr>\n<td width=\"67\">Chevrolet<\/td>\n<td width=\"116\">Corvette C7<\/td>\n<td width=\"123\">Z06<\/td>\n<td width=\"97\">2014-2019<\/td>\n<\/tr>\n<tr>\n<td width=\"67\">Chevrolet<\/td>\n<td width=\"116\">Corvette C7<\/td>\n<td width=\"123\">Grand Sport<\/td>\n<td width=\"97\">2017-2019<\/td>\n<\/tr>\n<\/tbody>\n<\/table>\n<p>&nbsp;<\/p>\n<p>El precio se refiere a 1 juego para el eje trasero completo.<\/p>","protected":false},"excerpt":{"rendered":"<p>PowerStop Bremsbel\u00e4ge f\u00fcr Chevrolet Corvette C7 (Hinterachse) &nbsp; PowerStop hat es sich zur Aufgabe gemacht, jedem Fahrer eine einfache und<\/p>","protected":false},"featured_media":68299077,"comment_status":"open","ping_status":"closed","template":"","meta":{"_acf_changed":false},"product_brand":[],"product_cat":[3129],"product_tag":[6880,101,6878,6879,832,838,590,795,839,840,3087,189,281,692,4379,798,799,36,953,954,2445,283,1190,6877,673],"class_list":{"0":"post-68299073","1":"product","2":"type-product","3":"status-publish","4":"has-post-thumbnail","6":"product_cat-corvette-c7-bremsen-hinten","7":"product_tag-6880","8":"product_tag-6-2","9":"product_tag-6878","10":"product_tag-6879","11":"product_tag-brembo","12":"product_tag-bremsbelag","13":"product_tag-bremsbelaege","14":"product_tag-bremse","15":"product_tag-bremsklotz","16":"product_tag-bremskloetze","17":"product_tag-c7","18":"product_tag-chevrolet","19":"product_tag-corvette","20":"product_tag-ersatzteil","21":"product_tag-grand-sport","22":"product_tag-hinten","23":"product_tag-hinterachse","24":"product_tag-kraftwerk","25":"product_tag-power-stop","26":"product_tag-powerstop","27":"product_tag-powerstop-pads","28":"product_tag-z06","29":"product_tag-z26","30":"product_tag-z26-1718","31":"product_tag-zubehoer","33":"first","34":"instock","35":"taxable","36":"shipping-taxable","37":"purchasable","38":"product-type-simple"},"bundled_by":[],"bundle_stock_status":"instock","bundle_stock_quantity":1,"bundle_virtual":false,"bundle_layout":"","bundle_add_to_cart_form_location":"","bundle_editable_in_cart":false,"bundle_sold_individually_context":"","bundle_item_grouping":"","bundle_min_size":"","bundle_max_size":"","bundle_price":[],"bundled_items":[],"bundle_sell_ids":[],"exclude_global_add_ons":[],"addons":[],"acf":[],"_links":{"self":[{"href":"https:\/\/kraftwerk-shop.cc\/es\/wp-json\/wp\/v2\/product\/68299073","targetHints":{"allow":["GET"]}}],"collection":[{"href":"https:\/\/kraftwerk-shop.cc\/es\/wp-json\/wp\/v2\/product"}],"about":[{"href":"https:\/\/kraftwerk-shop.cc\/es\/wp-json\/wp\/v2\/types\/product"}],"replies":[{"embeddable":true,"href":"https:\/\/kraftwerk-shop.cc\/es\/wp-json\/wp\/v2\/comments?post=68299073"}],"version-history":[{"count":0,"href":"https:\/\/kraftwerk-shop.cc\/es\/wp-json\/wp\/v2\/product\/68299073\/revisions"}],"wp:featuredmedia":[{"embeddable":true,"href":"https:\/\/kraftwerk-shop.cc\/es\/wp-json\/wp\/v2\/media\/68299077"}],"wp:attachment":[{"href":"https:\/\/kraftwerk-shop.cc\/es\/wp-json\/wp\/v2\/media?parent=68299073"}],"wp:term":[{"taxonomy":"product_brand","embeddable":true,"href":"https:\/\/kraftwerk-shop.cc\/es\/wp-json\/wp\/v2\/product_brand?post=68299073"},{"taxonomy":"product_cat","embeddable":true,"href":"https:\/\/kraftwerk-shop.cc\/es\/wp-json\/wp\/v2\/product_cat?post=68299073"},{"taxonomy":"product_tag","embeddable":true,"href":"https:\/\/kraftwerk-shop.cc\/es\/wp-json\/wp\/v2\/product_tag?post=68299073"}],"curies":[{"name":"wp","href":"https:\/\/api.w.org\/{rel}","templated":true}]}}