{"id":68299616,"date":"2024-03-30T00:20:38","date_gmt":"2024-03-29T23:20:38","guid":{"rendered":"https:\/\/kraftwerk-shop.cc\/?post_type=product&#038;p=68299616"},"modified":"2026-03-06T12:38:24","modified_gmt":"2026-03-06T11:38:24","slug":"bbk-cuerpo-del-acelerador-85mm-jeep-grand-cherokee","status":"publish","type":"product","link":"https:\/\/kraftwerk-shop.cc\/es\/produkt\/bbk-85mm-drosselklappe-jeep-grand-cherokee\/","title":{"rendered":"BBK Cuerpo del acelerador 85 mm Jeep Grand Cherokee 5.7, 6.1 y 6.4"},"content":{"rendered":"<h1>Cuerpo del acelerador BBK de 85 mm para Jeep Grand Cherokee 5.7, 6.1 y 6.4<\/h1>\n<p>&nbsp;<\/p>\n<p>El di\u00e1metro de 85 mm del cuerpo del acelerador BBK para los modelos Jeep Grand Cherokee 5.7, 6.1 y 6.4 es el mayor que se puede montar sin trabajos adicionales en el colector de admisi\u00f3n de serie.<br \/>\nCon una mayor permeabilidad al aire y un comportamiento de respuesta mejorado, supera las prestaciones del cuerpo del acelerador original del Jeep Grand Cherokee.<br \/>\nFabricados en fundici\u00f3n de aluminio 356 de alta calidad y mecanizados mediante CNC, los cuerpos del acelerador BBK Hemi ofrecen una calidad OEM y una precisi\u00f3n de ajuste perfectas. Est\u00e1n equipados con rodamientos y juntas t\u00f3ricas de doble sellado para garantizar un funcionamiento \u00f3ptimo.<br \/>\nAdecuado tanto para veh\u00edculos de serie como para veh\u00edculos con prestaciones mejoradas, incluidas las conversiones de sobrealimentaci\u00f3n.<\/p>\n<p>&nbsp;<\/p>\n<p>&nbsp;<\/p>\n<p><strong>Adecuado para:<\/strong><\/p>\n<table width=\"376\">\n<tbody>\n<tr>\n<td width=\"83\"><strong>Marca<\/strong><\/td>\n<td width=\"127\"><strong>Modelo<\/strong><\/td>\n<td width=\"83\"><strong>Motor<\/strong><\/td>\n<td width=\"83\"><strong>A\u00f1o de construcci\u00f3n<\/strong><\/td>\n<\/tr>\n<tr>\n<td>Jeep<\/td>\n<td>Grand Cherokee<\/td>\n<td>5.7<\/td>\n<td>2005-2022<\/td>\n<\/tr>\n<tr>\n<td>Jeep<\/td>\n<td>Grand Cherokee<\/td>\n<td>6.1<\/td>\n<td>2006-2010<\/td>\n<\/tr>\n<tr>\n<td>Jeep<\/td>\n<td>Grand Cherokee<\/td>\n<td>6.4<\/td>\n<td>2011-2021<\/td>\n<\/tr>\n<tr>\n<td>Jeep<\/td>\n<td>Grand Wagoneer<\/td>\n<td>6.4<\/td>\n<td>2022-2023<\/td>\n<\/tr>\n<\/tbody>\n<\/table>\n<p>&nbsp;<\/p>\n<p>Aseg\u00farese de seleccionar el a\u00f1o de fabricaci\u00f3n correcto, ya que existen dos variantes diferentes.<br \/>\nLa primera variante se instal\u00f3 hasta 2012, la segunda desde 2013.<\/p>\n<p>Si no est\u00e1 seguro, compare la cuerpo del acelerador de su veh\u00edculo con esta imagen para ver si encaja la variante hasta 2012 o a partir de 2013:<\/p>\n<p><img decoding=\"async\" class=\"aligncenter wp-image-68256549\" src=\"https:\/\/kraftwerk-shop.cc\/wp-content\/uploads\/2021\/09\/Drosselklappe-Zuordnung-1-300x286.jpg\" alt=\"Asignaci\u00f3n de la v\u00e1lvula de mariposa Chrysler, Dodge, Jeep\" width=\"450\" height=\"429\" \/><\/p>","protected":false},"excerpt":{"rendered":"<p>BBK 85 mm Drosselklappe f\u00fcr Jeep Grand Cherokee 5.7, 6.1 und 6.4 &nbsp; Der Durchmesser von 85 mm der BBK<\/p>","protected":false},"featured_media":68275126,"comment_status":"open","ping_status":"closed","template":"","meta":{"_acf_changed":false},"product_brand":[17174],"product_cat":[4798,2500,2499,2518,6784],"product_tag":[2790,2791,91,92,93,183,1388,3365,158,56,6545,159,160,126,50,4425,36,184,186,96],"class_list":{"0":"post-68299616","1":"product","2":"type-product","3":"status-publish","4":"has-post-thumbnail","6":"product_brand-bbk","7":"product_cat-grand-cherokee-57-2005-2010-ansaugung","8":"product_cat-grand-cherokee-57-2011-2021-ansaugung","9":"product_cat-grand-cherokee-61-ansaugung","10":"product_cat-grand-cherokee-64-ansaugung","11":"product_cat-wagoneer-64-ansaugung","12":"product_tag-2790","13":"product_tag-2791","14":"product_tag-5-7","15":"product_tag-6-1","16":"product_tag-6-4","17":"product_tag-183","18":"product_tag-bbk","19":"product_tag-bbkdk","20":"product_tag-drosselklappe","21":"product_tag-grand-cherokee","22":"product_tag-grand-wagoneer","23":"product_tag-gross","24":"product_tag-groesser","25":"product_tag-hemi","26":"product_tag-jeep","27":"product_tag-jeep-grand-cherokee","28":"product_tag-kraftwerk","29":"product_tag-mm","30":"product_tag-performance","31":"product_tag-srt","33":"first","34":"instock","35":"taxable","36":"shipping-taxable","37":"purchasable","38":"product-type-variable"},"bundled_by":[],"bundle_stock_status":"instock","bundle_stock_quantity":2,"bundle_virtual":false,"bundle_layout":"","bundle_add_to_cart_form_location":"","bundle_editable_in_cart":false,"bundle_sold_individually_context":"","bundle_item_grouping":"","bundle_min_size":"","bundle_max_size":"","bundle_price":[],"bundled_items":[],"bundle_sell_ids":[],"exclude_global_add_ons":[],"addons":[],"acf":[],"_links":{"self":[{"href":"https:\/\/kraftwerk-shop.cc\/es\/wp-json\/wp\/v2\/product\/68299616","targetHints":{"allow":["GET"]}}],"collection":[{"href":"https:\/\/kraftwerk-shop.cc\/es\/wp-json\/wp\/v2\/product"}],"about":[{"href":"https:\/\/kraftwerk-shop.cc\/es\/wp-json\/wp\/v2\/types\/product"}],"replies":[{"embeddable":true,"href":"https:\/\/kraftwerk-shop.cc\/es\/wp-json\/wp\/v2\/comments?post=68299616"}],"version-history":[{"count":0,"href":"https:\/\/kraftwerk-shop.cc\/es\/wp-json\/wp\/v2\/product\/68299616\/revisions"}],"wp:featuredmedia":[{"embeddable":true,"href":"https:\/\/kraftwerk-shop.cc\/es\/wp-json\/wp\/v2\/media\/68275126"}],"wp:attachment":[{"href":"https:\/\/kraftwerk-shop.cc\/es\/wp-json\/wp\/v2\/media?parent=68299616"}],"wp:term":[{"taxonomy":"product_brand","embeddable":true,"href":"https:\/\/kraftwerk-shop.cc\/es\/wp-json\/wp\/v2\/product_brand?post=68299616"},{"taxonomy":"product_cat","embeddable":true,"href":"https:\/\/kraftwerk-shop.cc\/es\/wp-json\/wp\/v2\/product_cat?post=68299616"},{"taxonomy":"product_tag","embeddable":true,"href":"https:\/\/kraftwerk-shop.cc\/es\/wp-json\/wp\/v2\/product_tag?post=68299616"}],"curies":[{"name":"wp","href":"https:\/\/api.w.org\/{rel}","templated":true}]}}