{"id":68299685,"date":"2024-03-30T21:26:28","date_gmt":"2024-03-30T20:26:28","guid":{"rendered":"https:\/\/kraftwerk-shop.cc\/?post_type=product&#038;p=68299685"},"modified":"2026-03-13T14:21:28","modified_gmt":"2026-03-13T13:21:28","slug":"ebc-discos-de-freno-dodge-charger-srt-hellcat","status":"publish","type":"product","link":"https:\/\/kraftwerk-shop.cc\/es\/produkt\/ebc-bremsscheiben-dodge-charger-srt-hellcat\/","title":{"rendered":"Discos de freno EBC Swept-Groove Charger SRT y Hellcat"},"content":{"rendered":"<h1>Discos de freno EBC Swept-Groove High-Carbon para Charger SRT y Hellcat de 2015 a 2020 (390mm)<\/h1>\n<p>&nbsp;<\/p>\n<ul>\n<li>Construcci\u00f3n totalmente flotante de 2 piezas contra da\u00f1os por calor en condiciones extremas<\/li>\n<li>Cierres de acero inoxidable de una pieza con muelle para evitar el traqueteo<\/li>\n<li>Cubo negro de aluminio especial endurecido y resistente a la deformaci\u00f3n<\/li>\n<li>Ranuras curvadas del anillo de fricci\u00f3n para eliminar eficazmente el polvo y los gases de frenado<\/li>\n<li>Anillos de fricci\u00f3n reemplazables de aleaci\u00f3n especial de alto contenido en carbono G3500<\/li>\n<\/ul>\n<p>&nbsp;<\/p>\n<p><strong>N\u00fameros de comparaci\u00f3n Mopar:<\/strong> 68184587AE (antiguas referencias 68184587AA, 68184587AB, 68184587AC, 68184587AD)<\/p>\n<p>Lugar de instalaci\u00f3n: frontal<\/p>\n<p>R90: En preparaci\u00f3n<\/p>\n<p>&nbsp;<\/p>\n<p><strong>Adecuado para:<\/strong><\/p>\n<table width=\"745\">\n<tbody>\n<tr>\n<td width=\"83\"><strong>Marca<\/strong><\/td>\n<td width=\"83\"><strong>Modelo<\/strong><\/td>\n<td width=\"143\"><strong>Motor<\/strong><\/td>\n<td width=\"436\"><strong>Variante<\/strong><\/td>\n<\/tr>\n<tr>\n<td width=\"83\">Dodge<\/td>\n<td width=\"83\">Charger<\/td>\n<td width=\"143\">6.4 SRT<\/td>\n<td width=\"436\">2015 - 2020 con discos de freno de 390 mm<\/td>\n<\/tr>\n<tr>\n<td width=\"83\">Dodge<\/td>\n<td width=\"83\">Charger<\/td>\n<td width=\"143\">6.2 Hellcat<\/td>\n<td width=\"436\">2015 - 2020<\/td>\n<\/tr>\n<\/tbody>\n<\/table>\n<p><strong>\u00a0<\/strong><\/p>\n<p>&nbsp;<\/p>\n<p><strong>Volumen de suministro: <\/strong><\/p>\n<p>- 2 discos de freno EBC Swept-Groove (SG2F017) para el eje delantero<\/p>\n<p>&nbsp;<\/p>\n<div id=\"Inhalt_Element\">\n<div id=\"Inhalt_Element\">\n<p align=\"center\">\n<\/div>\n<div id=\"Inhalt_Element\">\n<p>.<\/p>\n<\/div>\n<div id=\"Inhalt_Element\">\n<h2 align=\"center\">Vista general de los componentes individuales del disco de ranura de barrido de 2 piezas<\/h2>\n<h3 align=\"center\">Anillos de fricci\u00f3n de aleaci\u00f3n de fundici\u00f3n G3500<\/h3>\n<p align=\"center\"><img decoding=\"async\" id=\"image_left2\" class=\"alignnone\" src=\"https:\/\/ebc-brakes.de\/pics\/disc-1.jpg\" alt=\"Fijaciones de acero inoxidable SD-Drive\u2122\" width=\"686\" height=\"805\" \/><\/p>\n<\/div>\n<div id=\"Inhalt_Element\">\n<p>La aleaci\u00f3n de los discos de freno ofrece una mejor conductividad t\u00e9rmica y es m\u00e1s resistente a las cargas t\u00e9rmicas. Esto es importante para obtener el m\u00e1ximo rendimiento y vida \u00fatil de los discos de freno de su Dodge Charger SRT \/ Hellcat, tanto en carretera como en circuito.<\/p>\n<p>Los discos de freno de 2 piezas EBC Brakes Racing han resistido cientos de horas de rigurosas pruebas en circuito. Sin embargo, los discos no son s\u00f3lo un producto perfecto para la pista de carreras. Caracter\u00edsticas como cubos anodizados, torniller\u00eda de acero inoxidable combinada con cubos anodizados, torniller\u00eda de montaje de acero inoxidable y pinzas de muelle \"anti-rattle\" de acero inoxidable aseguran que los discos de freno EBC Racing son tambi\u00e9n la elecci\u00f3n perfecta para aquellos que conducen su veh\u00edculo tanto en circuito como en carreteras p\u00fablicas.<\/p>\n<p>&nbsp;<\/p>\n<p>&nbsp;<\/p>\n<\/div>\n<div id=\"Inhalt_Element\">\n<h3 align=\"center\">48 conductos de aire curvados<\/h3>\n<p align=\"center\"><img decoding=\"async\" id=\"image_left2\" src=\"https:\/\/ebc-brakes.de\/pics\/swept1.jpg\" \/><\/p>\n<p align=\"left\">Todos los anillos de fricci\u00f3n tienen 48 conductos de aire curvados y est\u00e1n alineados a derecha e izquierda para garantizar que los conductos de aire del disco de freno proporcionen siempre el m\u00e1ximo efecto de refrigeraci\u00f3n posible. En muchos veh\u00edculos modernos, los conductos de aire giran en la direcci\u00f3n equivocada, lo que provoca una mayor temperatura del disco de freno y una temperatura desequilibrada entre los discos de freno derecho e izquierdo.<\/p>\n<p>En estos casos, muchos fabricantes OEM lamentablemente sacrifican importantes prestaciones en favor del ahorro en costes de utillaje y moldes, y en lugar de producir un disco derecho y otro izquierdo, s\u00f3lo producen un tipo de disco para ambos lados. Este es tambi\u00e9n el caso de los Dodge Charger SRT y Hellcat - los discos de freno originales de Mopar tienen el mismo n\u00famero de referencia a la izquierda y a la derecha.<\/p>\n<p>&nbsp;<\/p>\n<p align=\"center\">\n<\/div>\n<div id=\"Inhalt_Element\">\n<h3 align=\"center\">Tapacubos de aluminio conforme a la norma de aviaci\u00f3n<\/h3>\n<p align=\"center\"><img decoding=\"async\" id=\"image_left2\" src=\"https:\/\/ebc-brakes.de\/pics\/hub_final_3.jpg\" \/><\/p>\n<div id=\"Inhalt_Element\">\n<p>Los cubos de los discos de freno EBC Brakes Racing de 2 piezas se fabrican con absoluta precisi\u00f3n a partir de piezas brutas de aluminio que cumplen las especificaciones de la norma aeron\u00e1utica para garantizar la mayor resistencia posible con el menor peso posible. Tras la producci\u00f3n, todos los bujes reciben un revestimiento anodizado negro, que garantiza un aspecto de alta calidad y resistencia a la corrosi\u00f3n.<\/p>\n<\/div>\n<div id=\"Inhalt_Element\">\n<h3 align=\"center\"><\/h3>\n<h3 align=\"center\">Fijaciones de acero inoxidable SD-Drive\u2122<\/h3>\n<p align=\"center\"><img decoding=\"async\" id=\"image_left2\" src=\"https:\/\/ebc-brakes.de\/pics\/bobbin.jpg\" \/><\/p>\n<div id=\"Inhalt_Element\">\n<p>Uno de los componentes m\u00e1s peque\u00f1os pero m\u00e1s innovadores utilizados en la producci\u00f3n de nuestros discos de freno totalmente flotantes de 2 piezas es el elemento de uni\u00f3n SD-Drive\u2122 de acero inoxidable. Por razones de coste, la mayor\u00eda de nuestros competidores utilizan elementos de fijaci\u00f3n fabricados en acero y posteriormente galvanizados. Cada elemento de fijaci\u00f3n SD-Drive\u2122 se fabrica a partir de una sola pieza de acero inoxidable, lo que significa que no se producir\u00e1n problemas de corrosi\u00f3n.<\/p>\n<p>Las fijaciones de acero inoxidable no s\u00f3lo son una ventaja visual, sino que tambi\u00e9n garantizan que el anillo de fricci\u00f3n no se agarrote y, por lo tanto, pr\u00e1cticamente no requiera mantenimiento, sea totalmente flotante durante toda su vida \u00fatil y pueda expandirse radialmente bajo carga t\u00e9rmica.<\/p>\n<p>A menudo nos enfrentamos a la afirmaci\u00f3n de que los discos de freno flotantes solo deben utilizarse en circuito y no en la v\u00eda p\u00fablica. Sin embargo, nuestros innovadores elementos de conexi\u00f3n de acero inoxidable SD-Drive\u2122 permiten utilizar nuestros discos de freno de 2 piezas en la carretera sin un mayor mantenimiento, incluso en pa\u00edses con condiciones meteorol\u00f3gicas desfavorables y donde las carreteras sucias son la norma.<\/p>\n<p>Adem\u00e1s, se utiliza un clip de muelle de acero inoxidable para cada elemento de conexi\u00f3n, lo que evita que los discos \"traqueteen\". Esto garantiza que los discos de freno EBC Brakes Racing funcionen de forma absolutamente silenciosa y puedan utilizarse en la v\u00eda p\u00fablica sin el \"traqueteo\" que puede producirse con los discos de 2 piezas.<\/p>\n<p>Los elementos de uni\u00f3n SD-Drive\u2122 funcionan seg\u00fan el principio de flotaci\u00f3n, lo que significa que cualquier dilataci\u00f3n y contracci\u00f3n de los anillos de fricci\u00f3n que se produzca durante el funcionamiento s\u00f3lo ocurre en el propio anillo de fricci\u00f3n y no se transfiere a la carcasa del cubo. Esto permite seguir utilizando los elementos de uni\u00f3n junto con el cubo de aluminio si es necesario sustituir el anillo de fricci\u00f3n.<\/p>\n<\/div>\n<\/div>\n<\/div>\n<\/div>\n<div id=\"Inhalt_Element\">\n<div id=\"Inhalt_Element\">\n<div id=\"Inhalt_Element\">\n<p>&nbsp;<\/p>\n<\/div>\n<\/div>\n<\/div>","protected":false},"excerpt":{"rendered":"<p><span style=\"font-size: 16px;\">Discos de freno de 390 mm, 2 piezas, 2015 - 2020<br \/>\n(1 par)<br \/>\n<\/span><\/p>\n<p>&nbsp;<\/p>","protected":false},"featured_media":68299699,"comment_status":"open","ping_status":"closed","template":"","meta":{"_acf_changed":false},"product_brand":[16875],"product_cat":[17761,17765],"product_tag":[2324,936,938,937,939,940,795,796,53,49,3854,964,2442,16877,16876,16878,692,942,941,100,36,31,794,1130,797,96,842,841,673],"class_list":{"0":"post-68299685","1":"product","2":"type-product","3":"status-publish","4":"has-post-thumbnail","6":"product_brand-ebc-brakes","7":"product_cat-charger-hellcat-bremsscheiben-vorne","8":"product_cat-charger-64-bremsscheiben-vorne","9":"product_tag-68184587aa","10":"product_tag-68184587ab","11":"product_tag-68184587ac","12":"product_tag-68184587ad","13":"product_tag-68184587ae","14":"product_tag-aftermarket","15":"product_tag-bremse","16":"product_tag-bremsscheibe","17":"product_tag-charger","18":"product_tag-dodge","19":"product_tag-dodge-charger","20":"product_tag-ebc","21":"product_tag-ebc-brakes","22":"product_tag-ebc-bremsbelaege","23":"product_tag-ebc-bremsen","24":"product_tag-ebc-bremsscheiben","25":"product_tag-ersatzteil","26":"product_tag-gelocht","27":"product_tag-geschlitzt","28":"product_tag-hellcat","29":"product_tag-kraftwerk","30":"product_tag-mopar","31":"product_tag-premium","32":"product_tag-sg2f017","33":"product_tag-sportbremsscheibe","34":"product_tag-srt","35":"product_tag-vorderachse","36":"product_tag-vorne","37":"product_tag-zubehoer","39":"first","40":"instock","41":"taxable","42":"shipping-taxable","43":"purchasable","44":"product-type-simple"},"bundled_by":[],"bundle_stock_status":"instock","bundle_stock_quantity":1,"bundle_virtual":false,"bundle_layout":"","bundle_add_to_cart_form_location":"","bundle_editable_in_cart":false,"bundle_sold_individually_context":"","bundle_item_grouping":"","bundle_min_size":"","bundle_max_size":"","bundle_price":[],"bundled_items":[],"bundle_sell_ids":[],"exclude_global_add_ons":[],"addons":[],"acf":[],"_links":{"self":[{"href":"https:\/\/kraftwerk-shop.cc\/es\/wp-json\/wp\/v2\/product\/68299685","targetHints":{"allow":["GET"]}}],"collection":[{"href":"https:\/\/kraftwerk-shop.cc\/es\/wp-json\/wp\/v2\/product"}],"about":[{"href":"https:\/\/kraftwerk-shop.cc\/es\/wp-json\/wp\/v2\/types\/product"}],"replies":[{"embeddable":true,"href":"https:\/\/kraftwerk-shop.cc\/es\/wp-json\/wp\/v2\/comments?post=68299685"}],"version-history":[{"count":0,"href":"https:\/\/kraftwerk-shop.cc\/es\/wp-json\/wp\/v2\/product\/68299685\/revisions"}],"wp:featuredmedia":[{"embeddable":true,"href":"https:\/\/kraftwerk-shop.cc\/es\/wp-json\/wp\/v2\/media\/68299699"}],"wp:attachment":[{"href":"https:\/\/kraftwerk-shop.cc\/es\/wp-json\/wp\/v2\/media?parent=68299685"}],"wp:term":[{"taxonomy":"product_brand","embeddable":true,"href":"https:\/\/kraftwerk-shop.cc\/es\/wp-json\/wp\/v2\/product_brand?post=68299685"},{"taxonomy":"product_cat","embeddable":true,"href":"https:\/\/kraftwerk-shop.cc\/es\/wp-json\/wp\/v2\/product_cat?post=68299685"},{"taxonomy":"product_tag","embeddable":true,"href":"https:\/\/kraftwerk-shop.cc\/es\/wp-json\/wp\/v2\/product_tag?post=68299685"}],"curies":[{"name":"wp","href":"https:\/\/api.w.org\/{rel}","templated":true}]}}