{"id":68300410,"date":"2024-04-21T15:17:01","date_gmt":"2024-04-21T13:17:01","guid":{"rendered":"https:\/\/kraftwerk-shop.cc\/?post_type=product&#038;p=68300410"},"modified":"2026-02-15T01:09:10","modified_gmt":"2026-02-15T00:09:10","slug":"jlt-cold-air-intake-charger-hellcat","status":"publish","type":"product","link":"https:\/\/kraftwerk-shop.cc\/es\/produkt\/jlt-cold-air-intake-charger-hellcat\/","title":{"rendered":"JLT Admisi\u00f3n de aire fr\u00edo Charger Hellcat"},"content":{"rendered":"<h1>JLT Sistema de admisi\u00f3n de aire fr\u00edo CAI-75-5196 para Dodge Charger Hellcat 2017 - 2020<\/h1>\n<p>&nbsp;<\/p>\n<p><strong>Filtro de aire grande<\/strong><br \/>\nEl filtro de aire de generosas dimensiones permite un mayor flujo de aire que el filtro est\u00e1ndar.<br \/>\nEl elemento filtrante del aire est\u00e1 compuesto por material filtrante de algod\u00f3n, que se humedece con un aceite filtrante especial y puede lavarse. Esto maximiza la capacidad y el rendimiento del filtro.<\/p>\n<p><strong>Colector de admisi\u00f3n<\/strong><br \/>\nEl tubo de admisi\u00f3n est\u00e1 hecho de pl\u00e1stico rotomoldeado con una enorme abertura de filtro de 5\u2033 para un flujo de aire superior y SIN acumulaci\u00f3n de calor como con los tubos de metal.<br \/>\nCon una abertura de 4,5\u2033 en el extremo de la v\u00e1lvula de mariposa, tambi\u00e9n es adecuado para v\u00e1lvulas de mariposa m\u00e1s grandes.<\/p>\n<p><strong>Carcasa del filtro de aire<br \/>\n<\/strong>La carcasa de pl\u00e1stico del filtro de aire a\u00edsla al m\u00e1ximo la admisi\u00f3n del calor emitido por el motor. De este modo se evita eficazmente que el aire caliente sea aspirado desde el compartimento del motor.<\/p>\n<p>&nbsp;<\/p>\n<p><strong>Material de instalaci\u00f3n de alta calidad<\/strong><\/p>\n<ul>\n<li>Colector de admisi\u00f3n de pl\u00e1stico moldeado JLT Roto<\/li>\n<li>Reductor de silicona<\/li>\n<li>Filtro de aire 5\u00d77 S&amp;B Powerstack<\/li>\n<li>Caja del filtro de aire<\/li>\n<li>Abrazaderas HD, todas las piezas necesarias<\/li>\n<\/ul>\n<p>&nbsp;<\/p>\n<p><strong>detalles<\/strong><\/p>\n<p>- + 30 - 35 CV de aumento de potencia m\u00e1xima (especificaci\u00f3n del fabricante)<br \/>\n- Carcasa del filtro de aire con soportes para montaje directo<br \/>\n- Filtro de aire Pro 10R preengrasado, lavable y reutilizable para un rendimiento m\u00e1ximo<\/p>\n<p>&nbsp;<\/p>\n<p><strong>Adecuado para:<\/strong><\/p>\n<table width=\"588\">\n<tbody>\n<tr>\n<td width=\"83\"><strong>A\u00f1o de construcci\u00f3n<\/strong><\/td>\n<td width=\"83\"><strong>Marca<\/strong><\/td>\n<td width=\"179\"><strong>Modelo<\/strong><\/td>\n<td width=\"160\"><strong>Variante<\/strong><\/td>\n<td width=\"83\"><strong>Motor<\/strong><\/td>\n<\/tr>\n<tr>\n<td width=\"83\">2017 - 2020<\/td>\n<td width=\"83\">Dodge<\/td>\n<td width=\"179\">Charger<\/td>\n<td width=\"160\">Hellcat<\/td>\n<td width=\"83\">V8 6.2 L<\/td>\n<\/tr>\n<\/tbody>\n<\/table>\n<p>&nbsp;<\/p>\n<p><iframe loading=\"lazy\" title=\"Instalaci\u00f3n de admisi\u00f3n de aire fr\u00edo JLT para 2017-23 Charger Hellcat y 2017-23 Challenger Hellcat\" width=\"500\" height=\"281\" src=\"https:\/\/www.youtube.com\/embed\/THSkq2WQCb0?feature=oembed\" frameborder=\"0\" allow=\"accelerometer; autoplay; clipboard-write; encrypted-media; gyroscope; picture-in-picture; web-share\" referrerpolicy=\"strict-origin-when-cross-origin\" allowfullscreen><\/iframe><\/p>\n<p>&nbsp;<\/p>\n<p>JLT tomas de aire fr\u00edo para el Dodge Charger Hellcat est\u00e1n dise\u00f1ados para minimizar las restricciones de flujo de aire y aumentar el flujo de aire mucho mejor que su sistema de valores. El tubo de admisi\u00f3n est\u00e1 hecho de pl\u00e1stico rotomoldeado con una gran abertura del filtro para el flujo de aire excelente y no se calienta como los tubos de metal com\u00fanmente utilizados por otros fabricantes.<br \/>\nEl filtro de aire est\u00e1 hecho a medida para un flujo de aire superligero y r\u00e1pido y tiene pliegues grandes y profundos para una mayor superficie que los filtros de otros fabricantes que parecen mucho m\u00e1s grandes.<br \/>\nEl escudo t\u00e9rmico de pl\u00e1stico ABS bloquea el calor del motor al ralent\u00ed y a bajas revoluciones. Utiliza una gran superficie para asegurar que el filtro recibe la mayor cantidad de aire fr\u00edo posible y utiliza la toma de aire fresco de f\u00e1brica para mantener las temperaturas frescas.<br \/>\n\u00a1Mejore el rendimiento de su Dodge Charger Hellcat con una de las entradas de aire fr\u00edo de JLT!<\/p>","protected":false},"excerpt":{"rendered":"<p>2017 - 2020<\/p>","protected":false},"featured_media":68300415,"comment_status":"open","ping_status":"closed","template":"","meta":{"_acf_changed":false},"product_brand":[17168],"product_cat":[2515],"product_tag":[826,824,6934,53,825,49,3854,100,1094,1093,2444,20273,57,151,500],"class_list":{"0":"post-68300410","1":"product","2":"type-product","3":"status-publish","4":"has-post-thumbnail","6":"product_brand-jlt","7":"product_cat-charger-hellcat-ansaugung","8":"product_tag-ansaugung","9":"product_tag-cai","10":"product_tag-cai-75-5196","11":"product_tag-charger","12":"product_tag-cold-air-intake","13":"product_tag-dodge","14":"product_tag-dodge-charger","15":"product_tag-hellcat","16":"product_tag-intake","17":"product_tag-jlt","18":"product_tag-jlt-performance","19":"product_tag-keintuev","20":"product_tag-luftfilter","21":"product_tag-redeye","22":"product_tag-sportluftfilter","24":"first","25":"instock","26":"taxable","27":"shipping-taxable","28":"purchasable","29":"product-type-simple"},"bundled_by":[],"bundle_stock_status":"instock","bundle_stock_quantity":3,"bundle_virtual":false,"bundle_layout":"","bundle_add_to_cart_form_location":"","bundle_editable_in_cart":false,"bundle_sold_individually_context":"","bundle_item_grouping":"","bundle_min_size":"","bundle_max_size":"","bundle_price":[],"bundled_items":[],"bundle_sell_ids":[],"exclude_global_add_ons":[],"addons":[],"acf":[],"_links":{"self":[{"href":"https:\/\/kraftwerk-shop.cc\/es\/wp-json\/wp\/v2\/product\/68300410","targetHints":{"allow":["GET"]}}],"collection":[{"href":"https:\/\/kraftwerk-shop.cc\/es\/wp-json\/wp\/v2\/product"}],"about":[{"href":"https:\/\/kraftwerk-shop.cc\/es\/wp-json\/wp\/v2\/types\/product"}],"replies":[{"embeddable":true,"href":"https:\/\/kraftwerk-shop.cc\/es\/wp-json\/wp\/v2\/comments?post=68300410"}],"version-history":[{"count":0,"href":"https:\/\/kraftwerk-shop.cc\/es\/wp-json\/wp\/v2\/product\/68300410\/revisions"}],"wp:featuredmedia":[{"embeddable":true,"href":"https:\/\/kraftwerk-shop.cc\/es\/wp-json\/wp\/v2\/media\/68300415"}],"wp:attachment":[{"href":"https:\/\/kraftwerk-shop.cc\/es\/wp-json\/wp\/v2\/media?parent=68300410"}],"wp:term":[{"taxonomy":"product_brand","embeddable":true,"href":"https:\/\/kraftwerk-shop.cc\/es\/wp-json\/wp\/v2\/product_brand?post=68300410"},{"taxonomy":"product_cat","embeddable":true,"href":"https:\/\/kraftwerk-shop.cc\/es\/wp-json\/wp\/v2\/product_cat?post=68300410"},{"taxonomy":"product_tag","embeddable":true,"href":"https:\/\/kraftwerk-shop.cc\/es\/wp-json\/wp\/v2\/product_tag?post=68300410"}],"curies":[{"name":"wp","href":"https:\/\/api.w.org\/{rel}","templated":true}]}}