{"id":68300677,"date":"2024-04-23T12:03:32","date_gmt":"2024-04-23T10:03:32","guid":{"rendered":"https:\/\/kraftwerk-shop.cc\/?post_type=product&#038;p=68300677"},"modified":"2026-02-15T01:09:22","modified_gmt":"2026-02-15T00:09:22","slug":"mbrp-s7211blk-escape-ford-mustang-gt","status":"publish","type":"product","link":"https:\/\/kraftwerk-shop.cc\/es\/produkt\/mbrp-s7211blk-auspuff-ford-mustang-gt\/","title":{"rendered":"MBRP Race Profile Escape Axle-Back para Ford Mustang GT \/ Mach 1 \/ Bullitt"},"content":{"rendered":"<h1>MBRP S7211BLK Race Profile Axle-Back Auspuffanlage f\u00fcr Ford Mustang GT \/ Mach 1 \/ Bullitt<\/h1>\n<div class=\"flex flex-grow flex-col max-w-full\">\n<div class=\"min-h-[20px] text-message flex flex-col items-start gap-3 whitespace-pre-wrap break-words [.text-message+&amp;]:mt-5 overflow-x-auto\" dir=\"auto\" data-message-author-role=\"assistant\" data-message-id=\"9fc9f00c-dfb0-4207-b5fa-528319ca60b6\">\n<div class=\"markdown prose w-full break-words dark:prose-invert light\">\n<p>&nbsp;<\/p>\n<p>Der MBRP Sportauspuff entfesselt das volle Leistungspotenzial Ihres Fahrzeugs und verbessert das Drehmoment, w\u00e4hrend er Ihrem Mustang eine schnellere, gleichm\u00e4\u00dfigere und lautere Fahrt verleiht.<\/p>\n<p>Jede MBRP Auspuffanlage ist pr\u00e4zise abgestimmt und entwickelt, um Ihrem Fahrzeug maximale Leistung zu bieten. Hergestellt aus robustem aluminisiertem Stahl, sind alle Rohrst\u00fccke gleichm\u00e4\u00dfig gebogen, was den Abgasdurchsatz erh\u00f6ht. Die Anlage wurde konstruiert, um Ihrem Fahrzeug einen optimalen Sound zu verleihen und den Gegendruck zu minimieren.<\/p>\n<p>Der Einbau der MBRP Auspuffanlage ist unkompliziert und erfordert keine Schwei\u00dfarbeiten oder Bohrungen an Ihrem Fahrzeug. Jedes System nutzt die vorhandenen Befestigungspunkte.<\/p>\n<p>&nbsp;<\/p>\n<p>Die MBRP S7211BLK Race Profile 2.5\u2033 Axle-Back Abgasanlage, gefertigt aus schwarz beschichtetem, aluminisiertem Stahl und T304 Edelstahl Endrohren, ist kompatibel mit den folgenden Modellen:<\/p>\n<\/div>\n<\/div>\n<\/div>\n<table width=\"449\">\n<tbody>\n<tr>\n<td width=\"115\"><strong>Marke<\/strong><\/td>\n<td width=\"145\"><strong>Modell<\/strong><\/td>\n<td width=\"106\"><strong>Motor<\/strong><\/td>\n<td width=\"83\"><strong>Baujahr<\/strong><\/td>\n<\/tr>\n<tr>\n<td>Ford<\/td>\n<td>Mustang GT \/ GT Premium<\/td>\n<td>5.0<\/td>\n<td>2018 \u2013 2023<\/td>\n<\/tr>\n<tr>\n<td>Ford<\/td>\n<td>Mustang Mach 1<\/td>\n<td>5.0<\/td>\n<td>2021 \u2013 2023<\/td>\n<\/tr>\n<tr>\n<td>Ford<\/td>\n<td>Mustang Bullitt<\/td>\n<td>5.0<\/td>\n<td>2019 \u2013 2020<\/td>\n<\/tr>\n<\/tbody>\n<\/table>\n<p>&nbsp;<\/p>\n<p>&nbsp;<\/p>\n<p><iframe loading=\"lazy\" title=\"MBRP S7211 Race Profile Sound Axle-Back Sportauspuff Ford Mustang GT \/ Mach 1 \/ Bullitt\" src=\"https:\/\/www.youtube.com\/embed\/JbL2ylaBjc0\" width=\"882\" height=\"496\" frameborder=\"0\" allowfullscreen=\"allowfullscreen\"><\/iframe><\/p>\n<p><iframe loading=\"lazy\" title=\"MBRPS7211BLK Race Profile Axle-Back Sportauspuff Ford Mustang GT \/ Mach 1 \/ Bullitt\" src=\"https:\/\/www.youtube.com\/embed\/IpX1Rn1FSis\" width=\"882\" height=\"496\" frameborder=\"0\" allowfullscreen=\"allowfullscreen\"><\/iframe><\/p>\n","protected":false},"excerpt":{"rendered":"<p>2018-2023<\/p>","protected":false},"featured_media":68300681,"comment_status":"open","ping_status":"closed","template":"","meta":{"_acf_changed":false},"product_brand":[17169],"product_cat":[4033,3024],"product_tag":[4030,1035,1036,546,1037,5034,3954,1039,1042,917,784,4616,2934,532,529,20273,1040,4584,2931,3872,4787,4587,6939,6937,1041,547,1034,1038,233,194],"class_list":{"0":"post-68300677","1":"product","2":"type-product","3":"status-publish","4":"has-post-thumbnail","6":"product_brand-mbrp","7":"product_cat-mustang-50-gt-abgasanlage","8":"product_cat-nicht-nach-eu","9":"product_tag-5-0","10":"product_tag-abgasanlage","11":"product_tag-abgassystem","12":"product_tag-auspuff","13":"product_tag-auspuffsystem","14":"product_tag-axle-back","15":"product_tag-bullitt","16":"product_tag-endschalldaempfer","17":"product_tag-endtopf","18":"product_tag-ford","19":"product_tag-gt","20":"product_tag-gt-premium","21":"product_tag-harder","22":"product_tag-kat","23":"product_tag-katalysator","24":"product_tag-keintuev","25":"product_tag-laut","26":"product_tag-mach-1","27":"product_tag-mbrp","28":"product_tag-mustang","29":"product_tag-mustang-exhaust","30":"product_tag-mustang-gt","31":"product_tag-race-profile","32":"product_tag-s7211blk","33":"product_tag-sport","34":"product_tag-sportauspuff","35":"product_tag-sportauspuffanlage","36":"product_tag-sportendschalldaempfer","37":"product_tag-tuning","38":"product_tag-v8","39":"product_shipping_class-paket-l","41":"first","42":"onbackorder","43":"taxable","44":"shipping-taxable","45":"purchasable","46":"product-type-simple"},"bundled_by":[],"bundle_stock_status":"onbackorder","bundle_stock_quantity":0,"bundle_virtual":false,"bundle_layout":"","bundle_add_to_cart_form_location":"","bundle_editable_in_cart":false,"bundle_sold_individually_context":"","bundle_item_grouping":"","bundle_min_size":"","bundle_max_size":"","bundle_price":[],"bundled_items":[],"bundle_sell_ids":[],"exclude_global_add_ons":[],"addons":[],"acf":[],"_links":{"self":[{"href":"https:\/\/kraftwerk-shop.cc\/es\/wp-json\/wp\/v2\/product\/68300677","targetHints":{"allow":["GET"]}}],"collection":[{"href":"https:\/\/kraftwerk-shop.cc\/es\/wp-json\/wp\/v2\/product"}],"about":[{"href":"https:\/\/kraftwerk-shop.cc\/es\/wp-json\/wp\/v2\/types\/product"}],"replies":[{"embeddable":true,"href":"https:\/\/kraftwerk-shop.cc\/es\/wp-json\/wp\/v2\/comments?post=68300677"}],"version-history":[{"count":0,"href":"https:\/\/kraftwerk-shop.cc\/es\/wp-json\/wp\/v2\/product\/68300677\/revisions"}],"wp:featuredmedia":[{"embeddable":true,"href":"https:\/\/kraftwerk-shop.cc\/es\/wp-json\/wp\/v2\/media\/68300681"}],"wp:attachment":[{"href":"https:\/\/kraftwerk-shop.cc\/es\/wp-json\/wp\/v2\/media?parent=68300677"}],"wp:term":[{"taxonomy":"product_brand","embeddable":true,"href":"https:\/\/kraftwerk-shop.cc\/es\/wp-json\/wp\/v2\/product_brand?post=68300677"},{"taxonomy":"product_cat","embeddable":true,"href":"https:\/\/kraftwerk-shop.cc\/es\/wp-json\/wp\/v2\/product_cat?post=68300677"},{"taxonomy":"product_tag","embeddable":true,"href":"https:\/\/kraftwerk-shop.cc\/es\/wp-json\/wp\/v2\/product_tag?post=68300677"}],"curies":[{"name":"wp","href":"https:\/\/api.w.org\/{rel}","templated":true}]}}