{"id":68300788,"date":"2024-04-26T22:53:31","date_gmt":"2024-04-26T20:53:31","guid":{"rendered":"https:\/\/kraftwerk-shop.cc\/?post_type=product&#038;p=68300788"},"modified":"2026-02-15T01:09:20","modified_gmt":"2026-02-15T00:09:20","slug":"hawk-dtc-70-pastillas-de-freno-challenger-srt-hellcat","status":"publish","type":"product","link":"https:\/\/kraftwerk-shop.cc\/es\/produkt\/hawk-dtc-70-bremsbelaege-challenger-srt-hellcat\/","title":{"rendered":"Hawk Performance DTC-70 Pastillas de freno Challenger SRT &amp; Hellcat"},"content":{"rendered":"<h1>Hawk Performance DTC-70 Pastillas de freno de alto rendimiento HB649U.605 para Dodge Challenger SRT &amp; Hellcat (eje delantero)<\/h1>\n<p>&nbsp;<\/p>\n<p>El compuesto de competici\u00f3n DTC-70 de Hawk ha sido desarrollado para una tasa de deceleraci\u00f3n extremadamente alta y un agarre inicial muy agresivo para veh\u00edculos con altos valores de deceleraci\u00f3n, con o sin carga aerodin\u00e1mica.<\/p>\n<p>La pastilla de freno DTC-70 para el Dodge Challenger no es un compuesto de carreras de nivel de entrada y no debe ser utilizado en la carretera. Util\u00edzala solo si eres un piloto serio con experiencia en circuito y has tenido problemas con compuestos menos agresivos que se sobrecalientan o no ofrecen suficiente agarre.<\/p>\n<p>&nbsp;<\/p>\n<p><strong>Propiedades:<\/strong><\/p>\n<ul>\n<li>Gran potencia de frenado<\/li>\n<li>Rendimiento de frenado estable<\/li>\n<li>Excelente capacidad de dosificaci\u00f3n<\/li>\n<li>205-870 \u00b0C Temperatura de funcionamiento<\/li>\n<li>425-650 \u00b0C Temperatura \u00f3ptima<\/li>\n<\/ul>\n<p>&nbsp;<\/p>\n<p><strong>N\u00fameros de comparaci\u00f3n Mopar:<\/strong> 68248384AA, 68248384AB, 68248384AC, 68248384AD, 68525329AA, 68525329AB, 68525329AC<\/p>\n<p>&nbsp;<\/p>\n<p><strong>Adecuado para:<\/strong><\/p>\n<table width=\"568\">\n<tbody>\n<tr>\n<td width=\"83\">Dodge<\/td>\n<td width=\"138\">Challenger<\/td>\n<td width=\"98\">6.4<\/td>\n<td colspan=\"3\" width=\"249\">2015 - 2020 con discos de freno de 390 mm<\/td>\n<\/tr>\n<tr>\n<td>Dodge<\/td>\n<td>Challenger<\/td>\n<td>6.4<\/td>\n<td colspan=\"3\">2021 - 2023 con discos de freno de 400 mm<\/td>\n<\/tr>\n<tr>\n<td>Dodge<\/td>\n<td>Challenger Hellcat<\/td>\n<td>6.2<\/td>\n<td colspan=\"3\">2015 - 2020 con discos de freno de 390 mm<\/td>\n<\/tr>\n<tr>\n<td>Dodge<\/td>\n<td>Challenger Hellcat<\/td>\n<td>6.2<\/td>\n<td colspan=\"3\">2021 - 2023 con discos de freno de 400 mm<\/td>\n<\/tr>\n<\/tbody>\n<\/table>\n<p>&nbsp;<\/p>\n<p>El precio se refiere a 1 juego para el eje delantero completo.<\/p>","protected":false},"excerpt":{"rendered":"<p>Adecuado para discos de freno de 390 y 400 mm<\/p>","protected":false},"featured_media":68300815,"comment_status":"open","ping_status":"closed","template":"","meta":{"_acf_changed":false},"product_brand":[17621],"product_cat":[17691,17687],"product_tag":[101,93,929,930,945,943,944,6821,931,4556,4557,7034,590,10803,840,54,49,3853,6942,1070,7614,6941,100,186,96,842,841],"class_list":{"0":"post-68300788","1":"product","2":"type-product","3":"status-publish","4":"has-post-thumbnail","6":"product_brand-hawk-performance","7":"product_cat-challenger-hellcat-bremsbelaege-vorne","8":"product_cat-challenger-64-bremsbelaege-vorne","9":"product_tag-6-2","10":"product_tag-6-4","11":"product_tag-68144427aa","12":"product_tag-68144427ab","13":"product_tag-68248384aa","14":"product_tag-68248384ab","15":"product_tag-68248384ac","16":"product_tag-68248384ad","17":"product_tag-68303052aa","18":"product_tag-68525329aa","19":"product_tag-68525329ab","20":"product_tag-68525329ac","21":"product_tag-bremsbelaege","22":"product_tag-bremsbelaege-fuer-dodge-challenger-6-4","23":"product_tag-bremskloetze","24":"product_tag-challenger","25":"product_tag-dodge","26":"product_tag-dodge-challenger","27":"product_tag-dtc-70","28":"product_tag-hawk","29":"product_tag-hawk10","30":"product_tag-hb649u-605","31":"product_tag-hellcat","32":"product_tag-performance","33":"product_tag-srt","34":"product_tag-vorderachse","35":"product_tag-vorne","36":"product_shipping_class-deutschlandohne","38":"first","39":"instock","40":"taxable","41":"shipping-taxable","42":"purchasable","43":"product-type-simple"},"bundled_by":[],"bundle_stock_status":"instock","bundle_stock_quantity":1,"bundle_virtual":false,"bundle_layout":"","bundle_add_to_cart_form_location":"","bundle_editable_in_cart":false,"bundle_sold_individually_context":"","bundle_item_grouping":"","bundle_min_size":"","bundle_max_size":"","bundle_price":[],"bundled_items":[],"bundle_sell_ids":[],"exclude_global_add_ons":[],"addons":[],"acf":[],"_links":{"self":[{"href":"https:\/\/kraftwerk-shop.cc\/es\/wp-json\/wp\/v2\/product\/68300788","targetHints":{"allow":["GET"]}}],"collection":[{"href":"https:\/\/kraftwerk-shop.cc\/es\/wp-json\/wp\/v2\/product"}],"about":[{"href":"https:\/\/kraftwerk-shop.cc\/es\/wp-json\/wp\/v2\/types\/product"}],"replies":[{"embeddable":true,"href":"https:\/\/kraftwerk-shop.cc\/es\/wp-json\/wp\/v2\/comments?post=68300788"}],"version-history":[{"count":0,"href":"https:\/\/kraftwerk-shop.cc\/es\/wp-json\/wp\/v2\/product\/68300788\/revisions"}],"wp:featuredmedia":[{"embeddable":true,"href":"https:\/\/kraftwerk-shop.cc\/es\/wp-json\/wp\/v2\/media\/68300815"}],"wp:attachment":[{"href":"https:\/\/kraftwerk-shop.cc\/es\/wp-json\/wp\/v2\/media?parent=68300788"}],"wp:term":[{"taxonomy":"product_brand","embeddable":true,"href":"https:\/\/kraftwerk-shop.cc\/es\/wp-json\/wp\/v2\/product_brand?post=68300788"},{"taxonomy":"product_cat","embeddable":true,"href":"https:\/\/kraftwerk-shop.cc\/es\/wp-json\/wp\/v2\/product_cat?post=68300788"},{"taxonomy":"product_tag","embeddable":true,"href":"https:\/\/kraftwerk-shop.cc\/es\/wp-json\/wp\/v2\/product_tag?post=68300788"}],"curies":[{"name":"wp","href":"https:\/\/api.w.org\/{rel}","templated":true}]}}