{"id":68300854,"date":"2024-04-27T23:36:22","date_gmt":"2024-04-27T21:36:22","guid":{"rendered":"https:\/\/kraftwerk-shop.cc\/?post_type=product&#038;p=68300854"},"modified":"2026-02-15T01:09:15","modified_gmt":"2026-02-15T00:09:15","slug":"hawk-dtc-70-pastillas-de-freno-durango-srt","status":"publish","type":"product","link":"https:\/\/kraftwerk-shop.cc\/es\/produkt\/hawk-dtc-70-bremsbelaege-durango-srt\/","title":{"rendered":"Hawk Performance DTC-70 Pastillas de freno Durango SRT"},"content":{"rendered":"<h1>Hawk Performance DTC-70 Pastillas de freno de alto rendimiento HB649U.605 para Dodge Durango SRT (eje delantero)<\/h1>\n<p>&nbsp;<\/p>\n<p>El compuesto de competici\u00f3n DTC-70 de Hawk ha sido desarrollado para una tasa de deceleraci\u00f3n extremadamente alta y un agarre inicial muy agresivo para veh\u00edculos con altos valores de deceleraci\u00f3n, con o sin carga aerodin\u00e1mica.<\/p>\n<p>La pastilla de freno DTC-70 para el Dodge Durango SRT no es un compuesto de carreras de nivel de entrada y no debe ser utilizado en la carretera. Util\u00edzala solo si eres un piloto serio con experiencia en circuito y has tenido problemas con compuestos menos agresivos que se sobrecalientan o no ofrecen suficiente agarre.<\/p>\n<p>&nbsp;<\/p>\n<p><strong>Propiedades:<\/strong><\/p>\n<ul>\n<li>Gran potencia de frenado<\/li>\n<li>Rendimiento de frenado estable<\/li>\n<li>Excelente capacidad de dosificaci\u00f3n<\/li>\n<li>205-870 \u00b0C Temperatura de funcionamiento<\/li>\n<li>425-650 \u00b0C Temperatura \u00f3ptima<\/li>\n<\/ul>\n<p>&nbsp;<\/p>\n<p><strong>N\u00fameros de comparaci\u00f3n Mopar:<\/strong> 68303052AA, 68507583AA, 68507583AB, <span class=\"list-value sku-display\">68526404AA<\/span><\/p>\n<p>&nbsp;<\/p>\n<p><strong>Adecuado para:<\/strong><\/p>\n<table width=\"568\">\n<tbody>\n<tr>\n<td width=\"83\">Dodge<\/td>\n<td width=\"138\">Durango<\/td>\n<td width=\"98\">6.4<\/td>\n<td colspan=\"3\" width=\"249\">2018 - 2024 con discos de freno de 380 mm<\/td>\n<\/tr>\n<\/tbody>\n<\/table>\n<p>&nbsp;<\/p>\n<p>El precio se refiere a 1 juego para el eje delantero completo.<\/p>","protected":false},"excerpt":{"rendered":"<p>Hawk Performance DTC-70 Hochleistungs-Bremsbel\u00e4ge HB649U.605 f\u00fcr Dodge Durango SRT (Vorderachse) &nbsp; Die Rennmischung DTC-70 von Hawk wurde f\u00fcr eine extrem<\/p>","protected":false},"featured_media":68300857,"comment_status":"open","ping_status":"closed","template":"","meta":{"_acf_changed":false},"product_brand":[17621],"product_cat":[17932],"product_tag":[93,931,17620,4547,6368,590,840,49,6942,95,4816,1070,7614,6941,100,186,96,842,841],"class_list":{"0":"post-68300854","1":"product","2":"type-product","3":"status-publish","4":"has-post-thumbnail","6":"product_brand-hawk-performance","7":"product_cat-durango-64-bremsbelaege-vorne","8":"product_tag-6-4","9":"product_tag-68303052aa","10":"product_tag-68507583aa","11":"product_tag-68507583ab","12":"product_tag-68526404aa","13":"product_tag-bremsbelaege","14":"product_tag-bremskloetze","15":"product_tag-dodge","16":"product_tag-dtc-70","17":"product_tag-durango","18":"product_tag-durango-srt","19":"product_tag-hawk","20":"product_tag-hawk10","21":"product_tag-hb649u-605","22":"product_tag-hellcat","23":"product_tag-performance","24":"product_tag-srt","25":"product_tag-vorderachse","26":"product_tag-vorne","28":"first","29":"instock","30":"taxable","31":"shipping-taxable","32":"purchasable","33":"product-type-simple"},"bundled_by":[],"bundle_stock_status":"instock","bundle_stock_quantity":1,"bundle_virtual":false,"bundle_layout":"","bundle_add_to_cart_form_location":"","bundle_editable_in_cart":false,"bundle_sold_individually_context":"","bundle_item_grouping":"","bundle_min_size":"","bundle_max_size":"","bundle_price":[],"bundled_items":[],"bundle_sell_ids":[],"exclude_global_add_ons":[],"addons":[],"acf":[],"_links":{"self":[{"href":"https:\/\/kraftwerk-shop.cc\/es\/wp-json\/wp\/v2\/product\/68300854","targetHints":{"allow":["GET"]}}],"collection":[{"href":"https:\/\/kraftwerk-shop.cc\/es\/wp-json\/wp\/v2\/product"}],"about":[{"href":"https:\/\/kraftwerk-shop.cc\/es\/wp-json\/wp\/v2\/types\/product"}],"replies":[{"embeddable":true,"href":"https:\/\/kraftwerk-shop.cc\/es\/wp-json\/wp\/v2\/comments?post=68300854"}],"version-history":[{"count":0,"href":"https:\/\/kraftwerk-shop.cc\/es\/wp-json\/wp\/v2\/product\/68300854\/revisions"}],"wp:featuredmedia":[{"embeddable":true,"href":"https:\/\/kraftwerk-shop.cc\/es\/wp-json\/wp\/v2\/media\/68300857"}],"wp:attachment":[{"href":"https:\/\/kraftwerk-shop.cc\/es\/wp-json\/wp\/v2\/media?parent=68300854"}],"wp:term":[{"taxonomy":"product_brand","embeddable":true,"href":"https:\/\/kraftwerk-shop.cc\/es\/wp-json\/wp\/v2\/product_brand?post=68300854"},{"taxonomy":"product_cat","embeddable":true,"href":"https:\/\/kraftwerk-shop.cc\/es\/wp-json\/wp\/v2\/product_cat?post=68300854"},{"taxonomy":"product_tag","embeddable":true,"href":"https:\/\/kraftwerk-shop.cc\/es\/wp-json\/wp\/v2\/product_tag?post=68300854"}],"curies":[{"name":"wp","href":"https:\/\/api.w.org\/{rel}","templated":true}]}}