{"id":68300876,"date":"2024-04-28T00:16:56","date_gmt":"2024-04-27T22:16:56","guid":{"rendered":"https:\/\/kraftwerk-shop.cc\/?post_type=product&#038;p=68300876"},"modified":"2026-02-15T01:09:16","modified_gmt":"2026-02-15T00:09:16","slug":"pastillas-de-freno-hawk-hp-durango-hellcat","status":"publish","type":"product","link":"https:\/\/kraftwerk-shop.cc\/es\/produkt\/hawk-hp-bremsbelaege-durango-hellcat\/","title":{"rendered":"Pastillas de freno Hawk Performance HP+ Durango Hellcat"},"content":{"rendered":"<h1>Hawk Performance HP+ HB913N.659 Pastillas de freno para Dodge Durango 6.2 Hellcat (eje delantero)<\/h1>\n<p>&nbsp;<\/p>\n<p><strong>Hawk Performance HP Plus<br \/>\n<\/strong><\/p>\n<p>El compuesto de pastilla de freno Hawk Performance HP Plus es ideal para pilotos de autocross y track day que buscan un compuesto de competici\u00f3n de alto rendimiento que pueda soportar el calor de la pista y llevarte a casa sano y salvo sin tener que cambiar las pastillas. HP Plus utiliza un Ferro-Carbono \u00fanico, un material de fricci\u00f3n de alta tecnolog\u00eda dise\u00f1ado y fabricado para la conducci\u00f3n deportiva en aplicaciones de autocross, Solo II y track day. La formulaci\u00f3n Ferro-Carbon ofrece menores \u00edndices de desgaste y mayores valores de torsi\u00f3n que otros materiales de la competencia.<\/p>\n<p>&nbsp;<\/p>\n<p><strong>Recomendaci\u00f3n<\/strong><\/p>\n<p>HP Plus es popular entre los conductores de Durango Hellcat que buscan un excelente rendimiento en carretera o quieren llevar su coche a un autocross o a un d\u00eda de circuito sin tener que preocuparse de cambiar las pastillas. Las HP Plus ofrecen un aumento significativo del par de frenado y del rango de temperatura en comparaci\u00f3n con las pastillas OEM. En general, se recomiendan para los principiantes que tienen poca o ninguna experiencia en la pista y est\u00e1n buscando una actualizaci\u00f3n sobre las pastillas de stock.<\/p>\n<p>&nbsp;<\/p>\n<p><strong>Hawk HP Plus Caracter\u00edsticas:<\/strong><\/p>\n<ul>\n<li>Mordida inicial fuerte y equilibrada, caliente o fr\u00eda<\/li>\n<li>Rango de temperatura de bajo a medio<\/li>\n<li>Alta resistencia a la decoloraci\u00f3n<\/li>\n<li>Par suave y predecible<\/li>\n<li>Ideal para autocross<\/li>\n<li>40 - 430 \u00b0C Temperatura de funcionamiento<\/li>\n<li>150 - 320\u00b0C Temperatura \u00f3ptima<\/li>\n<\/ul>\n<p>&nbsp;<\/p>\n<p>N\u00famero OE (s\u00f3lo a efectos comparativos): 68399095AA, 68399095AB, 68399095AC<br \/>\nAutorizaci\u00f3n: no<\/p>\n<p>&nbsp;<\/p>\n<p><strong>Adecuado para:<\/strong><\/p>\n<table width=\"426\">\n<tbody>\n<tr>\n<td width=\"94\">Dodge<\/td>\n<td width=\"110\">Durango<\/td>\n<td width=\"138\">6.2 Hellcat<\/td>\n<td width=\"84\">2021-2025<\/td>\n<\/tr>\n<\/tbody>\n<\/table>\n<p>&nbsp;<\/p>\n<p>El precio se refiere a 1 juego para el eje delantero completo.<\/p>\n<p>&nbsp;<\/p>\n<p>&nbsp;<\/p>","protected":false},"excerpt":{"rendered":"<p>Hawk Performance HP+ HB913N.659 Pastillas de freno para Dodge Durango 6.2 Hellcat (eje delantero) Hawk Performance HP Plus Die Hawk Performance HP<\/p>","protected":false},"featured_media":68300878,"comment_status":"open","ping_status":"closed","template":"","meta":{"_acf_changed":false},"product_brand":[17621],"product_cat":[17928],"product_tag":[2751,2752,2753,838,590,795,839,840,49,4432,6944,4443,692,1070,7614,6900,100,6901,6902,1166,1167,36,842,841,673],"class_list":{"0":"post-68300876","1":"product","2":"type-product","3":"status-publish","4":"has-post-thumbnail","6":"product_brand-hawk-performance","7":"product_cat-durango-hellcat-bremsbelaege-vorne","8":"product_tag-68399095aa","9":"product_tag-68399095ab","10":"product_tag-68399095ac","11":"product_tag-bremsbelag","12":"product_tag-bremsbelaege","13":"product_tag-bremse","14":"product_tag-bremsklotz","15":"product_tag-bremskloetze","16":"product_tag-dodge","17":"product_tag-dodge-durango","18":"product_tag-dodge-durango-hellcat","19":"product_tag-durango-hellcat","20":"product_tag-ersatzteil","21":"product_tag-hawk","22":"product_tag-hawk10","23":"product_tag-hb913n-659","24":"product_tag-hellcat","25":"product_tag-hp-plus","26":"product_tag-hp","27":"product_tag-keramik","28":"product_tag-keramisch","29":"product_tag-kraftwerk","30":"product_tag-vorderachse","31":"product_tag-vorne","32":"product_tag-zubehoer","34":"first","35":"instock","36":"taxable","37":"shipping-taxable","38":"purchasable","39":"product-type-simple"},"bundled_by":[],"bundle_stock_status":"instock","bundle_stock_quantity":1,"bundle_virtual":false,"bundle_layout":"","bundle_add_to_cart_form_location":"","bundle_editable_in_cart":false,"bundle_sold_individually_context":"","bundle_item_grouping":"","bundle_min_size":"","bundle_max_size":"","bundle_price":[],"bundled_items":[],"bundle_sell_ids":[],"exclude_global_add_ons":[],"addons":[],"acf":[],"_links":{"self":[{"href":"https:\/\/kraftwerk-shop.cc\/es\/wp-json\/wp\/v2\/product\/68300876","targetHints":{"allow":["GET"]}}],"collection":[{"href":"https:\/\/kraftwerk-shop.cc\/es\/wp-json\/wp\/v2\/product"}],"about":[{"href":"https:\/\/kraftwerk-shop.cc\/es\/wp-json\/wp\/v2\/types\/product"}],"replies":[{"embeddable":true,"href":"https:\/\/kraftwerk-shop.cc\/es\/wp-json\/wp\/v2\/comments?post=68300876"}],"version-history":[{"count":0,"href":"https:\/\/kraftwerk-shop.cc\/es\/wp-json\/wp\/v2\/product\/68300876\/revisions"}],"wp:featuredmedia":[{"embeddable":true,"href":"https:\/\/kraftwerk-shop.cc\/es\/wp-json\/wp\/v2\/media\/68300878"}],"wp:attachment":[{"href":"https:\/\/kraftwerk-shop.cc\/es\/wp-json\/wp\/v2\/media?parent=68300876"}],"wp:term":[{"taxonomy":"product_brand","embeddable":true,"href":"https:\/\/kraftwerk-shop.cc\/es\/wp-json\/wp\/v2\/product_brand?post=68300876"},{"taxonomy":"product_cat","embeddable":true,"href":"https:\/\/kraftwerk-shop.cc\/es\/wp-json\/wp\/v2\/product_cat?post=68300876"},{"taxonomy":"product_tag","embeddable":true,"href":"https:\/\/kraftwerk-shop.cc\/es\/wp-json\/wp\/v2\/product_tag?post=68300876"}],"curies":[{"name":"wp","href":"https:\/\/api.w.org\/{rel}","templated":true}]}}