{"id":68301120,"date":"2024-05-02T01:17:02","date_gmt":"2024-05-01T23:17:02","guid":{"rendered":"https:\/\/kraftwerk-shop.cc\/?post_type=product&#038;p=68301120"},"modified":"2026-02-15T01:09:26","modified_gmt":"2026-02-15T00:09:26","slug":"kooks-colector-challenger-hellcat","status":"publish","type":"product","link":"https:\/\/kraftwerk-shop.cc\/es\/produkt\/kooks-faecherkruemmer-challenger-hellcat\/","title":{"rendered":"Colector Kooks 2\u2033 con H.O. Catalizadores Challenger Hellcat"},"content":{"rendered":"<h1>Colector Kooks 2\u2033 con catalizadores High Output Green para Dodge Challenger Hellcat, Redeye y Demon.<\/h1>\n<p>&nbsp;<\/p>\n<p>Los colectores mejoran el rendimiento de su Dodge Challenger Hellcat dirigiendo el flujo de gases de escape de forma m\u00e1s eficiente. Gracias a su forma especial, permiten un mejor desarrollo de los gases de escape y reducen la contrapresi\u00f3n, lo que se traduce en un mayor rendimiento del motor.<\/p>\n<p>Los colectores Kooks est\u00e1n fabricados en robusto acero inoxidable T304, lo que les confiere una larga vida \u00fatil. Son m\u00e1s resistentes a la corrosi\u00f3n y a las altas temperaturas que los colectores convencionales.<\/p>\n<p>Los catalizadores 300 CPI H.O. GREEN, tambi\u00e9n conocidos como catalizadores GESI, son catalizadores de alto rendimiento con un alto contenido en platino. Estos catalizadores est\u00e1n homologados por la EPA y pueden hacer frente a las altas temperaturas de los gases de escape de veh\u00edculos muy modificados con inducci\u00f3n forzada.<\/p>\n<p>Esta combinaci\u00f3n de colectores y catalizadores deportivos puede utilizarse directamente con el sistema de escape original o con sistemas de escape accesorios id\u00e9nticos a las conexiones originales.<\/p>\n<p>&nbsp;<\/p>\n<p><strong>Colector de ventilador Kooks<\/strong><\/p>\n<ul>\n<li>Mejorar el caudal de gases de escape<\/li>\n<li>Mejora el sonido de tu veh\u00edculo<\/li>\n<li>Minimizar la contrapresi\u00f3n en el sistema de escape<\/li>\n<li>Aumentar el rendimiento del motor<\/li>\n<\/ul>\n<p>&nbsp;<\/p>\n<p><strong>Adecuado para:<\/strong><\/p>\n<table width=\"558\">\n<tbody>\n<tr>\n<td width=\"83\"><strong>Marca<\/strong><\/td>\n<td width=\"187\"><strong>Modelo<\/strong><\/td>\n<td width=\"179\"><strong>Motor<\/strong><\/td>\n<td width=\"109\"><strong>A\u00f1o de construcci\u00f3n<\/strong><\/td>\n<\/tr>\n<tr>\n<td width=\"83\">Dodge<\/td>\n<td width=\"187\">Challenger Hellcat<\/td>\n<td>6.2<\/td>\n<td>2015-2023<\/td>\n<\/tr>\n<tr>\n<td width=\"83\">Dodge<\/td>\n<td width=\"187\">Challenger Ojo Rojo<\/td>\n<td>6.2<\/td>\n<td>2019-2023<\/td>\n<\/tr>\n<tr>\n<td width=\"83\">Dodge<\/td>\n<td>Demonio<\/td>\n<td>6.2<\/td>\n<td>2018<\/td>\n<\/tr>\n<\/tbody>\n<\/table>\n<p>&nbsp;<\/p>\n<p>&nbsp;<\/p>\n<p><strong>Acerca de Kooks<\/strong><\/p>\n<p>Los colectores de escape y sistemas de escape Kooks han sido l\u00edderes del mercado durante m\u00e1s de 50 a\u00f1os. Desde 1962, Kooks se enorgullece de ofrecer los mejores colectores y sistemas de escape completos para sus aplicaciones de calle, competici\u00f3n y todoterreno. Los veh\u00edculos con colectores y sistemas de escape Kooks han ganado cientos de campeonatos y establecido innumerables r\u00e9cords en la NHRA, IHRA, NMCA, NMRA, NASCAR, NASA, SCCA y muchas otras organizaciones de carreras.<br \/>\nTodos los productos Kooks est\u00e1n hechos a mano en EE.UU. y Kooks se enorgullece de seguir siendo independiente.<br \/>\nNo lo olvides: \"Get Kookin with KOOKS\".<\/p>\n<p>&nbsp;<\/p>","protected":false},"excerpt":{"rendered":"<p>Kooks 2&#8243; F\u00e4cherkr\u00fcmmer mit High Output Green Katalysatoren f\u00fcr Dodge Challenger Hellcat, Redeye und Demon &nbsp; F\u00e4cherkr\u00fcmmer verbessern die Leistung<\/p>","protected":false},"featured_media":68301124,"comment_status":"open","ping_status":"closed","template":"","meta":{"_acf_changed":false},"product_brand":[17172],"product_cat":[6594,3024],"product_tag":[6959,101,605,546,2245,54,152,49,3853,662,6958,543,6961,6960,100,6962,20273,544,2447,550,545,927,151,527,553,6963],"class_list":{"0":"post-68301120","1":"product","2":"type-product","3":"status-publish","4":"has-post-thumbnail","6":"product_brand-kooks","7":"product_cat-challenger-hellcat-abgaskruemmer-katalysatoren","8":"product_cat-nicht-nach-eu","9":"product_tag-3103h640","10":"product_tag-6-2","11":"product_tag-abgaskruemmer","12":"product_tag-auspuff","13":"product_tag-auspuffanlage","14":"product_tag-challenger","15":"product_tag-demon","16":"product_tag-dodge","17":"product_tag-dodge-challenger","18":"product_tag-edelstahl","19":"product_tag-edelstahlkruemmer","20":"product_tag-faecherkruemmer","21":"product_tag-gesi-katalysatoren","22":"product_tag-green-katalysatoren","23":"product_tag-hellcat","24":"product_tag-hochleistungs-katalysatoren","25":"product_tag-keintuev","26":"product_tag-kooks","27":"product_tag-kooks-headers","28":"product_tag-kruemmer","29":"product_tag-longtube","30":"product_tag-longtubes","31":"product_tag-redeye","32":"product_tag-sportkat","33":"product_tag-sportkatalysator","34":"product_tag-t304","35":"product_shipping_class-paket-xl","37":"first","38":"onbackorder","39":"taxable","40":"shipping-taxable","41":"purchasable","42":"product-type-simple"},"bundled_by":[],"bundle_stock_status":"onbackorder","bundle_stock_quantity":0,"bundle_virtual":false,"bundle_layout":"","bundle_add_to_cart_form_location":"","bundle_editable_in_cart":false,"bundle_sold_individually_context":"","bundle_item_grouping":"","bundle_min_size":"","bundle_max_size":"","bundle_price":[],"bundled_items":[],"bundle_sell_ids":[],"exclude_global_add_ons":[],"addons":[],"acf":[],"_links":{"self":[{"href":"https:\/\/kraftwerk-shop.cc\/es\/wp-json\/wp\/v2\/product\/68301120","targetHints":{"allow":["GET"]}}],"collection":[{"href":"https:\/\/kraftwerk-shop.cc\/es\/wp-json\/wp\/v2\/product"}],"about":[{"href":"https:\/\/kraftwerk-shop.cc\/es\/wp-json\/wp\/v2\/types\/product"}],"replies":[{"embeddable":true,"href":"https:\/\/kraftwerk-shop.cc\/es\/wp-json\/wp\/v2\/comments?post=68301120"}],"version-history":[{"count":0,"href":"https:\/\/kraftwerk-shop.cc\/es\/wp-json\/wp\/v2\/product\/68301120\/revisions"}],"wp:featuredmedia":[{"embeddable":true,"href":"https:\/\/kraftwerk-shop.cc\/es\/wp-json\/wp\/v2\/media\/68301124"}],"wp:attachment":[{"href":"https:\/\/kraftwerk-shop.cc\/es\/wp-json\/wp\/v2\/media?parent=68301120"}],"wp:term":[{"taxonomy":"product_brand","embeddable":true,"href":"https:\/\/kraftwerk-shop.cc\/es\/wp-json\/wp\/v2\/product_brand?post=68301120"},{"taxonomy":"product_cat","embeddable":true,"href":"https:\/\/kraftwerk-shop.cc\/es\/wp-json\/wp\/v2\/product_cat?post=68301120"},{"taxonomy":"product_tag","embeddable":true,"href":"https:\/\/kraftwerk-shop.cc\/es\/wp-json\/wp\/v2\/product_tag?post=68301120"}],"curies":[{"name":"wp","href":"https:\/\/api.w.org\/{rel}","templated":true}]}}