{"id":68301247,"date":"2024-05-03T23:37:19","date_gmt":"2024-05-03T21:37:19","guid":{"rendered":"https:\/\/kraftwerk-shop.cc\/?post_type=product&#038;p=68301247"},"modified":"2026-02-15T01:09:46","modified_gmt":"2026-02-15T00:09:46","slug":"discos-de-freno-paragon-challenger-05290538ae","status":"publish","type":"product","link":"https:\/\/kraftwerk-shop.cc\/es\/produkt\/paragon-bremsscheiben-challenger-05290538ae\/","title":{"rendered":"Discos de freno Paragon Performance Challenger SRT y Hellcat"},"content":{"rendered":"<h1>Discos de freno Paragon Performance para Dodge Challenger 6.4 y Hellcat de 2015 a 2023 (350mm), dise\u00f1o ranurado para el eje trasero<\/h1>\n<p>&nbsp;<\/p>\n<p>Mediante el uso de discos de freno Paragon Performance, puede prevenir eficazmente el agrietamiento prematuro de los discos de freno est\u00e1ndar en su Dodge Challenger 6.4 \/ Hellcat durante el uso en circuito o uso intensivo. Nuestros discos de freno no s\u00f3lo ofrecen una soluci\u00f3n a este problema, sino que tambi\u00e9n mejoran notablemente la sensaci\u00f3n del pedal y la modulaci\u00f3n de sus frenos. Con materiales de alta calidad y una fabricaci\u00f3n de precisi\u00f3n, nuestros discos de freno garantizan un rendimiento y una fiabilidad \u00f3ptimos. Conf\u00ede en Paragon Performance y experimente un aumento significativo en el rendimiento de frenado y la seguridad en su Dodge Challenger.<\/p>\n<p>Los discos de freno de Paragon Performance para el Dodge Challenger ofrecen un rendimiento y una fiabilidad impresionantes. Especialmente desarrollados para su uso en circuito, garantizan un frenado y una eficacia de refrigeraci\u00f3n superiores. Las aletas de ventilaci\u00f3n direccionales crean una succi\u00f3n que dirige el aire fr\u00edo a trav\u00e9s del disco de freno, mejorando la disipaci\u00f3n del calor. Esto aumenta la resistencia al agrietamiento en condiciones extremas de pista. Los discos de freno Paragon Performance son la elecci\u00f3n ideal para los conductores exigentes que buscan el m\u00e1ximo rendimiento y seguridad en el circuito.<\/p>\n<p>El rotor est\u00e1 fabricado en CM-250, una aleaci\u00f3n especial de fundici\u00f3n con un alto contenido de carbono, que garantiza una mordida \u00f3ptima, propiedades t\u00e9rmicas, resistencia a altas temperaturas y durabilidad.<br \/>\nLos anillos del disco de freno est\u00e1n tratados t\u00e9rmicamente para reducir las tensiones en el disco de freno y evitar as\u00ed deformaciones y vibraciones.<br \/>\nA continuaci\u00f3n, se mecanizan con un tratamiento de superficie CBN de \u00faltima generaci\u00f3n para garantizar un mejor rodaje con las pastillas de freno nuevas.<\/p>\n<p>Las vibraciones se reducen, ya que la excentricidad lateral del disco de freno se mantiene en 0,03 mm y el equilibrado en 2 gramos.<br \/>\nTodos los discos de freno se han sometido a estrictos controles de calidad y pruebas para garantizar que son aptos para el uso previsto.<br \/>\nEl dise\u00f1o en dos partes permite que el disco de freno se expanda t\u00e9rmicamente al tiempo que minimiza la deformaci\u00f3n y garantiza que el disco de freno est\u00e9 centrado en relaci\u00f3n con las pastillas de freno.<br \/>\nUn disco de freno ranurado mejora la estabilidad de frenado al mantener limpia la superficie de contacto y disipar el calor y los gases generados cuando las pastillas de freno entran en contacto con el disco de freno.<br \/>\nLos discos de freno ranurados tienen una ventaja decisiva sobre los discos de freno desnudos en condiciones de humedad o lluvia, ya que evitan la formaci\u00f3n de pel\u00edculas de agua entre la pastilla y el disco de freno.<br \/>\nLos discos de freno Paragon Performance de dos piezas pesan menos que la mayor\u00eda de los discos de freno O.E., al tiempo que conservan su capacidad de carga t\u00e9rmica y mejoran la maniobrabilidad al ahorrar masas no suspendidas.<\/p>\n<p>Los discos de freno Paragon Performance para el Challenger SRT y el Hellcat est\u00e1n fabricados en aluminio 6061-T6 de alta calidad. El fresado CNC preciso y el posterior revestimiento duro negro \/ anodizado duro proporcionan a los discos de aluminio una capa protectora no conductora. El color negro se aplica despu\u00e9s del anodizado duro y garantiza un aspecto elegante. Estas ollas garantizan un rendimiento y una durabilidad equivalentes.<\/p>\n<p>El revestimiento duro negro\/anodizado duro conforme a Mil-Spec (MIL-A-8625 Tipo III) no se decolora con el calor extremo. La superficie negra de revestimiento duro\/anodizado duro es m\u00e1s dura, m\u00e1s gruesa, m\u00e1s resistente al desgaste y a los ara\u00f1azos.<\/p>\n<p>El acabado negro de capa dura\/anodizado duro proporciona una capa dura gruesa que ofrece una mayor resistencia a la corrosi\u00f3n y una durabilidad de bajo mantenimiento. Un acabado negro de capa dura\/anodizado duro se mantiene mejor cuando se expone a la luz ultravioleta (UV), lo que es a\u00fan m\u00e1s importante si el veh\u00edculo se aparca con frecuencia al aire libre.<\/p>\n<p>&nbsp;<\/p>\n<p><strong>Propiedades:<\/strong><\/p>\n<ul>\n<li>Ajuste directo sin ninguna modificaci\u00f3n y dise\u00f1ado para trabajar con el ABS OEM y el sistema de frenado del fabricante manteniendo el sesgo de frenado de f\u00e1brica. Compatible con pastillas de freno OEM o pastillas accesorias con la misma profundidad de pastilla.<\/li>\n<li>Aletas de ventilaci\u00f3n direccionales para un rendimiento de refrigeraci\u00f3n \u00f3ptimo, funciona hasta 30 % m\u00e1s fr\u00edo que los discos de freno O.E. y aumenta la eficiencia de refrigeraci\u00f3n hasta 30%.<\/li>\n<li>Construcci\u00f3n totalmente flotante de 2 piezas<\/li>\n<li>Minimiza el desgaste de los frenos y las vibraciones en viajes largos<\/li>\n<li>Sistema de fijaci\u00f3n para el disco de freno y la tapa: D-Bobbin (10 tornillos)<\/li>\n<li>Gran mejora de los discos de freno OEM multidisco no direccionales<\/li>\n<\/ul>\n<p>&nbsp;<\/p>\n<p><strong>Volumen de suministro:<\/strong><\/p>\n<ul>\n<li>Un par (2 piezas) Paragon Performance 350mm x 28mm, discos de freno de 2 piezas para Dodge Challenger con potes de aluminio 6061-T6 anodizado duro\/negro, bobinas de acero inoxidable y clips antirrobo (montados y listos para montar)<\/li>\n<li>Instrucciones detalladas de instalaci\u00f3n (alem\u00e1n)<\/li>\n<\/ul>\n<p>&nbsp;<\/p>\n<p><strong>N\u00fameros de comparaci\u00f3n Mopar:<\/strong> 05290538AE, 4755539AA<br \/>\n<strong>Antiguas referencias:<\/strong> 5290538AA, 5290538AB, 5290538AC, 5290538AD, 4755539AA<\/p>\n<p>&nbsp;<\/p>\n<p><strong>Adecuado para:<\/strong><\/p>\n<table width=\"745\">\n<tbody>\n<tr>\n<td width=\"83\"><strong>Marca<\/strong><\/td>\n<td width=\"83\"><strong>Modelo<\/strong><\/td>\n<td width=\"143\"><strong>Motor<\/strong><\/td>\n<td width=\"436\"><strong>Variante<\/strong><\/td>\n<\/tr>\n<tr>\n<td width=\"83\">Dodge<\/td>\n<td width=\"83\">Challenger<\/td>\n<td width=\"143\">6.4 SRT<\/td>\n<td width=\"436\">2015 - 2023<\/td>\n<\/tr>\n<tr>\n<td width=\"83\">Dodge<\/td>\n<td width=\"83\">Challenger<\/td>\n<td width=\"143\">6.2 Hellcat<\/td>\n<td width=\"436\">2015 - 2023<\/td>\n<\/tr>\n<\/tbody>\n<\/table>\n<p>&nbsp;<\/p>\n<p>El precio se refiere a 2 discos de freno (un par).<\/p>","protected":false},"excerpt":{"rendered":"<p>Discos de freno Paragon Performance para Dodge Challenger 6.4 y Hellcat de 2015 a 2023 (350mm), dise\u00f1o ranurado para el eje trasero &nbsp;<\/p>","protected":false},"featured_media":68301251,"comment_status":"open","ping_status":"closed","template":"","meta":{"_acf_changed":false},"product_brand":[17982],"product_cat":[17694,17690],"product_tag":[17167,6816,6817,6818,6819,6820,217,17166,791,792,6967,790,793,3744,101,93,940,795,796,3946,10802,54,49,3853,692,100,798,799,36,31,6966,6968,4627,4628,794,797,96,673],"class_list":{"0":"post-68301247","1":"product","2":"type-product","3":"status-publish","4":"has-post-thumbnail","6":"product_brand-paragon-performance","7":"product_cat-challenger-hellcat-bremsscheiben-hinten","8":"product_cat-challenger-64-bremsscheiben-hinten","9":"product_tag-04755539aa","10":"product_tag-05290538aa","11":"product_tag-05290538ab","12":"product_tag-05290538ac","13":"product_tag-05290538ad","14":"product_tag-05290538ae","15":"product_tag-217","16":"product_tag-4755539aa","17":"product_tag-5290538aa","18":"product_tag-5290538ab","19":"product_tag-5290538ab-und-5290538ac","20":"product_tag-5290538ac","21":"product_tag-5290538ad","22":"product_tag-5290538ae","23":"product_tag-6-2","24":"product_tag-6-4","25":"product_tag-aftermarket","26":"product_tag-bremse","27":"product_tag-bremsscheibe","28":"product_tag-bremsscheiben-fuer-dodge-challenger","29":"product_tag-bremsscheiben-fuer-dodge-challenger-6-4","30":"product_tag-challenger","31":"product_tag-dodge","32":"product_tag-dodge-challenger","33":"product_tag-ersatzteil","34":"product_tag-hellcat","35":"product_tag-hinten","36":"product_tag-hinterachse","37":"product_tag-kraftwerk","38":"product_tag-mopar","39":"product_tag-p2r-190-365-260-24000-05-01-01-r","40":"product_tag-p2r-190-365-260-24000-05-01-02-r","41":"product_tag-paragon","42":"product_tag-paragon-performance","43":"product_tag-premium","44":"product_tag-sportbremsscheibe","45":"product_tag-srt","46":"product_tag-zubehoer","48":"first","49":"onbackorder","50":"taxable","51":"shipping-taxable","52":"purchasable","53":"product-type-variable"},"bundled_by":[],"bundle_stock_status":"onbackorder","bundle_stock_quantity":0,"bundle_virtual":false,"bundle_layout":"","bundle_add_to_cart_form_location":"","bundle_editable_in_cart":false,"bundle_sold_individually_context":"","bundle_item_grouping":"","bundle_min_size":"","bundle_max_size":"","bundle_price":[],"bundled_items":[],"bundle_sell_ids":[],"exclude_global_add_ons":[],"addons":[],"acf":[],"_links":{"self":[{"href":"https:\/\/kraftwerk-shop.cc\/es\/wp-json\/wp\/v2\/product\/68301247","targetHints":{"allow":["GET"]}}],"collection":[{"href":"https:\/\/kraftwerk-shop.cc\/es\/wp-json\/wp\/v2\/product"}],"about":[{"href":"https:\/\/kraftwerk-shop.cc\/es\/wp-json\/wp\/v2\/types\/product"}],"replies":[{"embeddable":true,"href":"https:\/\/kraftwerk-shop.cc\/es\/wp-json\/wp\/v2\/comments?post=68301247"}],"version-history":[{"count":0,"href":"https:\/\/kraftwerk-shop.cc\/es\/wp-json\/wp\/v2\/product\/68301247\/revisions"}],"wp:featuredmedia":[{"embeddable":true,"href":"https:\/\/kraftwerk-shop.cc\/es\/wp-json\/wp\/v2\/media\/68301251"}],"wp:attachment":[{"href":"https:\/\/kraftwerk-shop.cc\/es\/wp-json\/wp\/v2\/media?parent=68301247"}],"wp:term":[{"taxonomy":"product_brand","embeddable":true,"href":"https:\/\/kraftwerk-shop.cc\/es\/wp-json\/wp\/v2\/product_brand?post=68301247"},{"taxonomy":"product_cat","embeddable":true,"href":"https:\/\/kraftwerk-shop.cc\/es\/wp-json\/wp\/v2\/product_cat?post=68301247"},{"taxonomy":"product_tag","embeddable":true,"href":"https:\/\/kraftwerk-shop.cc\/es\/wp-json\/wp\/v2\/product_tag?post=68301247"}],"curies":[{"name":"wp","href":"https:\/\/api.w.org\/{rel}","templated":true}]}}