{"id":68301264,"date":"2024-05-04T17:35:50","date_gmt":"2024-05-04T15:35:50","guid":{"rendered":"https:\/\/kraftwerk-shop.cc\/?post_type=product&#038;p=68301264"},"modified":"2026-02-15T01:09:46","modified_gmt":"2026-02-15T00:09:46","slug":"discos-de-freno-paragon-300c-05290538ae","status":"publish","type":"product","link":"https:\/\/kraftwerk-shop.cc\/es\/produkt\/paragon-bremsscheiben-300c-05290538ae\/","title":{"rendered":"Discos de freno Paragon Performance 300C SRT"},"content":{"rendered":"<h1>Discos de freno Paragon Performance para Chrysler 300C SRT de 2015 a 2023 (350mm), dise\u00f1o ranurado para el eje trasero<\/h1>\n<p>&nbsp;<\/p>\n<p>Los discos de freno Paragon Performance ofrecen una soluci\u00f3n eficaz al problema del agrietamiento prematuro de los discos de freno est\u00e1ndar del Chrysler 300C 6.4. Este tipo de agrietamiento no es infrecuente, especialmente cuando se utiliza en circuito o en condiciones de uso intensivo, debido al elevado peso del veh\u00edculo y a la falta de refrigeraci\u00f3n eficaz de los frenos. Mediante el uso de discos de freno Paragon Performance, no s\u00f3lo puede eliminar este problema, sino tambi\u00e9n mejorar la sensaci\u00f3n del pedal y la capacidad de control de sus frenos. Por lo tanto, los discos de freno Paragon Performance son una opci\u00f3n de mejora muy recomendable para su Chrysler 300C.<\/p>\n<p>Con los discos de freno de 2 piezas para el 300C SRT, Paragon Performance ofrece una excelente eficacia de frenado y refrigeraci\u00f3n especialmente optimizada para su uso en circuito. Gracias a las aletas de ventilaci\u00f3n direccionales, se crea succi\u00f3n, lo que garantiza una mejor disipaci\u00f3n del calor y aumenta la resistencia al agrietamiento en condiciones extremas de pista. Estos discos de freno de alta calidad son la elecci\u00f3n ideal para los conductores exigentes que buscan el m\u00e1ximo rendimiento y seguridad en el circuito. Experimente un rendimiento de frenado sin igual y una durabilidad excepcional con los discos de freno Paragon Performance para el 300C SRT.<\/p>\n<p>El rotor est\u00e1 fabricado en CM-250, una aleaci\u00f3n especial de fundici\u00f3n con un alto contenido de carbono, que garantiza una mordida \u00f3ptima, propiedades t\u00e9rmicas, resistencia a altas temperaturas y durabilidad.<br \/>\nLos anillos del disco de freno est\u00e1n tratados t\u00e9rmicamente para reducir las tensiones en el disco de freno y evitar as\u00ed deformaciones y vibraciones.<br \/>\nA continuaci\u00f3n, se mecanizan con un tratamiento de superficie CBN de \u00faltima generaci\u00f3n para garantizar un mejor rodaje con las pastillas de freno nuevas.<\/p>\n<p>Las vibraciones se reducen, ya que la excentricidad lateral del disco de freno se mantiene en 0,03 mm y el equilibrado en 2 gramos.<br \/>\nTodos los discos de freno se han sometido a estrictos controles de calidad y pruebas para garantizar que son aptos para el uso previsto.<br \/>\nEl dise\u00f1o en dos partes permite que el disco de freno se expanda t\u00e9rmicamente al tiempo que minimiza la deformaci\u00f3n y garantiza que el disco de freno est\u00e9 centrado en relaci\u00f3n con las pastillas de freno.<br \/>\nUn disco de freno ranurado mejora la estabilidad de frenado al mantener limpia la superficie de contacto y disipar el calor y los gases generados cuando las pastillas de freno entran en contacto con el disco de freno.<br \/>\nLos discos de freno ranurados tienen una ventaja decisiva sobre los discos de freno desnudos en condiciones de humedad o lluvia, ya que evitan la formaci\u00f3n de pel\u00edculas de agua entre la pastilla y el disco de freno.<br \/>\nLos discos de freno Paragon Performance de dos piezas pesan menos que la mayor\u00eda de los discos de freno O.E., al tiempo que conservan su capacidad de carga t\u00e9rmica y mejoran la maniobrabilidad al ahorrar masas no suspendidas.<\/p>\n<p>Los recipientes de aluminio se mecanizan mediante CNC a partir de aluminio ligero de calidad aeroespacial 6061-T6 y se anodizan en negro para proporcionar una capa protectora no conductora. Los recipientes anodizados negros se anodizan primero y luego se ti\u00f1en de negro. Son equivalentes en t\u00e9rminos de rendimiento\/durabilidad.<\/p>\n<p>El revestimiento duro negro\/anodizado duro conforme a Mil-Spec (MIL-A-8625 Tipo III) no se decolora con el calor extremo. La superficie negra de revestimiento duro\/anodizado duro es m\u00e1s dura, m\u00e1s gruesa, m\u00e1s resistente al desgaste y a los ara\u00f1azos.<\/p>\n<p>El acabado negro de capa dura\/anodizado duro proporciona una capa dura gruesa que ofrece una mayor resistencia a la corrosi\u00f3n y una durabilidad de bajo mantenimiento. Un acabado negro de capa dura\/anodizado duro se mantiene mejor cuando se expone a la luz ultravioleta (UV), lo que es a\u00fan m\u00e1s importante si el veh\u00edculo se aparca con frecuencia al aire libre.<\/p>\n<p>&nbsp;<\/p>\n<p><strong>Propiedades:<\/strong><\/p>\n<ul>\n<li>Ajuste directo sin ninguna modificaci\u00f3n y dise\u00f1ado para trabajar con el ABS OEM y el sistema de frenado del fabricante manteniendo el sesgo de frenado de f\u00e1brica. Compatible con pastillas de freno OEM o pastillas accesorias con la misma profundidad de pastilla.<\/li>\n<li>Aletas de ventilaci\u00f3n direccionales para un rendimiento de refrigeraci\u00f3n \u00f3ptimo, funciona hasta 30 % m\u00e1s fr\u00edo que los discos de freno O.E. y aumenta la eficiencia de refrigeraci\u00f3n hasta 30%.<\/li>\n<li>Construcci\u00f3n totalmente flotante de 2 piezas<\/li>\n<li>Minimiza el desgaste de los frenos y las vibraciones en viajes largos<\/li>\n<li>Sistema de fijaci\u00f3n para el disco de freno y la tapa: D-Bobbin (10 tornillos)<\/li>\n<li>Gran mejora de los discos de freno OEM multidisco no direccionales<\/li>\n<\/ul>\n<p>&nbsp;<\/p>\n<p><strong>Volumen de suministro:<\/strong><\/p>\n<ul>\n<li>Un par (2 piezas) Paragon Performance 350mm x 28mm, discos de freno de 2 piezas para Dodge Challenger con potes de aluminio 6061-T6 anodizado duro\/negro, bobinas de acero inoxidable y clips antirrobo (montados y listos para montar)<\/li>\n<li>Instrucciones detalladas de instalaci\u00f3n (alem\u00e1n)<\/li>\n<\/ul>\n<p>&nbsp;<\/p>\n<p><strong>N\u00fameros de comparaci\u00f3n Mopar:<\/strong> 05290538AE, 4755539AA<br \/>\n<strong>Antiguas referencias:<\/strong> 5290538AA, 5290538AB, 5290538AC, 5290538AD<\/p>\n<p>&nbsp;<\/p>\n<p><strong>Adecuado para:<\/strong><\/p>\n<table width=\"745\">\n<tbody>\n<tr>\n<td width=\"83\"><strong>Marca<\/strong><\/td>\n<td width=\"83\"><strong>Modelo<\/strong><\/td>\n<td width=\"143\"><strong>Motor<\/strong><\/td>\n<td width=\"436\"><strong>Variante<\/strong><\/td>\n<\/tr>\n<tr>\n<td width=\"83\">Chrysler<\/td>\n<td width=\"83\">300C<\/td>\n<td width=\"143\">6.4 SRT<\/td>\n<td width=\"436\">2015 - 2023<\/td>\n<\/tr>\n<\/tbody>\n<\/table>\n<p>&nbsp;<\/p>\n<p>El precio se refiere a 2 discos de freno (un par).<\/p>","protected":false},"excerpt":{"rendered":"<p>Paragon Performance Bremsscheiben f\u00fcr Chrysler 300C SRT von 2015 bis 2023 (350mm), geschlitzte Ausf\u00fchrung f\u00fcr die Hinterachse &nbsp; Paragon Performance<\/p>","protected":false},"featured_media":68301277,"comment_status":"open","ping_status":"closed","template":"","meta":{"_acf_changed":false},"product_brand":[17982],"product_cat":[17738],"product_tag":[17167,6816,6817,6818,6819,6820,1132,52,217,17166,791,792,6967,790,793,3744,93,940,795,796,48,536,3853,692,798,799,36,31,4627,4628,794,797,96,673],"class_list":{"0":"post-68301264","1":"product","2":"type-product","3":"status-publish","4":"has-post-thumbnail","6":"product_brand-paragon-performance","7":"product_cat-300c-64-bremsscheiben-hinten","8":"product_tag-04755539aa","9":"product_tag-05290538aa","10":"product_tag-05290538ab","11":"product_tag-05290538ac","12":"product_tag-05290538ad","13":"product_tag-05290538ae","14":"product_tag-1132","15":"product_tag-300c","16":"product_tag-217","17":"product_tag-4755539aa","18":"product_tag-5290538aa","19":"product_tag-5290538ab","20":"product_tag-5290538ab-und-5290538ac","21":"product_tag-5290538ac","22":"product_tag-5290538ad","23":"product_tag-5290538ae","24":"product_tag-6-4","25":"product_tag-aftermarket","26":"product_tag-bremse","27":"product_tag-bremsscheibe","28":"product_tag-chrysler","29":"product_tag-chrysler-300c","30":"product_tag-dodge-challenger","31":"product_tag-ersatzteil","32":"product_tag-hinten","33":"product_tag-hinterachse","34":"product_tag-kraftwerk","35":"product_tag-mopar","36":"product_tag-paragon","37":"product_tag-paragon-performance","38":"product_tag-premium","39":"product_tag-sportbremsscheibe","40":"product_tag-srt","41":"product_tag-zubehoer","42":"product_shipping_class-deutschlandohne","44":"first","45":"onbackorder","46":"taxable","47":"shipping-taxable","48":"purchasable","49":"product-type-variable"},"bundled_by":[],"bundle_stock_status":"onbackorder","bundle_stock_quantity":0,"bundle_virtual":false,"bundle_layout":"","bundle_add_to_cart_form_location":"","bundle_editable_in_cart":false,"bundle_sold_individually_context":"","bundle_item_grouping":"","bundle_min_size":"","bundle_max_size":"","bundle_price":[],"bundled_items":[],"bundle_sell_ids":[],"exclude_global_add_ons":[],"addons":[],"acf":[],"_links":{"self":[{"href":"https:\/\/kraftwerk-shop.cc\/es\/wp-json\/wp\/v2\/product\/68301264","targetHints":{"allow":["GET"]}}],"collection":[{"href":"https:\/\/kraftwerk-shop.cc\/es\/wp-json\/wp\/v2\/product"}],"about":[{"href":"https:\/\/kraftwerk-shop.cc\/es\/wp-json\/wp\/v2\/types\/product"}],"replies":[{"embeddable":true,"href":"https:\/\/kraftwerk-shop.cc\/es\/wp-json\/wp\/v2\/comments?post=68301264"}],"version-history":[{"count":0,"href":"https:\/\/kraftwerk-shop.cc\/es\/wp-json\/wp\/v2\/product\/68301264\/revisions"}],"wp:featuredmedia":[{"embeddable":true,"href":"https:\/\/kraftwerk-shop.cc\/es\/wp-json\/wp\/v2\/media\/68301277"}],"wp:attachment":[{"href":"https:\/\/kraftwerk-shop.cc\/es\/wp-json\/wp\/v2\/media?parent=68301264"}],"wp:term":[{"taxonomy":"product_brand","embeddable":true,"href":"https:\/\/kraftwerk-shop.cc\/es\/wp-json\/wp\/v2\/product_brand?post=68301264"},{"taxonomy":"product_cat","embeddable":true,"href":"https:\/\/kraftwerk-shop.cc\/es\/wp-json\/wp\/v2\/product_cat?post=68301264"},{"taxonomy":"product_tag","embeddable":true,"href":"https:\/\/kraftwerk-shop.cc\/es\/wp-json\/wp\/v2\/product_tag?post=68301264"}],"curies":[{"name":"wp","href":"https:\/\/api.w.org\/{rel}","templated":true}]}}