{"id":68301590,"date":"2024-05-18T14:24:02","date_gmt":"2024-05-18T12:24:02","guid":{"rendered":"https:\/\/kraftwerk-shop.cc\/?post_type=product&#038;p=68301590"},"modified":"2026-02-15T01:09:49","modified_gmt":"2026-02-15T00:09:49","slug":"luces-de-balizamiento-lateral-raxiom-challenger","status":"publish","type":"product","link":"https:\/\/kraftwerk-shop.cc\/es\/produkt\/raxiom-seitenmarkierungsleuchten-challenger\/","title":{"rendered":"Luces de posici\u00f3n laterales LED Raxiom Challenger"},"content":{"rendered":"<h1>Raxiom Axial Series LED luces de posici\u00f3n laterales \/ sidemarkers (negro tintado) para Dodge Challenger 2008 - 2014<\/h1>\n<p>&nbsp;<\/p>\n<p>Dale a tu Dodge Challenger de los a\u00f1os de modelo 2008 - 2014 un aspecto moderno y agresivo con las luces de posici\u00f3n laterales LED Raxiom Axial Series.<br \/>\nEstas luces de alta calidad sustituyen las bombillas est\u00e1ndar por brillantes tiras de LED que proporcionan una mejor visibilidad tanto de d\u00eda como de noche. Las lentes de policarbonato tintado y la robusta carcasa de pl\u00e1stico ABS moldeado por inyecci\u00f3n no solo proporcionan un aspecto llamativo, sino tambi\u00e9n protecci\u00f3n frente a los elementos.<\/p>\n<p>Raxiom fabrica sus luces de posici\u00f3n laterales con carcasas de pl\u00e1stico ABS moldeado por inyecci\u00f3n para una mayor durabilidad y utiliza lentes de policarbonato tintado para un aspecto agresivo. Estas luces de posici\u00f3n laterales cuentan con alta salida de color rojo (trasero) y \u00e1mbar (delantero) tiras de luz LED SMD para la luminosidad extra brillante. Raxiom asegura que las carcasas de las luces de posici\u00f3n laterales son resistentes a la intemperie para evitar que la suciedad y la humedad da\u00f1en la electr\u00f3nica de \u00faltima generaci\u00f3n en el interior.<\/p>\n<p>Raxiom ha desarrollado sus luces de posici\u00f3n laterales LED para reemplazar directamente las luces originales de f\u00e1brica en su Charger. Absolutamente ning\u00fan corte, pegado o montaje de resistencias se requiere.<\/p>\n<p>&nbsp;<\/p>\n<p><strong>Propiedades:<\/strong><\/p>\n<ul>\n<li>Las tiras de LED de alta calidad proporcionan una iluminaci\u00f3n clara y brillante que aumenta la visibilidad y la seguridad.<\/li>\n<li>Dise\u00f1o robusto: la carcasa de pl\u00e1stico ABS moldeada por inyecci\u00f3n y las lentes de policarbonato tintado resisten las inclemencias meteorol\u00f3gicas.<\/li>\n<li>F\u00e1cil instalaci\u00f3n: el dise\u00f1o Plug and Play permite una instalaci\u00f3n sencilla sin cortes ni empalmes.<\/li>\n<li>Aspecto agresivo: los cristales tintados confieren al veh\u00edculo un aspecto moderno y agresivo.<\/li>\n<\/ul>\n<p>&nbsp;<\/p>\n<p><strong>Detalles t\u00e9cnicos:<\/strong><\/p>\n<ul>\n<li>Posici\u00f3n: Delantera y trasera<\/li>\n<li>Material de la carcasa: pl\u00e1stico ABS<\/li>\n<li>Material de las lentes: policarbonato tintado<\/li>\n<li>Compatibilidad: Apto para todos los modelos Dodge Challenger de 2008 a 2014<\/li>\n<\/ul>\n<p>&nbsp;<\/p>\n<p><strong>Volumen de suministro:<\/strong><\/p>\n<ul>\n<li>2 luces de posici\u00f3n laterales delanteras<\/li>\n<li>2 luces de posici\u00f3n laterales traseras<\/li>\n<\/ul>\n<p>&nbsp;<\/p>","protected":false},"excerpt":{"rendered":"<p>2008-2014<\/p>","protected":false},"featured_media":68301593,"comment_status":"open","ping_status":"closed","template":"","meta":{"_acf_changed":false},"product_brand":[],"product_cat":[6983,6984,6985,6987],"product_tag":[6973,6978,965,6981,54,49,3853,3877,798,6979,6974,6980,6972,148,6976,986,6975,841],"class_list":{"0":"post-68301590","1":"product","2":"type-product","3":"status-publish","4":"has-post-thumbnail","6":"product_cat-challenger-36-beleuchtung","7":"product_cat-challenger-57-beleuchtung","8":"product_cat-challenger-61-beleuchtung","9":"product_cat-challenger-64-beleuchtung","10":"product_tag-axial-series","11":"product_tag-beleuchtung","12":"product_tag-black","13":"product_tag-ch3218","14":"product_tag-challenger","15":"product_tag-dodge","16":"product_tag-dodge-challenger","17":"product_tag-getoent","18":"product_tag-hinten","19":"product_tag-lampen","20":"product_tag-led","21":"product_tag-licht","22":"product_tag-raxiom","23":"product_tag-schwarz","24":"product_tag-seitenmarkierungsleuchten","25":"product_tag-set","26":"product_tag-sidemarker","27":"product_tag-vorne","28":"product_shipping_class-deutschlandohne","30":"first","31":"instock","32":"taxable","33":"shipping-taxable","34":"purchasable","35":"product-type-simple"},"bundled_by":[],"bundle_stock_status":"instock","bundle_stock_quantity":4,"bundle_virtual":false,"bundle_layout":"","bundle_add_to_cart_form_location":"","bundle_editable_in_cart":false,"bundle_sold_individually_context":"","bundle_item_grouping":"","bundle_min_size":"","bundle_max_size":"","bundle_price":[],"bundled_items":[],"bundle_sell_ids":[],"exclude_global_add_ons":[],"addons":[],"acf":[],"_links":{"self":[{"href":"https:\/\/kraftwerk-shop.cc\/es\/wp-json\/wp\/v2\/product\/68301590","targetHints":{"allow":["GET"]}}],"collection":[{"href":"https:\/\/kraftwerk-shop.cc\/es\/wp-json\/wp\/v2\/product"}],"about":[{"href":"https:\/\/kraftwerk-shop.cc\/es\/wp-json\/wp\/v2\/types\/product"}],"replies":[{"embeddable":true,"href":"https:\/\/kraftwerk-shop.cc\/es\/wp-json\/wp\/v2\/comments?post=68301590"}],"version-history":[{"count":0,"href":"https:\/\/kraftwerk-shop.cc\/es\/wp-json\/wp\/v2\/product\/68301590\/revisions"}],"wp:featuredmedia":[{"embeddable":true,"href":"https:\/\/kraftwerk-shop.cc\/es\/wp-json\/wp\/v2\/media\/68301593"}],"wp:attachment":[{"href":"https:\/\/kraftwerk-shop.cc\/es\/wp-json\/wp\/v2\/media?parent=68301590"}],"wp:term":[{"taxonomy":"product_brand","embeddable":true,"href":"https:\/\/kraftwerk-shop.cc\/es\/wp-json\/wp\/v2\/product_brand?post=68301590"},{"taxonomy":"product_cat","embeddable":true,"href":"https:\/\/kraftwerk-shop.cc\/es\/wp-json\/wp\/v2\/product_cat?post=68301590"},{"taxonomy":"product_tag","embeddable":true,"href":"https:\/\/kraftwerk-shop.cc\/es\/wp-json\/wp\/v2\/product_tag?post=68301590"}],"curies":[{"name":"wp","href":"https:\/\/api.w.org\/{rel}","templated":true}]}}