{"id":68301630,"date":"2024-05-18T21:08:33","date_gmt":"2024-05-18T19:08:33","guid":{"rendered":"https:\/\/kraftwerk-shop.cc\/?post_type=product&#038;p=68301630"},"modified":"2026-03-07T01:57:26","modified_gmt":"2026-03-07T00:57:26","slug":"raxiom-reflector-challenger","status":"publish","type":"product","link":"https:\/\/kraftwerk-shop.cc\/es\/produkt\/raxiom-reflektor-challenger\/","title":{"rendered":"Raxiom LED l\u00e1mparas reflectoras parachoques trasero Challenger"},"content":{"rendered":"<h1>Raxiom Axial Serie LED l\u00e1mparas reflectoras parachoques trasero (negro tintado) para Dodge Challenger 2015 - 2023<\/h1>\n<p>&nbsp;<\/p>\n<p>Aumente la visibilidad y la seguridad de su Dodge Challenger (a\u00f1o de modelo 2015-2023) con las l\u00e1mparas reflectoras de parachoques trasero LED de la serie Axial de Raxiom. Estos focos reflectores reemplazan los reflectores de f\u00e1brica con LEDs s\u00faper brillantes que proporcionan una mejor visibilidad tanto de d\u00eda como de noche. Fabricados en pl\u00e1stico ABS moldeado por inyecci\u00f3n y lentes de policarbonato tintado, ofrecen una soluci\u00f3n duradera y elegante.<br \/>\nLa instalaci\u00f3n es sencilla, pero requiere la integraci\u00f3n en el mazo de cables existente.<\/p>\n<p>&nbsp;<\/p>\n<p><strong>Caracter\u00edsticas del producto:<\/strong><\/p>\n<ul>\n<li>Mayor visibilidad y seguridad: Las l\u00e1mparas LED reflectoras de parachoques trasero de la serie Axial de Raxiom ofrecen una mejora significativa de la visibilidad de su veh\u00edculo, tanto de d\u00eda como de noche. Los LED superbrillantes garantizan que su Dodge Challenger (a\u00f1o de modelo 2015-2023) sea m\u00e1s visible en cualquier situaci\u00f3n.<\/li>\n<li>Materiales de alta calidad: Fabricadas con pl\u00e1stico ABS moldeado por inyecci\u00f3n y lentes de policarbonato tintado, estas l\u00e1mparas reflectoras son robustas y duraderas. Adem\u00e1s, las lentes tintadas confieren a tu veh\u00edculo un aspecto elegante y moderno.<\/li>\n<li>Instalaci\u00f3n sencilla: Estas l\u00e1mparas reflectoras LED est\u00e1n dise\u00f1adas como sustituci\u00f3n directa de los reflectores de f\u00e1brica y pueden instalarse con poco esfuerzo. La instalaci\u00f3n s\u00f3lo requiere la integraci\u00f3n en el mazo de cables existente.<\/li>\n<\/ul>\n<p>&nbsp;<\/p>\n<p><strong>Datos t\u00e9cnicos:<\/strong><\/p>\n<ul>\n<li>Tipo de l\u00e1mpara: LED<\/li>\n<li>Material de la carcasa: pl\u00e1stico ABS moldeado por inyecci\u00f3n<\/li>\n<li>Material de las lentes: policarbonato tintado<\/li>\n<li>Compatibilidad: Apto para modelos Dodge Challenger de 2015 a 2023<\/li>\n<\/ul>\n<p>&nbsp;<\/p>\n<p><strong>Volumen de suministro:<\/strong><\/p>\n<ul>\n<li>2x reflectores LED (para el conductor y el acompa\u00f1ante)<\/li>\n<\/ul>","protected":false},"excerpt":{"rendered":"<p>2015-2023<\/p>","protected":false},"featured_media":68301635,"comment_status":"open","ping_status":"closed","template":"","meta":{"_acf_changed":false},"product_brand":[],"product_cat":[6983,6984,6986,6987],"product_tag":[6973,6978,965,6988,54,49,3853,3877,798,6979,6974,6980,6972,6990,6991,6989,148,986,841],"class_list":{"0":"post-68301630","1":"product","2":"type-product","3":"status-publish","4":"has-post-thumbnail","6":"product_cat-challenger-36-beleuchtung","7":"product_cat-challenger-57-beleuchtung","8":"product_cat-challenger-hellcat-beleuchtung","9":"product_cat-challenger-64-beleuchtung","10":"product_tag-axial-series","11":"product_tag-beleuchtung","12":"product_tag-black","13":"product_tag-ch6725","14":"product_tag-challenger","15":"product_tag-dodge","16":"product_tag-dodge-challenger","17":"product_tag-getoent","18":"product_tag-hinten","19":"product_tag-lampen","20":"product_tag-led","21":"product_tag-licht","22":"product_tag-raxiom","23":"product_tag-reflektor","24":"product_tag-reflektoren","25":"product_tag-reflektorlampen","26":"product_tag-schwarz","27":"product_tag-set","28":"product_tag-vorne","29":"product_shipping_class-deutschlandohne","31":"first","32":"instock","33":"taxable","34":"shipping-taxable","35":"purchasable","36":"product-type-simple"},"bundled_by":[],"bundle_stock_status":"instock","bundle_stock_quantity":2,"bundle_virtual":false,"bundle_layout":"","bundle_add_to_cart_form_location":"","bundle_editable_in_cart":false,"bundle_sold_individually_context":"","bundle_item_grouping":"","bundle_min_size":"","bundle_max_size":"","bundle_price":[],"bundled_items":[],"bundle_sell_ids":[],"exclude_global_add_ons":[],"addons":[],"acf":[],"_links":{"self":[{"href":"https:\/\/kraftwerk-shop.cc\/es\/wp-json\/wp\/v2\/product\/68301630","targetHints":{"allow":["GET"]}}],"collection":[{"href":"https:\/\/kraftwerk-shop.cc\/es\/wp-json\/wp\/v2\/product"}],"about":[{"href":"https:\/\/kraftwerk-shop.cc\/es\/wp-json\/wp\/v2\/types\/product"}],"replies":[{"embeddable":true,"href":"https:\/\/kraftwerk-shop.cc\/es\/wp-json\/wp\/v2\/comments?post=68301630"}],"version-history":[{"count":0,"href":"https:\/\/kraftwerk-shop.cc\/es\/wp-json\/wp\/v2\/product\/68301630\/revisions"}],"wp:featuredmedia":[{"embeddable":true,"href":"https:\/\/kraftwerk-shop.cc\/es\/wp-json\/wp\/v2\/media\/68301635"}],"wp:attachment":[{"href":"https:\/\/kraftwerk-shop.cc\/es\/wp-json\/wp\/v2\/media?parent=68301630"}],"wp:term":[{"taxonomy":"product_brand","embeddable":true,"href":"https:\/\/kraftwerk-shop.cc\/es\/wp-json\/wp\/v2\/product_brand?post=68301630"},{"taxonomy":"product_cat","embeddable":true,"href":"https:\/\/kraftwerk-shop.cc\/es\/wp-json\/wp\/v2\/product_cat?post=68301630"},{"taxonomy":"product_tag","embeddable":true,"href":"https:\/\/kraftwerk-shop.cc\/es\/wp-json\/wp\/v2\/product_tag?post=68301630"}],"curies":[{"name":"wp","href":"https:\/\/api.w.org\/{rel}","templated":true}]}}