{"id":68301713,"date":"2024-05-23T10:35:03","date_gmt":"2024-05-23T08:35:03","guid":{"rendered":"https:\/\/kraftwerk-shop.cc\/?post_type=product&#038;p=68301713"},"modified":"2026-02-15T01:09:54","modified_gmt":"2026-02-15T00:09:54","slug":"raxiom-390265-luces-ford-mustang","status":"publish","type":"product","link":"https:\/\/kraftwerk-shop.cc\/es\/produkt\/raxiom-390265-leuchten-ford-mustang\/","title":{"rendered":"Luces de posici\u00f3n laterales LED Raxiom (traseras) Ford Mustang"},"content":{"rendered":"<h1>Raxiom Axial Series LED luces de posici\u00f3n laterales \/ sidemarkers (negro tintado) para Ford Mustang<\/h1>\n<p>&nbsp;<\/p>\n<p>Dale a tu Ford Mustang un aspecto moderno y agresivo con las luces de posici\u00f3n laterales LED de la serie Axial de Raxiom.<br \/>\nEstas luces de alta calidad sustituyen las bombillas est\u00e1ndar por brillantes tiras de LED que proporcionan una mejor visibilidad tanto de d\u00eda como de noche. Las lentes de policarbonato tintado y la robusta carcasa de pl\u00e1stico ABS moldeado por inyecci\u00f3n no solo proporcionan un aspecto llamativo, sino tambi\u00e9n protecci\u00f3n frente a los elementos.<\/p>\n<p>Raxiom fabrica sus luces de posici\u00f3n laterales con carcasas de pl\u00e1stico ABS moldeado por inyecci\u00f3n para una mayor durabilidad y utiliza lentes de policarbonato tintado para un aspecto agresivo. Estas luces de posici\u00f3n laterales cuentan con alta salida de color rojo (trasero) y \u00e1mbar (delantero) tiras de luz LED SMD para la luminosidad extra brillante. Raxiom asegura que las carcasas de las luces de posici\u00f3n laterales son resistentes a la intemperie para evitar que la suciedad y la humedad da\u00f1en la electr\u00f3nica de \u00faltima generaci\u00f3n en el interior.<\/p>\n<p>Raxiom ha desarrollado sus luces de posici\u00f3n laterales LED para reemplazar directamente las luces originales de f\u00e1brica en su Charger. Absolutamente ning\u00fan corte, pegado o montaje de resistencias se requiere.<\/p>\n<p>&nbsp;<\/p>\n<p><strong>Propiedades:<\/strong><\/p>\n<ul>\n<li>Las tiras de LED de alta calidad proporcionan una iluminaci\u00f3n clara y brillante que aumenta la visibilidad y la seguridad.<\/li>\n<li>Dise\u00f1o robusto: la carcasa de pl\u00e1stico ABS moldeada por inyecci\u00f3n y las lentes de policarbonato tintado resisten las inclemencias meteorol\u00f3gicas.<\/li>\n<li>F\u00e1cil instalaci\u00f3n: el dise\u00f1o Plug and Play permite una instalaci\u00f3n sencilla sin cortes ni empalmes.<\/li>\n<li>Aspecto agresivo: los cristales tintados confieren al veh\u00edculo un aspecto moderno y agresivo.<\/li>\n<\/ul>\n<p>&nbsp;<\/p>\n<p><strong>Detalles t\u00e9cnicos:<\/strong><\/p>\n<ul>\n<li>Posici\u00f3n: Trasera<\/li>\n<li>Material de la carcasa: pl\u00e1stico ABS<\/li>\n<li>Material de las lentes: policarbonato tintado<\/li>\n<li>Compatibilidad: Adecuado para 2015 - 2023 Ford Mustang (V6, EcoBoost, GT y Shelby)<\/li>\n<\/ul>\n<p>&nbsp;<\/p>\n<p><strong>Volumen de suministro:<\/strong><\/p>\n<ul>\n<li>2 luces de posici\u00f3n laterales traseras<\/li>\n<\/ul>\n<p>&nbsp;<\/p>","protected":false},"excerpt":{"rendered":"<p>2015-2023<\/p>","protected":false},"featured_media":68301716,"comment_status":"open","ping_status":"closed","template":"","meta":{"_acf_changed":false},"product_brand":[],"product_cat":[3867,3865,3866,3868,3869],"product_tag":[6996,6973,6978,965,3873,917,3877,784,2934,798,6979,6974,6980,3872,6995,6972,148,6976,986,3958,6975],"class_list":{"0":"post-68301713","1":"product","2":"type-product","3":"status-publish","4":"has-post-thumbnail","6":"product_cat-mustang-23-ecoboost-body","7":"product_cat-mustang-37-body","8":"product_cat-mustang-50-gt-body","9":"product_cat-shelby-gt350-body","10":"product_cat-shelby-gt500-body","11":"product_tag-6996","12":"product_tag-axial-series","13":"product_tag-beleuchtung","14":"product_tag-black","15":"product_tag-ecoboost","16":"product_tag-ford","17":"product_tag-getoent","18":"product_tag-gt","19":"product_tag-harder","20":"product_tag-hinten","21":"product_tag-lampen","22":"product_tag-led","23":"product_tag-licht","24":"product_tag-mustang","25":"product_tag-rax390265","26":"product_tag-raxiom","27":"product_tag-schwarz","28":"product_tag-seitenmarkierungsleuchten","29":"product_tag-set","30":"product_tag-shelby","31":"product_tag-sidemarker","33":"first","34":"instock","35":"taxable","36":"shipping-taxable","37":"purchasable","38":"product-type-simple"},"bundled_by":[],"bundle_stock_status":"instock","bundle_stock_quantity":2,"bundle_virtual":false,"bundle_layout":"","bundle_add_to_cart_form_location":"","bundle_editable_in_cart":false,"bundle_sold_individually_context":"","bundle_item_grouping":"","bundle_min_size":"","bundle_max_size":"","bundle_price":[],"bundled_items":[],"bundle_sell_ids":[],"exclude_global_add_ons":[],"addons":[],"acf":[],"_links":{"self":[{"href":"https:\/\/kraftwerk-shop.cc\/es\/wp-json\/wp\/v2\/product\/68301713","targetHints":{"allow":["GET"]}}],"collection":[{"href":"https:\/\/kraftwerk-shop.cc\/es\/wp-json\/wp\/v2\/product"}],"about":[{"href":"https:\/\/kraftwerk-shop.cc\/es\/wp-json\/wp\/v2\/types\/product"}],"replies":[{"embeddable":true,"href":"https:\/\/kraftwerk-shop.cc\/es\/wp-json\/wp\/v2\/comments?post=68301713"}],"version-history":[{"count":0,"href":"https:\/\/kraftwerk-shop.cc\/es\/wp-json\/wp\/v2\/product\/68301713\/revisions"}],"wp:featuredmedia":[{"embeddable":true,"href":"https:\/\/kraftwerk-shop.cc\/es\/wp-json\/wp\/v2\/media\/68301716"}],"wp:attachment":[{"href":"https:\/\/kraftwerk-shop.cc\/es\/wp-json\/wp\/v2\/media?parent=68301713"}],"wp:term":[{"taxonomy":"product_brand","embeddable":true,"href":"https:\/\/kraftwerk-shop.cc\/es\/wp-json\/wp\/v2\/product_brand?post=68301713"},{"taxonomy":"product_cat","embeddable":true,"href":"https:\/\/kraftwerk-shop.cc\/es\/wp-json\/wp\/v2\/product_cat?post=68301713"},{"taxonomy":"product_tag","embeddable":true,"href":"https:\/\/kraftwerk-shop.cc\/es\/wp-json\/wp\/v2\/product_tag?post=68301713"}],"curies":[{"name":"wp","href":"https:\/\/api.w.org\/{rel}","templated":true}]}}