{"id":68301931,"date":"2024-06-04T12:44:58","date_gmt":"2024-06-04T10:44:58","guid":{"rendered":"https:\/\/kraftwerk-shop.cc\/?post_type=product&#038;p=68301931"},"modified":"2026-02-15T01:10:05","modified_gmt":"2026-02-15T00:10:05","slug":"mbrp-s6171al-escape-deportivo-ram-ecodiesel","status":"publish","type":"product","link":"https:\/\/kraftwerk-shop.cc\/es\/produkt\/mbrp-s6171al-sportauspuff-ram-ecodiesel\/","title":{"rendered":"MBRP DPF-Back Tour Perfil RAM 3.0 EcoDiesel"},"content":{"rendered":"<h1>MBRP Cat-Back 3\u2033 Tour Perfil sistema de escape para RAM 3.0 EcoDiesel<\/h1>\n<p>&nbsp;<\/p>\n<p>El escape deportivo MBRP libera todo el potencial de potencia y par de su veh\u00edculo y asegura que su RAM sea m\u00e1s r\u00e1pido, m\u00e1s suave y m\u00e1s ruidoso en la carretera.<\/p>\n<p>Cada sistema de escape MBRP est\u00e1 ajustado y dise\u00f1ado para dar a su veh\u00edculo el m\u00e1ximo rendimiento. Fabricado en acero aluminizado de alta resistencia. Cada secci\u00f3n del tubo est\u00e1 curvada uniformemente para aumentar el flujo de escape. El silenciador trasero est\u00e1 dise\u00f1ado para dar a su veh\u00edculo un sonido \u00f3ptimo y minimizar la contrapresi\u00f3n.<\/p>\n<p>La instalaci\u00f3n del sistema de escape MBRP es simple y no requiere soldadura o perforaci\u00f3n en su veh\u00edculo. Cada sistema utiliza los puntos de montaje existentes.<\/p>\n<p>Crear un revuelo sin aumentar el nivel de ruido. Dale a tu veh\u00edculo una nota de sonido \u00fanica con un escape MBRP Tour Profile. Disfrute de un rendimiento mejorado sin ser demasiado ruidoso.<\/p>\n<p>&nbsp;<\/p>\n<p>El sistema de escape MBRP S6171AL Tour Profile DPF-Back de acero aluminizado es adecuado para los siguientes modelos:<\/p>\n<table width=\"449\">\n<tbody>\n<tr>\n<td width=\"115\"><strong>Marca<\/strong><\/td>\n<td width=\"145\"><strong>Modelo<\/strong><\/td>\n<td width=\"106\"><strong>Motor<\/strong><\/td>\n<td width=\"83\"><strong>A\u00f1o de construcci\u00f3n<\/strong><\/td>\n<\/tr>\n<tr>\n<td>RAM<\/td>\n<td>1500<\/td>\n<td>3.0 EcoDiesel<\/td>\n<td>2014-2018<\/td>\n<\/tr>\n<\/tbody>\n<\/table>\n<p>&nbsp;<\/p>","protected":false},"excerpt":{"rendered":"<p>Acero aluminizado<\/p>","protected":false},"featured_media":68301935,"comment_status":"open","ping_status":"closed","template":"","meta":{"_acf_changed":false},"product_brand":[17169],"product_cat":[3024,4235],"product_tag":[475,4024,89,4508,4023,1046,1035,1036,546,1037,875,504,1039,1042,2786,2934,529,20273,2211,2931,7003,1044,86,1045,1041,547,1034,1038,6881,233],"class_list":{"0":"post-68301931","1":"product","2":"type-product","3":"status-publish","4":"has-post-thumbnail","6":"product_brand-mbrp","7":"product_cat-nicht-nach-eu","8":"product_cat-1500-ecodiesel-abgasanlage","9":"product_tag-475","10":"product_tag-3zoll","11":"product_tag-3-0","12":"product_tag-3-0-ecodiesel","13":"product_tag-4023","14":"product_tag-abe","15":"product_tag-abgasanlage","16":"product_tag-abgassystem","17":"product_tag-auspuff","18":"product_tag-auspuffsystem","19":"product_tag-diesel","20":"product_tag-ecodiesel","21":"product_tag-endschalldaempfer","22":"product_tag-endtopf","23":"product_tag-exhaust","24":"product_tag-harder","25":"product_tag-katalysator","26":"product_tag-keintuev","27":"product_tag-klang","28":"product_tag-mbrp","29":"product_tag-mbrp-s6171al","30":"product_tag-mittelschalldaempfer","31":"product_tag-ram","32":"product_tag-sound","33":"product_tag-sport","34":"product_tag-sportauspuff","35":"product_tag-sportauspuffanlage","36":"product_tag-sportendschalldaempfer","37":"product_tag-tour","38":"product_tag-tuning","39":"product_shipping_class-paket-xl","41":"first","42":"onbackorder","43":"taxable","44":"shipping-taxable","45":"purchasable","46":"product-type-simple"},"bundled_by":[],"bundle_stock_status":"onbackorder","bundle_stock_quantity":0,"bundle_virtual":false,"bundle_layout":"","bundle_add_to_cart_form_location":"","bundle_editable_in_cart":false,"bundle_sold_individually_context":"","bundle_item_grouping":"","bundle_min_size":"","bundle_max_size":"","bundle_price":[],"bundled_items":[],"bundle_sell_ids":[],"exclude_global_add_ons":[],"addons":[],"acf":[],"_links":{"self":[{"href":"https:\/\/kraftwerk-shop.cc\/es\/wp-json\/wp\/v2\/product\/68301931","targetHints":{"allow":["GET"]}}],"collection":[{"href":"https:\/\/kraftwerk-shop.cc\/es\/wp-json\/wp\/v2\/product"}],"about":[{"href":"https:\/\/kraftwerk-shop.cc\/es\/wp-json\/wp\/v2\/types\/product"}],"replies":[{"embeddable":true,"href":"https:\/\/kraftwerk-shop.cc\/es\/wp-json\/wp\/v2\/comments?post=68301931"}],"version-history":[{"count":0,"href":"https:\/\/kraftwerk-shop.cc\/es\/wp-json\/wp\/v2\/product\/68301931\/revisions"}],"wp:featuredmedia":[{"embeddable":true,"href":"https:\/\/kraftwerk-shop.cc\/es\/wp-json\/wp\/v2\/media\/68301935"}],"wp:attachment":[{"href":"https:\/\/kraftwerk-shop.cc\/es\/wp-json\/wp\/v2\/media?parent=68301931"}],"wp:term":[{"taxonomy":"product_brand","embeddable":true,"href":"https:\/\/kraftwerk-shop.cc\/es\/wp-json\/wp\/v2\/product_brand?post=68301931"},{"taxonomy":"product_cat","embeddable":true,"href":"https:\/\/kraftwerk-shop.cc\/es\/wp-json\/wp\/v2\/product_cat?post=68301931"},{"taxonomy":"product_tag","embeddable":true,"href":"https:\/\/kraftwerk-shop.cc\/es\/wp-json\/wp\/v2\/product_tag?post=68301931"}],"curies":[{"name":"wp","href":"https:\/\/api.w.org\/{rel}","templated":true}]}}