{"id":68302137,"date":"2024-06-16T16:18:14","date_gmt":"2024-06-16T14:18:14","guid":{"rendered":"https:\/\/kraftwerk-shop.cc\/?post_type=product&#038;p=68302137"},"modified":"2026-03-30T02:18:11","modified_gmt":"2026-03-30T00:18:11","slug":"kooks-colector-ram-57","status":"publish","type":"product","link":"https:\/\/kraftwerk-shop.cc\/es\/produkt\/kooks-faecherkruemmer-katalysatoren-ram-57\/","title":{"rendered":"Colector Kooks 1 3\/4\u2033 con catalizadores Green RAM 5.7"},"content":{"rendered":"<h1>Colector Kooks 1 3\/4\u2033 con catalizadores Green para RAM 5.7 de 2009 a 2018 y Classic 2019 - 2024<\/h1>\n<p>&nbsp;<\/p>\n<p>Los colectores mejoran el rendimiento de su RAM 5.7 dirigiendo el flujo de gases de escape de forma m\u00e1s eficiente. Gracias a su forma especial, permiten un mejor desarrollo de los gases de escape y reducen la contrapresi\u00f3n, lo que se traduce en un mayor rendimiento del motor.<\/p>\n<p>Los colectores Kooks est\u00e1n fabricados en robusto acero inoxidable T304, lo que les confiere una larga vida \u00fatil. Son m\u00e1s resistentes a la corrosi\u00f3n y a las altas temperaturas que los colectores convencionales.<\/p>\n<p>Los catalizadores GREEN son catalizadores de alto rendimiento con un alto contenido en platino y cuentan con la homologaci\u00f3n de la EPA.<\/p>\n<p>Esta combinaci\u00f3n de colectores y catalizadores deportivos puede utilizarse directamente con el sistema de escape original o con sistemas de escape accesorios id\u00e9nticos a las conexiones originales.<\/p>\n<p>&nbsp;<\/p>\n<p><strong>Colector de ventilador Kooks<\/strong><\/p>\n<ul>\n<li>Mejorar el caudal de gases de escape<\/li>\n<li>Mejora el sonido de tu veh\u00edculo<\/li>\n<li>Minimizar la contrapresi\u00f3n en el sistema de escape<\/li>\n<li>Aumentar el rendimiento del motor<\/li>\n<\/ul>\n<p>&nbsp;<\/p>\n<p><strong>Adecuado para:<\/strong><\/p>\n<ul>\n<li>2023 Ram 1500 Classic Warlock V8 5.7<\/li>\n<li>2023 Ram 1500 Classic Tradesman V8 5.7<\/li>\n<li>2023 Ram 1500 Classic Express V8 5.7<\/li>\n<li>2023 Ram 1500 Classic Special Service V8 5.7<\/li>\n<li>2023 Ram 1500 Classic SLT V8 5.7<\/li>\n<li>2022 Ram 1500 Classic Warlock V8 5.7<\/li>\n<li>2022 Ram 1500 Classic Tradesman V8 5.7<\/li>\n<li>2022 Ram 1500 Classic Express V8 5.7<\/li>\n<li>2022 Ram 1500 Classic Special Service V8 5.7<\/li>\n<li>2022 Ram 1500 Classic SLT V8 5.7<\/li>\n<li>2021 Ram 1500 Classic Warlock V8 5.7<\/li>\n<li>2021 Ram 1500 Classic Tradesman V8 5.7<\/li>\n<li>2021 Ram 1500 Classic Express V8 5.7<\/li>\n<li>2021 Ram 1500 Classic Special Service V8 5.7<\/li>\n<li>2021 Ram 1500 Classic SLT V8 5.7<\/li>\n<li>2020 Ram 1500 Classic Warlock V8 5.7<\/li>\n<li>2020 Ram 1500 Classic Tradesman V8 5.7<\/li>\n<li>2020 Ram 1500 Classic Express V8 5.7<\/li>\n<li>2020 Ram 1500 Classic Special Service V8 5.7<\/li>\n<li>2020 Ram 1500 Classic SLT V8 5.7<\/li>\n<li>2019 Ram 1500 Classic Warlock V8 5.7<\/li>\n<li>2019 Ram 1500 Classic Tradesman V8 5.7<\/li>\n<li>2019 Ram 1500 Classic Express V8 5.7<\/li>\n<li>2019 Ram 1500 Classic Special Service V8 5.7<\/li>\n<li>2019 Ram 1500 Classic SLT V8 5.7<\/li>\n<li>2019 Ram 1500 Classic Lone Star V8 5.7<\/li>\n<li>2019 Ram 1500 Classic Big Horn V8 5.7<\/li>\n<li>2018 Ram 1500 Big Horn V8 5.7<\/li>\n<li>2018 Ram 1500 Laramie Longhorn V8 5.7<\/li>\n<li>2018 Ram 1500 ST V8 5.7<\/li>\n<li>2018 Ram 1500 Outdoorsman V8 5.7<\/li>\n<li>2018 Ram 1500 SLT V8 5.7<\/li>\n<li>2018 Ram 1500 Laramie V8 5.7<\/li>\n<li>2018 Ram 1500 Sport V8 5.7<\/li>\n<li>2018 Ram 1500 Tradesman V8 5.7<\/li>\n<li>2018 Ram 1500 SXT V8 5.7<\/li>\n<li>2018 Ram 1500 Express V8 5.7<\/li>\n<li>2018 Ram 1500 Laramie Limited V8 5.7<\/li>\n<li>2018 Ram 1500 Lone Star V8 5.7<\/li>\n<li>2018 Ram 1500 Limited V8 5.7<\/li>\n<li>2018 Ram 1500 Rebel V8 5.7<\/li>\n<li>2017 Ram 1500 Big Horn V8 5.7<\/li>\n<li>2017 Ram 1500 Laramie Longhorn V8 5.7<\/li>\n<li>2017 Ram 1500 ST V8 5.7<\/li>\n<li>2017 Ram 1500 Outdoorsman V8 5.7<\/li>\n<li>2017 Ram 1500 SLT V8 5.7<\/li>\n<li>2017 Ram 1500 Laramie V8 5.7<\/li>\n<li>2017 Ram 1500 Sport V8 5.7<\/li>\n<li>2017 Ram 1500 Tradesman V8 5.7<\/li>\n<li>2017 Ram 1500 SXT V8 5.7<\/li>\n<li>2017 Ram 1500 Express V8 5.7<\/li>\n<li>2017 Ram 1500 Laramie Limited V8 5.7<\/li>\n<li>2017 Ram 1500 Lone Star V8 5.7<\/li>\n<li>2017 Ram 1500 Limited V8 5.7<\/li>\n<li>2017 Ram 1500 Rebel V8 5.7<\/li>\n<li>2016 Ram 1500 Big Horn V8 5.7<\/li>\n<li>2016 Ram 1500 Laramie Longhorn V8 5.7<\/li>\n<li>2016 Ram 1500 ST V8 5.7<\/li>\n<li>2016 Ram 1500 Outdoorsman V8 5.7<\/li>\n<li>2016 Ram 1500 SLT V8 5.7<\/li>\n<li>2016 Ram 1500 Laramie V8 5.7<\/li>\n<li>2016 Ram 1500 Sport V8 5.7<\/li>\n<li>2016 Ram 1500 Tradesman V8 5.7<\/li>\n<li>2016 Ram 1500 SXT V8 5.7<\/li>\n<li>2016 Ram 1500 Express V8 5.7<\/li>\n<li>2016 Ram 1500 Laramie Limited V8 5.7<\/li>\n<li>2016 Ram 1500 Lone Star V8 5.7<\/li>\n<li>2016 Ram 1500 Limited V8 5.7<\/li>\n<li>2016 Ram 1500 Rebel V8 5.7<\/li>\n<li>2015 Ram 1500 Big Horn V8 5.7<\/li>\n<li>2015 Ram 1500 Laramie Longhorn V8 5.7<\/li>\n<li>2015 Ram 1500 ST V8 5.7<\/li>\n<li>2015 Ram 1500 Outdoorsman V8 5.7<\/li>\n<li>2015 Ram 1500 SLT V8 5.7<\/li>\n<li>2015 Ram 1500 Laramie V8 5.7<\/li>\n<li>2015 Ram 1500 Sport V8 5.7<\/li>\n<li>2015 Ram 1500 Tradesman V8 5.7<\/li>\n<li>2015 Ram 1500 SXT V8 5.7<\/li>\n<li>2015 Ram 1500 Express V8 5.7<\/li>\n<li>2015 Ram 1500 Laramie Limited V8 5.7<\/li>\n<li>2015 Ram 1500 Lone Star V8 5.7<\/li>\n<li>2015 Ram 1500 Limited V8 5.7<\/li>\n<li>2015 Ram 1500 Rebel V8 5.7<\/li>\n<li>2014 Ram 1500 Big Horn V8 5.7<\/li>\n<li>2014 Ram 1500 Laramie Longhorn V8 5.7<\/li>\n<li>2014 Ram 1500 ST V8 5.7<\/li>\n<li>2014 Ram 1500 Outdoorsman V8 5.7<\/li>\n<li>2014 Ram 1500 SLT V8 5.7<\/li>\n<li>2014 Ram 1500 Laramie V8 5.7<\/li>\n<li>2014 Ram 1500 Sport V8 5.7<\/li>\n<li>2014 Ram 1500 Tradesman V8 5.7<\/li>\n<li>2014 Ram 1500 SXT V8 5.7<\/li>\n<li>2014 Ram 1500 Express V8 5.7<\/li>\n<li>2014 Ram 1500 Laramie Limited V8 5.7<\/li>\n<li>2014 Ram 1500 Lone Star V8 5.7<\/li>\n<li>2013 Ram 1500 Big Horn V8 5.7<\/li>\n<li>2013 Ram 1500 Laramie Longhorn V8 5.7<\/li>\n<li>2013 Ram 1500 ST V8 5.7<\/li>\n<li>2013 Ram 1500 Outdoorsman V8 5.7<\/li>\n<li>2013 Ram 1500 SLT V8 5.7<\/li>\n<li>2013 Ram 1500 Laramie V8 5.7<\/li>\n<li>2013 Ram 1500 Sport V8 5.7<\/li>\n<li>2013 Ram 1500 Tradesman V8 5.7<\/li>\n<li>2013 Ram 1500 SXT V8 5.7<\/li>\n<li>2013 Ram 1500 Express V8 5.7<\/li>\n<li>2012 Ram 1500 Big Horn V8 5.7<\/li>\n<li>2012 Ram 1500 Laramie Longhorn V8 5.7<\/li>\n<li>2012 Ram 1500 ST V8 5.7<\/li>\n<li>2012 Ram 1500 Outdoorsman V8 5.7<\/li>\n<li>2012 Ram 1500 SLT V8 5.7<\/li>\n<li>2012 Ram 1500 Laramie V8 5.7<\/li>\n<li>2012 Ram 1500 Sport V8 5.7<\/li>\n<li>2012 Ram 1500 Tradesman V8 5.7<\/li>\n<li>2012 Ram 1500 Express V8 5.7<\/li>\n<li>2011 Ram 1500 Big Horn V8 5.7<\/li>\n<li>2011 Ram 1500 Laramie Longhorn V8 5.7<\/li>\n<li>2011 Ram 1500 ST V8 5.7<\/li>\n<li>2011 Ram 1500 Outdoorsman V8 5.7<\/li>\n<li>2011 Ram 1500 SLT V8 5.7<\/li>\n<li>2011 Ram 1500 Laramie V8 5.7<\/li>\n<li>2011 Ram 1500 Sport V8 5.7<\/li>\n<li>2011 Ram 1500 Tradesman V8 5.7<\/li>\n<li>2011 Ram 1500 SXT V8 5.7<\/li>\n<li>2010 Dodge Ram 1500 ST V8 5.7<\/li>\n<li>2010 Dodge Ram 1500 TRX V8 5.7<\/li>\n<li>2010 Dodge Ram 1500 TRX4 V8 5.7<\/li>\n<li>2010 Dodge Ram 1500 Sport V8 5.7<\/li>\n<li>2010 Dodge Ram 1500 Laramie V8 5.7<\/li>\n<li>2010 Dodge Ram 1500 SLT V8 5.7<\/li>\n<li>2009 Dodge Ram 1500 ST V8 5.7<\/li>\n<li>2009 Dodge Ram 1500 TRX V8 5.7<\/li>\n<li>2009 Dodge Ram 1500 TRX4 V8 5.7<\/li>\n<li>2009 Dodge Ram 1500 Sport V8 5.7<\/li>\n<li>2009 Dodge Ram 1500 Laramie V8 5.7<\/li>\n<li>2009 Dodge Ram 1500 SLT V8 5.7<\/li>\n<\/ul>\n<p>&nbsp;<\/p>\n<p><strong>Acerca de Kooks<\/strong><\/p>\n<p>Los colectores de escape y sistemas de escape Kooks han sido l\u00edderes del mercado durante m\u00e1s de 50 a\u00f1os. Desde 1962, Kooks se enorgullece de ofrecer los mejores colectores y sistemas de escape completos para sus aplicaciones de calle, competici\u00f3n y todoterreno. Los veh\u00edculos con colectores y sistemas de escape Kooks han ganado cientos de campeonatos y establecido innumerables r\u00e9cords en la NHRA, IHRA, NMCA, NMRA, NASCAR, NASA, SCCA y muchas otras organizaciones de carreras.<br \/>\nTodos los productos Kooks est\u00e1n hechos a mano en EE.UU. y Kooks se enorgullece de seguir siendo independiente.<br \/>\nNo lo olvides: \"Get Kookin with KOOKS\".<\/p>\n<p>&nbsp;<\/p>","protected":false},"excerpt":{"rendered":"<p>2009 - 2018 &amp; Cl\u00e1sico 2019 - 2024<\/p>","protected":false},"featured_media":68302143,"comment_status":"open","ping_status":"closed","template":"","meta":{"_acf_changed":false},"product_brand":[17172],"product_cat":[3024,6621],"product_tag":[475,7012,91,546,49,477,543,6960,549,126,20273,544,2447,36,550,545,86,527,553],"class_list":{"0":"post-68302137","1":"product","2":"type-product","3":"status-publish","4":"has-post-thumbnail","6":"product_brand-kooks","7":"product_cat-nicht-nach-eu","8":"product_cat-1500-57-2009-2018-classic-abgaskruemmer-katalysatoren","9":"product_tag-475","10":"product_tag-3510h231","11":"product_tag-5-7","12":"product_tag-auspuff","13":"product_tag-dodge","14":"product_tag-ds","15":"product_tag-faecherkruemmer","16":"product_tag-green-katalysatoren","17":"product_tag-header","18":"product_tag-hemi","19":"product_tag-keintuev","20":"product_tag-kooks","21":"product_tag-kooks-headers","22":"product_tag-kraftwerk","23":"product_tag-kruemmer","24":"product_tag-longtube","25":"product_tag-ram","26":"product_tag-sportkat","27":"product_tag-sportkatalysator","28":"product_shipping_class-paket-xl","30":"first","31":"onbackorder","32":"taxable","33":"shipping-taxable","34":"purchasable","35":"product-type-simple"},"bundled_by":[],"bundle_stock_status":"onbackorder","bundle_stock_quantity":0,"bundle_virtual":false,"bundle_layout":"","bundle_add_to_cart_form_location":"","bundle_editable_in_cart":false,"bundle_sold_individually_context":"","bundle_item_grouping":"","bundle_min_size":"","bundle_max_size":"","bundle_price":[],"bundled_items":[],"bundle_sell_ids":[],"exclude_global_add_ons":[],"addons":[],"acf":[],"_links":{"self":[{"href":"https:\/\/kraftwerk-shop.cc\/es\/wp-json\/wp\/v2\/product\/68302137","targetHints":{"allow":["GET"]}}],"collection":[{"href":"https:\/\/kraftwerk-shop.cc\/es\/wp-json\/wp\/v2\/product"}],"about":[{"href":"https:\/\/kraftwerk-shop.cc\/es\/wp-json\/wp\/v2\/types\/product"}],"replies":[{"embeddable":true,"href":"https:\/\/kraftwerk-shop.cc\/es\/wp-json\/wp\/v2\/comments?post=68302137"}],"version-history":[{"count":0,"href":"https:\/\/kraftwerk-shop.cc\/es\/wp-json\/wp\/v2\/product\/68302137\/revisions"}],"wp:featuredmedia":[{"embeddable":true,"href":"https:\/\/kraftwerk-shop.cc\/es\/wp-json\/wp\/v2\/media\/68302143"}],"wp:attachment":[{"href":"https:\/\/kraftwerk-shop.cc\/es\/wp-json\/wp\/v2\/media?parent=68302137"}],"wp:term":[{"taxonomy":"product_brand","embeddable":true,"href":"https:\/\/kraftwerk-shop.cc\/es\/wp-json\/wp\/v2\/product_brand?post=68302137"},{"taxonomy":"product_cat","embeddable":true,"href":"https:\/\/kraftwerk-shop.cc\/es\/wp-json\/wp\/v2\/product_cat?post=68302137"},{"taxonomy":"product_tag","embeddable":true,"href":"https:\/\/kraftwerk-shop.cc\/es\/wp-json\/wp\/v2\/product_tag?post=68302137"}],"curies":[{"name":"wp","href":"https:\/\/api.w.org\/{rel}","templated":true}]}}