{"id":68302191,"date":"2024-06-16T23:34:12","date_gmt":"2024-06-16T21:34:12","guid":{"rendered":"https:\/\/kraftwerk-shop.cc\/?post_type=product&#038;p=68302191"},"modified":"2026-02-15T01:10:26","modified_gmt":"2026-02-15T00:10:26","slug":"kooks-colector-catalizador-300c-57","status":"publish","type":"product","link":"https:\/\/kraftwerk-shop.cc\/es\/produkt\/kooks-faecherkruemmer-katalysatoren-300c-57\/","title":{"rendered":"Colector Kooks 1 7\/8\u2033 con catalizadores Green 300C 5.7"},"content":{"rendered":"<h1>Colector Kooks 1 7\/8\u2033 con catalizadores Green para Chrysler 300C 5.7<\/h1>\n<p>&nbsp;<\/p>\n<p>Los colectores mejoran el rendimiento de su 300C 5.7 dirigiendo el flujo de gases de escape de forma m\u00e1s eficiente. Gracias a su forma especial, permiten un mejor desarrollo de los gases de escape y reducen la contrapresi\u00f3n, lo que se traduce en un mayor rendimiento del motor.<\/p>\n<p>Los colectores Kooks est\u00e1n fabricados en robusto acero inoxidable T304, lo que les confiere una larga vida \u00fatil. Son m\u00e1s resistentes a la corrosi\u00f3n y a las altas temperaturas que los colectores convencionales.<\/p>\n<p>Los catalizadores GREEN son catalizadores de alto rendimiento con un alto contenido en platino y cuentan con la homologaci\u00f3n de la EPA.<\/p>\n<p>Esta combinaci\u00f3n de colectores y catalizadores deportivos puede utilizarse directamente con el sistema de escape original o con sistemas de escape accesorios id\u00e9nticos a las conexiones originales.<\/p>\n<p>&nbsp;<\/p>\n<p><strong>Colector de ventilador Kooks<\/strong><\/p>\n<ul>\n<li>Mejorar el caudal de gases de escape<\/li>\n<li>Mejora el sonido de tu veh\u00edculo<\/li>\n<li>Minimizar la contrapresi\u00f3n en el sistema de escape<\/li>\n<li>Aumentar el rendimiento del motor<\/li>\n<\/ul>\n<p>&nbsp;<\/p>\n<p><strong>Adecuado para:<\/strong><\/p>\n<table width=\"437\">\n<tbody>\n<tr>\n<td width=\"83\"><strong>Marca<\/strong><\/td>\n<td width=\"122\"><strong>Modelo<\/strong><\/td>\n<td width=\"136\"><strong>Motor<\/strong><\/td>\n<td width=\"96\"><strong>A\u00f1o de construcci\u00f3n<\/strong><\/td>\n<\/tr>\n<tr>\n<td>Chrysler<\/td>\n<td>300C<\/td>\n<td>5.7<\/td>\n<td width=\"96\">2009-2023<\/td>\n<\/tr>\n<\/tbody>\n<\/table>\n<p>&nbsp;<\/p>\n<p><strong>Acerca de Kooks<\/strong><\/p>\n<p>Los colectores de escape y sistemas de escape Kooks han sido l\u00edderes del mercado durante m\u00e1s de 50 a\u00f1os. Desde 1962, Kooks se enorgullece de ofrecer los mejores colectores y sistemas de escape completos para sus aplicaciones de calle, competici\u00f3n y todoterreno. Los veh\u00edculos con colectores y sistemas de escape Kooks han ganado cientos de campeonatos y establecido innumerables r\u00e9cords en la NHRA, IHRA, NMCA, NMRA, NASCAR, NASA, SCCA y muchas otras organizaciones de carreras.<br \/>\nTodos los productos Kooks est\u00e1n hechos a mano en EE.UU. y Kooks se enorgullece de seguir siendo independiente.<br \/>\nNo lo olvides: \"Get Kookin with KOOKS\".<\/p>\n<p>&nbsp;<\/p>","protected":false},"excerpt":{"rendered":"<p>2009-2023<\/p>","protected":false},"featured_media":68302265,"comment_status":"open","ping_status":"closed","template":"","meta":{"_acf_changed":false},"product_brand":[17172],"product_cat":[6615,6618,3024],"product_tag":[52,7015,91,546,48,543,6960,549,126,20273,544,2447,36,550,545,527,553],"class_list":{"0":"post-68302191","1":"product","2":"type-product","3":"status-publish","4":"has-post-thumbnail","6":"product_brand-kooks","7":"product_cat-300c-57-2005-2010-abgaskruemmer-katalysatoren","8":"product_cat-300c-57-2011-2023-abgaskruemmer-katalysatoren","9":"product_cat-nicht-nach-eu","10":"product_tag-300c","11":"product_tag-3100h430","12":"product_tag-5-7","13":"product_tag-auspuff","14":"product_tag-chrysler","15":"product_tag-faecherkruemmer","16":"product_tag-green-katalysatoren","17":"product_tag-header","18":"product_tag-hemi","19":"product_tag-keintuev","20":"product_tag-kooks","21":"product_tag-kooks-headers","22":"product_tag-kraftwerk","23":"product_tag-kruemmer","24":"product_tag-longtube","25":"product_tag-sportkat","26":"product_tag-sportkatalysator","27":"product_shipping_class-paket-xl","29":"first","30":"onbackorder","31":"taxable","32":"shipping-taxable","33":"purchasable","34":"product-type-simple"},"bundled_by":[],"bundle_stock_status":"onbackorder","bundle_stock_quantity":0,"bundle_virtual":false,"bundle_layout":"","bundle_add_to_cart_form_location":"","bundle_editable_in_cart":false,"bundle_sold_individually_context":"","bundle_item_grouping":"","bundle_min_size":"","bundle_max_size":"","bundle_price":[],"bundled_items":[],"bundle_sell_ids":[],"exclude_global_add_ons":[],"addons":[],"acf":[],"_links":{"self":[{"href":"https:\/\/kraftwerk-shop.cc\/es\/wp-json\/wp\/v2\/product\/68302191","targetHints":{"allow":["GET"]}}],"collection":[{"href":"https:\/\/kraftwerk-shop.cc\/es\/wp-json\/wp\/v2\/product"}],"about":[{"href":"https:\/\/kraftwerk-shop.cc\/es\/wp-json\/wp\/v2\/types\/product"}],"replies":[{"embeddable":true,"href":"https:\/\/kraftwerk-shop.cc\/es\/wp-json\/wp\/v2\/comments?post=68302191"}],"version-history":[{"count":0,"href":"https:\/\/kraftwerk-shop.cc\/es\/wp-json\/wp\/v2\/product\/68302191\/revisions"}],"wp:featuredmedia":[{"embeddable":true,"href":"https:\/\/kraftwerk-shop.cc\/es\/wp-json\/wp\/v2\/media\/68302265"}],"wp:attachment":[{"href":"https:\/\/kraftwerk-shop.cc\/es\/wp-json\/wp\/v2\/media?parent=68302191"}],"wp:term":[{"taxonomy":"product_brand","embeddable":true,"href":"https:\/\/kraftwerk-shop.cc\/es\/wp-json\/wp\/v2\/product_brand?post=68302191"},{"taxonomy":"product_cat","embeddable":true,"href":"https:\/\/kraftwerk-shop.cc\/es\/wp-json\/wp\/v2\/product_cat?post=68302191"},{"taxonomy":"product_tag","embeddable":true,"href":"https:\/\/kraftwerk-shop.cc\/es\/wp-json\/wp\/v2\/product_tag?post=68302191"}],"curies":[{"name":"wp","href":"https:\/\/api.w.org\/{rel}","templated":true}]}}