{"id":68302219,"date":"2024-06-19T01:11:27","date_gmt":"2024-06-18T23:11:27","guid":{"rendered":"https:\/\/kraftwerk-shop.cc\/?post_type=product&#038;p=68302219"},"modified":"2026-02-15T01:10:13","modified_gmt":"2026-02-15T00:10:13","slug":"borla-carbon-tailpipes-dodge-charger-chrysler-300c","status":"publish","type":"product","link":"https:\/\/kraftwerk-shop.cc\/es\/produkt\/borla-carbon-endrohre-dodge-charger-chrysler-300c\/","title":{"rendered":"BORLA 5 pulgadas de carbono tubos de escape Dodge Charger y Chrysler 300C"},"content":{"rendered":"<h1>Tubos de escape BORLA de 5 pulgadas\u00a0<span class=\"base\" data-ui-id=\"page-title-wrapper\">60729CFBA <\/span>para Dodge Charger &amp; Chrysler 300C (Carbono)<\/h1>\n<p>&nbsp;<\/p>\n<p>Mejora tu Chrysler 300C (2023) o Dodge Charger (2015 - 2023) con estos tubos de escape de carbono de 5 pulgadas.<br \/>\nEst\u00e1n dise\u00f1ados para el sistema original o los sistemas BORLA\u00ae y son f\u00e1ciles de montar. La precisa fabricaci\u00f3n CNC garantiza un ajuste exacto. Los tubos de escape BORLA\u00ae est\u00e1n disponibles en diversos materiales, acabados, tama\u00f1os y estilos. Son la forma perfecta de dar a su veh\u00edculo un aspecto personalizado.<\/p>\n<p>Estos tubos de escape son f\u00e1ciles de atornillar. Como est\u00e1n dise\u00f1ados como una pieza de reemplazo directo, puede fijarlos r\u00e1pidamente a los puntos de f\u00e1brica de su veh\u00edculo utilizando las abrazaderas est\u00e1ndar. No es necesario soldar ni cortar.<\/p>\n<p>&nbsp;<\/p>\n<p><strong>Adecuado para:<\/strong><\/p>\n<table width=\"530\">\n<tbody>\n<tr>\n<td width=\"80\"><strong>Marca<\/strong><\/td>\n<td width=\"80\"><strong>Modelo<\/strong><\/td>\n<td width=\"156\"><strong>Motor<\/strong><\/td>\n<td width=\"214\"><strong>A\u00f1o de construcci\u00f3n<\/strong><\/td>\n<\/tr>\n<tr>\n<td>Chrysler<\/td>\n<td>300C<\/td>\n<td>5.7<\/td>\n<td>2023<\/td>\n<\/tr>\n<tr>\n<td>Chrysler<\/td>\n<td>300C<\/td>\n<td>6.4<\/td>\n<td>2023<\/td>\n<\/tr>\n<tr>\n<td width=\"80\">Dodge<\/td>\n<td width=\"80\">Charger<\/td>\n<td width=\"156\">5.7<\/td>\n<td width=\"214\">2015-2023<\/td>\n<\/tr>\n<tr>\n<td width=\"80\">Dodge<\/td>\n<td width=\"80\">Charger<\/td>\n<td width=\"156\">6.2 Hellcat<\/td>\n<td width=\"214\">2015-2023<\/td>\n<\/tr>\n<tr>\n<td width=\"80\">Dodge<\/td>\n<td width=\"80\">Charger<\/td>\n<td width=\"156\">6.4<\/td>\n<td width=\"214\">2015-2023<\/td>\n<\/tr>\n<\/tbody>\n<\/table>\n<p>&nbsp;<\/p>\n<p><strong>Volumen de suministro:<\/strong><\/p>\n<ul>\n<li>2 tubos de escape<\/li>\n<\/ul>","protected":false},"excerpt":{"rendered":"<p>2015-2023<\/p>","protected":false},"featured_media":68307186,"comment_status":"open","ping_status":"closed","template":"","meta":{"_acf_changed":false},"product_brand":[17170],"product_cat":[6617,6582,6608,6596,6558],"product_tag":[249,250,251,252,419,420,2066,2373,4526,217,91,101,93,7017,1035,1036,546,3720,1037,3045,1032,773,53,429,49,3854,662,1043,1039,3034,1042,100,126,441,1044,783,787,148,1045,1041,547,1034,1038,96,233],"class_list":{"0":"post-68302219","1":"product","2":"type-product","3":"status-publish","4":"has-post-thumbnail","6":"product_brand-borla","7":"product_cat-300c-57-2011-2023-abgasanlage-catback","8":"product_cat-300c-64-abgasanlage-catback","9":"product_cat-charger-57-2011-2023-abgasanlage-catback","10":"product_cat-charger-hellcat-abgasanlage-catback","11":"product_cat-charger-64-catback","12":"product_tag-249","13":"product_tag-250","14":"product_tag-251","15":"product_tag-252","16":"product_tag-419","17":"product_tag-420","18":"product_tag-2066","19":"product_tag-2373","20":"product_tag-4526","21":"product_tag-217","22":"product_tag-5-7","23":"product_tag-6-2","24":"product_tag-6-4","25":"product_tag-60729cfba","26":"product_tag-abgasanlage","27":"product_tag-abgassystem","28":"product_tag-auspuff","29":"product_tag-auspuffblende","30":"product_tag-auspuffsystem","31":"product_tag-beschichtet","32":"product_tag-borla","33":"product_tag-carbon","34":"product_tag-charger","35":"product_tag-deutschland","36":"product_tag-dodge","37":"product_tag-dodge-charger","38":"product_tag-edelstahl","39":"product_tag-endrohr","40":"product_tag-endschalldaempfer","41":"product_tag-endstueck","42":"product_tag-endtopf","43":"product_tag-hellcat","44":"product_tag-hemi","45":"product_tag-kaufen","46":"product_tag-mittelschalldaempfer","47":"product_tag-r-t","48":"product_tag-rt","49":"product_tag-schwarz","50":"product_tag-sound","51":"product_tag-sport","52":"product_tag-sportauspuff","53":"product_tag-sportauspuffanlage","54":"product_tag-sportendschalldaempfer","55":"product_tag-srt","56":"product_tag-tuning","58":"first","59":"onbackorder","60":"taxable","61":"shipping-taxable","62":"purchasable","63":"product-type-simple"},"bundled_by":[],"bundle_stock_status":"onbackorder","bundle_stock_quantity":0,"bundle_virtual":false,"bundle_layout":"","bundle_add_to_cart_form_location":"","bundle_editable_in_cart":false,"bundle_sold_individually_context":"","bundle_item_grouping":"","bundle_min_size":"","bundle_max_size":"","bundle_price":[],"bundled_items":[],"bundle_sell_ids":[],"exclude_global_add_ons":[],"addons":[],"acf":[],"_links":{"self":[{"href":"https:\/\/kraftwerk-shop.cc\/es\/wp-json\/wp\/v2\/product\/68302219","targetHints":{"allow":["GET"]}}],"collection":[{"href":"https:\/\/kraftwerk-shop.cc\/es\/wp-json\/wp\/v2\/product"}],"about":[{"href":"https:\/\/kraftwerk-shop.cc\/es\/wp-json\/wp\/v2\/types\/product"}],"replies":[{"embeddable":true,"href":"https:\/\/kraftwerk-shop.cc\/es\/wp-json\/wp\/v2\/comments?post=68302219"}],"version-history":[{"count":0,"href":"https:\/\/kraftwerk-shop.cc\/es\/wp-json\/wp\/v2\/product\/68302219\/revisions"}],"wp:featuredmedia":[{"embeddable":true,"href":"https:\/\/kraftwerk-shop.cc\/es\/wp-json\/wp\/v2\/media\/68307186"}],"wp:attachment":[{"href":"https:\/\/kraftwerk-shop.cc\/es\/wp-json\/wp\/v2\/media?parent=68302219"}],"wp:term":[{"taxonomy":"product_brand","embeddable":true,"href":"https:\/\/kraftwerk-shop.cc\/es\/wp-json\/wp\/v2\/product_brand?post=68302219"},{"taxonomy":"product_cat","embeddable":true,"href":"https:\/\/kraftwerk-shop.cc\/es\/wp-json\/wp\/v2\/product_cat?post=68302219"},{"taxonomy":"product_tag","embeddable":true,"href":"https:\/\/kraftwerk-shop.cc\/es\/wp-json\/wp\/v2\/product_tag?post=68302219"}],"curies":[{"name":"wp","href":"https:\/\/api.w.org\/{rel}","templated":true}]}}