{"id":68304401,"date":"2024-07-20T17:31:44","date_gmt":"2024-07-20T15:31:44","guid":{"rendered":"https:\/\/kraftwerk-shop.cc\/?post_type=product&#038;p=68304401"},"modified":"2026-02-15T01:10:52","modified_gmt":"2026-02-15T00:10:52","slug":"jlt-cold-air-intake-challenger-36","status":"publish","type":"product","link":"https:\/\/kraftwerk-shop.cc\/es\/produkt\/jlt-cold-air-intake-challenger-36\/","title":{"rendered":"JLT Admisi\u00f3n de aire fr\u00edo Challenger 3.6"},"content":{"rendered":"<h1>JLT Sistema de admisi\u00f3n de aire fr\u00edo \/ filtro de aire deportivo CAI-75-5183 para Dodge Challenger 3.6 (2011 - 2023)<\/h1>\n<p>&nbsp;<\/p>\n<p><strong>Filtro de aire grande<\/strong><br \/>\nEl filtro de aire de generosas dimensiones permite un mayor flujo de aire que el filtro est\u00e1ndar.<br \/>\nEl elemento filtrante del aire est\u00e1 compuesto por material filtrante de algod\u00f3n, que se humedece con un aceite filtrante especial y puede lavarse. Esto maximiza la capacidad y el rendimiento del filtro.<\/p>\n<p><strong>Colector de admisi\u00f3n<\/strong><br \/>\nEl tubo de admisi\u00f3n est\u00e1 hecho de pl\u00e1stico rotomoldeado con una gran abertura de filtro para un flujo de aire superior y SIN acumulaci\u00f3n de calor como con los tubos met\u00e1licos.<\/p>\n<p><strong>Carcasa del filtro de aire<br \/>\n<\/strong>La caja de aire JLT a\u00edsla el calor del motor, que pierde potencia, sellando hacia arriba el cap\u00f3 de serie y utilizando todas las tomas de aire disponibles. El material de polietileno reticulado de la caja y el tubo mantiene el aire fr\u00edo a medida que fluye hacia el motor. El gran filtro de aire y el tubo producen un sonido m\u00e1s agresivo que el filtro de aire de serie.<\/p>\n<p>&nbsp;<\/p>\n<p><strong>Material de instalaci\u00f3n de alta calidad<\/strong><\/p>\n<ul>\n<li>Colector de admisi\u00f3n de pl\u00e1stico moldeado JLT Roto<\/li>\n<li>Reductor de silicona<\/li>\n<li>Filtro de aire S&amp;B Powerstack<\/li>\n<li>Carcasa del filtro de aire en ABS<\/li>\n<li>Abrazaderas HD, todas las piezas necesarias<\/li>\n<\/ul>\n<p>&nbsp;<\/p>\n<p>&nbsp;<\/p>\n<p><strong>Adecuado para:<\/strong><\/p>\n<table width=\"506\">\n<tbody>\n<tr>\n<td width=\"83\"><strong>A\u00f1o de construcci\u00f3n<\/strong><\/td>\n<td width=\"135\"><strong>Marca<\/strong><\/td>\n<td width=\"179\"><strong>Modelo<\/strong><\/td>\n<td width=\"109\"><strong>Motor<\/strong><\/td>\n<\/tr>\n<tr>\n<td width=\"83\">2011-2023<\/td>\n<td width=\"135\">Dodge<\/td>\n<td width=\"179\">Challenger<\/td>\n<td width=\"109\">3.6<\/td>\n<\/tr>\n<\/tbody>\n<\/table>\n<p>&nbsp;<\/p>\n<p><iframe loading=\"lazy\" title=\"Reproductor de v\u00eddeo YouTube\" src=\"https:\/\/www.youtube.com\/embed\/zBLIM5DvoXc?si=pvx-BEpIqOL30uhw\" width=\"1120\" height=\"630\" frameborder=\"0\" allowfullscreen=\"allowfullscreen\"><span style=\"display: inline-block; width: 0px; overflow: hidden; line-height: 0;\" data-mce-type=\"bookmark\" class=\"mce_SELRES_start\"><\/span><\/iframe><\/p>\n<p>&nbsp;<\/p>","protected":false},"excerpt":{"rendered":"<p>2011-2023<\/p>","protected":false},"featured_media":68304404,"comment_status":"open","ping_status":"closed","template":"","meta":{"_acf_changed":false},"product_brand":[17168],"product_cat":[2523],"product_tag":[176,177,165,248,249,250,251,252,419,420,2066,2373,4526,169,52,826,824,7056,54,53,48,536,825,49,3853,3854,1094,1093,2444,20273,57,500,96],"class_list":{"0":"post-68304401","1":"product","2":"type-product","3":"status-publish","4":"has-post-thumbnail","6":"product_brand-jlt","7":"product_cat-challenger-36-ansaugung","8":"product_tag-176","9":"product_tag-177","10":"product_tag-165","11":"product_tag-248","12":"product_tag-249","13":"product_tag-250","14":"product_tag-251","15":"product_tag-252","16":"product_tag-419","17":"product_tag-420","18":"product_tag-2066","19":"product_tag-2373","20":"product_tag-4526","21":"product_tag-3-6","22":"product_tag-300c","23":"product_tag-ansaugung","24":"product_tag-cai","25":"product_tag-cai-75-5183","26":"product_tag-challenger","27":"product_tag-charger","28":"product_tag-chrysler","29":"product_tag-chrysler-300c","30":"product_tag-cold-air-intake","31":"product_tag-dodge","32":"product_tag-dodge-challenger","33":"product_tag-dodge-charger","34":"product_tag-intake","35":"product_tag-jlt","36":"product_tag-jlt-performance","37":"product_tag-keintuev","38":"product_tag-luftfilter","39":"product_tag-sportluftfilter","40":"product_tag-srt","42":"first","43":"instock","44":"taxable","45":"shipping-taxable","46":"purchasable","47":"product-type-simple"},"bundled_by":[],"bundle_stock_status":"instock","bundle_stock_quantity":2,"bundle_virtual":false,"bundle_layout":"","bundle_add_to_cart_form_location":"","bundle_editable_in_cart":false,"bundle_sold_individually_context":"","bundle_item_grouping":"","bundle_min_size":"","bundle_max_size":"","bundle_price":[],"bundled_items":[],"bundle_sell_ids":[],"exclude_global_add_ons":[],"addons":[],"acf":[],"_links":{"self":[{"href":"https:\/\/kraftwerk-shop.cc\/es\/wp-json\/wp\/v2\/product\/68304401","targetHints":{"allow":["GET"]}}],"collection":[{"href":"https:\/\/kraftwerk-shop.cc\/es\/wp-json\/wp\/v2\/product"}],"about":[{"href":"https:\/\/kraftwerk-shop.cc\/es\/wp-json\/wp\/v2\/types\/product"}],"replies":[{"embeddable":true,"href":"https:\/\/kraftwerk-shop.cc\/es\/wp-json\/wp\/v2\/comments?post=68304401"}],"version-history":[{"count":0,"href":"https:\/\/kraftwerk-shop.cc\/es\/wp-json\/wp\/v2\/product\/68304401\/revisions"}],"wp:featuredmedia":[{"embeddable":true,"href":"https:\/\/kraftwerk-shop.cc\/es\/wp-json\/wp\/v2\/media\/68304404"}],"wp:attachment":[{"href":"https:\/\/kraftwerk-shop.cc\/es\/wp-json\/wp\/v2\/media?parent=68304401"}],"wp:term":[{"taxonomy":"product_brand","embeddable":true,"href":"https:\/\/kraftwerk-shop.cc\/es\/wp-json\/wp\/v2\/product_brand?post=68304401"},{"taxonomy":"product_cat","embeddable":true,"href":"https:\/\/kraftwerk-shop.cc\/es\/wp-json\/wp\/v2\/product_cat?post=68304401"},{"taxonomy":"product_tag","embeddable":true,"href":"https:\/\/kraftwerk-shop.cc\/es\/wp-json\/wp\/v2\/product_tag?post=68304401"}],"curies":[{"name":"wp","href":"https:\/\/api.w.org\/{rel}","templated":true}]}}