{"id":68304622,"date":"2024-07-27T13:52:51","date_gmt":"2024-07-27T11:52:51","guid":{"rendered":"https:\/\/kraftwerk-shop.cc\/?post_type=product&#038;p=68304622"},"modified":"2026-02-15T01:11:12","modified_gmt":"2026-02-15T00:11:12","slug":"afe-colector-de-escape-48-32023-ram-dt","status":"publish","type":"product","link":"https:\/\/kraftwerk-shop.cc\/es\/produkt\/afe-kruemmer-48-32023-ram-dt\/","title":{"rendered":"aFe Twisted Steel 304 Codo corto RAM 5.7"},"content":{"rendered":"<h1>aFe Power Colector Twisted Steel Shorty 48-32023 para RAM 1500 5.7 Hemi DT de 2019 a 2024<\/h1>\n<p>&nbsp;<\/p>\n<p>Maximice el rendimiento y la eficiencia de su RAM 5.7 con los colectores aFe Power 48-32023 Twisted Steel Headers. Estos colectores de alta calidad se han desarrollado para optimizar el flujo de gases de escape y aumentar el rendimiento del motor.<\/p>\n<p><strong>Propiedades:<\/strong><\/p>\n<ul>\n<li>Material: Fabricado en robusto acero inoxidable 409 para una durabilidad y resistencia a la corrosi\u00f3n excepcionales.<\/li>\n<li>Dise\u00f1o: Dise\u00f1o de acero trenzado para un flujo de escape m\u00e1ximo y una contrapresi\u00f3n de escape reducida, lo que aumenta el rendimiento general del motor.<\/li>\n<li>Di\u00e1metro del tubo: Tubos primarios de 1-7\/8\u2033 curvados con mandril para un flujo uniforme de los gases de escape y una mayor eficiencia.<\/li>\n<li>Bridas: bridas de 3\/8\u2033 de grosor que resisten la deformaci\u00f3n y garantizan un sellado preciso.<\/li>\n<li>Trayectorias de escape optimizadas: Los largos recorridos de los tubos mejoran la potencia y el par en toda la gama de revoluciones.<\/li>\n<li>Conexi\u00f3n: Montaje directo sin modificaciones, adecuado para la mayor\u00eda de los componentes OEM.<\/li>\n<\/ul>\n<p><strong>Ventajas:<\/strong><\/p>\n<ul>\n<li>Mayor rendimiento: Experimente una mejora significativa del rendimiento del motor y del par motor gracias al flujo optimizado de los gases de escape y a la reducci\u00f3n de la contrapresi\u00f3n.<\/li>\n<li>Durabilidad: El acero inoxidable de alta calidad y la fabricaci\u00f3n de precisi\u00f3n garantizan una larga vida \u00fatil y resistencia al \u00f3xido y la corrosi\u00f3n.<\/li>\n<li>F\u00e1cil instalaci\u00f3n: Dise\u00f1ado para una instalaci\u00f3n r\u00e1pida y f\u00e1cil para que coincida con los componentes originales de su veh\u00edculo.<\/li>\n<li>Sonido mejorado: Disfrute de un sonido de motor potente y deportivo que hace que su veh\u00edculo destaque.<\/li>\n<\/ul>\n<p>&nbsp;<\/p>\n<p>Los aFe Power Twisted Steel Headers son la elecci\u00f3n ideal para los entusiastas que quieren aprovechar todo el potencial de su motor. Estos encabezados no s\u00f3lo ofrecen un aumento en el rendimiento, sino tambi\u00e9n una mayor eficiencia y durabilidad.<\/p>\n<p>&nbsp;<\/p>\n<p><strong>Adecuado para:<\/strong><\/p>\n<table width=\"538\">\n<tbody>\n<tr>\n<td width=\"82\"><strong>Marca<\/strong><\/td>\n<td width=\"82\"><strong>Modelo<\/strong><\/td>\n<td width=\"154\"><strong>Motor<\/strong><\/td>\n<td width=\"220\"><strong>A\u00f1o de construcci\u00f3n<\/strong><\/td>\n<\/tr>\n<tr>\n<td width=\"82\">RAM<\/td>\n<td width=\"82\">1500<\/td>\n<td width=\"154\">5.7<\/td>\n<td width=\"220\">2019-2024<\/td>\n<\/tr>\n<\/tbody>\n<\/table>\n<p>\u00a1No apto para RAM Classic, 1500 Mega Cab, 2500 o 3500 !<\/p>\n<p>&nbsp;<\/p>\n<p>&nbsp;<\/p>\n<p><strong>Acerca de aFe Power<\/strong><\/p>\n<p>aFe Power (advanced FLOW engineering) es un fabricante l\u00edder de productos de alto rendimiento para la industria del autom\u00f3vil. Desde su fundaci\u00f3n, la empresa se ha comprometido a desarrollar soluciones innovadoras y potentes que aumenten significativamente la eficiencia y el rendimiento de los veh\u00edculos.<\/p>\n<p><strong>Calidad e innovaci\u00f3n<\/strong><\/p>\n<p>Todos los productos aFe Power se desarrollan y prueban en las modernas instalaciones de la empresa en EE.UU.. Con un fuerte enfoque en la investigaci\u00f3n y el desarrollo, aFe Power utiliza tecnolog\u00edas avanzadas para crear productos que cumplen con los m\u00e1s altos est\u00e1ndares de calidad. Estos estrictos controles de calidad garantizan que los productos ofrezcan un rendimiento superior y satisfagan las necesidades de los motoristas m\u00e1s exigentes.<\/p>\n<p><strong>Compromiso con los clientes<\/strong><\/p>\n<p>aFe Power se esfuerza por ofrecer siempre las mejores soluciones a sus clientes. A trav\u00e9s de la innovaci\u00f3n continua y la incorporaci\u00f3n de los comentarios de los clientes, la empresa se mantiene a la vanguardia de la tecnolog\u00eda del autom\u00f3vil. Los productos aFe Power est\u00e1n dise\u00f1ados para ser f\u00e1ciles de instalar y proporcionar una mejora notable en el rendimiento del veh\u00edculo y el placer de conducir.<\/p>\n<p>Con un claro enfoque en el rendimiento, la calidad y la satisfacci\u00f3n del cliente, aFe Power se ha forjado una excelente reputaci\u00f3n en la industria del autom\u00f3vil. Ya sea en carretera, en circuito o en todoterreno, los productos aFe Power son la primera opci\u00f3n para cualquiera que quiera obtener lo mejor de su veh\u00edculo.<\/p>\n<p>&nbsp;<\/p>","protected":false},"excerpt":{"rendered":"<p>2019-2024<\/p>","protected":false},"featured_media":68304626,"comment_status":"open","ping_status":"closed","template":"","meta":{"_acf_changed":false},"product_brand":[16879],"product_cat":[6624],"product_tag":[475,7082,91,1035,16880,498,2441,7083,546,1388,49,476,692,543,549,126,532,20273,550,34,186,86,3369,3368,3340,3055,547,7084],"class_list":{"0":"post-68304622","1":"product","2":"type-product","3":"status-publish","4":"has-post-thumbnail","6":"product_brand-afe-power","7":"product_cat-1500-57-dt-abgaskruemmer-katalysatoren","8":"product_tag-475","9":"product_tag-48-32023","10":"product_tag-5-7","11":"product_tag-abgasanlage","12":"product_tag-advanced-flow-engineering","13":"product_tag-afe","14":"product_tag-afe-power","15":"product_tag-afe-twisted-steel","16":"product_tag-auspuff","17":"product_tag-bbk","18":"product_tag-dodge","19":"product_tag-dt","20":"product_tag-ersatzteil","21":"product_tag-faecherkruemmer","22":"product_tag-header","23":"product_tag-hemi","24":"product_tag-kat","25":"product_tag-keintuev","26":"product_tag-kruemmer","27":"product_tag-original","28":"product_tag-performance","29":"product_tag-ram","30":"product_tag-short-tube","31":"product_tag-shorties","32":"product_tag-shorty","33":"product_tag-sportabgasanlage","34":"product_tag-sportauspuff","35":"product_tag-twisted-steel","36":"product_shipping_class-paket-l","38":"first","39":"onbackorder","40":"taxable","41":"shipping-taxable","42":"purchasable","43":"product-type-simple"},"bundled_by":[],"bundle_stock_status":"onbackorder","bundle_stock_quantity":0,"bundle_virtual":false,"bundle_layout":"","bundle_add_to_cart_form_location":"","bundle_editable_in_cart":false,"bundle_sold_individually_context":"","bundle_item_grouping":"","bundle_min_size":"","bundle_max_size":"","bundle_price":[],"bundled_items":[],"bundle_sell_ids":[],"exclude_global_add_ons":[],"addons":[],"acf":[],"_links":{"self":[{"href":"https:\/\/kraftwerk-shop.cc\/es\/wp-json\/wp\/v2\/product\/68304622","targetHints":{"allow":["GET"]}}],"collection":[{"href":"https:\/\/kraftwerk-shop.cc\/es\/wp-json\/wp\/v2\/product"}],"about":[{"href":"https:\/\/kraftwerk-shop.cc\/es\/wp-json\/wp\/v2\/types\/product"}],"replies":[{"embeddable":true,"href":"https:\/\/kraftwerk-shop.cc\/es\/wp-json\/wp\/v2\/comments?post=68304622"}],"version-history":[{"count":0,"href":"https:\/\/kraftwerk-shop.cc\/es\/wp-json\/wp\/v2\/product\/68304622\/revisions"}],"wp:featuredmedia":[{"embeddable":true,"href":"https:\/\/kraftwerk-shop.cc\/es\/wp-json\/wp\/v2\/media\/68304626"}],"wp:attachment":[{"href":"https:\/\/kraftwerk-shop.cc\/es\/wp-json\/wp\/v2\/media?parent=68304622"}],"wp:term":[{"taxonomy":"product_brand","embeddable":true,"href":"https:\/\/kraftwerk-shop.cc\/es\/wp-json\/wp\/v2\/product_brand?post=68304622"},{"taxonomy":"product_cat","embeddable":true,"href":"https:\/\/kraftwerk-shop.cc\/es\/wp-json\/wp\/v2\/product_cat?post=68304622"},{"taxonomy":"product_tag","embeddable":true,"href":"https:\/\/kraftwerk-shop.cc\/es\/wp-json\/wp\/v2\/product_tag?post=68304622"}],"curies":[{"name":"wp","href":"https:\/\/api.w.org\/{rel}","templated":true}]}}