{"id":68304684,"date":"2024-07-28T13:43:12","date_gmt":"2024-07-28T11:43:12","guid":{"rendered":"https:\/\/kraftwerk-shop.cc\/?post_type=product&#038;p=68304684"},"modified":"2026-02-15T01:11:07","modified_gmt":"2026-02-15T00:11:07","slug":"correa-trapezoidal-mopar-68232297aa","status":"publish","type":"product","link":"https:\/\/kraftwerk-shop.cc\/es\/produkt\/mopar-keilriemen-68232297aa\/","title":{"rendered":"Correa trapezoidal Mopar RAM 2500 &amp; 3500 6.4 (68232297AA)"},"content":{"rendered":"<h1>Correa trapezoidal original Mopar <span class=\"list-value sku-display\">68232297AA<\/span> para RAM 2500 &amp; 3500 6.4 (2014 - 2024), con ayuda de montaje<\/h1>\n<p>&nbsp;<\/p>\n<p><strong>N\u00famero de pieza Mopar:<\/strong> <span class=\"list-value sku-display\">68232297AA<\/span><br \/>\n<strong>Reemplazado:<\/strong> <span class=\"list-value\">4627649AA<\/span><\/p>\n<p><strong><br \/>\nAdecuado para:<\/strong><\/p>\n<table width=\"1004\">\n<tbody>\n<tr>\n<td width=\"82\"><strong>A\u00f1o de construcci\u00f3n<\/strong><\/td>\n<td width=\"82\"><strong>Marca<\/strong><\/td>\n<td width=\"124\"><strong>Modelo<\/strong><\/td>\n<td width=\"512\"><strong>Versi\u00f3n<\/strong><\/td>\n<td width=\"204\"><strong>Motor<\/strong><\/td>\n<\/tr>\n<tr>\n<td width=\"82\">2024<\/td>\n<td width=\"82\">Ram<\/td>\n<td width=\"124\">2500<\/td>\n<td width=\"512\">Big Horn, Laramie, Limited, Limited Longhorn, Lone Star, Power Wagon, Rebel, Tradesman<\/td>\n<td width=\"204\">6.4L<\/td>\n<\/tr>\n<tr>\n<td width=\"82\">2024<\/td>\n<td width=\"82\">Ram<\/td>\n<td width=\"124\">3500<\/td>\n<td width=\"512\">Big Horn, Laramie, Limited, Limited Longhorn, SLT, Tradesman<\/td>\n<td width=\"204\">6.4L<\/td>\n<\/tr>\n<tr>\n<td width=\"82\">2023<\/td>\n<td width=\"82\">Ram<\/td>\n<td width=\"124\">2500<\/td>\n<td width=\"512\">Big Horn, Laramie, Limited, Limited Longhorn, Lone Star, Power Wagon, Rebel, Tradesman<\/td>\n<td width=\"204\">6.4L<\/td>\n<\/tr>\n<tr>\n<td width=\"82\">2023<\/td>\n<td width=\"82\">Ram<\/td>\n<td width=\"124\">3500<\/td>\n<td width=\"512\">Big Horn, Laramie, Limited, Limited Longhorn, SLT, Tradesman<\/td>\n<td width=\"204\">6.4L<\/td>\n<\/tr>\n<tr>\n<td width=\"82\">2022<\/td>\n<td width=\"82\">Ram<\/td>\n<td width=\"124\">2500<\/td>\n<td width=\"512\">Big Horn, Laramie, Limited, Limited Longhorn, Lone Star, Power Wagon, Tradesman<\/td>\n<td width=\"204\">6.4L<\/td>\n<\/tr>\n<tr>\n<td width=\"82\">2022<\/td>\n<td width=\"82\">Ram<\/td>\n<td width=\"124\">3500<\/td>\n<td width=\"512\">Big Horn, Laramie, Limited, Limited Longhorn, Lone Star, SLT, Tradesman<\/td>\n<td width=\"204\">6.4L<\/td>\n<\/tr>\n<tr>\n<td width=\"82\">2021<\/td>\n<td width=\"82\">Ram<\/td>\n<td width=\"124\">2500<\/td>\n<td width=\"512\">Big Horn, Laramie, Limited, Limited Longhorn, Lone Star, Power Wagon, Tradesman<\/td>\n<td width=\"204\">6.4L<\/td>\n<\/tr>\n<tr>\n<td width=\"82\">2021<\/td>\n<td width=\"82\">Ram<\/td>\n<td width=\"124\">3500<\/td>\n<td width=\"512\">Big Horn, Laramie, Limited, Limited Longhorn, Lone Star, SLT, Tradesman<\/td>\n<td width=\"204\">6.4L<\/td>\n<\/tr>\n<tr>\n<td width=\"82\">2020<\/td>\n<td width=\"82\">Ram<\/td>\n<td width=\"124\">2500<\/td>\n<td width=\"512\">Big Horn, Laramie, Laramie Longhorn, Limited, Lone Star, Power Wagon, Tradesman<\/td>\n<td width=\"204\">6.4L<\/td>\n<\/tr>\n<tr>\n<td width=\"82\">2020<\/td>\n<td width=\"82\">Ram<\/td>\n<td width=\"124\">3500<\/td>\n<td width=\"512\">Laramie, Laramie Longhorn, Limited, SLT, Tradesman<\/td>\n<td width=\"204\">6.4L<\/td>\n<\/tr>\n<tr>\n<td width=\"82\">2019<\/td>\n<td width=\"82\">Ram<\/td>\n<td width=\"124\">2500<\/td>\n<td width=\"512\">Big Horn, Laramie, Laramie Longhorn, Limited, Lone Star, Power Wagon, Tradesman<\/td>\n<td width=\"204\">6.4L<\/td>\n<\/tr>\n<tr>\n<td width=\"82\">2019<\/td>\n<td width=\"82\">Ram<\/td>\n<td width=\"124\">3500<\/td>\n<td width=\"512\">Big Horn, Laramie, Laramie Longhorn, Limited, Lone Star, SLT, Tradesman<\/td>\n<td width=\"204\">6.4L<\/td>\n<\/tr>\n<tr>\n<td width=\"82\">2018<\/td>\n<td width=\"82\">Ram<\/td>\n<td width=\"124\">2500<\/td>\n<td width=\"512\">Big Horn, Laramie, Laramie Longhorn, Limited, Power Wagon, SLT, Tradesman<\/td>\n<td width=\"204\">6.4L<\/td>\n<\/tr>\n<tr>\n<td width=\"82\">2018<\/td>\n<td width=\"82\">Ram<\/td>\n<td width=\"124\">3500<\/td>\n<td width=\"512\">Big Horn, Laramie, Laramie Longhorn, Limited, SLT, Tradesman<\/td>\n<td width=\"204\">6.4L<\/td>\n<\/tr>\n<tr>\n<td width=\"82\">2017<\/td>\n<td width=\"82\">Ram<\/td>\n<td width=\"124\">2500<\/td>\n<td width=\"512\">Big Horn, Laramie, Laramie Longhorn, Limited, Power Wagon, SLT, Tradesman<\/td>\n<td width=\"204\">6.4L<\/td>\n<\/tr>\n<tr>\n<td width=\"82\">2017<\/td>\n<td width=\"82\">Ram<\/td>\n<td width=\"124\">3500<\/td>\n<td width=\"512\">Big Horn, Laramie, Laramie Longhorn, Limited, Lone Star, SLT, Tradesman<\/td>\n<td width=\"204\">6.4L<\/td>\n<\/tr>\n<tr>\n<td width=\"82\">2016<\/td>\n<td width=\"82\">Ram<\/td>\n<td width=\"124\">2500<\/td>\n<td width=\"512\">Big Horn, Laramie, Laramie Longhorn, Limited, Outdoorsman, Power Wagon, SLT, Tradesman<\/td>\n<td width=\"204\">6.4L<\/td>\n<\/tr>\n<tr>\n<td width=\"82\">2016<\/td>\n<td width=\"82\">Ram<\/td>\n<td width=\"124\">3500<\/td>\n<td width=\"512\">Big Horn, Laramie, Laramie Longhorn, Limited, SLT, Tradesman<\/td>\n<td width=\"204\">6.4L<\/td>\n<\/tr>\n<tr>\n<td width=\"82\">2015<\/td>\n<td width=\"82\">Ram<\/td>\n<td width=\"124\">2500<\/td>\n<td width=\"512\">Big Horn, Laramie, Laramie Limited, Laramie Longhorn, Lone Star, Outdoorsman, Power Wagon, SLT, Tradesman<\/td>\n<td width=\"204\">6.4L<\/td>\n<\/tr>\n<tr>\n<td width=\"82\">2015<\/td>\n<td width=\"82\">Ram<\/td>\n<td width=\"124\">3500<\/td>\n<td width=\"512\">Big Horn, Laramie, Laramie Longhorn, Lone Star, SLT, Tradesman<\/td>\n<td width=\"204\">6.4L<\/td>\n<\/tr>\n<tr>\n<td width=\"82\">2014<\/td>\n<td width=\"82\">Ram<\/td>\n<td width=\"124\">2500<\/td>\n<td width=\"512\">Big Horn, Laramie, Laramie Limited, Laramie Longhorn, Lone Star, Outdoorsman, Power Wagon, SLT, Tradesman<\/td>\n<td width=\"204\">6.4L<\/td>\n<\/tr>\n<tr>\n<td width=\"82\">2014<\/td>\n<td width=\"82\">Ram<\/td>\n<td width=\"124\">3500<\/td>\n<td width=\"512\">Big Horn, Laramie, Laramie Longhorn, Lone Star, SLT, Tradesman<\/td>\n<td width=\"204\">6.4L<\/td>\n<\/tr>\n<\/tbody>\n<\/table>\n<p>&nbsp;<\/p>\n<h4>\u00bfPor qu\u00e9 elegir recambios originales Mopar?<\/h4>\n<p><strong>Ajuste perfecto y calidad superior:<\/strong> Los recambios originales Mopar se fabrican siguiendo las estrictas especificaciones del fabricante, lo que significa que encajan perfectamente en su veh\u00edculo. Esto no solo garantiza una instalaci\u00f3n sencilla, sino tambi\u00e9n un funcionamiento y una seguridad \u00f3ptimos.<\/p>\n<p><strong>Fiabilidad y durabilidad:<\/strong> Mediante el uso de materiales de alta calidad y estrictos controles de calidad, los recambios Mopar garantizan que su veh\u00edculo funcione de forma fiable incluso en condiciones extremas. Est\u00e1n dise\u00f1ados para durar y maximizar el rendimiento de su veh\u00edculo.<\/p>\n<p>&nbsp;<\/p>","protected":false},"excerpt":{"rendered":"<p>Pieza original Mopar<\/p>","protected":false},"featured_media":68305026,"comment_status":"open","ping_status":"closed","template":"","meta":{"_acf_changed":false},"product_brand":[16270],"product_cat":[7527],"product_tag":[18521,506,7096,93,7093,49,736,7613,36,31,8813,9424,16271,16273,16275,16272,16274,7221,34,35,505,86,735,674,38,37,673],"class_list":{"0":"post-68304684","1":"product","2":"type-product","3":"status-publish","4":"has-post-thumbnail","6":"product_brand-mopar","7":"product_cat-2500-3500-64-riemenantrieb","8":"product_tag-04627649aa","9":"product_tag-506","10":"product_tag-4627649aa","11":"product_tag-6-4","12":"product_tag-68232297aa","13":"product_tag-dodge","14":"product_tag-keilriemen","15":"product_tag-keilrippenriemen","16":"product_tag-kraftwerk","17":"product_tag-mopar","18":"product_tag-mopar-autoteile","19":"product_tag-mopar-ersatzteile","20":"product_tag-mopar-ersatzteile-kaufen","21":"product_tag-mopar-performance-teile","22":"product_tag-mopar-teile-katalog","23":"product_tag-mopar-teile-online","24":"product_tag-mopar-tuningteile","25":"product_tag-mopar10","26":"product_tag-original","27":"product_tag-originalersatzteil","28":"product_tag-powerwagon","29":"product_tag-ram","30":"product_tag-riemen","31":"product_tag-service","32":"product_tag-teile","33":"product_tag-wartung","34":"product_tag-zubehoer","36":"first","37":"instock","38":"taxable","39":"shipping-taxable","40":"purchasable","41":"product-type-simple"},"bundled_by":[],"bundle_stock_status":"instock","bundle_stock_quantity":2,"bundle_virtual":false,"bundle_layout":"","bundle_add_to_cart_form_location":"","bundle_editable_in_cart":false,"bundle_sold_individually_context":"","bundle_item_grouping":"","bundle_min_size":"","bundle_max_size":"","bundle_price":[],"bundled_items":[],"bundle_sell_ids":[],"exclude_global_add_ons":[],"addons":[],"acf":[],"_links":{"self":[{"href":"https:\/\/kraftwerk-shop.cc\/es\/wp-json\/wp\/v2\/product\/68304684","targetHints":{"allow":["GET"]}}],"collection":[{"href":"https:\/\/kraftwerk-shop.cc\/es\/wp-json\/wp\/v2\/product"}],"about":[{"href":"https:\/\/kraftwerk-shop.cc\/es\/wp-json\/wp\/v2\/types\/product"}],"replies":[{"embeddable":true,"href":"https:\/\/kraftwerk-shop.cc\/es\/wp-json\/wp\/v2\/comments?post=68304684"}],"version-history":[{"count":0,"href":"https:\/\/kraftwerk-shop.cc\/es\/wp-json\/wp\/v2\/product\/68304684\/revisions"}],"wp:featuredmedia":[{"embeddable":true,"href":"https:\/\/kraftwerk-shop.cc\/es\/wp-json\/wp\/v2\/media\/68305026"}],"wp:attachment":[{"href":"https:\/\/kraftwerk-shop.cc\/es\/wp-json\/wp\/v2\/media?parent=68304684"}],"wp:term":[{"taxonomy":"product_brand","embeddable":true,"href":"https:\/\/kraftwerk-shop.cc\/es\/wp-json\/wp\/v2\/product_brand?post=68304684"},{"taxonomy":"product_cat","embeddable":true,"href":"https:\/\/kraftwerk-shop.cc\/es\/wp-json\/wp\/v2\/product_cat?post=68304684"},{"taxonomy":"product_tag","embeddable":true,"href":"https:\/\/kraftwerk-shop.cc\/es\/wp-json\/wp\/v2\/product_tag?post=68304684"}],"curies":[{"name":"wp","href":"https:\/\/api.w.org\/{rel}","templated":true}]}}