{"id":68304763,"date":"2024-07-28T19:39:50","date_gmt":"2024-07-28T17:39:50","guid":{"rendered":"https:\/\/kraftwerk-shop.cc\/?post_type=product&#038;p=68304763"},"modified":"2026-02-15T01:11:23","modified_gmt":"2026-02-15T00:11:23","slug":"sensor-abs-mopar-68170065ag","status":"publish","type":"product","link":"https:\/\/kraftwerk-shop.cc\/es\/produkt\/mopar-abs-sensor-68170065ag\/","title":{"rendered":"Sensor ABS Mopar (68170065AG)"},"content":{"rendered":"<h1>Sensor ABS original Mopar (<span class=\"list-value sku-display\">68170065AG<\/span>) para RAM 1500 y Classic de 2013 a 2024, delante izquierda + derecha<\/h1>\n<p>&nbsp;<\/p>\n<p><span lang=\"DE\"><strong>N\u00famero de pieza Mopar:<\/strong> <span class=\"list-value sku-display\">68170065AG<\/span><br \/>\n<strong>Reemplazado: <\/strong> 68170065AA, 68170065AB, 68170065AC, 68170065AD, 68170065AE, 68170065AF<br \/>\n<\/span><\/p>\n<p><strong>Posici\u00f3n de instalaci\u00f3n:<\/strong> frontal izquierdo, frontal derecho<\/p>\n<p>&nbsp;<\/p>\n<p><strong>Adecuado para:<\/strong><\/p>\n<table width=\"910\">\n<tbody>\n<tr>\n<td width=\"138\"><strong>A\u00f1o de construcci\u00f3n<\/strong><\/td>\n<td width=\"168\"><strong>Marca<\/strong><\/td>\n<td width=\"144\"><strong>Modelo<\/strong><\/td>\n<td width=\"234\"><strong>Versi\u00f3n<\/strong><\/td>\n<td width=\"226\"><strong>Motor<\/strong><\/td>\n<\/tr>\n<tr>\n<td width=\"138\">2024<\/td>\n<td width=\"168\">Ram<\/td>\n<td width=\"144\">1500 Classic<\/td>\n<td width=\"234\">Tradesman, Warlock<\/td>\n<td width=\"226\">3.6L V6 - Flex, 5.7L<\/td>\n<\/tr>\n<tr>\n<td width=\"138\">2023<\/td>\n<td width=\"168\">Ram<\/td>\n<td width=\"144\">1500 Classic<\/td>\n<td width=\"234\">Tradesman, Warlock<\/td>\n<td width=\"226\">3.6L V6 - Flex, 5.7L<\/td>\n<\/tr>\n<tr>\n<td width=\"138\">2022<\/td>\n<td width=\"168\">Ram<\/td>\n<td width=\"144\">1500 Classic<\/td>\n<td width=\"234\">Express, SLT, Tradesman, Warlock<\/td>\n<td width=\"226\">3.6L V6 - Flex, 5.7L<\/td>\n<\/tr>\n<tr>\n<td width=\"138\">2021<\/td>\n<td width=\"168\">Ram<\/td>\n<td width=\"144\">1500 Classic<\/td>\n<td width=\"234\">Express, SLT, Tradesman, Warlock<\/td>\n<td width=\"226\">3.6L V6 - Flex, 5.7L<\/td>\n<\/tr>\n<tr>\n<td width=\"138\">2020<\/td>\n<td width=\"168\">Ram<\/td>\n<td width=\"144\">1500 Classic<\/td>\n<td width=\"234\">Express, SLT, Special Service, Tradesman, Warlock<\/td>\n<td width=\"226\">3.6L V6 - Flex, 5.7L<\/td>\n<\/tr>\n<tr>\n<td width=\"138\">2019<\/td>\n<td width=\"168\">Ram<\/td>\n<td width=\"144\">1500 Classic<\/td>\n<td width=\"234\">Big Horn, Express, Laramie, Lone Star, SLT, Special Service, Tradesman, Warlock<\/td>\n<td width=\"226\">3.0L V6 - Diesel, 3.6L V6 - Flex, 5.7L<\/td>\n<\/tr>\n<tr>\n<td width=\"138\">2018<\/td>\n<td width=\"168\">Ram<\/td>\n<td width=\"144\">1500<\/td>\n<td width=\"234\">Big Horn, Express, Laramie, Laramie Longhorn, Limited, Lone Star, Rebel, SLT, Special Service, Sport, Tradesman<\/td>\n<td width=\"226\">3.0L V6 - Diesel, 3.6L V6 - Flex, 5.7L<\/td>\n<\/tr>\n<tr>\n<td width=\"138\">2017<\/td>\n<td width=\"168\">Ram<\/td>\n<td width=\"144\">1500<\/td>\n<td width=\"234\">Big Horn, Express, Laramie, Laramie Longhorn, Limited, Lone Star, Rebel, SLT, Special Service, Sport, Tradesman<\/td>\n<td width=\"226\">3.0L V6 - Diesel, 3.6L V6 - Flex, 5.7L<\/td>\n<\/tr>\n<tr>\n<td width=\"138\">2016<\/td>\n<td width=\"168\">Ram<\/td>\n<td width=\"144\">1500<\/td>\n<td width=\"234\">Big Horn, Express, HFE, Laramie, Laramie Longhorn, Limited, Lone Star, Outdoorsman, Rebel, SLT, Special Service, Sport, Tradesman<\/td>\n<td width=\"226\">3.0L V6 - Diesel, 3.6L V6 - Flex, 5.7L<\/td>\n<\/tr>\n<tr>\n<td width=\"138\">2015<\/td>\n<td width=\"168\">Ram<\/td>\n<td width=\"144\">1500<\/td>\n<td width=\"234\">Big Horn, Express, HFE, Laramie, Laramie Limited, Laramie Longhorn, Limited, Lone Star, Outdoorsman, Rebel, SLT, Special Service, Sport, Tradesman<\/td>\n<td width=\"226\">3.0L V6 - Diesel, 3.6L V6 - Flex, 5.7L<\/td>\n<\/tr>\n<tr>\n<td width=\"138\">2014<\/td>\n<td width=\"168\">Ram<\/td>\n<td width=\"144\">1500<\/td>\n<td width=\"234\">Big Horn, Express, HFE, Laramie, Laramie Limited, Laramie Longhorn, Lone Star, Outdoorsman, SLT, Special Service, Sport, Tradesman<\/td>\n<td width=\"226\">3.0L V6 - Diesel, 3.6L V6 - Flex, 5.7L<\/td>\n<\/tr>\n<tr>\n<td width=\"138\">2013<\/td>\n<td width=\"168\">Ram<\/td>\n<td width=\"144\">1500<\/td>\n<td width=\"234\">Big Horn, Express, HFE, Laramie, Laramie Longhorn, Outdoorsman, R\/T, SLT, Sport, Tradesman<\/td>\n<td width=\"226\">3.6L V6 - Flex, 4.7L V8 - Flex, 5.7L<\/td>\n<\/tr>\n<\/tbody>\n<\/table>\n<p>&nbsp;<\/p>\n<h4>\u00bfPor qu\u00e9 elegir recambios originales Mopar?<\/h4>\n<p><strong>Ajuste perfecto y calidad superior:<\/strong> Los recambios originales Mopar se fabrican siguiendo las estrictas especificaciones del fabricante, lo que significa que encajan perfectamente en su veh\u00edculo. Esto no solo garantiza una instalaci\u00f3n sencilla, sino tambi\u00e9n un funcionamiento y una seguridad \u00f3ptimos.<\/p>\n<p><strong>Fiabilidad y durabilidad:<\/strong> Mediante el uso de materiales de alta calidad y estrictos controles de calidad, los recambios Mopar garantizan que su veh\u00edculo funcione de forma fiable incluso en condiciones extremas. Est\u00e1n dise\u00f1ados para durar y maximizar el rendimiento de su veh\u00edculo.<\/p>\n<p>&nbsp;<\/p>\n<p>&nbsp;<\/p>","protected":false},"excerpt":{"rendered":"<p>Pieza original Mopar<\/p>\n<p>Delantero izquierdo + derecho<br \/>\n2013-2024<\/p>","protected":false},"featured_media":68304842,"comment_status":"open","ping_status":"closed","template":"","meta":{"_acf_changed":false},"product_brand":[16270],"product_cat":[7431,7436,7441],"product_tag":[7158,7159,7160,7161,7162,7163,7157,3213,7115,2219,49,477,1149,31,8813,9424,16271,16273,16275,16272,16274,7221,3507,2793,713,841,7132,7133],"class_list":{"0":"post-68304763","1":"product","2":"type-product","3":"status-publish","4":"has-post-thumbnail","6":"product_brand-mopar","7":"product_cat-1500-ecodiesel-sensoren","8":"product_cat-1500-36-sensoren","9":"product_cat-1500-57-2009-2018-classic-sensoren","10":"product_tag-68170065aa","11":"product_tag-68170065ab","12":"product_tag-68170065ac","13":"product_tag-68170065ad","14":"product_tag-68170065ae","15":"product_tag-68170065af","16":"product_tag-68170065ag","17":"product_tag-abs","18":"product_tag-abs-sensor","19":"product_tag-classic","20":"product_tag-dodge","21":"product_tag-ds","22":"product_tag-links","23":"product_tag-mopar","24":"product_tag-mopar-autoteile","25":"product_tag-mopar-ersatzteile","26":"product_tag-mopar-ersatzteile-kaufen","27":"product_tag-mopar-performance-teile","28":"product_tag-mopar-teile-katalog","29":"product_tag-mopar-teile-online","30":"product_tag-mopar-tuningteile","31":"product_tag-mopar10","32":"product_tag-ram1500","33":"product_tag-rechts","34":"product_tag-sensor","35":"product_tag-vorne","36":"product_tag-vorne-links","37":"product_tag-vorne-rechts","39":"first","40":"instock","41":"taxable","42":"shipping-taxable","43":"purchasable","44":"product-type-simple"},"bundled_by":[],"bundle_stock_status":"instock","bundle_stock_quantity":4,"bundle_virtual":false,"bundle_layout":"","bundle_add_to_cart_form_location":"","bundle_editable_in_cart":false,"bundle_sold_individually_context":"","bundle_item_grouping":"","bundle_min_size":"","bundle_max_size":"","bundle_price":[],"bundled_items":[],"bundle_sell_ids":[],"exclude_global_add_ons":[],"addons":[],"acf":[],"_links":{"self":[{"href":"https:\/\/kraftwerk-shop.cc\/es\/wp-json\/wp\/v2\/product\/68304763","targetHints":{"allow":["GET"]}}],"collection":[{"href":"https:\/\/kraftwerk-shop.cc\/es\/wp-json\/wp\/v2\/product"}],"about":[{"href":"https:\/\/kraftwerk-shop.cc\/es\/wp-json\/wp\/v2\/types\/product"}],"replies":[{"embeddable":true,"href":"https:\/\/kraftwerk-shop.cc\/es\/wp-json\/wp\/v2\/comments?post=68304763"}],"version-history":[{"count":0,"href":"https:\/\/kraftwerk-shop.cc\/es\/wp-json\/wp\/v2\/product\/68304763\/revisions"}],"wp:featuredmedia":[{"embeddable":true,"href":"https:\/\/kraftwerk-shop.cc\/es\/wp-json\/wp\/v2\/media\/68304842"}],"wp:attachment":[{"href":"https:\/\/kraftwerk-shop.cc\/es\/wp-json\/wp\/v2\/media?parent=68304763"}],"wp:term":[{"taxonomy":"product_brand","embeddable":true,"href":"https:\/\/kraftwerk-shop.cc\/es\/wp-json\/wp\/v2\/product_brand?post=68304763"},{"taxonomy":"product_cat","embeddable":true,"href":"https:\/\/kraftwerk-shop.cc\/es\/wp-json\/wp\/v2\/product_cat?post=68304763"},{"taxonomy":"product_tag","embeddable":true,"href":"https:\/\/kraftwerk-shop.cc\/es\/wp-json\/wp\/v2\/product_tag?post=68304763"}],"curies":[{"name":"wp","href":"https:\/\/api.w.org\/{rel}","templated":true}]}}