{"id":68304907,"date":"2024-07-30T23:28:42","date_gmt":"2024-07-30T21:28:42","guid":{"rendered":"https:\/\/kraftwerk-shop.cc\/?post_type=product&#038;p=68304907"},"modified":"2026-03-20T15:55:44","modified_gmt":"2026-03-20T14:55:44","slug":"mopar-abs-sensor-4779457ab-challenger","status":"publish","type":"product","link":"https:\/\/kraftwerk-shop.cc\/es\/produkt\/mopar-abs-sensor-4779457ab-challenger\/","title":{"rendered":"Sensor ABS Mopar (4779457AB) Challenger"},"content":{"rendered":"<h1>Sensor ABS original Mopar (4779457AB) para Dodge Challenger de 2008 a 2010, trasero izquierdo<\/h1>\n<p>&nbsp;<\/p>\n<p><span lang=\"DE\"><strong>N\u00famero de pieza Mopar:<\/strong> 4779457AB<br \/>\n<strong>Reemplazado: <\/strong>4779247AA, 4779247AB, <span class=\"list-value\">4779247AC, 4779457AA<\/span><br \/>\n<\/span><\/p>\n<p><strong>Posici\u00f3n de instalaci\u00f3n:<\/strong> Parte trasera izquierda<\/p>\n<p>&nbsp;<\/p>\n<p><strong>Adecuado para:<\/strong><\/p>\n<table width=\"663\">\n<tbody>\n<tr>\n<td width=\"83\"><strong>Marca<\/strong><\/td>\n<td width=\"292\"><strong>Modelo<\/strong><\/td>\n<td width=\"179\"><strong>Motor<\/strong><\/td>\n<td width=\"109\"><strong>A\u00f1o de construcci\u00f3n<\/strong><\/td>\n<\/tr>\n<tr>\n<td>Dodge<\/td>\n<td>Challenger<\/td>\n<td>3.5<\/td>\n<td>2008-2010<\/td>\n<\/tr>\n<tr>\n<td>Dodge<\/td>\n<td>Challenger<\/td>\n<td>5.7<\/td>\n<td>2008-2010<\/td>\n<\/tr>\n<tr>\n<td>Dodge<\/td>\n<td>Challenger<\/td>\n<td>6.1<\/td>\n<td>2008-2010<\/td>\n<\/tr>\n<\/tbody>\n<\/table>\n<p>&nbsp;<\/p>\n<h4>\u00bfPor qu\u00e9 elegir recambios originales Mopar?<\/h4>\n<p><strong>Ajuste perfecto y calidad superior:<\/strong> Los recambios originales Mopar se fabrican siguiendo las estrictas especificaciones del fabricante, lo que significa que encajan perfectamente en su veh\u00edculo. Esto no solo garantiza una instalaci\u00f3n sencilla, sino tambi\u00e9n un funcionamiento y una seguridad \u00f3ptimos.<\/p>\n<p><strong>Fiabilidad y durabilidad:<\/strong> Mediante el uso de materiales de alta calidad y estrictos controles de calidad, los recambios Mopar garantizan que su veh\u00edculo funcione de forma fiable incluso en condiciones extremas. Est\u00e1n dise\u00f1ados para durar y maximizar el rendimiento de su veh\u00edculo.<\/p>\n<p>&nbsp;<\/p>","protected":false},"excerpt":{"rendered":"<p>Pieza original Mopar<\/p>\n<p>Parte trasera izquierda<br \/>\n2008-2010<\/p>","protected":false},"featured_media":68304847,"comment_status":"open","ping_status":"closed","template":"","meta":{"_acf_changed":false},"product_brand":[16270],"product_cat":[7280,7288,7292],"product_tag":[18501,18502,18503,18504,7126,7127,7128,7129,7130,7152,3213,7115,54,49,3853,798,7125,1149,31,8813,9424,16271,16273,16275,16272,16274,7221,713],"class_list":{"0":"post-68304907","1":"product","2":"type-product","3":"status-publish","4":"has-post-thumbnail","6":"product_brand-mopar","7":"product_cat-challenger-35-sensoren","8":"product_cat-challenger-57-sensoren","9":"product_cat-challenger-61-sensoren","10":"product_tag-04779247aa","11":"product_tag-04779247ab","12":"product_tag-04779247ac","13":"product_tag-04779457aa","14":"product_tag-04779457ab","15":"product_tag-4779247aa","16":"product_tag-4779247ab","17":"product_tag-4779247ac","18":"product_tag-4779457aa","19":"product_tag-4779457ab","20":"product_tag-abs","21":"product_tag-abs-sensor","22":"product_tag-challenger","23":"product_tag-dodge","24":"product_tag-dodge-challenger","25":"product_tag-hinten","26":"product_tag-hinten-links","27":"product_tag-links","28":"product_tag-mopar","29":"product_tag-mopar-autoteile","30":"product_tag-mopar-ersatzteile","31":"product_tag-mopar-ersatzteile-kaufen","32":"product_tag-mopar-performance-teile","33":"product_tag-mopar-teile-katalog","34":"product_tag-mopar-teile-online","35":"product_tag-mopar-tuningteile","36":"product_tag-mopar10","37":"product_tag-sensor","39":"first","40":"instock","41":"taxable","42":"shipping-taxable","43":"purchasable","44":"product-type-simple"},"bundled_by":[],"bundle_stock_status":"instock","bundle_stock_quantity":2,"bundle_virtual":false,"bundle_layout":"","bundle_add_to_cart_form_location":"","bundle_editable_in_cart":false,"bundle_sold_individually_context":"","bundle_item_grouping":"","bundle_min_size":"","bundle_max_size":"","bundle_price":[],"bundled_items":[],"bundle_sell_ids":[],"exclude_global_add_ons":[],"addons":[],"acf":[],"_links":{"self":[{"href":"https:\/\/kraftwerk-shop.cc\/es\/wp-json\/wp\/v2\/product\/68304907","targetHints":{"allow":["GET"]}}],"collection":[{"href":"https:\/\/kraftwerk-shop.cc\/es\/wp-json\/wp\/v2\/product"}],"about":[{"href":"https:\/\/kraftwerk-shop.cc\/es\/wp-json\/wp\/v2\/types\/product"}],"replies":[{"embeddable":true,"href":"https:\/\/kraftwerk-shop.cc\/es\/wp-json\/wp\/v2\/comments?post=68304907"}],"version-history":[{"count":0,"href":"https:\/\/kraftwerk-shop.cc\/es\/wp-json\/wp\/v2\/product\/68304907\/revisions"}],"wp:featuredmedia":[{"embeddable":true,"href":"https:\/\/kraftwerk-shop.cc\/es\/wp-json\/wp\/v2\/media\/68304847"}],"wp:attachment":[{"href":"https:\/\/kraftwerk-shop.cc\/es\/wp-json\/wp\/v2\/media?parent=68304907"}],"wp:term":[{"taxonomy":"product_brand","embeddable":true,"href":"https:\/\/kraftwerk-shop.cc\/es\/wp-json\/wp\/v2\/product_brand?post=68304907"},{"taxonomy":"product_cat","embeddable":true,"href":"https:\/\/kraftwerk-shop.cc\/es\/wp-json\/wp\/v2\/product_cat?post=68304907"},{"taxonomy":"product_tag","embeddable":true,"href":"https:\/\/kraftwerk-shop.cc\/es\/wp-json\/wp\/v2\/product_tag?post=68304907"}],"curies":[{"name":"wp","href":"https:\/\/api.w.org\/{rel}","templated":true}]}}